{"id":836428,"date":"2023-06-26T10:39:40","date_gmt":"2023-06-26T08:39:40","guid":{"rendered":"https:\/\/silver-line.hu\/?post_type=product&#038;p=836428"},"modified":"2023-10-18T14:35:49","modified_gmt":"2023-10-18T12:35:49","slug":"langosh-pivna-plavba","status":"publish","type":"product","link":"https:\/\/silver24.u9o.hu\/sk\/produkt\/langosh-pivna-plavba\/","title":{"rendered":"L\u00e1ngos &#038; Pivn\u00e1 plavba"},"content":{"rendered":"","protected":false},"excerpt":{"rendered":"<p><strong><span style=\"color: #ff0000; font-size: 16px;\">T\u00e1to plavba nie je k dispoz\u00edcii po\u010das zimnej sez\u00f3ny. Vysk\u00fa\u0161ajte na\u0161e <a style=\"text-decoration: none; color: #800080;\" href=\"https:\/\/silver-line.hu\/sk\/produkt\/pizza-a-pivo-vyletna-plavba-budapestou\/\">Pizza &amp; Pivn\u00e1 plavba<\/a> namiesto toho!<\/span><\/strong><\/p>\n<div style=\"text-align: center;\"><a style=\"text-decoration: none;\" href=\"https:\/\/silver-line.hu\/sk\/produkt\/pizza-a-pivo-vyletna-plavba-budapestou\/\"><br \/>\n<button style=\"background-color: #800080; color: #fff; border: none; padding: 5px 10px; cursor: pointer; text-align: center;\">Zarezervujte si teraz!<\/button><br \/>\n<\/a><\/div>\n<p>&nbsp;<\/p>\n<p><strong><span style=\"color: #ff0000; font-size: 16px;\">No\u010dn\u00e9 plavby zah\u0155\u0148aj\u00fa pr\u00edplatok 5 eur<\/span><\/strong><\/p>\n<p>E\u0161te hlad? Dobre! Dovo\u013ete n\u00e1m teda pozva\u0165 v\u00e1s na 85-min\u00fatov\u00fa cestu, kde v\u00e1s priv\u00edtame l\u00e1ngos pod\u013ea vlastn\u00e9ho v\u00fdberu a neobmedzen\u00fdm mno\u017estvom piva \u010di in\u00fdch nealkoholick\u00fdch n\u00e1pojov na palube.<\/p>\n","protected":false},"featured_media":857669,"template":"","meta":[],"product_cat":[90],"product_tag":[],"yoast_head":"<!-- This site is optimized with the Yoast SEO plugin v23.9 - https:\/\/yoast.com\/wordpress\/plugins\/seo\/ -->\n<title>L\u00e1ngos &amp; Pivn\u00e1 plavba - silver24 - Silverline Cruises<\/title>\n<meta name=\"robots\" content=\"noindex, follow, max-snippet:-1, max-image-preview:large, max-video-preview:-1\" \/>\n<meta property=\"og:locale\" content=\"sk_SK\" \/>\n<meta property=\"og:type\" content=\"article\" \/>\n<meta property=\"og:title\" content=\"L\u00e1ngos &amp; Pivn\u00e1 plavba - silver24 - Silverline Cruises\" \/>\n<meta property=\"og:description\" content=\"T\u00e1to plavba nie je k dispoz\u00edcii po\u010das zimnej sez\u00f3ny. Vysk\u00fa\u0161ajte na\u0161e Pizza &amp; Pivn\u00e1 plavba namiesto toho!  Zarezervujte si teraz!  &nbsp;  No\u010dn\u00e9 plavby zah\u0155\u0148aj\u00fa pr\u00edplatok 5 eur  E\u0161te hlad? Dobre! Dovo\u013ete n\u00e1m teda pozva\u0165 v\u00e1s na 85-min\u00fatov\u00fa cestu, kde v\u00e1s priv\u00edtame l\u00e1ngos pod\u013ea vlastn\u00e9ho v\u00fdberu a neobmedzen\u00fdm mno\u017estvom piva \u010di in\u00fdch nealkoholick\u00fdch n\u00e1pojov na palube.\" \/>\n<meta property=\"og:url\" content=\"https:\/\/silver24.u9o.hu\/sk\/produkt\/langosh-pivna-plavba\/\" \/>\n<meta property=\"og:site_name\" content=\"silver24 - Silverline Cruises\" \/>\n<meta property=\"article:publisher\" content=\"https:\/\/www.facebook.com\/budapestrivercruise\" \/>\n<meta property=\"article:modified_time\" content=\"2023-10-18T12:35:49+00:00\" \/>\n<meta property=\"og:image\" content=\"https:\/\/silver24.u9o.hu\/wp-content\/uploads\/2023\/06\/YQ4A0023-scaled-1.jpg\" \/>\n\t<meta property=\"og:image:width\" content=\"932\" \/>\n\t<meta property=\"og:image:height\" content=\"932\" \/>\n\t<meta property=\"og:image:type\" content=\"image\/jpeg\" \/>\n<script type=\"application\/ld+json\" class=\"yoast-schema-graph\">{\"@context\":\"https:\/\/schema.org\",\"@graph\":[{\"@type\":\"WebPage\",\"@id\":\"https:\/\/silver24.u9o.hu\/sk\/produkt\/langosh-pivna-plavba\/\",\"url\":\"https:\/\/silver24.u9o.hu\/sk\/produkt\/langosh-pivna-plavba\/\",\"name\":\"L\u00e1ngos & Pivn\u00e1 plavba - silver24 - Silverline Cruises\",\"isPartOf\":{\"@id\":\"https:\/\/silver24.u9o.hu\/sk\/#website\"},\"primaryImageOfPage\":{\"@id\":\"https:\/\/silver24.u9o.hu\/sk\/produkt\/langosh-pivna-plavba\/#primaryimage\"},\"image\":{\"@id\":\"https:\/\/silver24.u9o.hu\/sk\/produkt\/langosh-pivna-plavba\/#primaryimage\"},\"thumbnailUrl\":\"https:\/\/silver24.u9o.hu\/wp-content\/uploads\/2023\/06\/YQ4A0023-scaled-1.jpg\",\"datePublished\":\"2023-06-26T08:39:40+00:00\",\"dateModified\":\"2023-10-18T12:35:49+00:00\",\"breadcrumb\":{\"@id\":\"https:\/\/silver24.u9o.hu\/sk\/produkt\/langosh-pivna-plavba\/#breadcrumb\"},\"inLanguage\":\"sk-SK\",\"potentialAction\":[{\"@type\":\"ReadAction\",\"target\":[\"https:\/\/silver24.u9o.hu\/sk\/produkt\/langosh-pivna-plavba\/\"]}]},{\"@type\":\"ImageObject\",\"inLanguage\":\"sk-SK\",\"@id\":\"https:\/\/silver24.u9o.hu\/sk\/produkt\/langosh-pivna-plavba\/#primaryimage\",\"url\":\"https:\/\/silver24.u9o.hu\/wp-content\/uploads\/2023\/06\/YQ4A0023-scaled-1.jpg\",\"contentUrl\":\"https:\/\/silver24.u9o.hu\/wp-content\/uploads\/2023\/06\/YQ4A0023-scaled-1.jpg\",\"width\":932,\"height\":932},{\"@type\":\"BreadcrumbList\",\"@id\":\"https:\/\/silver24.u9o.hu\/sk\/produkt\/langosh-pivna-plavba\/#breadcrumb\",\"itemListElement\":[{\"@type\":\"ListItem\",\"position\":1,\"name\":\"Home\",\"item\":\"https:\/\/silver24.u9o.hu\/sk\/\"},{\"@type\":\"ListItem\",\"position\":2,\"name\":\"Shop\",\"item\":\"https:\/\/silver24.u9o.hu\/sk\/shop-2\/\"},{\"@type\":\"ListItem\",\"position\":3,\"name\":\"L\u00e1ngos &#038; Pivn\u00e1 plavba\"}]},{\"@type\":\"WebSite\",\"@id\":\"https:\/\/silver24.u9o.hu\/sk\/#website\",\"url\":\"https:\/\/silver24.u9o.hu\/sk\/\",\"name\":\"Silverline Cruises kft.\",\"description\":\"\",\"publisher\":{\"@id\":\"https:\/\/silver24.u9o.hu\/sk\/#organization\"},\"potentialAction\":[{\"@type\":\"SearchAction\",\"target\":{\"@type\":\"EntryPoint\",\"urlTemplate\":\"https:\/\/silver24.u9o.hu\/sk\/?s={search_term_string}\"},\"query-input\":{\"@type\":\"PropertyValueSpecification\",\"valueRequired\":true,\"valueName\":\"search_term_string\"}}],\"inLanguage\":\"sk-SK\"},{\"@type\":\"Organization\",\"@id\":\"https:\/\/silver24.u9o.hu\/sk\/#organization\",\"name\":\"Silverline Cruises kft.\",\"url\":\"https:\/\/silver24.u9o.hu\/sk\/\",\"logo\":{\"@type\":\"ImageObject\",\"inLanguage\":\"sk-SK\",\"@id\":\"https:\/\/silver24.u9o.hu\/sk\/#\/schema\/logo\/image\/\",\"url\":\"https:\/\/silver-line.hu\/wp-content\/uploads\/2022\/05\/cropped-cropped-icon-1.webp\",\"contentUrl\":\"https:\/\/silver-line.hu\/wp-content\/uploads\/2022\/05\/cropped-cropped-icon-1.webp\",\"width\":512,\"height\":512,\"caption\":\"Silverline Cruises kft.\"},\"image\":{\"@id\":\"https:\/\/silver24.u9o.hu\/sk\/#\/schema\/logo\/image\/\"},\"sameAs\":[\"https:\/\/www.facebook.com\/budapestrivercruise\"]}]}<\/script>\n<!-- \/ Yoast SEO plugin. -->","yoast_head_json":{"title":"L\u00e1ngos & Pivn\u00e1 plavba - silver24 - Silverline Cruises","robots":{"index":"noindex","follow":"follow","max-snippet":"max-snippet:-1","max-image-preview":"max-image-preview:large","max-video-preview":"max-video-preview:-1"},"og_locale":"sk_SK","og_type":"article","og_title":"L\u00e1ngos & Pivn\u00e1 plavba - silver24 - Silverline Cruises","og_description":"T\u00e1to plavba nie je k dispoz\u00edcii po\u010das zimnej sez\u00f3ny. Vysk\u00fa\u0161ajte na\u0161e Pizza &amp; Pivn\u00e1 plavba namiesto toho!  Zarezervujte si teraz!  &nbsp;  No\u010dn\u00e9 plavby zah\u0155\u0148aj\u00fa pr\u00edplatok 5 eur  E\u0161te hlad? Dobre! Dovo\u013ete n\u00e1m teda pozva\u0165 v\u00e1s na 85-min\u00fatov\u00fa cestu, kde v\u00e1s priv\u00edtame l\u00e1ngos pod\u013ea vlastn\u00e9ho v\u00fdberu a neobmedzen\u00fdm mno\u017estvom piva \u010di in\u00fdch nealkoholick\u00fdch n\u00e1pojov na palube.","og_url":"https:\/\/silver24.u9o.hu\/sk\/produkt\/langosh-pivna-plavba\/","og_site_name":"silver24 - Silverline Cruises","article_publisher":"https:\/\/www.facebook.com\/budapestrivercruise","article_modified_time":"2023-10-18T12:35:49+00:00","og_image":[{"width":932,"height":932,"url":"https:\/\/silver24.u9o.hu\/wp-content\/uploads\/2023\/06\/YQ4A0023-scaled-1.jpg","type":"image\/jpeg"}],"schema":{"@context":"https:\/\/schema.org","@graph":[{"@type":"WebPage","@id":"https:\/\/silver24.u9o.hu\/sk\/produkt\/langosh-pivna-plavba\/","url":"https:\/\/silver24.u9o.hu\/sk\/produkt\/langosh-pivna-plavba\/","name":"L\u00e1ngos & Pivn\u00e1 plavba - silver24 - Silverline Cruises","isPartOf":{"@id":"https:\/\/silver24.u9o.hu\/sk\/#website"},"primaryImageOfPage":{"@id":"https:\/\/silver24.u9o.hu\/sk\/produkt\/langosh-pivna-plavba\/#primaryimage"},"image":{"@id":"https:\/\/silver24.u9o.hu\/sk\/produkt\/langosh-pivna-plavba\/#primaryimage"},"thumbnailUrl":"https:\/\/silver24.u9o.hu\/wp-content\/uploads\/2023\/06\/YQ4A0023-scaled-1.jpg","datePublished":"2023-06-26T08:39:40+00:00","dateModified":"2023-10-18T12:35:49+00:00","breadcrumb":{"@id":"https:\/\/silver24.u9o.hu\/sk\/produkt\/langosh-pivna-plavba\/#breadcrumb"},"inLanguage":"sk-SK","potentialAction":[{"@type":"ReadAction","target":["https:\/\/silver24.u9o.hu\/sk\/produkt\/langosh-pivna-plavba\/"]}]},{"@type":"ImageObject","inLanguage":"sk-SK","@id":"https:\/\/silver24.u9o.hu\/sk\/produkt\/langosh-pivna-plavba\/#primaryimage","url":"https:\/\/silver24.u9o.hu\/wp-content\/uploads\/2023\/06\/YQ4A0023-scaled-1.jpg","contentUrl":"https:\/\/silver24.u9o.hu\/wp-content\/uploads\/2023\/06\/YQ4A0023-scaled-1.jpg","width":932,"height":932},{"@type":"BreadcrumbList","@id":"https:\/\/silver24.u9o.hu\/sk\/produkt\/langosh-pivna-plavba\/#breadcrumb","itemListElement":[{"@type":"ListItem","position":1,"name":"Home","item":"https:\/\/silver24.u9o.hu\/sk\/"},{"@type":"ListItem","position":2,"name":"Shop","item":"https:\/\/silver24.u9o.hu\/sk\/shop-2\/"},{"@type":"ListItem","position":3,"name":"L\u00e1ngos &#038; Pivn\u00e1 plavba"}]},{"@type":"WebSite","@id":"https:\/\/silver24.u9o.hu\/sk\/#website","url":"https:\/\/silver24.u9o.hu\/sk\/","name":"Silverline Cruises kft.","description":"","publisher":{"@id":"https:\/\/silver24.u9o.hu\/sk\/#organization"},"potentialAction":[{"@type":"SearchAction","target":{"@type":"EntryPoint","urlTemplate":"https:\/\/silver24.u9o.hu\/sk\/?s={search_term_string}"},"query-input":{"@type":"PropertyValueSpecification","valueRequired":true,"valueName":"search_term_string"}}],"inLanguage":"sk-SK"},{"@type":"Organization","@id":"https:\/\/silver24.u9o.hu\/sk\/#organization","name":"Silverline Cruises kft.","url":"https:\/\/silver24.u9o.hu\/sk\/","logo":{"@type":"ImageObject","inLanguage":"sk-SK","@id":"https:\/\/silver24.u9o.hu\/sk\/#\/schema\/logo\/image\/","url":"https:\/\/silver-line.hu\/wp-content\/uploads\/2022\/05\/cropped-cropped-icon-1.webp","contentUrl":"https:\/\/silver-line.hu\/wp-content\/uploads\/2022\/05\/cropped-cropped-icon-1.webp","width":512,"height":512,"caption":"Silverline Cruises kft."},"image":{"@id":"https:\/\/silver24.u9o.hu\/sk\/#\/schema\/logo\/image\/"},"sameAs":["https:\/\/www.facebook.com\/budapestrivercruise"]}]}},"_links":{"self":[{"href":"https:\/\/silver24.u9o.hu\/sk\/wp-json\/wp\/v2\/product\/836428"}],"collection":[{"href":"https:\/\/silver24.u9o.hu\/sk\/wp-json\/wp\/v2\/product"}],"about":[{"href":"https:\/\/silver24.u9o.hu\/sk\/wp-json\/wp\/v2\/types\/product"}],"wp:featuredmedia":[{"embeddable":true,"href":"https:\/\/silver24.u9o.hu\/sk\/wp-json\/wp\/v2\/media\/857669"}],"wp:attachment":[{"href":"https:\/\/silver24.u9o.hu\/sk\/wp-json\/wp\/v2\/media?parent=836428"}],"wp:term":[{"taxonomy":"product_cat","embeddable":true,"href":"https:\/\/silver24.u9o.hu\/sk\/wp-json\/wp\/v2\/product_cat?post=836428"},{"taxonomy":"product_tag","embeddable":true,"href":"https:\/\/silver24.u9o.hu\/sk\/wp-json\/wp\/v2\/product_tag?post=836428"}],"curies":[{"name":"wp","href":"https:\/\/api.w.org\/{rel}","templated":true}]}}