{"id":483814,"date":"2022-06-22T14:12:07","date_gmt":"2022-06-22T13:12:07","guid":{"rendered":"https:\/\/silver-line.hu\/product\/fireworks-cocktail-cruise\/"},"modified":"2025-05-27T13:04:24","modified_gmt":"2025-05-27T12:04:24","slug":"plavba-s-napojmi-a-ohnostrojom","status":"publish","type":"product","link":"https:\/\/silver24.u9o.hu\/sk\/produkt\/plavba-s-napojmi-a-ohnostrojom\/","title":{"rendered":"Drinks &#038; Oh\u0148ostroje plavba"},"content":{"rendered":"","protected":false},"excerpt":{"rendered":"<p>Pridajte sa k n\u00e1m 20. augusta na De\u0148 sv\u00e4t\u00e9ho \u0160tefana, ke\u010f si m\u00f4\u017eete u\u017ei\u0165 oh\u0148ostroj z lode.<\/p>\n","protected":false},"featured_media":1447276,"template":"","meta":[],"product_cat":[91],"product_tag":[],"yoast_head":"<!-- This site is optimized with the Yoast SEO plugin v23.9 - https:\/\/yoast.com\/wordpress\/plugins\/seo\/ -->\n<title>Drinks &amp; Oh\u0148ostroje plavba - silver24 - Silverline Cruises<\/title>\n<meta name=\"robots\" content=\"noindex, nofollow\" \/>\n<meta property=\"og:locale\" content=\"sk_SK\" \/>\n<meta property=\"og:type\" content=\"article\" \/>\n<meta property=\"og:title\" content=\"Drinks &amp; Oh\u0148ostroje plavba - silver24 - Silverline Cruises\" \/>\n<meta property=\"og:description\" content=\"Pridajte sa k n\u00e1m 20. augusta na De\u0148 sv\u00e4t\u00e9ho \u0160tefana, ke\u010f si m\u00f4\u017eete u\u017ei\u0165 oh\u0148ostroj z lode.\" \/>\n<meta property=\"og:url\" content=\"https:\/\/silver24.u9o.hu\/sk\/produkt\/plavba-s-napojmi-a-ohnostrojom\/\" \/>\n<meta property=\"og:site_name\" content=\"silver24 - Silverline Cruises\" \/>\n<meta property=\"article:publisher\" content=\"https:\/\/www.facebook.com\/budapestrivercruise\" \/>\n<meta property=\"article:modified_time\" content=\"2025-05-27T12:04:24+00:00\" \/>\n<meta property=\"og:image\" content=\"https:\/\/silver24.u9o.hu\/wp-content\/uploads\/2025\/05\/Fireworks_cocktail.jpg\" \/>\n\t<meta property=\"og:image:width\" content=\"800\" \/>\n\t<meta property=\"og:image:height\" content=\"800\" \/>\n\t<meta property=\"og:image:type\" content=\"image\/jpeg\" \/>\n<script type=\"application\/ld+json\" class=\"yoast-schema-graph\">{\"@context\":\"https:\/\/schema.org\",\"@graph\":[{\"@type\":\"WebPage\",\"@id\":\"https:\/\/silver24.u9o.hu\/sk\/produkt\/plavba-s-napojmi-a-ohnostrojom\/\",\"url\":\"https:\/\/silver24.u9o.hu\/sk\/produkt\/plavba-s-napojmi-a-ohnostrojom\/\",\"name\":\"Drinks & Oh\u0148ostroje plavba - silver24 - Silverline Cruises\",\"isPartOf\":{\"@id\":\"https:\/\/silver24.u9o.hu\/sk\/#website\"},\"primaryImageOfPage\":{\"@id\":\"https:\/\/silver24.u9o.hu\/sk\/produkt\/plavba-s-napojmi-a-ohnostrojom\/#primaryimage\"},\"image\":{\"@id\":\"https:\/\/silver24.u9o.hu\/sk\/produkt\/plavba-s-napojmi-a-ohnostrojom\/#primaryimage\"},\"thumbnailUrl\":\"https:\/\/silver24.u9o.hu\/wp-content\/uploads\/2025\/05\/Fireworks_cocktail.jpg\",\"datePublished\":\"2022-06-22T13:12:07+00:00\",\"dateModified\":\"2025-05-27T12:04:24+00:00\",\"breadcrumb\":{\"@id\":\"https:\/\/silver24.u9o.hu\/sk\/produkt\/plavba-s-napojmi-a-ohnostrojom\/#breadcrumb\"},\"inLanguage\":\"sk-SK\",\"potentialAction\":[{\"@type\":\"ReadAction\",\"target\":[\"https:\/\/silver24.u9o.hu\/sk\/produkt\/plavba-s-napojmi-a-ohnostrojom\/\"]}]},{\"@type\":\"ImageObject\",\"inLanguage\":\"sk-SK\",\"@id\":\"https:\/\/silver24.u9o.hu\/sk\/produkt\/plavba-s-napojmi-a-ohnostrojom\/#primaryimage\",\"url\":\"https:\/\/silver24.u9o.hu\/wp-content\/uploads\/2025\/05\/Fireworks_cocktail.jpg\",\"contentUrl\":\"https:\/\/silver24.u9o.hu\/wp-content\/uploads\/2025\/05\/Fireworks_cocktail.jpg\",\"width\":800,\"height\":800},{\"@type\":\"BreadcrumbList\",\"@id\":\"https:\/\/silver24.u9o.hu\/sk\/produkt\/plavba-s-napojmi-a-ohnostrojom\/#breadcrumb\",\"itemListElement\":[{\"@type\":\"ListItem\",\"position\":1,\"name\":\"Home\",\"item\":\"https:\/\/silver24.u9o.hu\/sk\/\"},{\"@type\":\"ListItem\",\"position\":2,\"name\":\"Shop\",\"item\":\"https:\/\/silver24.u9o.hu\/sk\/shop-2\/\"},{\"@type\":\"ListItem\",\"position\":3,\"name\":\"Drinks &#038; Oh\u0148ostroje plavba\"}]},{\"@type\":\"WebSite\",\"@id\":\"https:\/\/silver24.u9o.hu\/sk\/#website\",\"url\":\"https:\/\/silver24.u9o.hu\/sk\/\",\"name\":\"Silverline Cruises kft.\",\"description\":\"\",\"publisher\":{\"@id\":\"https:\/\/silver24.u9o.hu\/sk\/#organization\"},\"potentialAction\":[{\"@type\":\"SearchAction\",\"target\":{\"@type\":\"EntryPoint\",\"urlTemplate\":\"https:\/\/silver24.u9o.hu\/sk\/?s={search_term_string}\"},\"query-input\":{\"@type\":\"PropertyValueSpecification\",\"valueRequired\":true,\"valueName\":\"search_term_string\"}}],\"inLanguage\":\"sk-SK\"},{\"@type\":\"Organization\",\"@id\":\"https:\/\/silver24.u9o.hu\/sk\/#organization\",\"name\":\"Silverline Cruises kft.\",\"url\":\"https:\/\/silver24.u9o.hu\/sk\/\",\"logo\":{\"@type\":\"ImageObject\",\"inLanguage\":\"sk-SK\",\"@id\":\"https:\/\/silver24.u9o.hu\/sk\/#\/schema\/logo\/image\/\",\"url\":\"https:\/\/silver-line.hu\/wp-content\/uploads\/2022\/05\/cropped-cropped-icon-1.webp\",\"contentUrl\":\"https:\/\/silver-line.hu\/wp-content\/uploads\/2022\/05\/cropped-cropped-icon-1.webp\",\"width\":512,\"height\":512,\"caption\":\"Silverline Cruises kft.\"},\"image\":{\"@id\":\"https:\/\/silver24.u9o.hu\/sk\/#\/schema\/logo\/image\/\"},\"sameAs\":[\"https:\/\/www.facebook.com\/budapestrivercruise\"]}]}<\/script>\n<!-- \/ Yoast SEO plugin. -->","yoast_head_json":{"title":"Drinks & Oh\u0148ostroje plavba - silver24 - Silverline Cruises","robots":{"index":"noindex","follow":"nofollow"},"og_locale":"sk_SK","og_type":"article","og_title":"Drinks & Oh\u0148ostroje plavba - silver24 - Silverline Cruises","og_description":"Pridajte sa k n\u00e1m 20. augusta na De\u0148 sv\u00e4t\u00e9ho \u0160tefana, ke\u010f si m\u00f4\u017eete u\u017ei\u0165 oh\u0148ostroj z lode.","og_url":"https:\/\/silver24.u9o.hu\/sk\/produkt\/plavba-s-napojmi-a-ohnostrojom\/","og_site_name":"silver24 - Silverline Cruises","article_publisher":"https:\/\/www.facebook.com\/budapestrivercruise","article_modified_time":"2025-05-27T12:04:24+00:00","og_image":[{"width":800,"height":800,"url":"https:\/\/silver24.u9o.hu\/wp-content\/uploads\/2025\/05\/Fireworks_cocktail.jpg","type":"image\/jpeg"}],"schema":{"@context":"https:\/\/schema.org","@graph":[{"@type":"WebPage","@id":"https:\/\/silver24.u9o.hu\/sk\/produkt\/plavba-s-napojmi-a-ohnostrojom\/","url":"https:\/\/silver24.u9o.hu\/sk\/produkt\/plavba-s-napojmi-a-ohnostrojom\/","name":"Drinks & Oh\u0148ostroje plavba - silver24 - Silverline Cruises","isPartOf":{"@id":"https:\/\/silver24.u9o.hu\/sk\/#website"},"primaryImageOfPage":{"@id":"https:\/\/silver24.u9o.hu\/sk\/produkt\/plavba-s-napojmi-a-ohnostrojom\/#primaryimage"},"image":{"@id":"https:\/\/silver24.u9o.hu\/sk\/produkt\/plavba-s-napojmi-a-ohnostrojom\/#primaryimage"},"thumbnailUrl":"https:\/\/silver24.u9o.hu\/wp-content\/uploads\/2025\/05\/Fireworks_cocktail.jpg","datePublished":"2022-06-22T13:12:07+00:00","dateModified":"2025-05-27T12:04:24+00:00","breadcrumb":{"@id":"https:\/\/silver24.u9o.hu\/sk\/produkt\/plavba-s-napojmi-a-ohnostrojom\/#breadcrumb"},"inLanguage":"sk-SK","potentialAction":[{"@type":"ReadAction","target":["https:\/\/silver24.u9o.hu\/sk\/produkt\/plavba-s-napojmi-a-ohnostrojom\/"]}]},{"@type":"ImageObject","inLanguage":"sk-SK","@id":"https:\/\/silver24.u9o.hu\/sk\/produkt\/plavba-s-napojmi-a-ohnostrojom\/#primaryimage","url":"https:\/\/silver24.u9o.hu\/wp-content\/uploads\/2025\/05\/Fireworks_cocktail.jpg","contentUrl":"https:\/\/silver24.u9o.hu\/wp-content\/uploads\/2025\/05\/Fireworks_cocktail.jpg","width":800,"height":800},{"@type":"BreadcrumbList","@id":"https:\/\/silver24.u9o.hu\/sk\/produkt\/plavba-s-napojmi-a-ohnostrojom\/#breadcrumb","itemListElement":[{"@type":"ListItem","position":1,"name":"Home","item":"https:\/\/silver24.u9o.hu\/sk\/"},{"@type":"ListItem","position":2,"name":"Shop","item":"https:\/\/silver24.u9o.hu\/sk\/shop-2\/"},{"@type":"ListItem","position":3,"name":"Drinks &#038; Oh\u0148ostroje plavba"}]},{"@type":"WebSite","@id":"https:\/\/silver24.u9o.hu\/sk\/#website","url":"https:\/\/silver24.u9o.hu\/sk\/","name":"Silverline Cruises kft.","description":"","publisher":{"@id":"https:\/\/silver24.u9o.hu\/sk\/#organization"},"potentialAction":[{"@type":"SearchAction","target":{"@type":"EntryPoint","urlTemplate":"https:\/\/silver24.u9o.hu\/sk\/?s={search_term_string}"},"query-input":{"@type":"PropertyValueSpecification","valueRequired":true,"valueName":"search_term_string"}}],"inLanguage":"sk-SK"},{"@type":"Organization","@id":"https:\/\/silver24.u9o.hu\/sk\/#organization","name":"Silverline Cruises kft.","url":"https:\/\/silver24.u9o.hu\/sk\/","logo":{"@type":"ImageObject","inLanguage":"sk-SK","@id":"https:\/\/silver24.u9o.hu\/sk\/#\/schema\/logo\/image\/","url":"https:\/\/silver-line.hu\/wp-content\/uploads\/2022\/05\/cropped-cropped-icon-1.webp","contentUrl":"https:\/\/silver-line.hu\/wp-content\/uploads\/2022\/05\/cropped-cropped-icon-1.webp","width":512,"height":512,"caption":"Silverline Cruises kft."},"image":{"@id":"https:\/\/silver24.u9o.hu\/sk\/#\/schema\/logo\/image\/"},"sameAs":["https:\/\/www.facebook.com\/budapestrivercruise"]}]}},"_links":{"self":[{"href":"https:\/\/silver24.u9o.hu\/sk\/wp-json\/wp\/v2\/product\/483814"}],"collection":[{"href":"https:\/\/silver24.u9o.hu\/sk\/wp-json\/wp\/v2\/product"}],"about":[{"href":"https:\/\/silver24.u9o.hu\/sk\/wp-json\/wp\/v2\/types\/product"}],"wp:featuredmedia":[{"embeddable":true,"href":"https:\/\/silver24.u9o.hu\/sk\/wp-json\/wp\/v2\/media\/1447276"}],"wp:attachment":[{"href":"https:\/\/silver24.u9o.hu\/sk\/wp-json\/wp\/v2\/media?parent=483814"}],"wp:term":[{"taxonomy":"product_cat","embeddable":true,"href":"https:\/\/silver24.u9o.hu\/sk\/wp-json\/wp\/v2\/product_cat?post=483814"},{"taxonomy":"product_tag","embeddable":true,"href":"https:\/\/silver24.u9o.hu\/sk\/wp-json\/wp\/v2\/product_tag?post=483814"}],"curies":[{"name":"wp","href":"https:\/\/api.w.org\/{rel}","templated":true}]}}