{"id":364031,"date":"2022-05-07T07:47:44","date_gmt":"2022-05-07T06:47:44","guid":{"rendered":"https:\/\/silver-line.hu\/?post_type=product&#038;p=364031"},"modified":"2025-02-12T18:13:14","modified_gmt":"2025-02-12T17:13:14","slug":"valentinska-plavba-budapest","status":"publish","type":"product","link":"https:\/\/silver24.u9o.hu\/sk\/produkt\/valentinska-plavba-budapest\/","title":{"rendered":"\u2764\ufe0f Valent\u00ednska plavba Budape\u0161\u0165 2025"},"content":{"rendered":"","protected":false},"excerpt":{"rendered":"<p>Prekvapte svojho partnera romantickou ve\u010derou v de\u0148 sv\u00e4t\u00e9ho Valent\u00edna! \u2764\ufe0f<\/p>\n","protected":false},"featured_media":362246,"template":"","meta":[],"product_cat":[91],"product_tag":[],"yoast_head":"<!-- This site is optimized with the Yoast SEO plugin v23.9 - https:\/\/yoast.com\/wordpress\/plugins\/seo\/ -->\n<title>Valent\u00ednska ve\u010dera - romantick\u00e1 noc<\/title>\n<meta name=\"description\" content=\"Ste pripraven\u00ed na \u010fal\u0161iu Valent\u00ednsku plavbu? Urobte si z toho tento de\u0148 sv\u00e4t\u00e9ho Valent\u00edna t\u00fdm, \u017ee si vezmete svojho bl\u00edzkeho na romantick\u00fa ve\u010deru.\" \/>\n<meta name=\"robots\" content=\"noindex, follow, max-snippet:-1, max-image-preview:large, max-video-preview:-1\" \/>\n<meta property=\"og:locale\" content=\"sk_SK\" \/>\n<meta property=\"og:type\" content=\"article\" \/>\n<meta property=\"og:title\" content=\"Valent\u00ednska ve\u010dera - romantick\u00e1 noc\" \/>\n<meta property=\"og:description\" content=\"Ste pripraven\u00ed na \u010fal\u0161iu Valent\u00ednsku plavbu? Urobte si z toho tento de\u0148 sv\u00e4t\u00e9ho Valent\u00edna t\u00fdm, \u017ee si vezmete svojho bl\u00edzkeho na romantick\u00fa ve\u010deru.\" \/>\n<meta property=\"og:url\" content=\"https:\/\/silver24.u9o.hu\/sk\/produkt\/valentinska-plavba-budapest\/\" \/>\n<meta property=\"og:site_name\" content=\"silver24 - Silverline Cruises\" \/>\n<meta property=\"article:publisher\" content=\"https:\/\/www.facebook.com\/budapestrivercruise\" \/>\n<meta property=\"article:modified_time\" content=\"2025-02-12T17:13:14+00:00\" \/>\n<meta property=\"og:image\" content=\"https:\/\/silver24.u9o.hu\/wp-content\/uploads\/2022\/05\/Dinner-cruise-budapest-512x352-1-325x325_c.webp\" \/>\n\t<meta property=\"og:image:width\" content=\"325\" \/>\n\t<meta property=\"og:image:height\" content=\"325\" \/>\n\t<meta property=\"og:image:type\" content=\"image\/webp\" \/>\n<script type=\"application\/ld+json\" class=\"yoast-schema-graph\">{\"@context\":\"https:\/\/schema.org\",\"@graph\":[{\"@type\":\"WebPage\",\"@id\":\"https:\/\/silver24.u9o.hu\/sk\/produkt\/valentinska-plavba-budapest\/\",\"url\":\"https:\/\/silver24.u9o.hu\/sk\/produkt\/valentinska-plavba-budapest\/\",\"name\":\"Valent\u00ednska ve\u010dera - romantick\u00e1 noc\",\"isPartOf\":{\"@id\":\"https:\/\/silver24.u9o.hu\/sk\/#website\"},\"primaryImageOfPage\":{\"@id\":\"https:\/\/silver24.u9o.hu\/sk\/produkt\/valentinska-plavba-budapest\/#primaryimage\"},\"image\":{\"@id\":\"https:\/\/silver24.u9o.hu\/sk\/produkt\/valentinska-plavba-budapest\/#primaryimage\"},\"thumbnailUrl\":\"https:\/\/silver24.u9o.hu\/wp-content\/uploads\/2022\/05\/Dinner-cruise-budapest-512x352-1-325x325_c.webp\",\"datePublished\":\"2022-05-07T06:47:44+00:00\",\"dateModified\":\"2025-02-12T17:13:14+00:00\",\"description\":\"Ste pripraven\u00ed na \u010fal\u0161iu Valent\u00ednsku plavbu? Urobte si z toho tento de\u0148 sv\u00e4t\u00e9ho Valent\u00edna t\u00fdm, \u017ee si vezmete svojho bl\u00edzkeho na romantick\u00fa ve\u010deru.\",\"breadcrumb\":{\"@id\":\"https:\/\/silver24.u9o.hu\/sk\/produkt\/valentinska-plavba-budapest\/#breadcrumb\"},\"inLanguage\":\"sk-SK\",\"potentialAction\":[{\"@type\":\"ReadAction\",\"target\":[\"https:\/\/silver24.u9o.hu\/sk\/produkt\/valentinska-plavba-budapest\/\"]}]},{\"@type\":\"ImageObject\",\"inLanguage\":\"sk-SK\",\"@id\":\"https:\/\/silver24.u9o.hu\/sk\/produkt\/valentinska-plavba-budapest\/#primaryimage\",\"url\":\"https:\/\/silver24.u9o.hu\/wp-content\/uploads\/2022\/05\/Dinner-cruise-budapest-512x352-1-325x325_c.webp\",\"contentUrl\":\"https:\/\/silver24.u9o.hu\/wp-content\/uploads\/2022\/05\/Dinner-cruise-budapest-512x352-1-325x325_c.webp\",\"width\":325,\"height\":325},{\"@type\":\"BreadcrumbList\",\"@id\":\"https:\/\/silver24.u9o.hu\/sk\/produkt\/valentinska-plavba-budapest\/#breadcrumb\",\"itemListElement\":[{\"@type\":\"ListItem\",\"position\":1,\"name\":\"Home\",\"item\":\"https:\/\/silver24.u9o.hu\/sk\/\"},{\"@type\":\"ListItem\",\"position\":2,\"name\":\"Shop\",\"item\":\"https:\/\/silver24.u9o.hu\/sk\/shop-2\/\"},{\"@type\":\"ListItem\",\"position\":3,\"name\":\"\u2764\ufe0f Valent\u00ednska plavba Budape\u0161\u0165 2025\"}]},{\"@type\":\"WebSite\",\"@id\":\"https:\/\/silver24.u9o.hu\/sk\/#website\",\"url\":\"https:\/\/silver24.u9o.hu\/sk\/\",\"name\":\"Silverline Cruises kft.\",\"description\":\"\",\"publisher\":{\"@id\":\"https:\/\/silver24.u9o.hu\/sk\/#organization\"},\"potentialAction\":[{\"@type\":\"SearchAction\",\"target\":{\"@type\":\"EntryPoint\",\"urlTemplate\":\"https:\/\/silver24.u9o.hu\/sk\/?s={search_term_string}\"},\"query-input\":{\"@type\":\"PropertyValueSpecification\",\"valueRequired\":true,\"valueName\":\"search_term_string\"}}],\"inLanguage\":\"sk-SK\"},{\"@type\":\"Organization\",\"@id\":\"https:\/\/silver24.u9o.hu\/sk\/#organization\",\"name\":\"Silverline Cruises kft.\",\"url\":\"https:\/\/silver24.u9o.hu\/sk\/\",\"logo\":{\"@type\":\"ImageObject\",\"inLanguage\":\"sk-SK\",\"@id\":\"https:\/\/silver24.u9o.hu\/sk\/#\/schema\/logo\/image\/\",\"url\":\"https:\/\/silver-line.hu\/wp-content\/uploads\/2022\/05\/cropped-cropped-icon-1.webp\",\"contentUrl\":\"https:\/\/silver-line.hu\/wp-content\/uploads\/2022\/05\/cropped-cropped-icon-1.webp\",\"width\":512,\"height\":512,\"caption\":\"Silverline Cruises kft.\"},\"image\":{\"@id\":\"https:\/\/silver24.u9o.hu\/sk\/#\/schema\/logo\/image\/\"},\"sameAs\":[\"https:\/\/www.facebook.com\/budapestrivercruise\"]}]}<\/script>\n<!-- \/ Yoast SEO plugin. -->","yoast_head_json":{"title":"Valent\u00ednska ve\u010dera - romantick\u00e1 noc","description":"Ste pripraven\u00ed na \u010fal\u0161iu Valent\u00ednsku plavbu? Urobte si z toho tento de\u0148 sv\u00e4t\u00e9ho Valent\u00edna t\u00fdm, \u017ee si vezmete svojho bl\u00edzkeho na romantick\u00fa ve\u010deru.","robots":{"index":"noindex","follow":"follow","max-snippet":"max-snippet:-1","max-image-preview":"max-image-preview:large","max-video-preview":"max-video-preview:-1"},"og_locale":"sk_SK","og_type":"article","og_title":"Valent\u00ednska ve\u010dera - romantick\u00e1 noc","og_description":"Ste pripraven\u00ed na \u010fal\u0161iu Valent\u00ednsku plavbu? Urobte si z toho tento de\u0148 sv\u00e4t\u00e9ho Valent\u00edna t\u00fdm, \u017ee si vezmete svojho bl\u00edzkeho na romantick\u00fa ve\u010deru.","og_url":"https:\/\/silver24.u9o.hu\/sk\/produkt\/valentinska-plavba-budapest\/","og_site_name":"silver24 - Silverline Cruises","article_publisher":"https:\/\/www.facebook.com\/budapestrivercruise","article_modified_time":"2025-02-12T17:13:14+00:00","og_image":[{"width":325,"height":325,"url":"https:\/\/silver24.u9o.hu\/wp-content\/uploads\/2022\/05\/Dinner-cruise-budapest-512x352-1-325x325_c.webp","type":"image\/webp"}],"schema":{"@context":"https:\/\/schema.org","@graph":[{"@type":"WebPage","@id":"https:\/\/silver24.u9o.hu\/sk\/produkt\/valentinska-plavba-budapest\/","url":"https:\/\/silver24.u9o.hu\/sk\/produkt\/valentinska-plavba-budapest\/","name":"Valent\u00ednska ve\u010dera - romantick\u00e1 noc","isPartOf":{"@id":"https:\/\/silver24.u9o.hu\/sk\/#website"},"primaryImageOfPage":{"@id":"https:\/\/silver24.u9o.hu\/sk\/produkt\/valentinska-plavba-budapest\/#primaryimage"},"image":{"@id":"https:\/\/silver24.u9o.hu\/sk\/produkt\/valentinska-plavba-budapest\/#primaryimage"},"thumbnailUrl":"https:\/\/silver24.u9o.hu\/wp-content\/uploads\/2022\/05\/Dinner-cruise-budapest-512x352-1-325x325_c.webp","datePublished":"2022-05-07T06:47:44+00:00","dateModified":"2025-02-12T17:13:14+00:00","description":"Ste pripraven\u00ed na \u010fal\u0161iu Valent\u00ednsku plavbu? Urobte si z toho tento de\u0148 sv\u00e4t\u00e9ho Valent\u00edna t\u00fdm, \u017ee si vezmete svojho bl\u00edzkeho na romantick\u00fa ve\u010deru.","breadcrumb":{"@id":"https:\/\/silver24.u9o.hu\/sk\/produkt\/valentinska-plavba-budapest\/#breadcrumb"},"inLanguage":"sk-SK","potentialAction":[{"@type":"ReadAction","target":["https:\/\/silver24.u9o.hu\/sk\/produkt\/valentinska-plavba-budapest\/"]}]},{"@type":"ImageObject","inLanguage":"sk-SK","@id":"https:\/\/silver24.u9o.hu\/sk\/produkt\/valentinska-plavba-budapest\/#primaryimage","url":"https:\/\/silver24.u9o.hu\/wp-content\/uploads\/2022\/05\/Dinner-cruise-budapest-512x352-1-325x325_c.webp","contentUrl":"https:\/\/silver24.u9o.hu\/wp-content\/uploads\/2022\/05\/Dinner-cruise-budapest-512x352-1-325x325_c.webp","width":325,"height":325},{"@type":"BreadcrumbList","@id":"https:\/\/silver24.u9o.hu\/sk\/produkt\/valentinska-plavba-budapest\/#breadcrumb","itemListElement":[{"@type":"ListItem","position":1,"name":"Home","item":"https:\/\/silver24.u9o.hu\/sk\/"},{"@type":"ListItem","position":2,"name":"Shop","item":"https:\/\/silver24.u9o.hu\/sk\/shop-2\/"},{"@type":"ListItem","position":3,"name":"\u2764\ufe0f Valent\u00ednska plavba Budape\u0161\u0165 2025"}]},{"@type":"WebSite","@id":"https:\/\/silver24.u9o.hu\/sk\/#website","url":"https:\/\/silver24.u9o.hu\/sk\/","name":"Silverline Cruises kft.","description":"","publisher":{"@id":"https:\/\/silver24.u9o.hu\/sk\/#organization"},"potentialAction":[{"@type":"SearchAction","target":{"@type":"EntryPoint","urlTemplate":"https:\/\/silver24.u9o.hu\/sk\/?s={search_term_string}"},"query-input":{"@type":"PropertyValueSpecification","valueRequired":true,"valueName":"search_term_string"}}],"inLanguage":"sk-SK"},{"@type":"Organization","@id":"https:\/\/silver24.u9o.hu\/sk\/#organization","name":"Silverline Cruises kft.","url":"https:\/\/silver24.u9o.hu\/sk\/","logo":{"@type":"ImageObject","inLanguage":"sk-SK","@id":"https:\/\/silver24.u9o.hu\/sk\/#\/schema\/logo\/image\/","url":"https:\/\/silver-line.hu\/wp-content\/uploads\/2022\/05\/cropped-cropped-icon-1.webp","contentUrl":"https:\/\/silver-line.hu\/wp-content\/uploads\/2022\/05\/cropped-cropped-icon-1.webp","width":512,"height":512,"caption":"Silverline Cruises kft."},"image":{"@id":"https:\/\/silver24.u9o.hu\/sk\/#\/schema\/logo\/image\/"},"sameAs":["https:\/\/www.facebook.com\/budapestrivercruise"]}]}},"_links":{"self":[{"href":"https:\/\/silver24.u9o.hu\/sk\/wp-json\/wp\/v2\/product\/364031"}],"collection":[{"href":"https:\/\/silver24.u9o.hu\/sk\/wp-json\/wp\/v2\/product"}],"about":[{"href":"https:\/\/silver24.u9o.hu\/sk\/wp-json\/wp\/v2\/types\/product"}],"wp:featuredmedia":[{"embeddable":true,"href":"https:\/\/silver24.u9o.hu\/sk\/wp-json\/wp\/v2\/media\/362246"}],"wp:attachment":[{"href":"https:\/\/silver24.u9o.hu\/sk\/wp-json\/wp\/v2\/media?parent=364031"}],"wp:term":[{"taxonomy":"product_cat","embeddable":true,"href":"https:\/\/silver24.u9o.hu\/sk\/wp-json\/wp\/v2\/product_cat?post=364031"},{"taxonomy":"product_tag","embeddable":true,"href":"https:\/\/silver24.u9o.hu\/sk\/wp-json\/wp\/v2\/product_tag?post=364031"}],"curies":[{"name":"wp","href":"https:\/\/api.w.org\/{rel}","templated":true}]}}