{"id":363979,"date":"2022-05-07T07:42:25","date_gmt":"2022-05-07T06:42:25","guid":{"rendered":"https:\/\/silver-line.hu\/?post_type=product&#038;p=363979"},"modified":"2024-12-15T10:48:54","modified_gmt":"2024-12-15T09:48:54","slug":"vianocna-vecera","status":"publish","type":"product","link":"https:\/\/silver24.u9o.hu\/sk\/produkt\/vianocna-vecera\/","title":{"rendered":"Plavba na viano\u010dn\u00fa ve\u010deru v Budape\u0161ti"},"content":{"rendered":"","protected":false},"excerpt":{"rendered":"<p>Oslavte \u0160tedr\u00fd de\u0148 s nami 24. &#8211; 25. decembra !! Viano\u010dn\u00e1 plavba Budape\u0161\u0165ou po Dunaji!<\/p>\n<p><a style=\"color: red;\" href=\"https:\/\/silver-line.hu\/sk\/produkt\/vianocna-vecera-dieta\/\">Kliknite sem a zak\u00fapte si detsk\u00e9 vstupenky na na\u0161u viano\u010dn\u00fa ve\u010deru<\/a><\/p>\n","protected":false},"featured_media":1042354,"template":"","meta":[],"product_cat":[91,84],"product_tag":[],"yoast_head":"<!-- This site is optimized with the Yoast SEO plugin v23.9 - https:\/\/yoast.com\/wordpress\/plugins\/seo\/ -->\n<title>Plavba na viano\u010dn\u00fa ve\u010deru v Budape\u0161ti - silver24 - Silverline Cruises<\/title>\n<meta name=\"description\" content=\"Oslavte \u0160tedr\u00fd de\u0148 v Budape\u0161ti s nami v decembri! U\u017eite si na Vianoce vynikaj\u00faci kulin\u00e1rsky z\u00e1\u017eitok na Dunaji.\" \/>\n<meta name=\"robots\" content=\"noindex, follow, max-snippet:-1, max-image-preview:large, max-video-preview:-1\" \/>\n<meta property=\"og:locale\" content=\"sk_SK\" \/>\n<meta property=\"og:type\" content=\"article\" \/>\n<meta property=\"og:title\" content=\"Plavba na viano\u010dn\u00fa ve\u010deru v Budape\u0161ti - silver24 - Silverline Cruises\" \/>\n<meta property=\"og:description\" content=\"Oslavte \u0160tedr\u00fd de\u0148 v Budape\u0161ti s nami v decembri! U\u017eite si na Vianoce vynikaj\u00faci kulin\u00e1rsky z\u00e1\u017eitok na Dunaji.\" \/>\n<meta property=\"og:url\" content=\"https:\/\/silver24.u9o.hu\/sk\/produkt\/vianocna-vecera\/\" \/>\n<meta property=\"og:site_name\" content=\"silver24 - Silverline Cruises\" \/>\n<meta property=\"article:publisher\" content=\"https:\/\/www.facebook.com\/budapestrivercruise\" \/>\n<meta property=\"article:modified_time\" content=\"2024-12-15T09:48:54+00:00\" \/>\n<meta property=\"og:image\" content=\"https:\/\/silver24.u9o.hu\/wp-content\/uploads\/2022\/05\/merry-christmas-1.jpg\" \/>\n\t<meta property=\"og:image:width\" content=\"788\" \/>\n\t<meta property=\"og:image:height\" content=\"788\" \/>\n\t<meta property=\"og:image:type\" content=\"image\/jpeg\" \/>\n<script type=\"application\/ld+json\" class=\"yoast-schema-graph\">{\"@context\":\"https:\/\/schema.org\",\"@graph\":[{\"@type\":\"WebPage\",\"@id\":\"https:\/\/silver24.u9o.hu\/sk\/produkt\/vianocna-vecera\/\",\"url\":\"https:\/\/silver24.u9o.hu\/sk\/produkt\/vianocna-vecera\/\",\"name\":\"Plavba na viano\u010dn\u00fa ve\u010deru v Budape\u0161ti - silver24 - Silverline Cruises\",\"isPartOf\":{\"@id\":\"https:\/\/silver24.u9o.hu\/sk\/#website\"},\"primaryImageOfPage\":{\"@id\":\"https:\/\/silver24.u9o.hu\/sk\/produkt\/vianocna-vecera\/#primaryimage\"},\"image\":{\"@id\":\"https:\/\/silver24.u9o.hu\/sk\/produkt\/vianocna-vecera\/#primaryimage\"},\"thumbnailUrl\":\"https:\/\/silver24.u9o.hu\/wp-content\/uploads\/2022\/05\/merry-christmas-1.jpg\",\"datePublished\":\"2022-05-07T06:42:25+00:00\",\"dateModified\":\"2024-12-15T09:48:54+00:00\",\"description\":\"Oslavte \u0160tedr\u00fd de\u0148 v Budape\u0161ti s nami v decembri! U\u017eite si na Vianoce vynikaj\u00faci kulin\u00e1rsky z\u00e1\u017eitok na Dunaji.\",\"breadcrumb\":{\"@id\":\"https:\/\/silver24.u9o.hu\/sk\/produkt\/vianocna-vecera\/#breadcrumb\"},\"inLanguage\":\"sk-SK\",\"potentialAction\":[{\"@type\":\"ReadAction\",\"target\":[\"https:\/\/silver24.u9o.hu\/sk\/produkt\/vianocna-vecera\/\"]}]},{\"@type\":\"ImageObject\",\"inLanguage\":\"sk-SK\",\"@id\":\"https:\/\/silver24.u9o.hu\/sk\/produkt\/vianocna-vecera\/#primaryimage\",\"url\":\"https:\/\/silver24.u9o.hu\/wp-content\/uploads\/2022\/05\/merry-christmas-1.jpg\",\"contentUrl\":\"https:\/\/silver24.u9o.hu\/wp-content\/uploads\/2022\/05\/merry-christmas-1.jpg\",\"width\":788,\"height\":788},{\"@type\":\"BreadcrumbList\",\"@id\":\"https:\/\/silver24.u9o.hu\/sk\/produkt\/vianocna-vecera\/#breadcrumb\",\"itemListElement\":[{\"@type\":\"ListItem\",\"position\":1,\"name\":\"Home\",\"item\":\"https:\/\/silver24.u9o.hu\/sk\/\"},{\"@type\":\"ListItem\",\"position\":2,\"name\":\"Shop\",\"item\":\"https:\/\/silver24.u9o.hu\/sk\/shop-2\/\"},{\"@type\":\"ListItem\",\"position\":3,\"name\":\"Plavba na viano\u010dn\u00fa ve\u010deru v Budape\u0161ti\"}]},{\"@type\":\"WebSite\",\"@id\":\"https:\/\/silver24.u9o.hu\/sk\/#website\",\"url\":\"https:\/\/silver24.u9o.hu\/sk\/\",\"name\":\"Silverline Cruises kft.\",\"description\":\"\",\"publisher\":{\"@id\":\"https:\/\/silver24.u9o.hu\/sk\/#organization\"},\"potentialAction\":[{\"@type\":\"SearchAction\",\"target\":{\"@type\":\"EntryPoint\",\"urlTemplate\":\"https:\/\/silver24.u9o.hu\/sk\/?s={search_term_string}\"},\"query-input\":{\"@type\":\"PropertyValueSpecification\",\"valueRequired\":true,\"valueName\":\"search_term_string\"}}],\"inLanguage\":\"sk-SK\"},{\"@type\":\"Organization\",\"@id\":\"https:\/\/silver24.u9o.hu\/sk\/#organization\",\"name\":\"Silverline Cruises kft.\",\"url\":\"https:\/\/silver24.u9o.hu\/sk\/\",\"logo\":{\"@type\":\"ImageObject\",\"inLanguage\":\"sk-SK\",\"@id\":\"https:\/\/silver24.u9o.hu\/sk\/#\/schema\/logo\/image\/\",\"url\":\"https:\/\/silver-line.hu\/wp-content\/uploads\/2022\/05\/cropped-cropped-icon-1.webp\",\"contentUrl\":\"https:\/\/silver-line.hu\/wp-content\/uploads\/2022\/05\/cropped-cropped-icon-1.webp\",\"width\":512,\"height\":512,\"caption\":\"Silverline Cruises kft.\"},\"image\":{\"@id\":\"https:\/\/silver24.u9o.hu\/sk\/#\/schema\/logo\/image\/\"},\"sameAs\":[\"https:\/\/www.facebook.com\/budapestrivercruise\"]}]}<\/script>\n<!-- \/ Yoast SEO plugin. -->","yoast_head_json":{"title":"Plavba na viano\u010dn\u00fa ve\u010deru v Budape\u0161ti - silver24 - Silverline Cruises","description":"Oslavte \u0160tedr\u00fd de\u0148 v Budape\u0161ti s nami v decembri! U\u017eite si na Vianoce vynikaj\u00faci kulin\u00e1rsky z\u00e1\u017eitok na Dunaji.","robots":{"index":"noindex","follow":"follow","max-snippet":"max-snippet:-1","max-image-preview":"max-image-preview:large","max-video-preview":"max-video-preview:-1"},"og_locale":"sk_SK","og_type":"article","og_title":"Plavba na viano\u010dn\u00fa ve\u010deru v Budape\u0161ti - silver24 - Silverline Cruises","og_description":"Oslavte \u0160tedr\u00fd de\u0148 v Budape\u0161ti s nami v decembri! U\u017eite si na Vianoce vynikaj\u00faci kulin\u00e1rsky z\u00e1\u017eitok na Dunaji.","og_url":"https:\/\/silver24.u9o.hu\/sk\/produkt\/vianocna-vecera\/","og_site_name":"silver24 - Silverline Cruises","article_publisher":"https:\/\/www.facebook.com\/budapestrivercruise","article_modified_time":"2024-12-15T09:48:54+00:00","og_image":[{"width":788,"height":788,"url":"https:\/\/silver24.u9o.hu\/wp-content\/uploads\/2022\/05\/merry-christmas-1.jpg","type":"image\/jpeg"}],"schema":{"@context":"https:\/\/schema.org","@graph":[{"@type":"WebPage","@id":"https:\/\/silver24.u9o.hu\/sk\/produkt\/vianocna-vecera\/","url":"https:\/\/silver24.u9o.hu\/sk\/produkt\/vianocna-vecera\/","name":"Plavba na viano\u010dn\u00fa ve\u010deru v Budape\u0161ti - silver24 - Silverline Cruises","isPartOf":{"@id":"https:\/\/silver24.u9o.hu\/sk\/#website"},"primaryImageOfPage":{"@id":"https:\/\/silver24.u9o.hu\/sk\/produkt\/vianocna-vecera\/#primaryimage"},"image":{"@id":"https:\/\/silver24.u9o.hu\/sk\/produkt\/vianocna-vecera\/#primaryimage"},"thumbnailUrl":"https:\/\/silver24.u9o.hu\/wp-content\/uploads\/2022\/05\/merry-christmas-1.jpg","datePublished":"2022-05-07T06:42:25+00:00","dateModified":"2024-12-15T09:48:54+00:00","description":"Oslavte \u0160tedr\u00fd de\u0148 v Budape\u0161ti s nami v decembri! U\u017eite si na Vianoce vynikaj\u00faci kulin\u00e1rsky z\u00e1\u017eitok na Dunaji.","breadcrumb":{"@id":"https:\/\/silver24.u9o.hu\/sk\/produkt\/vianocna-vecera\/#breadcrumb"},"inLanguage":"sk-SK","potentialAction":[{"@type":"ReadAction","target":["https:\/\/silver24.u9o.hu\/sk\/produkt\/vianocna-vecera\/"]}]},{"@type":"ImageObject","inLanguage":"sk-SK","@id":"https:\/\/silver24.u9o.hu\/sk\/produkt\/vianocna-vecera\/#primaryimage","url":"https:\/\/silver24.u9o.hu\/wp-content\/uploads\/2022\/05\/merry-christmas-1.jpg","contentUrl":"https:\/\/silver24.u9o.hu\/wp-content\/uploads\/2022\/05\/merry-christmas-1.jpg","width":788,"height":788},{"@type":"BreadcrumbList","@id":"https:\/\/silver24.u9o.hu\/sk\/produkt\/vianocna-vecera\/#breadcrumb","itemListElement":[{"@type":"ListItem","position":1,"name":"Home","item":"https:\/\/silver24.u9o.hu\/sk\/"},{"@type":"ListItem","position":2,"name":"Shop","item":"https:\/\/silver24.u9o.hu\/sk\/shop-2\/"},{"@type":"ListItem","position":3,"name":"Plavba na viano\u010dn\u00fa ve\u010deru v Budape\u0161ti"}]},{"@type":"WebSite","@id":"https:\/\/silver24.u9o.hu\/sk\/#website","url":"https:\/\/silver24.u9o.hu\/sk\/","name":"Silverline Cruises kft.","description":"","publisher":{"@id":"https:\/\/silver24.u9o.hu\/sk\/#organization"},"potentialAction":[{"@type":"SearchAction","target":{"@type":"EntryPoint","urlTemplate":"https:\/\/silver24.u9o.hu\/sk\/?s={search_term_string}"},"query-input":{"@type":"PropertyValueSpecification","valueRequired":true,"valueName":"search_term_string"}}],"inLanguage":"sk-SK"},{"@type":"Organization","@id":"https:\/\/silver24.u9o.hu\/sk\/#organization","name":"Silverline Cruises kft.","url":"https:\/\/silver24.u9o.hu\/sk\/","logo":{"@type":"ImageObject","inLanguage":"sk-SK","@id":"https:\/\/silver24.u9o.hu\/sk\/#\/schema\/logo\/image\/","url":"https:\/\/silver-line.hu\/wp-content\/uploads\/2022\/05\/cropped-cropped-icon-1.webp","contentUrl":"https:\/\/silver-line.hu\/wp-content\/uploads\/2022\/05\/cropped-cropped-icon-1.webp","width":512,"height":512,"caption":"Silverline Cruises kft."},"image":{"@id":"https:\/\/silver24.u9o.hu\/sk\/#\/schema\/logo\/image\/"},"sameAs":["https:\/\/www.facebook.com\/budapestrivercruise"]}]}},"_links":{"self":[{"href":"https:\/\/silver24.u9o.hu\/sk\/wp-json\/wp\/v2\/product\/363979"}],"collection":[{"href":"https:\/\/silver24.u9o.hu\/sk\/wp-json\/wp\/v2\/product"}],"about":[{"href":"https:\/\/silver24.u9o.hu\/sk\/wp-json\/wp\/v2\/types\/product"}],"wp:featuredmedia":[{"embeddable":true,"href":"https:\/\/silver24.u9o.hu\/sk\/wp-json\/wp\/v2\/media\/1042354"}],"wp:attachment":[{"href":"https:\/\/silver24.u9o.hu\/sk\/wp-json\/wp\/v2\/media?parent=363979"}],"wp:term":[{"taxonomy":"product_cat","embeddable":true,"href":"https:\/\/silver24.u9o.hu\/sk\/wp-json\/wp\/v2\/product_cat?post=363979"},{"taxonomy":"product_tag","embeddable":true,"href":"https:\/\/silver24.u9o.hu\/sk\/wp-json\/wp\/v2\/product_tag?post=363979"}],"curies":[{"name":"wp","href":"https:\/\/api.w.org\/{rel}","templated":true}]}}