{"id":363899,"date":"2022-05-07T05:31:22","date_gmt":"2022-05-07T04:31:22","guid":{"rendered":"https:\/\/silver-line.hu\/?post_type=product&#038;p=363899"},"modified":"2025-04-24T15:03:16","modified_gmt":"2025-04-24T14:03:16","slug":"pizza-a-pivo-vyletna-plavba-budapestou","status":"publish","type":"product","link":"https:\/\/silver24.u9o.hu\/sk\/produkt\/pizza-a-pivo-vyletna-plavba-budapestou\/","title":{"rendered":"Budape\u0161\u0165sk\u00e1 Pizza Plavba"},"content":{"rendered":"","protected":false},"excerpt":{"rendered":"<p>Posa\u010fte sa na n\u00e1\u0161 v\u00fdlet lo\u010fou a vychutnajte si kr\u00e1sny v\u00fdh\u013ead na Budape\u0161\u0165. Vyberte si pizzu a dajte si drink!<\/p>\n<p><strong><span style=\"color: green;\">Ceny sa l\u00ed\u0161ia pod\u013ea dennej doby a d\u0148a v t\u00fd\u017edni.<\/span><\/strong>  <\/p>\n","protected":false},"featured_media":1398466,"template":"","meta":[],"product_cat":[90],"product_tag":[],"yoast_head":"<!-- This site is optimized with the Yoast SEO plugin v23.9 - https:\/\/yoast.com\/wordpress\/plugins\/seo\/ -->\n<title>Pizza a pivo Plavba po centre Budape\u0161ti<\/title>\n<meta name=\"description\" content=\"Pr\u00ed\u010fte s priate\u013emi alebo s rodinou a urobte si v\u00fdlet lo\u010fou na Budapest Pizza Cruise. Objavte kr\u00e1sy hlavn\u00e9ho mesta Ma\u010farska!\" \/>\n<meta name=\"robots\" content=\"noindex, follow, max-snippet:-1, max-image-preview:large, max-video-preview:-1\" \/>\n<meta property=\"og:locale\" content=\"sk_SK\" \/>\n<meta property=\"og:type\" content=\"article\" \/>\n<meta property=\"og:title\" content=\"Pizza a pivo Plavba po centre Budape\u0161ti\" \/>\n<meta property=\"og:description\" content=\"Pr\u00ed\u010fte s priate\u013emi alebo s rodinou a urobte si v\u00fdlet lo\u010fou na Budapest Pizza Cruise. Objavte kr\u00e1sy hlavn\u00e9ho mesta Ma\u010farska!\" \/>\n<meta property=\"og:url\" content=\"https:\/\/silver24.u9o.hu\/sk\/produkt\/pizza-a-pivo-vyletna-plavba-budapestou\/\" \/>\n<meta property=\"og:site_name\" content=\"silver24 - Silverline Cruises\" \/>\n<meta property=\"article:publisher\" content=\"https:\/\/www.facebook.com\/budapestrivercruise\" \/>\n<meta property=\"article:modified_time\" content=\"2025-04-24T14:03:16+00:00\" \/>\n<meta property=\"og:image\" content=\"https:\/\/silver24.u9o.hu\/wp-content\/uploads\/2022\/05\/Pizza-Cruise-Budapest.jpg\" \/>\n\t<meta property=\"og:image:width\" content=\"600\" \/>\n\t<meta property=\"og:image:height\" content=\"600\" \/>\n\t<meta property=\"og:image:type\" content=\"image\/jpeg\" \/>\n<script type=\"application\/ld+json\" class=\"yoast-schema-graph\">{\"@context\":\"https:\/\/schema.org\",\"@graph\":[{\"@type\":\"WebPage\",\"@id\":\"https:\/\/silver24.u9o.hu\/sk\/produkt\/pizza-a-pivo-vyletna-plavba-budapestou\/\",\"url\":\"https:\/\/silver24.u9o.hu\/sk\/produkt\/pizza-a-pivo-vyletna-plavba-budapestou\/\",\"name\":\"Pizza a pivo Plavba po centre Budape\u0161ti\",\"isPartOf\":{\"@id\":\"https:\/\/silver24.u9o.hu\/sk\/#website\"},\"primaryImageOfPage\":{\"@id\":\"https:\/\/silver24.u9o.hu\/sk\/produkt\/pizza-a-pivo-vyletna-plavba-budapestou\/#primaryimage\"},\"image\":{\"@id\":\"https:\/\/silver24.u9o.hu\/sk\/produkt\/pizza-a-pivo-vyletna-plavba-budapestou\/#primaryimage\"},\"thumbnailUrl\":\"https:\/\/silver24.u9o.hu\/wp-content\/uploads\/2022\/05\/Pizza-Cruise-Budapest.jpg\",\"datePublished\":\"2022-05-07T04:31:22+00:00\",\"dateModified\":\"2025-04-24T14:03:16+00:00\",\"description\":\"Pr\u00ed\u010fte s priate\u013emi alebo s rodinou a urobte si v\u00fdlet lo\u010fou na Budapest Pizza Cruise. Objavte kr\u00e1sy hlavn\u00e9ho mesta Ma\u010farska!\",\"breadcrumb\":{\"@id\":\"https:\/\/silver24.u9o.hu\/sk\/produkt\/pizza-a-pivo-vyletna-plavba-budapestou\/#breadcrumb\"},\"inLanguage\":\"sk-SK\",\"potentialAction\":[{\"@type\":\"ReadAction\",\"target\":[\"https:\/\/silver24.u9o.hu\/sk\/produkt\/pizza-a-pivo-vyletna-plavba-budapestou\/\"]}]},{\"@type\":\"ImageObject\",\"inLanguage\":\"sk-SK\",\"@id\":\"https:\/\/silver24.u9o.hu\/sk\/produkt\/pizza-a-pivo-vyletna-plavba-budapestou\/#primaryimage\",\"url\":\"https:\/\/silver24.u9o.hu\/wp-content\/uploads\/2022\/05\/Pizza-Cruise-Budapest.jpg\",\"contentUrl\":\"https:\/\/silver24.u9o.hu\/wp-content\/uploads\/2022\/05\/Pizza-Cruise-Budapest.jpg\",\"width\":600,\"height\":600,\"caption\":\"Pizza Cruise Budapest\"},{\"@type\":\"BreadcrumbList\",\"@id\":\"https:\/\/silver24.u9o.hu\/sk\/produkt\/pizza-a-pivo-vyletna-plavba-budapestou\/#breadcrumb\",\"itemListElement\":[{\"@type\":\"ListItem\",\"position\":1,\"name\":\"Home\",\"item\":\"https:\/\/silver24.u9o.hu\/sk\/\"},{\"@type\":\"ListItem\",\"position\":2,\"name\":\"Shop\",\"item\":\"https:\/\/silver24.u9o.hu\/sk\/shop-2\/\"},{\"@type\":\"ListItem\",\"position\":3,\"name\":\"Budape\u0161\u0165sk\u00e1 Pizza Plavba\"}]},{\"@type\":\"WebSite\",\"@id\":\"https:\/\/silver24.u9o.hu\/sk\/#website\",\"url\":\"https:\/\/silver24.u9o.hu\/sk\/\",\"name\":\"Silverline Cruises kft.\",\"description\":\"\",\"publisher\":{\"@id\":\"https:\/\/silver24.u9o.hu\/sk\/#organization\"},\"potentialAction\":[{\"@type\":\"SearchAction\",\"target\":{\"@type\":\"EntryPoint\",\"urlTemplate\":\"https:\/\/silver24.u9o.hu\/sk\/?s={search_term_string}\"},\"query-input\":{\"@type\":\"PropertyValueSpecification\",\"valueRequired\":true,\"valueName\":\"search_term_string\"}}],\"inLanguage\":\"sk-SK\"},{\"@type\":\"Organization\",\"@id\":\"https:\/\/silver24.u9o.hu\/sk\/#organization\",\"name\":\"Silverline Cruises kft.\",\"url\":\"https:\/\/silver24.u9o.hu\/sk\/\",\"logo\":{\"@type\":\"ImageObject\",\"inLanguage\":\"sk-SK\",\"@id\":\"https:\/\/silver24.u9o.hu\/sk\/#\/schema\/logo\/image\/\",\"url\":\"https:\/\/silver-line.hu\/wp-content\/uploads\/2022\/05\/cropped-cropped-icon-1.webp\",\"contentUrl\":\"https:\/\/silver-line.hu\/wp-content\/uploads\/2022\/05\/cropped-cropped-icon-1.webp\",\"width\":512,\"height\":512,\"caption\":\"Silverline Cruises kft.\"},\"image\":{\"@id\":\"https:\/\/silver24.u9o.hu\/sk\/#\/schema\/logo\/image\/\"},\"sameAs\":[\"https:\/\/www.facebook.com\/budapestrivercruise\"]}]}<\/script>\n<!-- \/ Yoast SEO plugin. -->","yoast_head_json":{"title":"Pizza a pivo Plavba po centre Budape\u0161ti","description":"Pr\u00ed\u010fte s priate\u013emi alebo s rodinou a urobte si v\u00fdlet lo\u010fou na Budapest Pizza Cruise. Objavte kr\u00e1sy hlavn\u00e9ho mesta Ma\u010farska!","robots":{"index":"noindex","follow":"follow","max-snippet":"max-snippet:-1","max-image-preview":"max-image-preview:large","max-video-preview":"max-video-preview:-1"},"og_locale":"sk_SK","og_type":"article","og_title":"Pizza a pivo Plavba po centre Budape\u0161ti","og_description":"Pr\u00ed\u010fte s priate\u013emi alebo s rodinou a urobte si v\u00fdlet lo\u010fou na Budapest Pizza Cruise. Objavte kr\u00e1sy hlavn\u00e9ho mesta Ma\u010farska!","og_url":"https:\/\/silver24.u9o.hu\/sk\/produkt\/pizza-a-pivo-vyletna-plavba-budapestou\/","og_site_name":"silver24 - Silverline Cruises","article_publisher":"https:\/\/www.facebook.com\/budapestrivercruise","article_modified_time":"2025-04-24T14:03:16+00:00","og_image":[{"width":600,"height":600,"url":"https:\/\/silver24.u9o.hu\/wp-content\/uploads\/2022\/05\/Pizza-Cruise-Budapest.jpg","type":"image\/jpeg"}],"schema":{"@context":"https:\/\/schema.org","@graph":[{"@type":"WebPage","@id":"https:\/\/silver24.u9o.hu\/sk\/produkt\/pizza-a-pivo-vyletna-plavba-budapestou\/","url":"https:\/\/silver24.u9o.hu\/sk\/produkt\/pizza-a-pivo-vyletna-plavba-budapestou\/","name":"Pizza a pivo Plavba po centre Budape\u0161ti","isPartOf":{"@id":"https:\/\/silver24.u9o.hu\/sk\/#website"},"primaryImageOfPage":{"@id":"https:\/\/silver24.u9o.hu\/sk\/produkt\/pizza-a-pivo-vyletna-plavba-budapestou\/#primaryimage"},"image":{"@id":"https:\/\/silver24.u9o.hu\/sk\/produkt\/pizza-a-pivo-vyletna-plavba-budapestou\/#primaryimage"},"thumbnailUrl":"https:\/\/silver24.u9o.hu\/wp-content\/uploads\/2022\/05\/Pizza-Cruise-Budapest.jpg","datePublished":"2022-05-07T04:31:22+00:00","dateModified":"2025-04-24T14:03:16+00:00","description":"Pr\u00ed\u010fte s priate\u013emi alebo s rodinou a urobte si v\u00fdlet lo\u010fou na Budapest Pizza Cruise. Objavte kr\u00e1sy hlavn\u00e9ho mesta Ma\u010farska!","breadcrumb":{"@id":"https:\/\/silver24.u9o.hu\/sk\/produkt\/pizza-a-pivo-vyletna-plavba-budapestou\/#breadcrumb"},"inLanguage":"sk-SK","potentialAction":[{"@type":"ReadAction","target":["https:\/\/silver24.u9o.hu\/sk\/produkt\/pizza-a-pivo-vyletna-plavba-budapestou\/"]}]},{"@type":"ImageObject","inLanguage":"sk-SK","@id":"https:\/\/silver24.u9o.hu\/sk\/produkt\/pizza-a-pivo-vyletna-plavba-budapestou\/#primaryimage","url":"https:\/\/silver24.u9o.hu\/wp-content\/uploads\/2022\/05\/Pizza-Cruise-Budapest.jpg","contentUrl":"https:\/\/silver24.u9o.hu\/wp-content\/uploads\/2022\/05\/Pizza-Cruise-Budapest.jpg","width":600,"height":600,"caption":"Pizza Cruise Budapest"},{"@type":"BreadcrumbList","@id":"https:\/\/silver24.u9o.hu\/sk\/produkt\/pizza-a-pivo-vyletna-plavba-budapestou\/#breadcrumb","itemListElement":[{"@type":"ListItem","position":1,"name":"Home","item":"https:\/\/silver24.u9o.hu\/sk\/"},{"@type":"ListItem","position":2,"name":"Shop","item":"https:\/\/silver24.u9o.hu\/sk\/shop-2\/"},{"@type":"ListItem","position":3,"name":"Budape\u0161\u0165sk\u00e1 Pizza Plavba"}]},{"@type":"WebSite","@id":"https:\/\/silver24.u9o.hu\/sk\/#website","url":"https:\/\/silver24.u9o.hu\/sk\/","name":"Silverline Cruises kft.","description":"","publisher":{"@id":"https:\/\/silver24.u9o.hu\/sk\/#organization"},"potentialAction":[{"@type":"SearchAction","target":{"@type":"EntryPoint","urlTemplate":"https:\/\/silver24.u9o.hu\/sk\/?s={search_term_string}"},"query-input":{"@type":"PropertyValueSpecification","valueRequired":true,"valueName":"search_term_string"}}],"inLanguage":"sk-SK"},{"@type":"Organization","@id":"https:\/\/silver24.u9o.hu\/sk\/#organization","name":"Silverline Cruises kft.","url":"https:\/\/silver24.u9o.hu\/sk\/","logo":{"@type":"ImageObject","inLanguage":"sk-SK","@id":"https:\/\/silver24.u9o.hu\/sk\/#\/schema\/logo\/image\/","url":"https:\/\/silver-line.hu\/wp-content\/uploads\/2022\/05\/cropped-cropped-icon-1.webp","contentUrl":"https:\/\/silver-line.hu\/wp-content\/uploads\/2022\/05\/cropped-cropped-icon-1.webp","width":512,"height":512,"caption":"Silverline Cruises kft."},"image":{"@id":"https:\/\/silver24.u9o.hu\/sk\/#\/schema\/logo\/image\/"},"sameAs":["https:\/\/www.facebook.com\/budapestrivercruise"]}]}},"_links":{"self":[{"href":"https:\/\/silver24.u9o.hu\/sk\/wp-json\/wp\/v2\/product\/363899"}],"collection":[{"href":"https:\/\/silver24.u9o.hu\/sk\/wp-json\/wp\/v2\/product"}],"about":[{"href":"https:\/\/silver24.u9o.hu\/sk\/wp-json\/wp\/v2\/types\/product"}],"wp:featuredmedia":[{"embeddable":true,"href":"https:\/\/silver24.u9o.hu\/sk\/wp-json\/wp\/v2\/media\/1398466"}],"wp:attachment":[{"href":"https:\/\/silver24.u9o.hu\/sk\/wp-json\/wp\/v2\/media?parent=363899"}],"wp:term":[{"taxonomy":"product_cat","embeddable":true,"href":"https:\/\/silver24.u9o.hu\/sk\/wp-json\/wp\/v2\/product_cat?post=363899"},{"taxonomy":"product_tag","embeddable":true,"href":"https:\/\/silver24.u9o.hu\/sk\/wp-json\/wp\/v2\/product_tag?post=363899"}],"curies":[{"name":"wp","href":"https:\/\/api.w.org\/{rel}","templated":true}]}}