{"id":363766,"date":"2022-05-07T07:37:00","date_gmt":"2022-05-07T06:37:00","guid":{"rendered":"https:\/\/silver-line.hu\/?post_type=product&#038;p=363766"},"modified":"2025-05-14T10:22:15","modified_gmt":"2025-05-14T09:22:15","slug":"plavba-po-dunaji-budapestou-s-vecerou-a-folklornou-prehliadkou","status":"publish","type":"product","link":"https:\/\/silver24.u9o.hu\/sk\/produkt\/plavba-po-dunaji-budapestou-s-vecerou-a-folklornou-prehliadkou\/","title":{"rendered":"Plavba po Dunaji Budape\u0161\u0165ou s ve\u010derou a Folkl\u00f3rnou prehliadkou"},"content":{"rendered":"","protected":false},"excerpt":{"rendered":"<p>Okrem na\u0161ej nad\u0161enej skupiny hudobn\u00edkov v\u00e1m zaru\u010duj\u00fa absol\u00fatne pohodlie a rozmanitos\u0165 aj folkl\u00f3rne tane\u010dnice oble\u010den\u00e9 v tradi\u010dn\u00fdch ma\u010farsk\u00fdch kost\u00fdmoch.<\/p>\n<p><strong><span style=\"color: green;\">Ceny sa l\u00ed\u0161ia pod\u013ea dennej doby a d\u0148a v t\u00fd\u017edni.<\/span><\/strong><\/p>\n","protected":false},"featured_media":1398048,"template":"","meta":[],"product_cat":[84],"product_tag":[],"yoast_head":"<!-- This site is optimized with the Yoast SEO plugin v23.9 - https:\/\/yoast.com\/wordpress\/plugins\/seo\/ -->\n<title>Plavba po Dunaji Budape\u0161\u0165ou s ve\u010derou a Folkl\u00f3rnou prehliadkou<\/title>\n<meta name=\"description\" content=\"2-hodinov\u00e1 plavba po Dunaji v Budape\u0161ti, so \u0161tyrmi chodmi a pr\u00edjemnou prehliadkou ma\u010farsk\u00e9ho folkl\u00f3ru a operety.\" \/>\n<meta name=\"robots\" content=\"noindex, follow, max-snippet:-1, max-image-preview:large, max-video-preview:-1\" \/>\n<meta property=\"og:locale\" content=\"sk_SK\" \/>\n<meta property=\"og:type\" content=\"article\" \/>\n<meta property=\"og:title\" content=\"Plavba po Dunaji Budape\u0161\u0165ou s ve\u010derou a Folkl\u00f3rnou prehliadkou\" \/>\n<meta property=\"og:description\" content=\"2-hodinov\u00e1 plavba po Dunaji v Budape\u0161ti, so \u0161tyrmi chodmi a pr\u00edjemnou prehliadkou ma\u010farsk\u00e9ho folkl\u00f3ru a operety.\" \/>\n<meta property=\"og:url\" content=\"https:\/\/silver24.u9o.hu\/sk\/produkt\/plavba-po-dunaji-budapestou-s-vecerou-a-folklornou-prehliadkou\/\" \/>\n<meta property=\"og:site_name\" content=\"silver24 - Silverline Cruises\" \/>\n<meta property=\"article:publisher\" content=\"https:\/\/www.facebook.com\/budapestrivercruise\" \/>\n<meta property=\"article:modified_time\" content=\"2025-05-14T09:22:15+00:00\" \/>\n<meta property=\"og:image\" content=\"https:\/\/silver24.u9o.hu\/wp-content\/uploads\/2022\/05\/Dinner-Cruise-Budapest.jpg\" \/>\n\t<meta property=\"og:image:width\" content=\"600\" \/>\n\t<meta property=\"og:image:height\" content=\"600\" \/>\n\t<meta property=\"og:image:type\" content=\"image\/jpeg\" \/>\n<script type=\"application\/ld+json\" class=\"yoast-schema-graph\">{\"@context\":\"https:\/\/schema.org\",\"@graph\":[{\"@type\":\"WebPage\",\"@id\":\"https:\/\/silver24.u9o.hu\/sk\/produkt\/plavba-po-dunaji-budapestou-s-vecerou-a-folklornou-prehliadkou\/\",\"url\":\"https:\/\/silver24.u9o.hu\/sk\/produkt\/plavba-po-dunaji-budapestou-s-vecerou-a-folklornou-prehliadkou\/\",\"name\":\"Plavba po Dunaji Budape\u0161\u0165ou s ve\u010derou a Folkl\u00f3rnou prehliadkou\",\"isPartOf\":{\"@id\":\"https:\/\/silver24.u9o.hu\/sk\/#website\"},\"primaryImageOfPage\":{\"@id\":\"https:\/\/silver24.u9o.hu\/sk\/produkt\/plavba-po-dunaji-budapestou-s-vecerou-a-folklornou-prehliadkou\/#primaryimage\"},\"image\":{\"@id\":\"https:\/\/silver24.u9o.hu\/sk\/produkt\/plavba-po-dunaji-budapestou-s-vecerou-a-folklornou-prehliadkou\/#primaryimage\"},\"thumbnailUrl\":\"https:\/\/silver24.u9o.hu\/wp-content\/uploads\/2022\/05\/Dinner-Cruise-Budapest.jpg\",\"datePublished\":\"2022-05-07T06:37:00+00:00\",\"dateModified\":\"2025-05-14T09:22:15+00:00\",\"description\":\"2-hodinov\u00e1 plavba po Dunaji v Budape\u0161ti, so \u0161tyrmi chodmi a pr\u00edjemnou prehliadkou ma\u010farsk\u00e9ho folkl\u00f3ru a operety.\",\"breadcrumb\":{\"@id\":\"https:\/\/silver24.u9o.hu\/sk\/produkt\/plavba-po-dunaji-budapestou-s-vecerou-a-folklornou-prehliadkou\/#breadcrumb\"},\"inLanguage\":\"sk-SK\",\"potentialAction\":[{\"@type\":\"ReadAction\",\"target\":[\"https:\/\/silver24.u9o.hu\/sk\/produkt\/plavba-po-dunaji-budapestou-s-vecerou-a-folklornou-prehliadkou\/\"]}]},{\"@type\":\"ImageObject\",\"inLanguage\":\"sk-SK\",\"@id\":\"https:\/\/silver24.u9o.hu\/sk\/produkt\/plavba-po-dunaji-budapestou-s-vecerou-a-folklornou-prehliadkou\/#primaryimage\",\"url\":\"https:\/\/silver24.u9o.hu\/wp-content\/uploads\/2022\/05\/Dinner-Cruise-Budapest.jpg\",\"contentUrl\":\"https:\/\/silver24.u9o.hu\/wp-content\/uploads\/2022\/05\/Dinner-Cruise-Budapest.jpg\",\"width\":600,\"height\":600,\"caption\":\"Dinner Cruise Budapest\"},{\"@type\":\"BreadcrumbList\",\"@id\":\"https:\/\/silver24.u9o.hu\/sk\/produkt\/plavba-po-dunaji-budapestou-s-vecerou-a-folklornou-prehliadkou\/#breadcrumb\",\"itemListElement\":[{\"@type\":\"ListItem\",\"position\":1,\"name\":\"Home\",\"item\":\"https:\/\/silver24.u9o.hu\/sk\/\"},{\"@type\":\"ListItem\",\"position\":2,\"name\":\"Shop\",\"item\":\"https:\/\/silver24.u9o.hu\/sk\/shop-2\/\"},{\"@type\":\"ListItem\",\"position\":3,\"name\":\"Plavba po Dunaji Budape\u0161\u0165ou s ve\u010derou a Folkl\u00f3rnou prehliadkou\"}]},{\"@type\":\"WebSite\",\"@id\":\"https:\/\/silver24.u9o.hu\/sk\/#website\",\"url\":\"https:\/\/silver24.u9o.hu\/sk\/\",\"name\":\"Silverline Cruises kft.\",\"description\":\"\",\"publisher\":{\"@id\":\"https:\/\/silver24.u9o.hu\/sk\/#organization\"},\"potentialAction\":[{\"@type\":\"SearchAction\",\"target\":{\"@type\":\"EntryPoint\",\"urlTemplate\":\"https:\/\/silver24.u9o.hu\/sk\/?s={search_term_string}\"},\"query-input\":{\"@type\":\"PropertyValueSpecification\",\"valueRequired\":true,\"valueName\":\"search_term_string\"}}],\"inLanguage\":\"sk-SK\"},{\"@type\":\"Organization\",\"@id\":\"https:\/\/silver24.u9o.hu\/sk\/#organization\",\"name\":\"Silverline Cruises kft.\",\"url\":\"https:\/\/silver24.u9o.hu\/sk\/\",\"logo\":{\"@type\":\"ImageObject\",\"inLanguage\":\"sk-SK\",\"@id\":\"https:\/\/silver24.u9o.hu\/sk\/#\/schema\/logo\/image\/\",\"url\":\"https:\/\/silver-line.hu\/wp-content\/uploads\/2022\/05\/cropped-cropped-icon-1.webp\",\"contentUrl\":\"https:\/\/silver-line.hu\/wp-content\/uploads\/2022\/05\/cropped-cropped-icon-1.webp\",\"width\":512,\"height\":512,\"caption\":\"Silverline Cruises kft.\"},\"image\":{\"@id\":\"https:\/\/silver24.u9o.hu\/sk\/#\/schema\/logo\/image\/\"},\"sameAs\":[\"https:\/\/www.facebook.com\/budapestrivercruise\"]}]}<\/script>\n<!-- \/ Yoast SEO plugin. -->","yoast_head_json":{"title":"Plavba po Dunaji Budape\u0161\u0165ou s ve\u010derou a Folkl\u00f3rnou prehliadkou","description":"2-hodinov\u00e1 plavba po Dunaji v Budape\u0161ti, so \u0161tyrmi chodmi a pr\u00edjemnou prehliadkou ma\u010farsk\u00e9ho folkl\u00f3ru a operety.","robots":{"index":"noindex","follow":"follow","max-snippet":"max-snippet:-1","max-image-preview":"max-image-preview:large","max-video-preview":"max-video-preview:-1"},"og_locale":"sk_SK","og_type":"article","og_title":"Plavba po Dunaji Budape\u0161\u0165ou s ve\u010derou a Folkl\u00f3rnou prehliadkou","og_description":"2-hodinov\u00e1 plavba po Dunaji v Budape\u0161ti, so \u0161tyrmi chodmi a pr\u00edjemnou prehliadkou ma\u010farsk\u00e9ho folkl\u00f3ru a operety.","og_url":"https:\/\/silver24.u9o.hu\/sk\/produkt\/plavba-po-dunaji-budapestou-s-vecerou-a-folklornou-prehliadkou\/","og_site_name":"silver24 - Silverline Cruises","article_publisher":"https:\/\/www.facebook.com\/budapestrivercruise","article_modified_time":"2025-05-14T09:22:15+00:00","og_image":[{"width":600,"height":600,"url":"https:\/\/silver24.u9o.hu\/wp-content\/uploads\/2022\/05\/Dinner-Cruise-Budapest.jpg","type":"image\/jpeg"}],"schema":{"@context":"https:\/\/schema.org","@graph":[{"@type":"WebPage","@id":"https:\/\/silver24.u9o.hu\/sk\/produkt\/plavba-po-dunaji-budapestou-s-vecerou-a-folklornou-prehliadkou\/","url":"https:\/\/silver24.u9o.hu\/sk\/produkt\/plavba-po-dunaji-budapestou-s-vecerou-a-folklornou-prehliadkou\/","name":"Plavba po Dunaji Budape\u0161\u0165ou s ve\u010derou a Folkl\u00f3rnou prehliadkou","isPartOf":{"@id":"https:\/\/silver24.u9o.hu\/sk\/#website"},"primaryImageOfPage":{"@id":"https:\/\/silver24.u9o.hu\/sk\/produkt\/plavba-po-dunaji-budapestou-s-vecerou-a-folklornou-prehliadkou\/#primaryimage"},"image":{"@id":"https:\/\/silver24.u9o.hu\/sk\/produkt\/plavba-po-dunaji-budapestou-s-vecerou-a-folklornou-prehliadkou\/#primaryimage"},"thumbnailUrl":"https:\/\/silver24.u9o.hu\/wp-content\/uploads\/2022\/05\/Dinner-Cruise-Budapest.jpg","datePublished":"2022-05-07T06:37:00+00:00","dateModified":"2025-05-14T09:22:15+00:00","description":"2-hodinov\u00e1 plavba po Dunaji v Budape\u0161ti, so \u0161tyrmi chodmi a pr\u00edjemnou prehliadkou ma\u010farsk\u00e9ho folkl\u00f3ru a operety.","breadcrumb":{"@id":"https:\/\/silver24.u9o.hu\/sk\/produkt\/plavba-po-dunaji-budapestou-s-vecerou-a-folklornou-prehliadkou\/#breadcrumb"},"inLanguage":"sk-SK","potentialAction":[{"@type":"ReadAction","target":["https:\/\/silver24.u9o.hu\/sk\/produkt\/plavba-po-dunaji-budapestou-s-vecerou-a-folklornou-prehliadkou\/"]}]},{"@type":"ImageObject","inLanguage":"sk-SK","@id":"https:\/\/silver24.u9o.hu\/sk\/produkt\/plavba-po-dunaji-budapestou-s-vecerou-a-folklornou-prehliadkou\/#primaryimage","url":"https:\/\/silver24.u9o.hu\/wp-content\/uploads\/2022\/05\/Dinner-Cruise-Budapest.jpg","contentUrl":"https:\/\/silver24.u9o.hu\/wp-content\/uploads\/2022\/05\/Dinner-Cruise-Budapest.jpg","width":600,"height":600,"caption":"Dinner Cruise Budapest"},{"@type":"BreadcrumbList","@id":"https:\/\/silver24.u9o.hu\/sk\/produkt\/plavba-po-dunaji-budapestou-s-vecerou-a-folklornou-prehliadkou\/#breadcrumb","itemListElement":[{"@type":"ListItem","position":1,"name":"Home","item":"https:\/\/silver24.u9o.hu\/sk\/"},{"@type":"ListItem","position":2,"name":"Shop","item":"https:\/\/silver24.u9o.hu\/sk\/shop-2\/"},{"@type":"ListItem","position":3,"name":"Plavba po Dunaji Budape\u0161\u0165ou s ve\u010derou a Folkl\u00f3rnou prehliadkou"}]},{"@type":"WebSite","@id":"https:\/\/silver24.u9o.hu\/sk\/#website","url":"https:\/\/silver24.u9o.hu\/sk\/","name":"Silverline Cruises kft.","description":"","publisher":{"@id":"https:\/\/silver24.u9o.hu\/sk\/#organization"},"potentialAction":[{"@type":"SearchAction","target":{"@type":"EntryPoint","urlTemplate":"https:\/\/silver24.u9o.hu\/sk\/?s={search_term_string}"},"query-input":{"@type":"PropertyValueSpecification","valueRequired":true,"valueName":"search_term_string"}}],"inLanguage":"sk-SK"},{"@type":"Organization","@id":"https:\/\/silver24.u9o.hu\/sk\/#organization","name":"Silverline Cruises kft.","url":"https:\/\/silver24.u9o.hu\/sk\/","logo":{"@type":"ImageObject","inLanguage":"sk-SK","@id":"https:\/\/silver24.u9o.hu\/sk\/#\/schema\/logo\/image\/","url":"https:\/\/silver-line.hu\/wp-content\/uploads\/2022\/05\/cropped-cropped-icon-1.webp","contentUrl":"https:\/\/silver-line.hu\/wp-content\/uploads\/2022\/05\/cropped-cropped-icon-1.webp","width":512,"height":512,"caption":"Silverline Cruises kft."},"image":{"@id":"https:\/\/silver24.u9o.hu\/sk\/#\/schema\/logo\/image\/"},"sameAs":["https:\/\/www.facebook.com\/budapestrivercruise"]}]}},"_links":{"self":[{"href":"https:\/\/silver24.u9o.hu\/sk\/wp-json\/wp\/v2\/product\/363766"}],"collection":[{"href":"https:\/\/silver24.u9o.hu\/sk\/wp-json\/wp\/v2\/product"}],"about":[{"href":"https:\/\/silver24.u9o.hu\/sk\/wp-json\/wp\/v2\/types\/product"}],"wp:featuredmedia":[{"embeddable":true,"href":"https:\/\/silver24.u9o.hu\/sk\/wp-json\/wp\/v2\/media\/1398048"}],"wp:attachment":[{"href":"https:\/\/silver24.u9o.hu\/sk\/wp-json\/wp\/v2\/media?parent=363766"}],"wp:term":[{"taxonomy":"product_cat","embeddable":true,"href":"https:\/\/silver24.u9o.hu\/sk\/wp-json\/wp\/v2\/product_cat?post=363766"},{"taxonomy":"product_tag","embeddable":true,"href":"https:\/\/silver24.u9o.hu\/sk\/wp-json\/wp\/v2\/product_tag?post=363766"}],"curies":[{"name":"wp","href":"https:\/\/api.w.org\/{rel}","templated":true}]}}