{"id":1455291,"date":"2025-05-16T19:00:57","date_gmt":"2025-05-16T18:00:57","guid":{"rendered":"https:\/\/silver-line.hu\/?post_type=product&#038;p=1455291"},"modified":"2025-06-03T08:59:58","modified_gmt":"2025-06-03T07:59:58","slug":"prehliadka-buda-side","status":"publish","type":"product","link":"https:\/\/silver24.u9o.hu\/sk\/produkt\/prehliadka-buda-side\/","title":{"rendered":"SKIP THE LINE &#8211; vyhliadkov\u00e1 plavba Buda"},"content":{"rendered":"","protected":false},"excerpt":{"rendered":"<p>Za\u017eite kr\u00e1su Budape\u0161ti na plavbe po Dunaji z pokojnej strany Buda s prioritn\u00fdm n\u00e1stupom na palubu.<\/p>\n<p><strong><span style=\"color: green;\">Ceny sa l\u00ed\u0161ia pod\u013ea dennej doby a d\u0148a v t\u00fd\u017edni<\/span><\/strong><\/p>\n","protected":false},"featured_media":1455651,"template":"","meta":[],"product_cat":[90],"product_tag":[],"yoast_head":"<!-- This site is optimized with the Yoast SEO plugin v23.9 - https:\/\/yoast.com\/wordpress\/plugins\/seo\/ -->\n<title>SKIP THE LINE - vyhliadkov\u00e1 plavba Buda - silver24 - Silverline Cruises<\/title>\n<meta name=\"description\" content=\"Relax na Dunaji! Odlet z Buda, prednostn\u00fd n\u00e1stup, n\u00e1dhern\u00fd v\u00fdh\u013ead na Budape\u0161\u0165.\" \/>\n<meta name=\"robots\" content=\"noindex, nofollow\" \/>\n<meta property=\"og:locale\" content=\"sk_SK\" \/>\n<meta property=\"og:type\" content=\"article\" \/>\n<meta property=\"og:title\" content=\"SKIP THE LINE - vyhliadkov\u00e1 plavba Buda - silver24 - Silverline Cruises\" \/>\n<meta property=\"og:description\" content=\"Relax na Dunaji! Odlet z Buda, prednostn\u00fd n\u00e1stup, n\u00e1dhern\u00fd v\u00fdh\u013ead na Budape\u0161\u0165.\" \/>\n<meta property=\"og:url\" content=\"https:\/\/silver24.u9o.hu\/sk\/produkt\/prehliadka-buda-side\/\" \/>\n<meta property=\"og:site_name\" content=\"silver24 - Silverline Cruises\" \/>\n<meta property=\"article:publisher\" content=\"https:\/\/www.facebook.com\/budapestrivercruise\" \/>\n<meta property=\"article:modified_time\" content=\"2025-06-03T07:59:58+00:00\" \/>\n<meta property=\"og:image\" content=\"https:\/\/silver24.u9o.hu\/wp-content\/uploads\/2025\/05\/zinuru.jpg\" \/>\n\t<meta property=\"og:image:width\" content=\"790\" \/>\n\t<meta property=\"og:image:height\" content=\"790\" \/>\n\t<meta property=\"og:image:type\" content=\"image\/jpeg\" \/>\n<script type=\"application\/ld+json\" class=\"yoast-schema-graph\">{\"@context\":\"https:\/\/schema.org\",\"@graph\":[{\"@type\":\"WebPage\",\"@id\":\"https:\/\/silver24.u9o.hu\/sk\/produkt\/prehliadka-buda-side\/\",\"url\":\"https:\/\/silver24.u9o.hu\/sk\/produkt\/prehliadka-buda-side\/\",\"name\":\"SKIP THE LINE - vyhliadkov\u00e1 plavba Buda - silver24 - Silverline Cruises\",\"isPartOf\":{\"@id\":\"https:\/\/silver24.u9o.hu\/sk\/#website\"},\"primaryImageOfPage\":{\"@id\":\"https:\/\/silver24.u9o.hu\/sk\/produkt\/prehliadka-buda-side\/#primaryimage\"},\"image\":{\"@id\":\"https:\/\/silver24.u9o.hu\/sk\/produkt\/prehliadka-buda-side\/#primaryimage\"},\"thumbnailUrl\":\"https:\/\/silver24.u9o.hu\/wp-content\/uploads\/2025\/05\/zinuru.jpg\",\"datePublished\":\"2025-05-16T18:00:57+00:00\",\"dateModified\":\"2025-06-03T07:59:58+00:00\",\"description\":\"Relax na Dunaji! Odlet z Buda, prednostn\u00fd n\u00e1stup, n\u00e1dhern\u00fd v\u00fdh\u013ead na Budape\u0161\u0165.\",\"breadcrumb\":{\"@id\":\"https:\/\/silver24.u9o.hu\/sk\/produkt\/prehliadka-buda-side\/#breadcrumb\"},\"inLanguage\":\"sk-SK\",\"potentialAction\":[{\"@type\":\"ReadAction\",\"target\":[\"https:\/\/silver24.u9o.hu\/sk\/produkt\/prehliadka-buda-side\/\"]}]},{\"@type\":\"ImageObject\",\"inLanguage\":\"sk-SK\",\"@id\":\"https:\/\/silver24.u9o.hu\/sk\/produkt\/prehliadka-buda-side\/#primaryimage\",\"url\":\"https:\/\/silver24.u9o.hu\/wp-content\/uploads\/2025\/05\/zinuru.jpg\",\"contentUrl\":\"https:\/\/silver24.u9o.hu\/wp-content\/uploads\/2025\/05\/zinuru.jpg\",\"width\":790,\"height\":790,\"caption\":\"zinuru\"},{\"@type\":\"BreadcrumbList\",\"@id\":\"https:\/\/silver24.u9o.hu\/sk\/produkt\/prehliadka-buda-side\/#breadcrumb\",\"itemListElement\":[{\"@type\":\"ListItem\",\"position\":1,\"name\":\"Home\",\"item\":\"https:\/\/silver24.u9o.hu\/sk\/\"},{\"@type\":\"ListItem\",\"position\":2,\"name\":\"Shop\",\"item\":\"https:\/\/silver24.u9o.hu\/sk\/shop-2\/\"},{\"@type\":\"ListItem\",\"position\":3,\"name\":\"SKIP THE LINE &#8211; vyhliadkov\u00e1 plavba Buda\"}]},{\"@type\":\"WebSite\",\"@id\":\"https:\/\/silver24.u9o.hu\/sk\/#website\",\"url\":\"https:\/\/silver24.u9o.hu\/sk\/\",\"name\":\"Silverline Cruises kft.\",\"description\":\"\",\"publisher\":{\"@id\":\"https:\/\/silver24.u9o.hu\/sk\/#organization\"},\"potentialAction\":[{\"@type\":\"SearchAction\",\"target\":{\"@type\":\"EntryPoint\",\"urlTemplate\":\"https:\/\/silver24.u9o.hu\/sk\/?s={search_term_string}\"},\"query-input\":{\"@type\":\"PropertyValueSpecification\",\"valueRequired\":true,\"valueName\":\"search_term_string\"}}],\"inLanguage\":\"sk-SK\"},{\"@type\":\"Organization\",\"@id\":\"https:\/\/silver24.u9o.hu\/sk\/#organization\",\"name\":\"Silverline Cruises kft.\",\"url\":\"https:\/\/silver24.u9o.hu\/sk\/\",\"logo\":{\"@type\":\"ImageObject\",\"inLanguage\":\"sk-SK\",\"@id\":\"https:\/\/silver24.u9o.hu\/sk\/#\/schema\/logo\/image\/\",\"url\":\"https:\/\/silver-line.hu\/wp-content\/uploads\/2022\/05\/cropped-cropped-icon-1.webp\",\"contentUrl\":\"https:\/\/silver-line.hu\/wp-content\/uploads\/2022\/05\/cropped-cropped-icon-1.webp\",\"width\":512,\"height\":512,\"caption\":\"Silverline Cruises kft.\"},\"image\":{\"@id\":\"https:\/\/silver24.u9o.hu\/sk\/#\/schema\/logo\/image\/\"},\"sameAs\":[\"https:\/\/www.facebook.com\/budapestrivercruise\"]}]}<\/script>\n<!-- \/ Yoast SEO plugin. -->","yoast_head_json":{"title":"SKIP THE LINE - vyhliadkov\u00e1 plavba Buda - silver24 - Silverline Cruises","description":"Relax na Dunaji! Odlet z Buda, prednostn\u00fd n\u00e1stup, n\u00e1dhern\u00fd v\u00fdh\u013ead na Budape\u0161\u0165.","robots":{"index":"noindex","follow":"nofollow"},"og_locale":"sk_SK","og_type":"article","og_title":"SKIP THE LINE - vyhliadkov\u00e1 plavba Buda - silver24 - Silverline Cruises","og_description":"Relax na Dunaji! Odlet z Buda, prednostn\u00fd n\u00e1stup, n\u00e1dhern\u00fd v\u00fdh\u013ead na Budape\u0161\u0165.","og_url":"https:\/\/silver24.u9o.hu\/sk\/produkt\/prehliadka-buda-side\/","og_site_name":"silver24 - Silverline Cruises","article_publisher":"https:\/\/www.facebook.com\/budapestrivercruise","article_modified_time":"2025-06-03T07:59:58+00:00","og_image":[{"width":790,"height":790,"url":"https:\/\/silver24.u9o.hu\/wp-content\/uploads\/2025\/05\/zinuru.jpg","type":"image\/jpeg"}],"schema":{"@context":"https:\/\/schema.org","@graph":[{"@type":"WebPage","@id":"https:\/\/silver24.u9o.hu\/sk\/produkt\/prehliadka-buda-side\/","url":"https:\/\/silver24.u9o.hu\/sk\/produkt\/prehliadka-buda-side\/","name":"SKIP THE LINE - vyhliadkov\u00e1 plavba Buda - silver24 - Silverline Cruises","isPartOf":{"@id":"https:\/\/silver24.u9o.hu\/sk\/#website"},"primaryImageOfPage":{"@id":"https:\/\/silver24.u9o.hu\/sk\/produkt\/prehliadka-buda-side\/#primaryimage"},"image":{"@id":"https:\/\/silver24.u9o.hu\/sk\/produkt\/prehliadka-buda-side\/#primaryimage"},"thumbnailUrl":"https:\/\/silver24.u9o.hu\/wp-content\/uploads\/2025\/05\/zinuru.jpg","datePublished":"2025-05-16T18:00:57+00:00","dateModified":"2025-06-03T07:59:58+00:00","description":"Relax na Dunaji! Odlet z Buda, prednostn\u00fd n\u00e1stup, n\u00e1dhern\u00fd v\u00fdh\u013ead na Budape\u0161\u0165.","breadcrumb":{"@id":"https:\/\/silver24.u9o.hu\/sk\/produkt\/prehliadka-buda-side\/#breadcrumb"},"inLanguage":"sk-SK","potentialAction":[{"@type":"ReadAction","target":["https:\/\/silver24.u9o.hu\/sk\/produkt\/prehliadka-buda-side\/"]}]},{"@type":"ImageObject","inLanguage":"sk-SK","@id":"https:\/\/silver24.u9o.hu\/sk\/produkt\/prehliadka-buda-side\/#primaryimage","url":"https:\/\/silver24.u9o.hu\/wp-content\/uploads\/2025\/05\/zinuru.jpg","contentUrl":"https:\/\/silver24.u9o.hu\/wp-content\/uploads\/2025\/05\/zinuru.jpg","width":790,"height":790,"caption":"zinuru"},{"@type":"BreadcrumbList","@id":"https:\/\/silver24.u9o.hu\/sk\/produkt\/prehliadka-buda-side\/#breadcrumb","itemListElement":[{"@type":"ListItem","position":1,"name":"Home","item":"https:\/\/silver24.u9o.hu\/sk\/"},{"@type":"ListItem","position":2,"name":"Shop","item":"https:\/\/silver24.u9o.hu\/sk\/shop-2\/"},{"@type":"ListItem","position":3,"name":"SKIP THE LINE &#8211; vyhliadkov\u00e1 plavba Buda"}]},{"@type":"WebSite","@id":"https:\/\/silver24.u9o.hu\/sk\/#website","url":"https:\/\/silver24.u9o.hu\/sk\/","name":"Silverline Cruises kft.","description":"","publisher":{"@id":"https:\/\/silver24.u9o.hu\/sk\/#organization"},"potentialAction":[{"@type":"SearchAction","target":{"@type":"EntryPoint","urlTemplate":"https:\/\/silver24.u9o.hu\/sk\/?s={search_term_string}"},"query-input":{"@type":"PropertyValueSpecification","valueRequired":true,"valueName":"search_term_string"}}],"inLanguage":"sk-SK"},{"@type":"Organization","@id":"https:\/\/silver24.u9o.hu\/sk\/#organization","name":"Silverline Cruises kft.","url":"https:\/\/silver24.u9o.hu\/sk\/","logo":{"@type":"ImageObject","inLanguage":"sk-SK","@id":"https:\/\/silver24.u9o.hu\/sk\/#\/schema\/logo\/image\/","url":"https:\/\/silver-line.hu\/wp-content\/uploads\/2022\/05\/cropped-cropped-icon-1.webp","contentUrl":"https:\/\/silver-line.hu\/wp-content\/uploads\/2022\/05\/cropped-cropped-icon-1.webp","width":512,"height":512,"caption":"Silverline Cruises kft."},"image":{"@id":"https:\/\/silver24.u9o.hu\/sk\/#\/schema\/logo\/image\/"},"sameAs":["https:\/\/www.facebook.com\/budapestrivercruise"]}]}},"_links":{"self":[{"href":"https:\/\/silver24.u9o.hu\/sk\/wp-json\/wp\/v2\/product\/1455291"}],"collection":[{"href":"https:\/\/silver24.u9o.hu\/sk\/wp-json\/wp\/v2\/product"}],"about":[{"href":"https:\/\/silver24.u9o.hu\/sk\/wp-json\/wp\/v2\/types\/product"}],"wp:featuredmedia":[{"embeddable":true,"href":"https:\/\/silver24.u9o.hu\/sk\/wp-json\/wp\/v2\/media\/1455651"}],"wp:attachment":[{"href":"https:\/\/silver24.u9o.hu\/sk\/wp-json\/wp\/v2\/media?parent=1455291"}],"wp:term":[{"taxonomy":"product_cat","embeddable":true,"href":"https:\/\/silver24.u9o.hu\/sk\/wp-json\/wp\/v2\/product_cat?post=1455291"},{"taxonomy":"product_tag","embeddable":true,"href":"https:\/\/silver24.u9o.hu\/sk\/wp-json\/wp\/v2\/product_tag?post=1455291"}],"curies":[{"name":"wp","href":"https:\/\/api.w.org\/{rel}","templated":true}]}}