{"id":1446105,"date":"2023-04-12T15:22:39","date_gmt":"2023-04-12T14:22:39","guid":{"rendered":"https:\/\/silver-line.hu\/?post_type=product&#038;p=1446105"},"modified":"2025-05-27T15:27:55","modified_gmt":"2025-05-27T14:27:55","slug":"slavnostna-ohnostrojova-vecera-s-barovym-klavirom","status":"publish","type":"product","link":"https:\/\/silver24.u9o.hu\/sk\/produkt\/slavnostna-ohnostrojova-vecera-s-barovym-klavirom\/","title":{"rendered":"Sl\u00e1vnostn\u00e1 oh\u0148ostrojov\u00e1 ve\u010dera s barov\u00fdm klav\u00edrom"},"content":{"rendered":"","protected":false},"excerpt":{"rendered":"<p>Za\u017eite noc vzru\u0161enia na na\u0161ej Firework Cruise so 4-chodovou galave\u010derou a Piano Battle Show!<\/p>\n","protected":false},"featured_media":362238,"template":"","meta":[],"product_cat":[91],"product_tag":[],"yoast_head":"<!-- This site is optimized with the Yoast SEO plugin v23.9 - https:\/\/yoast.com\/wordpress\/plugins\/seo\/ -->\n<title>Sl\u00e1vnostn\u00e1 oh\u0148ostrojov\u00e1 ve\u010dera s barov\u00fdm klav\u00edrom - silver24 - Silverline Cruises<\/title>\n<meta name=\"description\" content=\"Za\u017eite noc vzru\u0161enia na na\u0161ej Firework Cruise so 4-chodovou galave\u010derou a Piano Battle Show!\" \/>\n<meta name=\"robots\" content=\"noindex, follow, max-snippet:-1, max-image-preview:large, max-video-preview:-1\" \/>\n<meta property=\"og:locale\" content=\"sk_SK\" \/>\n<meta property=\"og:type\" content=\"article\" \/>\n<meta property=\"og:title\" content=\"Sl\u00e1vnostn\u00e1 oh\u0148ostrojov\u00e1 ve\u010dera s barov\u00fdm klav\u00edrom - silver24 - Silverline Cruises\" \/>\n<meta property=\"og:description\" content=\"Za\u017eite noc vzru\u0161enia na na\u0161ej Firework Cruise so 4-chodovou galave\u010derou a Piano Battle Show!\" \/>\n<meta property=\"og:url\" content=\"https:\/\/silver24.u9o.hu\/sk\/produkt\/slavnostna-ohnostrojova-vecera-s-barovym-klavirom\/\" \/>\n<meta property=\"og:site_name\" content=\"silver24 - Silverline Cruises\" \/>\n<meta property=\"article:publisher\" content=\"https:\/\/www.facebook.com\/budapestrivercruise\" \/>\n<meta property=\"article:modified_time\" content=\"2025-05-27T14:27:55+00:00\" \/>\n<meta property=\"og:image\" content=\"https:\/\/silver24.u9o.hu\/wp-content\/uploads\/2022\/05\/piano-firework-cruise-325x325_c.webp\" \/>\n\t<meta property=\"og:image:width\" content=\"325\" \/>\n\t<meta property=\"og:image:height\" content=\"325\" \/>\n\t<meta property=\"og:image:type\" content=\"image\/webp\" \/>\n<script type=\"application\/ld+json\" class=\"yoast-schema-graph\">{\"@context\":\"https:\/\/schema.org\",\"@graph\":[{\"@type\":\"WebPage\",\"@id\":\"https:\/\/silver24.u9o.hu\/sk\/produkt\/slavnostna-ohnostrojova-vecera-s-barovym-klavirom\/\",\"url\":\"https:\/\/silver24.u9o.hu\/sk\/produkt\/slavnostna-ohnostrojova-vecera-s-barovym-klavirom\/\",\"name\":\"Sl\u00e1vnostn\u00e1 oh\u0148ostrojov\u00e1 ve\u010dera s barov\u00fdm klav\u00edrom - silver24 - Silverline Cruises\",\"isPartOf\":{\"@id\":\"https:\/\/silver24.u9o.hu\/sk\/#website\"},\"primaryImageOfPage\":{\"@id\":\"https:\/\/silver24.u9o.hu\/sk\/produkt\/slavnostna-ohnostrojova-vecera-s-barovym-klavirom\/#primaryimage\"},\"image\":{\"@id\":\"https:\/\/silver24.u9o.hu\/sk\/produkt\/slavnostna-ohnostrojova-vecera-s-barovym-klavirom\/#primaryimage\"},\"thumbnailUrl\":\"https:\/\/silver24.u9o.hu\/wp-content\/uploads\/2022\/05\/piano-firework-cruise-325x325_c.webp\",\"datePublished\":\"2023-04-12T14:22:39+00:00\",\"dateModified\":\"2025-05-27T14:27:55+00:00\",\"description\":\"Za\u017eite noc vzru\u0161enia na na\u0161ej Firework Cruise so 4-chodovou galave\u010derou a Piano Battle Show!\",\"breadcrumb\":{\"@id\":\"https:\/\/silver24.u9o.hu\/sk\/produkt\/slavnostna-ohnostrojova-vecera-s-barovym-klavirom\/#breadcrumb\"},\"inLanguage\":\"sk-SK\",\"potentialAction\":[{\"@type\":\"ReadAction\",\"target\":[\"https:\/\/silver24.u9o.hu\/sk\/produkt\/slavnostna-ohnostrojova-vecera-s-barovym-klavirom\/\"]}]},{\"@type\":\"ImageObject\",\"inLanguage\":\"sk-SK\",\"@id\":\"https:\/\/silver24.u9o.hu\/sk\/produkt\/slavnostna-ohnostrojova-vecera-s-barovym-klavirom\/#primaryimage\",\"url\":\"https:\/\/silver24.u9o.hu\/wp-content\/uploads\/2022\/05\/piano-firework-cruise-325x325_c.webp\",\"contentUrl\":\"https:\/\/silver24.u9o.hu\/wp-content\/uploads\/2022\/05\/piano-firework-cruise-325x325_c.webp\",\"width\":325,\"height\":325},{\"@type\":\"BreadcrumbList\",\"@id\":\"https:\/\/silver24.u9o.hu\/sk\/produkt\/slavnostna-ohnostrojova-vecera-s-barovym-klavirom\/#breadcrumb\",\"itemListElement\":[{\"@type\":\"ListItem\",\"position\":1,\"name\":\"Home\",\"item\":\"https:\/\/silver24.u9o.hu\/sk\/\"},{\"@type\":\"ListItem\",\"position\":2,\"name\":\"Shop\",\"item\":\"https:\/\/silver24.u9o.hu\/sk\/shop-2\/\"},{\"@type\":\"ListItem\",\"position\":3,\"name\":\"Sl\u00e1vnostn\u00e1 oh\u0148ostrojov\u00e1 ve\u010dera s barov\u00fdm klav\u00edrom\"}]},{\"@type\":\"WebSite\",\"@id\":\"https:\/\/silver24.u9o.hu\/sk\/#website\",\"url\":\"https:\/\/silver24.u9o.hu\/sk\/\",\"name\":\"Silverline Cruises kft.\",\"description\":\"\",\"publisher\":{\"@id\":\"https:\/\/silver24.u9o.hu\/sk\/#organization\"},\"potentialAction\":[{\"@type\":\"SearchAction\",\"target\":{\"@type\":\"EntryPoint\",\"urlTemplate\":\"https:\/\/silver24.u9o.hu\/sk\/?s={search_term_string}\"},\"query-input\":{\"@type\":\"PropertyValueSpecification\",\"valueRequired\":true,\"valueName\":\"search_term_string\"}}],\"inLanguage\":\"sk-SK\"},{\"@type\":\"Organization\",\"@id\":\"https:\/\/silver24.u9o.hu\/sk\/#organization\",\"name\":\"Silverline Cruises kft.\",\"url\":\"https:\/\/silver24.u9o.hu\/sk\/\",\"logo\":{\"@type\":\"ImageObject\",\"inLanguage\":\"sk-SK\",\"@id\":\"https:\/\/silver24.u9o.hu\/sk\/#\/schema\/logo\/image\/\",\"url\":\"https:\/\/silver-line.hu\/wp-content\/uploads\/2022\/05\/cropped-cropped-icon-1.webp\",\"contentUrl\":\"https:\/\/silver-line.hu\/wp-content\/uploads\/2022\/05\/cropped-cropped-icon-1.webp\",\"width\":512,\"height\":512,\"caption\":\"Silverline Cruises kft.\"},\"image\":{\"@id\":\"https:\/\/silver24.u9o.hu\/sk\/#\/schema\/logo\/image\/\"},\"sameAs\":[\"https:\/\/www.facebook.com\/budapestrivercruise\"]}]}<\/script>\n<!-- \/ Yoast SEO plugin. -->","yoast_head_json":{"title":"Sl\u00e1vnostn\u00e1 oh\u0148ostrojov\u00e1 ve\u010dera s barov\u00fdm klav\u00edrom - silver24 - Silverline Cruises","description":"Za\u017eite noc vzru\u0161enia na na\u0161ej Firework Cruise so 4-chodovou galave\u010derou a Piano Battle Show!","robots":{"index":"noindex","follow":"follow","max-snippet":"max-snippet:-1","max-image-preview":"max-image-preview:large","max-video-preview":"max-video-preview:-1"},"og_locale":"sk_SK","og_type":"article","og_title":"Sl\u00e1vnostn\u00e1 oh\u0148ostrojov\u00e1 ve\u010dera s barov\u00fdm klav\u00edrom - silver24 - Silverline Cruises","og_description":"Za\u017eite noc vzru\u0161enia na na\u0161ej Firework Cruise so 4-chodovou galave\u010derou a Piano Battle Show!","og_url":"https:\/\/silver24.u9o.hu\/sk\/produkt\/slavnostna-ohnostrojova-vecera-s-barovym-klavirom\/","og_site_name":"silver24 - Silverline Cruises","article_publisher":"https:\/\/www.facebook.com\/budapestrivercruise","article_modified_time":"2025-05-27T14:27:55+00:00","og_image":[{"width":325,"height":325,"url":"https:\/\/silver24.u9o.hu\/wp-content\/uploads\/2022\/05\/piano-firework-cruise-325x325_c.webp","type":"image\/webp"}],"schema":{"@context":"https:\/\/schema.org","@graph":[{"@type":"WebPage","@id":"https:\/\/silver24.u9o.hu\/sk\/produkt\/slavnostna-ohnostrojova-vecera-s-barovym-klavirom\/","url":"https:\/\/silver24.u9o.hu\/sk\/produkt\/slavnostna-ohnostrojova-vecera-s-barovym-klavirom\/","name":"Sl\u00e1vnostn\u00e1 oh\u0148ostrojov\u00e1 ve\u010dera s barov\u00fdm klav\u00edrom - silver24 - Silverline Cruises","isPartOf":{"@id":"https:\/\/silver24.u9o.hu\/sk\/#website"},"primaryImageOfPage":{"@id":"https:\/\/silver24.u9o.hu\/sk\/produkt\/slavnostna-ohnostrojova-vecera-s-barovym-klavirom\/#primaryimage"},"image":{"@id":"https:\/\/silver24.u9o.hu\/sk\/produkt\/slavnostna-ohnostrojova-vecera-s-barovym-klavirom\/#primaryimage"},"thumbnailUrl":"https:\/\/silver24.u9o.hu\/wp-content\/uploads\/2022\/05\/piano-firework-cruise-325x325_c.webp","datePublished":"2023-04-12T14:22:39+00:00","dateModified":"2025-05-27T14:27:55+00:00","description":"Za\u017eite noc vzru\u0161enia na na\u0161ej Firework Cruise so 4-chodovou galave\u010derou a Piano Battle Show!","breadcrumb":{"@id":"https:\/\/silver24.u9o.hu\/sk\/produkt\/slavnostna-ohnostrojova-vecera-s-barovym-klavirom\/#breadcrumb"},"inLanguage":"sk-SK","potentialAction":[{"@type":"ReadAction","target":["https:\/\/silver24.u9o.hu\/sk\/produkt\/slavnostna-ohnostrojova-vecera-s-barovym-klavirom\/"]}]},{"@type":"ImageObject","inLanguage":"sk-SK","@id":"https:\/\/silver24.u9o.hu\/sk\/produkt\/slavnostna-ohnostrojova-vecera-s-barovym-klavirom\/#primaryimage","url":"https:\/\/silver24.u9o.hu\/wp-content\/uploads\/2022\/05\/piano-firework-cruise-325x325_c.webp","contentUrl":"https:\/\/silver24.u9o.hu\/wp-content\/uploads\/2022\/05\/piano-firework-cruise-325x325_c.webp","width":325,"height":325},{"@type":"BreadcrumbList","@id":"https:\/\/silver24.u9o.hu\/sk\/produkt\/slavnostna-ohnostrojova-vecera-s-barovym-klavirom\/#breadcrumb","itemListElement":[{"@type":"ListItem","position":1,"name":"Home","item":"https:\/\/silver24.u9o.hu\/sk\/"},{"@type":"ListItem","position":2,"name":"Shop","item":"https:\/\/silver24.u9o.hu\/sk\/shop-2\/"},{"@type":"ListItem","position":3,"name":"Sl\u00e1vnostn\u00e1 oh\u0148ostrojov\u00e1 ve\u010dera s barov\u00fdm klav\u00edrom"}]},{"@type":"WebSite","@id":"https:\/\/silver24.u9o.hu\/sk\/#website","url":"https:\/\/silver24.u9o.hu\/sk\/","name":"Silverline Cruises kft.","description":"","publisher":{"@id":"https:\/\/silver24.u9o.hu\/sk\/#organization"},"potentialAction":[{"@type":"SearchAction","target":{"@type":"EntryPoint","urlTemplate":"https:\/\/silver24.u9o.hu\/sk\/?s={search_term_string}"},"query-input":{"@type":"PropertyValueSpecification","valueRequired":true,"valueName":"search_term_string"}}],"inLanguage":"sk-SK"},{"@type":"Organization","@id":"https:\/\/silver24.u9o.hu\/sk\/#organization","name":"Silverline Cruises kft.","url":"https:\/\/silver24.u9o.hu\/sk\/","logo":{"@type":"ImageObject","inLanguage":"sk-SK","@id":"https:\/\/silver24.u9o.hu\/sk\/#\/schema\/logo\/image\/","url":"https:\/\/silver-line.hu\/wp-content\/uploads\/2022\/05\/cropped-cropped-icon-1.webp","contentUrl":"https:\/\/silver-line.hu\/wp-content\/uploads\/2022\/05\/cropped-cropped-icon-1.webp","width":512,"height":512,"caption":"Silverline Cruises kft."},"image":{"@id":"https:\/\/silver24.u9o.hu\/sk\/#\/schema\/logo\/image\/"},"sameAs":["https:\/\/www.facebook.com\/budapestrivercruise"]}]}},"_links":{"self":[{"href":"https:\/\/silver24.u9o.hu\/sk\/wp-json\/wp\/v2\/product\/1446105"}],"collection":[{"href":"https:\/\/silver24.u9o.hu\/sk\/wp-json\/wp\/v2\/product"}],"about":[{"href":"https:\/\/silver24.u9o.hu\/sk\/wp-json\/wp\/v2\/types\/product"}],"wp:featuredmedia":[{"embeddable":true,"href":"https:\/\/silver24.u9o.hu\/sk\/wp-json\/wp\/v2\/media\/362238"}],"wp:attachment":[{"href":"https:\/\/silver24.u9o.hu\/sk\/wp-json\/wp\/v2\/media?parent=1446105"}],"wp:term":[{"taxonomy":"product_cat","embeddable":true,"href":"https:\/\/silver24.u9o.hu\/sk\/wp-json\/wp\/v2\/product_cat?post=1446105"},{"taxonomy":"product_tag","embeddable":true,"href":"https:\/\/silver24.u9o.hu\/sk\/wp-json\/wp\/v2\/product_tag?post=1446105"}],"curies":[{"name":"wp","href":"https:\/\/api.w.org\/{rel}","templated":true}]}}