{"id":1406725,"date":"2025-02-26T17:35:22","date_gmt":"2025-02-26T16:35:22","guid":{"rendered":"https:\/\/silver-line.hu\/?post_type=product&#038;p=1406725"},"modified":"2025-03-31T13:45:13","modified_gmt":"2025-03-31T12:45:13","slug":"budapestska-vyhliadkova-plavba-napoj","status":"publish","type":"product","link":"https:\/\/silver24.u9o.hu\/sk\/produkt\/budapestska-vyhliadkova-plavba-napoj\/","title":{"rendered":"Budape\u0161\u0165sk\u00e1 vyhliadkov\u00e1 plavba s n\u00e1pojom v cene"},"content":{"rendered":"","protected":false},"excerpt":{"rendered":"<p>U\u017eite si 60-min\u00fatov\u00fa vyhliadkov\u00fa plavbu po Budape\u0161ti s n\u00e1pojom v cene a vychutnajte si \u00fa\u017easn\u00fd v\u00fdh\u013ead z Dunaja.<\/p>\n","protected":false},"featured_media":1397965,"template":"","meta":[],"product_cat":[90],"product_tag":[],"yoast_head":"<!-- This site is optimized with the Yoast SEO plugin v23.9 - https:\/\/yoast.com\/wordpress\/plugins\/seo\/ -->\n<title>Budape\u0161\u0165sk\u00e1 vyhliadkov\u00e1 plavba s n\u00e1pojom v cene - silver24 - Silverline Cruises<\/title>\n<meta name=\"description\" content=\"Za\u017eite Budape\u0161\u0165 z Dunaja na 60-min\u00fatovej vyhliadkovej plavbe s n\u00e1pojom v cene. U\u017eite si n\u00e1dhern\u00fd v\u00fdh\u013ead na Parlament, Bud\u00ednsky hrad a \u010fal\u0161ie pamiatky. Rezervujte teraz!\" \/>\n<meta name=\"robots\" content=\"noindex, nofollow\" \/>\n<meta property=\"og:locale\" content=\"sk_SK\" \/>\n<meta property=\"og:type\" content=\"article\" \/>\n<meta property=\"og:title\" content=\"Budape\u0161\u0165sk\u00e1 vyhliadkov\u00e1 plavba s n\u00e1pojom v cene - silver24 - Silverline Cruises\" \/>\n<meta property=\"og:description\" content=\"Za\u017eite Budape\u0161\u0165 z Dunaja na 60-min\u00fatovej vyhliadkovej plavbe s n\u00e1pojom v cene. U\u017eite si n\u00e1dhern\u00fd v\u00fdh\u013ead na Parlament, Bud\u00ednsky hrad a \u010fal\u0161ie pamiatky. Rezervujte teraz!\" \/>\n<meta property=\"og:url\" content=\"https:\/\/silver24.u9o.hu\/sk\/produkt\/budapestska-vyhliadkova-plavba-napoj\/\" \/>\n<meta property=\"og:site_name\" content=\"silver24 - Silverline Cruises\" \/>\n<meta property=\"article:publisher\" content=\"https:\/\/www.facebook.com\/budapestrivercruise\" \/>\n<meta property=\"article:modified_time\" content=\"2025-03-31T12:45:13+00:00\" \/>\n<meta property=\"og:image\" content=\"https:\/\/silver24.u9o.hu\/wp-content\/uploads\/2022\/05\/Budapest-river-cruise-silverline-cruises.jpg\" \/>\n\t<meta property=\"og:image:width\" content=\"600\" \/>\n\t<meta property=\"og:image:height\" content=\"600\" \/>\n\t<meta property=\"og:image:type\" content=\"image\/jpeg\" \/>\n<script type=\"application\/ld+json\" class=\"yoast-schema-graph\">{\"@context\":\"https:\/\/schema.org\",\"@graph\":[{\"@type\":\"WebPage\",\"@id\":\"https:\/\/silver24.u9o.hu\/sk\/produkt\/budapestska-vyhliadkova-plavba-napoj\/\",\"url\":\"https:\/\/silver24.u9o.hu\/sk\/produkt\/budapestska-vyhliadkova-plavba-napoj\/\",\"name\":\"Budape\u0161\u0165sk\u00e1 vyhliadkov\u00e1 plavba s n\u00e1pojom v cene - silver24 - Silverline Cruises\",\"isPartOf\":{\"@id\":\"https:\/\/silver24.u9o.hu\/sk\/#website\"},\"primaryImageOfPage\":{\"@id\":\"https:\/\/silver24.u9o.hu\/sk\/produkt\/budapestska-vyhliadkova-plavba-napoj\/#primaryimage\"},\"image\":{\"@id\":\"https:\/\/silver24.u9o.hu\/sk\/produkt\/budapestska-vyhliadkova-plavba-napoj\/#primaryimage\"},\"thumbnailUrl\":\"https:\/\/silver24.u9o.hu\/wp-content\/uploads\/2022\/05\/Budapest-river-cruise-silverline-cruises.jpg\",\"datePublished\":\"2025-02-26T16:35:22+00:00\",\"dateModified\":\"2025-03-31T12:45:13+00:00\",\"description\":\"Za\u017eite Budape\u0161\u0165 z Dunaja na 60-min\u00fatovej vyhliadkovej plavbe s n\u00e1pojom v cene. U\u017eite si n\u00e1dhern\u00fd v\u00fdh\u013ead na Parlament, Bud\u00ednsky hrad a \u010fal\u0161ie pamiatky. Rezervujte teraz!\",\"breadcrumb\":{\"@id\":\"https:\/\/silver24.u9o.hu\/sk\/produkt\/budapestska-vyhliadkova-plavba-napoj\/#breadcrumb\"},\"inLanguage\":\"sk-SK\",\"potentialAction\":[{\"@type\":\"ReadAction\",\"target\":[\"https:\/\/silver24.u9o.hu\/sk\/produkt\/budapestska-vyhliadkova-plavba-napoj\/\"]}]},{\"@type\":\"ImageObject\",\"inLanguage\":\"sk-SK\",\"@id\":\"https:\/\/silver24.u9o.hu\/sk\/produkt\/budapestska-vyhliadkova-plavba-napoj\/#primaryimage\",\"url\":\"https:\/\/silver24.u9o.hu\/wp-content\/uploads\/2022\/05\/Budapest-river-cruise-silverline-cruises.jpg\",\"contentUrl\":\"https:\/\/silver24.u9o.hu\/wp-content\/uploads\/2022\/05\/Budapest-river-cruise-silverline-cruises.jpg\",\"width\":600,\"height\":600,\"caption\":\"Budapest river cruise - silverline cruises\"},{\"@type\":\"BreadcrumbList\",\"@id\":\"https:\/\/silver24.u9o.hu\/sk\/produkt\/budapestska-vyhliadkova-plavba-napoj\/#breadcrumb\",\"itemListElement\":[{\"@type\":\"ListItem\",\"position\":1,\"name\":\"Home\",\"item\":\"https:\/\/silver24.u9o.hu\/sk\/\"},{\"@type\":\"ListItem\",\"position\":2,\"name\":\"Shop\",\"item\":\"https:\/\/silver24.u9o.hu\/sk\/shop-2\/\"},{\"@type\":\"ListItem\",\"position\":3,\"name\":\"Budape\u0161\u0165sk\u00e1 vyhliadkov\u00e1 plavba s n\u00e1pojom v cene\"}]},{\"@type\":\"WebSite\",\"@id\":\"https:\/\/silver24.u9o.hu\/sk\/#website\",\"url\":\"https:\/\/silver24.u9o.hu\/sk\/\",\"name\":\"Silverline Cruises kft.\",\"description\":\"\",\"publisher\":{\"@id\":\"https:\/\/silver24.u9o.hu\/sk\/#organization\"},\"potentialAction\":[{\"@type\":\"SearchAction\",\"target\":{\"@type\":\"EntryPoint\",\"urlTemplate\":\"https:\/\/silver24.u9o.hu\/sk\/?s={search_term_string}\"},\"query-input\":{\"@type\":\"PropertyValueSpecification\",\"valueRequired\":true,\"valueName\":\"search_term_string\"}}],\"inLanguage\":\"sk-SK\"},{\"@type\":\"Organization\",\"@id\":\"https:\/\/silver24.u9o.hu\/sk\/#organization\",\"name\":\"Silverline Cruises kft.\",\"url\":\"https:\/\/silver24.u9o.hu\/sk\/\",\"logo\":{\"@type\":\"ImageObject\",\"inLanguage\":\"sk-SK\",\"@id\":\"https:\/\/silver24.u9o.hu\/sk\/#\/schema\/logo\/image\/\",\"url\":\"https:\/\/silver-line.hu\/wp-content\/uploads\/2022\/05\/cropped-cropped-icon-1.webp\",\"contentUrl\":\"https:\/\/silver-line.hu\/wp-content\/uploads\/2022\/05\/cropped-cropped-icon-1.webp\",\"width\":512,\"height\":512,\"caption\":\"Silverline Cruises kft.\"},\"image\":{\"@id\":\"https:\/\/silver24.u9o.hu\/sk\/#\/schema\/logo\/image\/\"},\"sameAs\":[\"https:\/\/www.facebook.com\/budapestrivercruise\"]}]}<\/script>\n<!-- \/ Yoast SEO plugin. -->","yoast_head_json":{"title":"Budape\u0161\u0165sk\u00e1 vyhliadkov\u00e1 plavba s n\u00e1pojom v cene - silver24 - Silverline Cruises","description":"Za\u017eite Budape\u0161\u0165 z Dunaja na 60-min\u00fatovej vyhliadkovej plavbe s n\u00e1pojom v cene. U\u017eite si n\u00e1dhern\u00fd v\u00fdh\u013ead na Parlament, Bud\u00ednsky hrad a \u010fal\u0161ie pamiatky. Rezervujte teraz!","robots":{"index":"noindex","follow":"nofollow"},"og_locale":"sk_SK","og_type":"article","og_title":"Budape\u0161\u0165sk\u00e1 vyhliadkov\u00e1 plavba s n\u00e1pojom v cene - silver24 - Silverline Cruises","og_description":"Za\u017eite Budape\u0161\u0165 z Dunaja na 60-min\u00fatovej vyhliadkovej plavbe s n\u00e1pojom v cene. U\u017eite si n\u00e1dhern\u00fd v\u00fdh\u013ead na Parlament, Bud\u00ednsky hrad a \u010fal\u0161ie pamiatky. Rezervujte teraz!","og_url":"https:\/\/silver24.u9o.hu\/sk\/produkt\/budapestska-vyhliadkova-plavba-napoj\/","og_site_name":"silver24 - Silverline Cruises","article_publisher":"https:\/\/www.facebook.com\/budapestrivercruise","article_modified_time":"2025-03-31T12:45:13+00:00","og_image":[{"width":600,"height":600,"url":"https:\/\/silver24.u9o.hu\/wp-content\/uploads\/2022\/05\/Budapest-river-cruise-silverline-cruises.jpg","type":"image\/jpeg"}],"schema":{"@context":"https:\/\/schema.org","@graph":[{"@type":"WebPage","@id":"https:\/\/silver24.u9o.hu\/sk\/produkt\/budapestska-vyhliadkova-plavba-napoj\/","url":"https:\/\/silver24.u9o.hu\/sk\/produkt\/budapestska-vyhliadkova-plavba-napoj\/","name":"Budape\u0161\u0165sk\u00e1 vyhliadkov\u00e1 plavba s n\u00e1pojom v cene - silver24 - Silverline Cruises","isPartOf":{"@id":"https:\/\/silver24.u9o.hu\/sk\/#website"},"primaryImageOfPage":{"@id":"https:\/\/silver24.u9o.hu\/sk\/produkt\/budapestska-vyhliadkova-plavba-napoj\/#primaryimage"},"image":{"@id":"https:\/\/silver24.u9o.hu\/sk\/produkt\/budapestska-vyhliadkova-plavba-napoj\/#primaryimage"},"thumbnailUrl":"https:\/\/silver24.u9o.hu\/wp-content\/uploads\/2022\/05\/Budapest-river-cruise-silverline-cruises.jpg","datePublished":"2025-02-26T16:35:22+00:00","dateModified":"2025-03-31T12:45:13+00:00","description":"Za\u017eite Budape\u0161\u0165 z Dunaja na 60-min\u00fatovej vyhliadkovej plavbe s n\u00e1pojom v cene. U\u017eite si n\u00e1dhern\u00fd v\u00fdh\u013ead na Parlament, Bud\u00ednsky hrad a \u010fal\u0161ie pamiatky. Rezervujte teraz!","breadcrumb":{"@id":"https:\/\/silver24.u9o.hu\/sk\/produkt\/budapestska-vyhliadkova-plavba-napoj\/#breadcrumb"},"inLanguage":"sk-SK","potentialAction":[{"@type":"ReadAction","target":["https:\/\/silver24.u9o.hu\/sk\/produkt\/budapestska-vyhliadkova-plavba-napoj\/"]}]},{"@type":"ImageObject","inLanguage":"sk-SK","@id":"https:\/\/silver24.u9o.hu\/sk\/produkt\/budapestska-vyhliadkova-plavba-napoj\/#primaryimage","url":"https:\/\/silver24.u9o.hu\/wp-content\/uploads\/2022\/05\/Budapest-river-cruise-silverline-cruises.jpg","contentUrl":"https:\/\/silver24.u9o.hu\/wp-content\/uploads\/2022\/05\/Budapest-river-cruise-silverline-cruises.jpg","width":600,"height":600,"caption":"Budapest river cruise - silverline cruises"},{"@type":"BreadcrumbList","@id":"https:\/\/silver24.u9o.hu\/sk\/produkt\/budapestska-vyhliadkova-plavba-napoj\/#breadcrumb","itemListElement":[{"@type":"ListItem","position":1,"name":"Home","item":"https:\/\/silver24.u9o.hu\/sk\/"},{"@type":"ListItem","position":2,"name":"Shop","item":"https:\/\/silver24.u9o.hu\/sk\/shop-2\/"},{"@type":"ListItem","position":3,"name":"Budape\u0161\u0165sk\u00e1 vyhliadkov\u00e1 plavba s n\u00e1pojom v cene"}]},{"@type":"WebSite","@id":"https:\/\/silver24.u9o.hu\/sk\/#website","url":"https:\/\/silver24.u9o.hu\/sk\/","name":"Silverline Cruises kft.","description":"","publisher":{"@id":"https:\/\/silver24.u9o.hu\/sk\/#organization"},"potentialAction":[{"@type":"SearchAction","target":{"@type":"EntryPoint","urlTemplate":"https:\/\/silver24.u9o.hu\/sk\/?s={search_term_string}"},"query-input":{"@type":"PropertyValueSpecification","valueRequired":true,"valueName":"search_term_string"}}],"inLanguage":"sk-SK"},{"@type":"Organization","@id":"https:\/\/silver24.u9o.hu\/sk\/#organization","name":"Silverline Cruises kft.","url":"https:\/\/silver24.u9o.hu\/sk\/","logo":{"@type":"ImageObject","inLanguage":"sk-SK","@id":"https:\/\/silver24.u9o.hu\/sk\/#\/schema\/logo\/image\/","url":"https:\/\/silver-line.hu\/wp-content\/uploads\/2022\/05\/cropped-cropped-icon-1.webp","contentUrl":"https:\/\/silver-line.hu\/wp-content\/uploads\/2022\/05\/cropped-cropped-icon-1.webp","width":512,"height":512,"caption":"Silverline Cruises kft."},"image":{"@id":"https:\/\/silver24.u9o.hu\/sk\/#\/schema\/logo\/image\/"},"sameAs":["https:\/\/www.facebook.com\/budapestrivercruise"]}]}},"_links":{"self":[{"href":"https:\/\/silver24.u9o.hu\/sk\/wp-json\/wp\/v2\/product\/1406725"}],"collection":[{"href":"https:\/\/silver24.u9o.hu\/sk\/wp-json\/wp\/v2\/product"}],"about":[{"href":"https:\/\/silver24.u9o.hu\/sk\/wp-json\/wp\/v2\/types\/product"}],"wp:featuredmedia":[{"embeddable":true,"href":"https:\/\/silver24.u9o.hu\/sk\/wp-json\/wp\/v2\/media\/1397965"}],"wp:attachment":[{"href":"https:\/\/silver24.u9o.hu\/sk\/wp-json\/wp\/v2\/media?parent=1406725"}],"wp:term":[{"taxonomy":"product_cat","embeddable":true,"href":"https:\/\/silver24.u9o.hu\/sk\/wp-json\/wp\/v2\/product_cat?post=1406725"},{"taxonomy":"product_tag","embeddable":true,"href":"https:\/\/silver24.u9o.hu\/sk\/wp-json\/wp\/v2\/product_tag?post=1406725"}],"curies":[{"name":"wp","href":"https:\/\/api.w.org\/{rel}","templated":true}]}}