{"id":836364,"date":"2023-06-26T10:39:40","date_gmt":"2023-06-26T08:39:40","guid":{"rendered":"https:\/\/silver-line.hu\/?post_type=product&#038;p=836364"},"modified":"2023-10-18T14:30:25","modified_gmt":"2023-10-18T12:30:25","slug":"langos-sor-varosnezo-hajo","status":"publish","type":"product","link":"https:\/\/silver24.u9o.hu\/hu\/termek\/langos-sor-varosnezo-hajo\/","title":{"rendered":"L\u00e1ngos &#038; S\u00f6r V\u00e1rosn\u00e9z\u0151 haj\u00f3"},"content":{"rendered":"","protected":false},"excerpt":{"rendered":"<p><strong><span style=\"color: #ff0000; font-size: 16px;\">Ez a k\u00f6r\u00fat a t\u00e9li szezonban nem el\u00e9rhet\u0151. Pr\u00f3b\u00e1lja ki <a style=\"text-decoration: none; color: #800080;\" href=\"https:\/\/silver-line.hu\/hu\/termek\/pizza-es-sor-varosnezo-setahajo-budapest\/\">Pizza &amp; s\u00f6r v\u00e1rosn\u00e9z\u0151 s\u00e9tahaj\u00f3nkat!<\/a><\/span><\/strong><\/p>\n<div style=\"text-align: center;\"><a style=\"text-decoration: none;\" href=\"https:\/\/silver-line.hu\/hu\/termek\/pizza-es-sor-varosnezo-setahajo-budapest\/\"><br \/>\n<button style=\"background-color: #800080; color: #fff; border: none; padding: 5px 10px; cursor: pointer; text-align: center;\">Foglaljon most!<\/button><br \/>\n<\/a><\/div>\n<p>&nbsp;<\/p>\n<p>85-perces s\u00e9tahaj\u00f3z\u00e1sunk el\u0151tt lehet\u0151s\u00e9getek van kiv\u00e1lasztani a 4 f\u00e9le l\u00e1ngosunk k\u00f6z\u00fcl egy,<br \/>\na sz\u00e1motokra legszimpatikusabb opci\u00f3t, ami mell\u00e9 korl\u00e1tlan s\u00f6r \u00e9s \u00fcd\u00edt\u0151fogyaszt\u00e1st is biztos\u00edtunk.<\/p>\n<p><strong><span style=\"color: #ff0000; font-size: 16px;\">Az \u00e9jszakai haj\u00f3utak 1,950Ft-os fel\u00e1rat tartalmaznak<\/span><\/strong><\/p>\n","protected":false},"featured_media":857667,"template":"","meta":[],"product_cat":[73],"product_tag":[],"yoast_head":"<!-- This site is optimized with the Yoast SEO plugin v23.9 - https:\/\/yoast.com\/wordpress\/plugins\/seo\/ -->\n<title>L\u00e1ngos &amp; S\u00f6r V\u00e1rosn\u00e9z\u0151 haj\u00f3 - silver24 - Silverline Cruises<\/title>\n<meta name=\"robots\" content=\"noindex, follow, max-snippet:-1, max-image-preview:large, max-video-preview:-1\" \/>\n<meta property=\"og:locale\" content=\"hu_HU\" \/>\n<meta property=\"og:type\" content=\"article\" \/>\n<meta property=\"og:title\" content=\"L\u00e1ngos &amp; S\u00f6r V\u00e1rosn\u00e9z\u0151 haj\u00f3 - silver24 - Silverline Cruises\" \/>\n<meta property=\"og:description\" content=\"Ez a k\u00f6r\u00fat a t\u00e9li szezonban nem el\u00e9rhet\u0151. Pr\u00f3b\u00e1lja ki Pizza &amp; s\u00f6r v\u00e1rosn\u00e9z\u0151 s\u00e9tahaj\u00f3nkat!  Foglaljon most!  &nbsp;  85-perces s\u00e9tahaj\u00f3z\u00e1sunk el\u0151tt lehet\u0151s\u00e9getek van kiv\u00e1lasztani a 4 f\u00e9le l\u00e1ngosunk k\u00f6z\u00fcl egy, a sz\u00e1motokra legszimpatikusabb opci\u00f3t, ami mell\u00e9 korl\u00e1tlan s\u00f6r \u00e9s \u00fcd\u00edt\u0151fogyaszt\u00e1st is biztos\u00edtunk.  Az \u00e9jszakai haj\u00f3utak 1,950Ft-os fel\u00e1rat tartalmaznak\" \/>\n<meta property=\"og:url\" content=\"https:\/\/silver24.u9o.hu\/hu\/termek\/langos-sor-varosnezo-hajo\/\" \/>\n<meta property=\"og:site_name\" content=\"silver24 - Silverline Cruises\" \/>\n<meta property=\"article:publisher\" content=\"https:\/\/www.facebook.com\/budapestrivercruise\" \/>\n<meta property=\"article:modified_time\" content=\"2023-10-18T12:30:25+00:00\" \/>\n<meta property=\"og:image\" content=\"https:\/\/silver24.u9o.hu\/wp-content\/uploads\/2023\/06\/YQ4A0023-scaled-1.jpg\" \/>\n\t<meta property=\"og:image:width\" content=\"932\" \/>\n\t<meta property=\"og:image:height\" content=\"932\" \/>\n\t<meta property=\"og:image:type\" content=\"image\/jpeg\" \/>\n<script type=\"application\/ld+json\" class=\"yoast-schema-graph\">{\"@context\":\"https:\/\/schema.org\",\"@graph\":[{\"@type\":\"WebPage\",\"@id\":\"https:\/\/silver24.u9o.hu\/hu\/termek\/langos-sor-varosnezo-hajo\/\",\"url\":\"https:\/\/silver24.u9o.hu\/hu\/termek\/langos-sor-varosnezo-hajo\/\",\"name\":\"L\u00e1ngos & S\u00f6r V\u00e1rosn\u00e9z\u0151 haj\u00f3 - silver24 - Silverline Cruises\",\"isPartOf\":{\"@id\":\"https:\/\/silver24.u9o.hu\/hu\/#website\"},\"primaryImageOfPage\":{\"@id\":\"https:\/\/silver24.u9o.hu\/hu\/termek\/langos-sor-varosnezo-hajo\/#primaryimage\"},\"image\":{\"@id\":\"https:\/\/silver24.u9o.hu\/hu\/termek\/langos-sor-varosnezo-hajo\/#primaryimage\"},\"thumbnailUrl\":\"https:\/\/silver24.u9o.hu\/wp-content\/uploads\/2023\/06\/YQ4A0023-scaled-1.jpg\",\"datePublished\":\"2023-06-26T08:39:40+00:00\",\"dateModified\":\"2023-10-18T12:30:25+00:00\",\"breadcrumb\":{\"@id\":\"https:\/\/silver24.u9o.hu\/hu\/termek\/langos-sor-varosnezo-hajo\/#breadcrumb\"},\"inLanguage\":\"hu\",\"potentialAction\":[{\"@type\":\"ReadAction\",\"target\":[\"https:\/\/silver24.u9o.hu\/hu\/termek\/langos-sor-varosnezo-hajo\/\"]}]},{\"@type\":\"ImageObject\",\"inLanguage\":\"hu\",\"@id\":\"https:\/\/silver24.u9o.hu\/hu\/termek\/langos-sor-varosnezo-hajo\/#primaryimage\",\"url\":\"https:\/\/silver24.u9o.hu\/wp-content\/uploads\/2023\/06\/YQ4A0023-scaled-1.jpg\",\"contentUrl\":\"https:\/\/silver24.u9o.hu\/wp-content\/uploads\/2023\/06\/YQ4A0023-scaled-1.jpg\",\"width\":932,\"height\":932},{\"@type\":\"BreadcrumbList\",\"@id\":\"https:\/\/silver24.u9o.hu\/hu\/termek\/langos-sor-varosnezo-hajo\/#breadcrumb\",\"itemListElement\":[{\"@type\":\"ListItem\",\"position\":1,\"name\":\"Home\",\"item\":\"https:\/\/silver24.u9o.hu\/hu\/\"},{\"@type\":\"ListItem\",\"position\":2,\"name\":\"Term\u00e9kek\",\"item\":\"https:\/\/silver24.u9o.hu\/hu\/termekek\/\"},{\"@type\":\"ListItem\",\"position\":3,\"name\":\"L\u00e1ngos &#038; S\u00f6r V\u00e1rosn\u00e9z\u0151 haj\u00f3\"}]},{\"@type\":\"WebSite\",\"@id\":\"https:\/\/silver24.u9o.hu\/hu\/#website\",\"url\":\"https:\/\/silver24.u9o.hu\/hu\/\",\"name\":\"Silverline Cruises kft.\",\"description\":\"\",\"publisher\":{\"@id\":\"https:\/\/silver24.u9o.hu\/hu\/#organization\"},\"potentialAction\":[{\"@type\":\"SearchAction\",\"target\":{\"@type\":\"EntryPoint\",\"urlTemplate\":\"https:\/\/silver24.u9o.hu\/hu\/?s={search_term_string}\"},\"query-input\":{\"@type\":\"PropertyValueSpecification\",\"valueRequired\":true,\"valueName\":\"search_term_string\"}}],\"inLanguage\":\"hu\"},{\"@type\":\"Organization\",\"@id\":\"https:\/\/silver24.u9o.hu\/hu\/#organization\",\"name\":\"Silverline Cruises kft.\",\"url\":\"https:\/\/silver24.u9o.hu\/hu\/\",\"logo\":{\"@type\":\"ImageObject\",\"inLanguage\":\"hu\",\"@id\":\"https:\/\/silver24.u9o.hu\/hu\/#\/schema\/logo\/image\/\",\"url\":\"https:\/\/silver-line.hu\/wp-content\/uploads\/2022\/05\/cropped-cropped-icon-1.webp\",\"contentUrl\":\"https:\/\/silver-line.hu\/wp-content\/uploads\/2022\/05\/cropped-cropped-icon-1.webp\",\"width\":512,\"height\":512,\"caption\":\"Silverline Cruises kft.\"},\"image\":{\"@id\":\"https:\/\/silver24.u9o.hu\/hu\/#\/schema\/logo\/image\/\"},\"sameAs\":[\"https:\/\/www.facebook.com\/budapestrivercruise\"]}]}<\/script>\n<!-- \/ Yoast SEO plugin. -->","yoast_head_json":{"title":"L\u00e1ngos & S\u00f6r V\u00e1rosn\u00e9z\u0151 haj\u00f3 - silver24 - Silverline Cruises","robots":{"index":"noindex","follow":"follow","max-snippet":"max-snippet:-1","max-image-preview":"max-image-preview:large","max-video-preview":"max-video-preview:-1"},"og_locale":"hu_HU","og_type":"article","og_title":"L\u00e1ngos & S\u00f6r V\u00e1rosn\u00e9z\u0151 haj\u00f3 - silver24 - Silverline Cruises","og_description":"Ez a k\u00f6r\u00fat a t\u00e9li szezonban nem el\u00e9rhet\u0151. Pr\u00f3b\u00e1lja ki Pizza &amp; s\u00f6r v\u00e1rosn\u00e9z\u0151 s\u00e9tahaj\u00f3nkat!  Foglaljon most!  &nbsp;  85-perces s\u00e9tahaj\u00f3z\u00e1sunk el\u0151tt lehet\u0151s\u00e9getek van kiv\u00e1lasztani a 4 f\u00e9le l\u00e1ngosunk k\u00f6z\u00fcl egy, a sz\u00e1motokra legszimpatikusabb opci\u00f3t, ami mell\u00e9 korl\u00e1tlan s\u00f6r \u00e9s \u00fcd\u00edt\u0151fogyaszt\u00e1st is biztos\u00edtunk.  Az \u00e9jszakai haj\u00f3utak 1,950Ft-os fel\u00e1rat tartalmaznak","og_url":"https:\/\/silver24.u9o.hu\/hu\/termek\/langos-sor-varosnezo-hajo\/","og_site_name":"silver24 - Silverline Cruises","article_publisher":"https:\/\/www.facebook.com\/budapestrivercruise","article_modified_time":"2023-10-18T12:30:25+00:00","og_image":[{"width":932,"height":932,"url":"https:\/\/silver24.u9o.hu\/wp-content\/uploads\/2023\/06\/YQ4A0023-scaled-1.jpg","type":"image\/jpeg"}],"schema":{"@context":"https:\/\/schema.org","@graph":[{"@type":"WebPage","@id":"https:\/\/silver24.u9o.hu\/hu\/termek\/langos-sor-varosnezo-hajo\/","url":"https:\/\/silver24.u9o.hu\/hu\/termek\/langos-sor-varosnezo-hajo\/","name":"L\u00e1ngos & S\u00f6r V\u00e1rosn\u00e9z\u0151 haj\u00f3 - silver24 - Silverline Cruises","isPartOf":{"@id":"https:\/\/silver24.u9o.hu\/hu\/#website"},"primaryImageOfPage":{"@id":"https:\/\/silver24.u9o.hu\/hu\/termek\/langos-sor-varosnezo-hajo\/#primaryimage"},"image":{"@id":"https:\/\/silver24.u9o.hu\/hu\/termek\/langos-sor-varosnezo-hajo\/#primaryimage"},"thumbnailUrl":"https:\/\/silver24.u9o.hu\/wp-content\/uploads\/2023\/06\/YQ4A0023-scaled-1.jpg","datePublished":"2023-06-26T08:39:40+00:00","dateModified":"2023-10-18T12:30:25+00:00","breadcrumb":{"@id":"https:\/\/silver24.u9o.hu\/hu\/termek\/langos-sor-varosnezo-hajo\/#breadcrumb"},"inLanguage":"hu","potentialAction":[{"@type":"ReadAction","target":["https:\/\/silver24.u9o.hu\/hu\/termek\/langos-sor-varosnezo-hajo\/"]}]},{"@type":"ImageObject","inLanguage":"hu","@id":"https:\/\/silver24.u9o.hu\/hu\/termek\/langos-sor-varosnezo-hajo\/#primaryimage","url":"https:\/\/silver24.u9o.hu\/wp-content\/uploads\/2023\/06\/YQ4A0023-scaled-1.jpg","contentUrl":"https:\/\/silver24.u9o.hu\/wp-content\/uploads\/2023\/06\/YQ4A0023-scaled-1.jpg","width":932,"height":932},{"@type":"BreadcrumbList","@id":"https:\/\/silver24.u9o.hu\/hu\/termek\/langos-sor-varosnezo-hajo\/#breadcrumb","itemListElement":[{"@type":"ListItem","position":1,"name":"Home","item":"https:\/\/silver24.u9o.hu\/hu\/"},{"@type":"ListItem","position":2,"name":"Term\u00e9kek","item":"https:\/\/silver24.u9o.hu\/hu\/termekek\/"},{"@type":"ListItem","position":3,"name":"L\u00e1ngos &#038; S\u00f6r V\u00e1rosn\u00e9z\u0151 haj\u00f3"}]},{"@type":"WebSite","@id":"https:\/\/silver24.u9o.hu\/hu\/#website","url":"https:\/\/silver24.u9o.hu\/hu\/","name":"Silverline Cruises kft.","description":"","publisher":{"@id":"https:\/\/silver24.u9o.hu\/hu\/#organization"},"potentialAction":[{"@type":"SearchAction","target":{"@type":"EntryPoint","urlTemplate":"https:\/\/silver24.u9o.hu\/hu\/?s={search_term_string}"},"query-input":{"@type":"PropertyValueSpecification","valueRequired":true,"valueName":"search_term_string"}}],"inLanguage":"hu"},{"@type":"Organization","@id":"https:\/\/silver24.u9o.hu\/hu\/#organization","name":"Silverline Cruises kft.","url":"https:\/\/silver24.u9o.hu\/hu\/","logo":{"@type":"ImageObject","inLanguage":"hu","@id":"https:\/\/silver24.u9o.hu\/hu\/#\/schema\/logo\/image\/","url":"https:\/\/silver-line.hu\/wp-content\/uploads\/2022\/05\/cropped-cropped-icon-1.webp","contentUrl":"https:\/\/silver-line.hu\/wp-content\/uploads\/2022\/05\/cropped-cropped-icon-1.webp","width":512,"height":512,"caption":"Silverline Cruises kft."},"image":{"@id":"https:\/\/silver24.u9o.hu\/hu\/#\/schema\/logo\/image\/"},"sameAs":["https:\/\/www.facebook.com\/budapestrivercruise"]}]}},"_links":{"self":[{"href":"https:\/\/silver24.u9o.hu\/hu\/wp-json\/wp\/v2\/product\/836364"}],"collection":[{"href":"https:\/\/silver24.u9o.hu\/hu\/wp-json\/wp\/v2\/product"}],"about":[{"href":"https:\/\/silver24.u9o.hu\/hu\/wp-json\/wp\/v2\/types\/product"}],"wp:featuredmedia":[{"embeddable":true,"href":"https:\/\/silver24.u9o.hu\/hu\/wp-json\/wp\/v2\/media\/857667"}],"wp:attachment":[{"href":"https:\/\/silver24.u9o.hu\/hu\/wp-json\/wp\/v2\/media?parent=836364"}],"wp:term":[{"taxonomy":"product_cat","embeddable":true,"href":"https:\/\/silver24.u9o.hu\/hu\/wp-json\/wp\/v2\/product_cat?post=836364"},{"taxonomy":"product_tag","embeddable":true,"href":"https:\/\/silver24.u9o.hu\/hu\/wp-json\/wp\/v2\/product_tag?post=836364"}],"curies":[{"name":"wp","href":"https:\/\/api.w.org\/{rel}","templated":true}]}}