{"id":780490,"date":"2023-06-02T10:36:13","date_gmt":"2023-06-02T09:36:13","guid":{"rendered":"https:\/\/silver-line.hu\/?post_type=product&#038;p=780490"},"modified":"2025-05-29T15:29:10","modified_gmt":"2025-05-29T14:29:10","slug":"setahajo-a-dunan","status":"publish","type":"product","link":"https:\/\/silver24.u9o.hu\/hu\/termek\/setahajo-a-dunan\/","title":{"rendered":"Happy hour v\u00e1rosn\u00e9z\u0151 s\u00e9tahaj\u00f3"},"content":{"rendered":"","protected":false},"excerpt":{"rendered":"<p>Tapasztalja meg Budapest pomp\u00e1j\u00e1t egy kokt\u00e9l kortyolgat\u00e1sa k\u00f6zben!<\/p>\n","protected":false},"featured_media":1398054,"template":"","meta":[],"product_cat":[73],"product_tag":[],"yoast_head":"<!-- This site is optimized with the Yoast SEO plugin v23.9 - https:\/\/yoast.com\/wordpress\/plugins\/seo\/ -->\n<title>S\u00e9tahaj\u00f3z\u00e1s a Dun\u00e1n Budapesten \u2013 V\u00e1rosn\u00e9z\u00e9s a v\u00edzr\u0151l | Silverline<\/title>\n<meta name=\"description\" content=\"Fedezd fel Budapest nevezetess\u00e9geit egy 60 perces s\u00e9tahaj\u00f3z\u00e1s sor\u00e1n a Dun\u00e1n. K\u00e9nyelmes, pihentet\u0151 program ingyenes itallal a fed\u00e9lzeten.\" \/>\n<meta name=\"robots\" content=\"noindex, nofollow\" \/>\n<meta property=\"og:locale\" content=\"hu_HU\" \/>\n<meta property=\"og:type\" content=\"article\" \/>\n<meta property=\"og:title\" content=\"S\u00e9tahaj\u00f3z\u00e1s a Dun\u00e1n Budapesten \u2013 V\u00e1rosn\u00e9z\u00e9s a v\u00edzr\u0151l | Silverline\" \/>\n<meta property=\"og:description\" content=\"Fedezd fel Budapest nevezetess\u00e9geit egy 60 perces s\u00e9tahaj\u00f3z\u00e1s sor\u00e1n a Dun\u00e1n. K\u00e9nyelmes, pihentet\u0151 program ingyenes itallal a fed\u00e9lzeten.\" \/>\n<meta property=\"og:url\" content=\"https:\/\/silver24.u9o.hu\/hu\/termek\/setahajo-a-dunan\/\" \/>\n<meta property=\"og:site_name\" content=\"silver24 - Silverline Cruises\" \/>\n<meta property=\"article:publisher\" content=\"https:\/\/www.facebook.com\/budapestrivercruise\" \/>\n<meta property=\"article:modified_time\" content=\"2025-05-29T14:29:10+00:00\" \/>\n<meta property=\"og:image\" content=\"https:\/\/silver24.u9o.hu\/wp-content\/uploads\/2025\/02\/Happy-hour-sightseeing-cruise.jpg\" \/>\n\t<meta property=\"og:image:width\" content=\"600\" \/>\n\t<meta property=\"og:image:height\" content=\"600\" \/>\n\t<meta property=\"og:image:type\" content=\"image\/jpeg\" \/>\n<script type=\"application\/ld+json\" class=\"yoast-schema-graph\">{\"@context\":\"https:\/\/schema.org\",\"@graph\":[{\"@type\":\"WebPage\",\"@id\":\"https:\/\/silver24.u9o.hu\/hu\/termek\/setahajo-a-dunan\/\",\"url\":\"https:\/\/silver24.u9o.hu\/hu\/termek\/setahajo-a-dunan\/\",\"name\":\"S\u00e9tahaj\u00f3z\u00e1s a Dun\u00e1n Budapesten \u2013 V\u00e1rosn\u00e9z\u00e9s a v\u00edzr\u0151l | Silverline\",\"isPartOf\":{\"@id\":\"https:\/\/silver24.u9o.hu\/hu\/#website\"},\"primaryImageOfPage\":{\"@id\":\"https:\/\/silver24.u9o.hu\/hu\/termek\/setahajo-a-dunan\/#primaryimage\"},\"image\":{\"@id\":\"https:\/\/silver24.u9o.hu\/hu\/termek\/setahajo-a-dunan\/#primaryimage\"},\"thumbnailUrl\":\"https:\/\/silver24.u9o.hu\/wp-content\/uploads\/2025\/02\/Happy-hour-sightseeing-cruise.jpg\",\"datePublished\":\"2023-06-02T09:36:13+00:00\",\"dateModified\":\"2025-05-29T14:29:10+00:00\",\"description\":\"Fedezd fel Budapest nevezetess\u00e9geit egy 60 perces s\u00e9tahaj\u00f3z\u00e1s sor\u00e1n a Dun\u00e1n. K\u00e9nyelmes, pihentet\u0151 program ingyenes itallal a fed\u00e9lzeten.\",\"breadcrumb\":{\"@id\":\"https:\/\/silver24.u9o.hu\/hu\/termek\/setahajo-a-dunan\/#breadcrumb\"},\"inLanguage\":\"hu\",\"potentialAction\":[{\"@type\":\"ReadAction\",\"target\":[\"https:\/\/silver24.u9o.hu\/hu\/termek\/setahajo-a-dunan\/\"]}]},{\"@type\":\"ImageObject\",\"inLanguage\":\"hu\",\"@id\":\"https:\/\/silver24.u9o.hu\/hu\/termek\/setahajo-a-dunan\/#primaryimage\",\"url\":\"https:\/\/silver24.u9o.hu\/wp-content\/uploads\/2025\/02\/Happy-hour-sightseeing-cruise.jpg\",\"contentUrl\":\"https:\/\/silver24.u9o.hu\/wp-content\/uploads\/2025\/02\/Happy-hour-sightseeing-cruise.jpg\",\"width\":600,\"height\":600,\"caption\":\"Happy hour sightseeing cruise\"},{\"@type\":\"BreadcrumbList\",\"@id\":\"https:\/\/silver24.u9o.hu\/hu\/termek\/setahajo-a-dunan\/#breadcrumb\",\"itemListElement\":[{\"@type\":\"ListItem\",\"position\":1,\"name\":\"Home\",\"item\":\"https:\/\/silver24.u9o.hu\/hu\/\"},{\"@type\":\"ListItem\",\"position\":2,\"name\":\"Term\u00e9kek\",\"item\":\"https:\/\/silver24.u9o.hu\/hu\/termekek\/\"},{\"@type\":\"ListItem\",\"position\":3,\"name\":\"Happy hour v\u00e1rosn\u00e9z\u0151 s\u00e9tahaj\u00f3\"}]},{\"@type\":\"WebSite\",\"@id\":\"https:\/\/silver24.u9o.hu\/hu\/#website\",\"url\":\"https:\/\/silver24.u9o.hu\/hu\/\",\"name\":\"Silverline Cruises kft.\",\"description\":\"\",\"publisher\":{\"@id\":\"https:\/\/silver24.u9o.hu\/hu\/#organization\"},\"potentialAction\":[{\"@type\":\"SearchAction\",\"target\":{\"@type\":\"EntryPoint\",\"urlTemplate\":\"https:\/\/silver24.u9o.hu\/hu\/?s={search_term_string}\"},\"query-input\":{\"@type\":\"PropertyValueSpecification\",\"valueRequired\":true,\"valueName\":\"search_term_string\"}}],\"inLanguage\":\"hu\"},{\"@type\":\"Organization\",\"@id\":\"https:\/\/silver24.u9o.hu\/hu\/#organization\",\"name\":\"Silverline Cruises kft.\",\"url\":\"https:\/\/silver24.u9o.hu\/hu\/\",\"logo\":{\"@type\":\"ImageObject\",\"inLanguage\":\"hu\",\"@id\":\"https:\/\/silver24.u9o.hu\/hu\/#\/schema\/logo\/image\/\",\"url\":\"https:\/\/silver-line.hu\/wp-content\/uploads\/2022\/05\/cropped-cropped-icon-1.webp\",\"contentUrl\":\"https:\/\/silver-line.hu\/wp-content\/uploads\/2022\/05\/cropped-cropped-icon-1.webp\",\"width\":512,\"height\":512,\"caption\":\"Silverline Cruises kft.\"},\"image\":{\"@id\":\"https:\/\/silver24.u9o.hu\/hu\/#\/schema\/logo\/image\/\"},\"sameAs\":[\"https:\/\/www.facebook.com\/budapestrivercruise\"]}]}<\/script>\n<!-- \/ Yoast SEO plugin. -->","yoast_head_json":{"title":"S\u00e9tahaj\u00f3z\u00e1s a Dun\u00e1n Budapesten \u2013 V\u00e1rosn\u00e9z\u00e9s a v\u00edzr\u0151l | Silverline","description":"Fedezd fel Budapest nevezetess\u00e9geit egy 60 perces s\u00e9tahaj\u00f3z\u00e1s sor\u00e1n a Dun\u00e1n. K\u00e9nyelmes, pihentet\u0151 program ingyenes itallal a fed\u00e9lzeten.","robots":{"index":"noindex","follow":"nofollow"},"og_locale":"hu_HU","og_type":"article","og_title":"S\u00e9tahaj\u00f3z\u00e1s a Dun\u00e1n Budapesten \u2013 V\u00e1rosn\u00e9z\u00e9s a v\u00edzr\u0151l | Silverline","og_description":"Fedezd fel Budapest nevezetess\u00e9geit egy 60 perces s\u00e9tahaj\u00f3z\u00e1s sor\u00e1n a Dun\u00e1n. K\u00e9nyelmes, pihentet\u0151 program ingyenes itallal a fed\u00e9lzeten.","og_url":"https:\/\/silver24.u9o.hu\/hu\/termek\/setahajo-a-dunan\/","og_site_name":"silver24 - Silverline Cruises","article_publisher":"https:\/\/www.facebook.com\/budapestrivercruise","article_modified_time":"2025-05-29T14:29:10+00:00","og_image":[{"width":600,"height":600,"url":"https:\/\/silver24.u9o.hu\/wp-content\/uploads\/2025\/02\/Happy-hour-sightseeing-cruise.jpg","type":"image\/jpeg"}],"schema":{"@context":"https:\/\/schema.org","@graph":[{"@type":"WebPage","@id":"https:\/\/silver24.u9o.hu\/hu\/termek\/setahajo-a-dunan\/","url":"https:\/\/silver24.u9o.hu\/hu\/termek\/setahajo-a-dunan\/","name":"S\u00e9tahaj\u00f3z\u00e1s a Dun\u00e1n Budapesten \u2013 V\u00e1rosn\u00e9z\u00e9s a v\u00edzr\u0151l | Silverline","isPartOf":{"@id":"https:\/\/silver24.u9o.hu\/hu\/#website"},"primaryImageOfPage":{"@id":"https:\/\/silver24.u9o.hu\/hu\/termek\/setahajo-a-dunan\/#primaryimage"},"image":{"@id":"https:\/\/silver24.u9o.hu\/hu\/termek\/setahajo-a-dunan\/#primaryimage"},"thumbnailUrl":"https:\/\/silver24.u9o.hu\/wp-content\/uploads\/2025\/02\/Happy-hour-sightseeing-cruise.jpg","datePublished":"2023-06-02T09:36:13+00:00","dateModified":"2025-05-29T14:29:10+00:00","description":"Fedezd fel Budapest nevezetess\u00e9geit egy 60 perces s\u00e9tahaj\u00f3z\u00e1s sor\u00e1n a Dun\u00e1n. K\u00e9nyelmes, pihentet\u0151 program ingyenes itallal a fed\u00e9lzeten.","breadcrumb":{"@id":"https:\/\/silver24.u9o.hu\/hu\/termek\/setahajo-a-dunan\/#breadcrumb"},"inLanguage":"hu","potentialAction":[{"@type":"ReadAction","target":["https:\/\/silver24.u9o.hu\/hu\/termek\/setahajo-a-dunan\/"]}]},{"@type":"ImageObject","inLanguage":"hu","@id":"https:\/\/silver24.u9o.hu\/hu\/termek\/setahajo-a-dunan\/#primaryimage","url":"https:\/\/silver24.u9o.hu\/wp-content\/uploads\/2025\/02\/Happy-hour-sightseeing-cruise.jpg","contentUrl":"https:\/\/silver24.u9o.hu\/wp-content\/uploads\/2025\/02\/Happy-hour-sightseeing-cruise.jpg","width":600,"height":600,"caption":"Happy hour sightseeing cruise"},{"@type":"BreadcrumbList","@id":"https:\/\/silver24.u9o.hu\/hu\/termek\/setahajo-a-dunan\/#breadcrumb","itemListElement":[{"@type":"ListItem","position":1,"name":"Home","item":"https:\/\/silver24.u9o.hu\/hu\/"},{"@type":"ListItem","position":2,"name":"Term\u00e9kek","item":"https:\/\/silver24.u9o.hu\/hu\/termekek\/"},{"@type":"ListItem","position":3,"name":"Happy hour v\u00e1rosn\u00e9z\u0151 s\u00e9tahaj\u00f3"}]},{"@type":"WebSite","@id":"https:\/\/silver24.u9o.hu\/hu\/#website","url":"https:\/\/silver24.u9o.hu\/hu\/","name":"Silverline Cruises kft.","description":"","publisher":{"@id":"https:\/\/silver24.u9o.hu\/hu\/#organization"},"potentialAction":[{"@type":"SearchAction","target":{"@type":"EntryPoint","urlTemplate":"https:\/\/silver24.u9o.hu\/hu\/?s={search_term_string}"},"query-input":{"@type":"PropertyValueSpecification","valueRequired":true,"valueName":"search_term_string"}}],"inLanguage":"hu"},{"@type":"Organization","@id":"https:\/\/silver24.u9o.hu\/hu\/#organization","name":"Silverline Cruises kft.","url":"https:\/\/silver24.u9o.hu\/hu\/","logo":{"@type":"ImageObject","inLanguage":"hu","@id":"https:\/\/silver24.u9o.hu\/hu\/#\/schema\/logo\/image\/","url":"https:\/\/silver-line.hu\/wp-content\/uploads\/2022\/05\/cropped-cropped-icon-1.webp","contentUrl":"https:\/\/silver-line.hu\/wp-content\/uploads\/2022\/05\/cropped-cropped-icon-1.webp","width":512,"height":512,"caption":"Silverline Cruises kft."},"image":{"@id":"https:\/\/silver24.u9o.hu\/hu\/#\/schema\/logo\/image\/"},"sameAs":["https:\/\/www.facebook.com\/budapestrivercruise"]}]}},"_links":{"self":[{"href":"https:\/\/silver24.u9o.hu\/hu\/wp-json\/wp\/v2\/product\/780490"}],"collection":[{"href":"https:\/\/silver24.u9o.hu\/hu\/wp-json\/wp\/v2\/product"}],"about":[{"href":"https:\/\/silver24.u9o.hu\/hu\/wp-json\/wp\/v2\/types\/product"}],"wp:featuredmedia":[{"embeddable":true,"href":"https:\/\/silver24.u9o.hu\/hu\/wp-json\/wp\/v2\/media\/1398054"}],"wp:attachment":[{"href":"https:\/\/silver24.u9o.hu\/hu\/wp-json\/wp\/v2\/media?parent=780490"}],"wp:term":[{"taxonomy":"product_cat","embeddable":true,"href":"https:\/\/silver24.u9o.hu\/hu\/wp-json\/wp\/v2\/product_cat?post=780490"},{"taxonomy":"product_tag","embeddable":true,"href":"https:\/\/silver24.u9o.hu\/hu\/wp-json\/wp\/v2\/product_tag?post=780490"}],"curies":[{"name":"wp","href":"https:\/\/api.w.org\/{rel}","templated":true}]}}