{"id":692201,"date":"2023-04-12T15:22:39","date_gmt":"2023-04-12T14:22:39","guid":{"rendered":"https:\/\/silver-line.hu\/?post_type=product&#038;p=692201"},"modified":"2025-05-26T14:31:19","modified_gmt":"2025-05-26T13:31:19","slug":"tuzijatek-hajorol-4-fogasos-galavacsoraval-es-elo-zongora-musorral","status":"publish","type":"product","link":"https:\/\/silver24.u9o.hu\/hu\/termek\/tuzijatek-hajorol-4-fogasos-galavacsoraval-es-elo-zongora-musorral\/","title":{"rendered":"T\u0171zij\u00e1t\u00e9k haj\u00f3r\u00f3l 4 fog\u00e1sos g\u00e1lavacsor\u00e1val \u00e9s \u00e9l\u0151 zongora m\u0171sorral"},"content":{"rendered":"","protected":false},"excerpt":{"rendered":"<p>T\u0171zij\u00e1t\u00e9k show augusztus 20-\u00e1n haj\u00f3s vacsor\u00e1va \u00e9s \u00e9l\u0151 zongora m\u0171sorral.<\/p>\n","protected":false},"featured_media":362236,"template":"","meta":[],"product_cat":[74],"product_tag":[],"yoast_head":"<!-- This site is optimized with the Yoast SEO plugin v23.9 - https:\/\/yoast.com\/wordpress\/plugins\/seo\/ -->\n<title>T\u0171zij\u00e1t\u00e9k haj\u00f3r\u00f3l 4 fog\u00e1sos g\u00e1lavacsor\u00e1val \u00e9s \u00e9l\u0151 zongora m\u0171sorral<\/title>\n<meta name=\"description\" content=\"Augusztus 20 t\u0171zij\u00e1t\u00e9k haj\u00f3r\u00f3l 2025-ban is! \u00dcnnepelje vel\u00fcnk az \u00e1llamalap\u00edt\u00e1s \u00fcnnep\u00e9t Esti haj\u00f3s vacsora programunk j\u00f3 v\u00e1laszt\u00e1s az \u00fcnnepl\u00e9sre.\" \/>\n<meta name=\"robots\" content=\"noindex, follow, max-snippet:-1, max-image-preview:large, max-video-preview:-1\" \/>\n<meta property=\"og:locale\" content=\"hu_HU\" \/>\n<meta property=\"og:type\" content=\"article\" \/>\n<meta property=\"og:title\" content=\"T\u0171zij\u00e1t\u00e9k haj\u00f3r\u00f3l 4 fog\u00e1sos g\u00e1lavacsor\u00e1val \u00e9s \u00e9l\u0151 zongora m\u0171sorral\" \/>\n<meta property=\"og:description\" content=\"Augusztus 20 t\u0171zij\u00e1t\u00e9k haj\u00f3r\u00f3l 2025-ban is! \u00dcnnepelje vel\u00fcnk az \u00e1llamalap\u00edt\u00e1s \u00fcnnep\u00e9t Esti haj\u00f3s vacsora programunk j\u00f3 v\u00e1laszt\u00e1s az \u00fcnnepl\u00e9sre.\" \/>\n<meta property=\"og:url\" content=\"https:\/\/silver24.u9o.hu\/hu\/termek\/tuzijatek-hajorol-4-fogasos-galavacsoraval-es-elo-zongora-musorral\/\" \/>\n<meta property=\"og:site_name\" content=\"silver24 - Silverline Cruises\" \/>\n<meta property=\"article:publisher\" content=\"https:\/\/www.facebook.com\/budapestrivercruise\" \/>\n<meta property=\"article:modified_time\" content=\"2025-05-26T13:31:19+00:00\" \/>\n<meta property=\"og:image\" content=\"https:\/\/silver24.u9o.hu\/wp-content\/uploads\/2022\/05\/piano-firework-cruise-325x325_c.webp\" \/>\n\t<meta property=\"og:image:width\" content=\"325\" \/>\n\t<meta property=\"og:image:height\" content=\"325\" \/>\n\t<meta property=\"og:image:type\" content=\"image\/webp\" \/>\n<script type=\"application\/ld+json\" class=\"yoast-schema-graph\">{\"@context\":\"https:\/\/schema.org\",\"@graph\":[{\"@type\":\"WebPage\",\"@id\":\"https:\/\/silver24.u9o.hu\/hu\/termek\/tuzijatek-hajorol-4-fogasos-galavacsoraval-es-elo-zongora-musorral\/\",\"url\":\"https:\/\/silver24.u9o.hu\/hu\/termek\/tuzijatek-hajorol-4-fogasos-galavacsoraval-es-elo-zongora-musorral\/\",\"name\":\"T\u0171zij\u00e1t\u00e9k haj\u00f3r\u00f3l 4 fog\u00e1sos g\u00e1lavacsor\u00e1val \u00e9s \u00e9l\u0151 zongora m\u0171sorral\",\"isPartOf\":{\"@id\":\"https:\/\/silver24.u9o.hu\/hu\/#website\"},\"primaryImageOfPage\":{\"@id\":\"https:\/\/silver24.u9o.hu\/hu\/termek\/tuzijatek-hajorol-4-fogasos-galavacsoraval-es-elo-zongora-musorral\/#primaryimage\"},\"image\":{\"@id\":\"https:\/\/silver24.u9o.hu\/hu\/termek\/tuzijatek-hajorol-4-fogasos-galavacsoraval-es-elo-zongora-musorral\/#primaryimage\"},\"thumbnailUrl\":\"https:\/\/silver24.u9o.hu\/wp-content\/uploads\/2022\/05\/piano-firework-cruise-325x325_c.webp\",\"datePublished\":\"2023-04-12T14:22:39+00:00\",\"dateModified\":\"2025-05-26T13:31:19+00:00\",\"description\":\"Augusztus 20 t\u0171zij\u00e1t\u00e9k haj\u00f3r\u00f3l 2025-ban is! \u00dcnnepelje vel\u00fcnk az \u00e1llamalap\u00edt\u00e1s \u00fcnnep\u00e9t Esti haj\u00f3s vacsora programunk j\u00f3 v\u00e1laszt\u00e1s az \u00fcnnepl\u00e9sre.\",\"breadcrumb\":{\"@id\":\"https:\/\/silver24.u9o.hu\/hu\/termek\/tuzijatek-hajorol-4-fogasos-galavacsoraval-es-elo-zongora-musorral\/#breadcrumb\"},\"inLanguage\":\"hu\",\"potentialAction\":[{\"@type\":\"ReadAction\",\"target\":[\"https:\/\/silver24.u9o.hu\/hu\/termek\/tuzijatek-hajorol-4-fogasos-galavacsoraval-es-elo-zongora-musorral\/\"]}]},{\"@type\":\"ImageObject\",\"inLanguage\":\"hu\",\"@id\":\"https:\/\/silver24.u9o.hu\/hu\/termek\/tuzijatek-hajorol-4-fogasos-galavacsoraval-es-elo-zongora-musorral\/#primaryimage\",\"url\":\"https:\/\/silver24.u9o.hu\/wp-content\/uploads\/2022\/05\/piano-firework-cruise-325x325_c.webp\",\"contentUrl\":\"https:\/\/silver24.u9o.hu\/wp-content\/uploads\/2022\/05\/piano-firework-cruise-325x325_c.webp\",\"width\":325,\"height\":325},{\"@type\":\"BreadcrumbList\",\"@id\":\"https:\/\/silver24.u9o.hu\/hu\/termek\/tuzijatek-hajorol-4-fogasos-galavacsoraval-es-elo-zongora-musorral\/#breadcrumb\",\"itemListElement\":[{\"@type\":\"ListItem\",\"position\":1,\"name\":\"Home\",\"item\":\"https:\/\/silver24.u9o.hu\/hu\/\"},{\"@type\":\"ListItem\",\"position\":2,\"name\":\"Term\u00e9kek\",\"item\":\"https:\/\/silver24.u9o.hu\/hu\/termekek\/\"},{\"@type\":\"ListItem\",\"position\":3,\"name\":\"T\u0171zij\u00e1t\u00e9k haj\u00f3r\u00f3l 4 fog\u00e1sos g\u00e1lavacsor\u00e1val \u00e9s \u00e9l\u0151 zongora m\u0171sorral\"}]},{\"@type\":\"WebSite\",\"@id\":\"https:\/\/silver24.u9o.hu\/hu\/#website\",\"url\":\"https:\/\/silver24.u9o.hu\/hu\/\",\"name\":\"Silverline Cruises kft.\",\"description\":\"\",\"publisher\":{\"@id\":\"https:\/\/silver24.u9o.hu\/hu\/#organization\"},\"potentialAction\":[{\"@type\":\"SearchAction\",\"target\":{\"@type\":\"EntryPoint\",\"urlTemplate\":\"https:\/\/silver24.u9o.hu\/hu\/?s={search_term_string}\"},\"query-input\":{\"@type\":\"PropertyValueSpecification\",\"valueRequired\":true,\"valueName\":\"search_term_string\"}}],\"inLanguage\":\"hu\"},{\"@type\":\"Organization\",\"@id\":\"https:\/\/silver24.u9o.hu\/hu\/#organization\",\"name\":\"Silverline Cruises kft.\",\"url\":\"https:\/\/silver24.u9o.hu\/hu\/\",\"logo\":{\"@type\":\"ImageObject\",\"inLanguage\":\"hu\",\"@id\":\"https:\/\/silver24.u9o.hu\/hu\/#\/schema\/logo\/image\/\",\"url\":\"https:\/\/silver-line.hu\/wp-content\/uploads\/2022\/05\/cropped-cropped-icon-1.webp\",\"contentUrl\":\"https:\/\/silver-line.hu\/wp-content\/uploads\/2022\/05\/cropped-cropped-icon-1.webp\",\"width\":512,\"height\":512,\"caption\":\"Silverline Cruises kft.\"},\"image\":{\"@id\":\"https:\/\/silver24.u9o.hu\/hu\/#\/schema\/logo\/image\/\"},\"sameAs\":[\"https:\/\/www.facebook.com\/budapestrivercruise\"]}]}<\/script>\n<!-- \/ Yoast SEO plugin. -->","yoast_head_json":{"title":"T\u0171zij\u00e1t\u00e9k haj\u00f3r\u00f3l 4 fog\u00e1sos g\u00e1lavacsor\u00e1val \u00e9s \u00e9l\u0151 zongora m\u0171sorral","description":"Augusztus 20 t\u0171zij\u00e1t\u00e9k haj\u00f3r\u00f3l 2025-ban is! \u00dcnnepelje vel\u00fcnk az \u00e1llamalap\u00edt\u00e1s \u00fcnnep\u00e9t Esti haj\u00f3s vacsora programunk j\u00f3 v\u00e1laszt\u00e1s az \u00fcnnepl\u00e9sre.","robots":{"index":"noindex","follow":"follow","max-snippet":"max-snippet:-1","max-image-preview":"max-image-preview:large","max-video-preview":"max-video-preview:-1"},"og_locale":"hu_HU","og_type":"article","og_title":"T\u0171zij\u00e1t\u00e9k haj\u00f3r\u00f3l 4 fog\u00e1sos g\u00e1lavacsor\u00e1val \u00e9s \u00e9l\u0151 zongora m\u0171sorral","og_description":"Augusztus 20 t\u0171zij\u00e1t\u00e9k haj\u00f3r\u00f3l 2025-ban is! \u00dcnnepelje vel\u00fcnk az \u00e1llamalap\u00edt\u00e1s \u00fcnnep\u00e9t Esti haj\u00f3s vacsora programunk j\u00f3 v\u00e1laszt\u00e1s az \u00fcnnepl\u00e9sre.","og_url":"https:\/\/silver24.u9o.hu\/hu\/termek\/tuzijatek-hajorol-4-fogasos-galavacsoraval-es-elo-zongora-musorral\/","og_site_name":"silver24 - Silverline Cruises","article_publisher":"https:\/\/www.facebook.com\/budapestrivercruise","article_modified_time":"2025-05-26T13:31:19+00:00","og_image":[{"width":325,"height":325,"url":"https:\/\/silver24.u9o.hu\/wp-content\/uploads\/2022\/05\/piano-firework-cruise-325x325_c.webp","type":"image\/webp"}],"schema":{"@context":"https:\/\/schema.org","@graph":[{"@type":"WebPage","@id":"https:\/\/silver24.u9o.hu\/hu\/termek\/tuzijatek-hajorol-4-fogasos-galavacsoraval-es-elo-zongora-musorral\/","url":"https:\/\/silver24.u9o.hu\/hu\/termek\/tuzijatek-hajorol-4-fogasos-galavacsoraval-es-elo-zongora-musorral\/","name":"T\u0171zij\u00e1t\u00e9k haj\u00f3r\u00f3l 4 fog\u00e1sos g\u00e1lavacsor\u00e1val \u00e9s \u00e9l\u0151 zongora m\u0171sorral","isPartOf":{"@id":"https:\/\/silver24.u9o.hu\/hu\/#website"},"primaryImageOfPage":{"@id":"https:\/\/silver24.u9o.hu\/hu\/termek\/tuzijatek-hajorol-4-fogasos-galavacsoraval-es-elo-zongora-musorral\/#primaryimage"},"image":{"@id":"https:\/\/silver24.u9o.hu\/hu\/termek\/tuzijatek-hajorol-4-fogasos-galavacsoraval-es-elo-zongora-musorral\/#primaryimage"},"thumbnailUrl":"https:\/\/silver24.u9o.hu\/wp-content\/uploads\/2022\/05\/piano-firework-cruise-325x325_c.webp","datePublished":"2023-04-12T14:22:39+00:00","dateModified":"2025-05-26T13:31:19+00:00","description":"Augusztus 20 t\u0171zij\u00e1t\u00e9k haj\u00f3r\u00f3l 2025-ban is! \u00dcnnepelje vel\u00fcnk az \u00e1llamalap\u00edt\u00e1s \u00fcnnep\u00e9t Esti haj\u00f3s vacsora programunk j\u00f3 v\u00e1laszt\u00e1s az \u00fcnnepl\u00e9sre.","breadcrumb":{"@id":"https:\/\/silver24.u9o.hu\/hu\/termek\/tuzijatek-hajorol-4-fogasos-galavacsoraval-es-elo-zongora-musorral\/#breadcrumb"},"inLanguage":"hu","potentialAction":[{"@type":"ReadAction","target":["https:\/\/silver24.u9o.hu\/hu\/termek\/tuzijatek-hajorol-4-fogasos-galavacsoraval-es-elo-zongora-musorral\/"]}]},{"@type":"ImageObject","inLanguage":"hu","@id":"https:\/\/silver24.u9o.hu\/hu\/termek\/tuzijatek-hajorol-4-fogasos-galavacsoraval-es-elo-zongora-musorral\/#primaryimage","url":"https:\/\/silver24.u9o.hu\/wp-content\/uploads\/2022\/05\/piano-firework-cruise-325x325_c.webp","contentUrl":"https:\/\/silver24.u9o.hu\/wp-content\/uploads\/2022\/05\/piano-firework-cruise-325x325_c.webp","width":325,"height":325},{"@type":"BreadcrumbList","@id":"https:\/\/silver24.u9o.hu\/hu\/termek\/tuzijatek-hajorol-4-fogasos-galavacsoraval-es-elo-zongora-musorral\/#breadcrumb","itemListElement":[{"@type":"ListItem","position":1,"name":"Home","item":"https:\/\/silver24.u9o.hu\/hu\/"},{"@type":"ListItem","position":2,"name":"Term\u00e9kek","item":"https:\/\/silver24.u9o.hu\/hu\/termekek\/"},{"@type":"ListItem","position":3,"name":"T\u0171zij\u00e1t\u00e9k haj\u00f3r\u00f3l 4 fog\u00e1sos g\u00e1lavacsor\u00e1val \u00e9s \u00e9l\u0151 zongora m\u0171sorral"}]},{"@type":"WebSite","@id":"https:\/\/silver24.u9o.hu\/hu\/#website","url":"https:\/\/silver24.u9o.hu\/hu\/","name":"Silverline Cruises kft.","description":"","publisher":{"@id":"https:\/\/silver24.u9o.hu\/hu\/#organization"},"potentialAction":[{"@type":"SearchAction","target":{"@type":"EntryPoint","urlTemplate":"https:\/\/silver24.u9o.hu\/hu\/?s={search_term_string}"},"query-input":{"@type":"PropertyValueSpecification","valueRequired":true,"valueName":"search_term_string"}}],"inLanguage":"hu"},{"@type":"Organization","@id":"https:\/\/silver24.u9o.hu\/hu\/#organization","name":"Silverline Cruises kft.","url":"https:\/\/silver24.u9o.hu\/hu\/","logo":{"@type":"ImageObject","inLanguage":"hu","@id":"https:\/\/silver24.u9o.hu\/hu\/#\/schema\/logo\/image\/","url":"https:\/\/silver-line.hu\/wp-content\/uploads\/2022\/05\/cropped-cropped-icon-1.webp","contentUrl":"https:\/\/silver-line.hu\/wp-content\/uploads\/2022\/05\/cropped-cropped-icon-1.webp","width":512,"height":512,"caption":"Silverline Cruises kft."},"image":{"@id":"https:\/\/silver24.u9o.hu\/hu\/#\/schema\/logo\/image\/"},"sameAs":["https:\/\/www.facebook.com\/budapestrivercruise"]}]}},"_links":{"self":[{"href":"https:\/\/silver24.u9o.hu\/hu\/wp-json\/wp\/v2\/product\/692201"}],"collection":[{"href":"https:\/\/silver24.u9o.hu\/hu\/wp-json\/wp\/v2\/product"}],"about":[{"href":"https:\/\/silver24.u9o.hu\/hu\/wp-json\/wp\/v2\/types\/product"}],"wp:featuredmedia":[{"embeddable":true,"href":"https:\/\/silver24.u9o.hu\/hu\/wp-json\/wp\/v2\/media\/362236"}],"wp:attachment":[{"href":"https:\/\/silver24.u9o.hu\/hu\/wp-json\/wp\/v2\/media?parent=692201"}],"wp:term":[{"taxonomy":"product_cat","embeddable":true,"href":"https:\/\/silver24.u9o.hu\/hu\/wp-json\/wp\/v2\/product_cat?post=692201"},{"taxonomy":"product_tag","embeddable":true,"href":"https:\/\/silver24.u9o.hu\/hu\/wp-json\/wp\/v2\/product_tag?post=692201"}],"curies":[{"name":"wp","href":"https:\/\/api.w.org\/{rel}","templated":true}]}}