{"id":405395,"date":"2022-06-22T14:12:07","date_gmt":"2022-06-22T13:12:07","guid":{"rendered":"https:\/\/silver-line.hu\/product\/fireworks-cocktail-cruise\/"},"modified":"2025-05-27T13:04:33","modified_gmt":"2025-05-27T12:04:33","slug":"italok-es-tuzijatek","status":"publish","type":"product","link":"https:\/\/silver24.u9o.hu\/hu\/termek\/italok-es-tuzijatek\/","title":{"rendered":"Haj\u00f3z\u00e1s augusztus 20-\u00e1n 1 ital k\u00eds\u00e9ret\u00e9vel"},"content":{"rendered":"","protected":false},"excerpt":{"rendered":"<p>Csatlakozzon hozz\u00e1nk augusztus 20-\u00e1n Szent Istv\u00e1n napj\u00e1n, \u00e9lvezze a Budapesti t\u0171zij\u00e1t\u00e9kot haj\u00f3nk fed\u00e9lzet\u00e9r\u0151l!<\/p>\n","protected":false},"featured_media":1447274,"template":"","meta":[],"product_cat":[74],"product_tag":[],"yoast_head":"<!-- This site is optimized with the Yoast SEO plugin v23.9 - https:\/\/yoast.com\/wordpress\/plugins\/seo\/ -->\n<title>Haj\u00f3z\u00e1s augusztus 20-\u00e1n 1 ital k\u00eds\u00e9ret\u00e9vel - silver24 - Silverline Cruises<\/title>\n<meta name=\"robots\" content=\"noindex, nofollow\" \/>\n<meta property=\"og:locale\" content=\"hu_HU\" \/>\n<meta property=\"og:type\" content=\"article\" \/>\n<meta property=\"og:title\" content=\"Haj\u00f3z\u00e1s augusztus 20-\u00e1n 1 ital k\u00eds\u00e9ret\u00e9vel - silver24 - Silverline Cruises\" \/>\n<meta property=\"og:description\" content=\"Csatlakozzon hozz\u00e1nk augusztus 20-\u00e1n Szent Istv\u00e1n napj\u00e1n, \u00e9lvezze a Budapesti t\u0171zij\u00e1t\u00e9kot haj\u00f3nk fed\u00e9lzet\u00e9r\u0151l!\" \/>\n<meta property=\"og:url\" content=\"https:\/\/silver24.u9o.hu\/hu\/termek\/italok-es-tuzijatek\/\" \/>\n<meta property=\"og:site_name\" content=\"silver24 - Silverline Cruises\" \/>\n<meta property=\"article:publisher\" content=\"https:\/\/www.facebook.com\/budapestrivercruise\" \/>\n<meta property=\"article:modified_time\" content=\"2025-05-27T12:04:33+00:00\" \/>\n<meta property=\"og:image\" content=\"https:\/\/silver24.u9o.hu\/wp-content\/uploads\/2025\/05\/Fireworks_cocktail.jpg\" \/>\n\t<meta property=\"og:image:width\" content=\"800\" \/>\n\t<meta property=\"og:image:height\" content=\"800\" \/>\n\t<meta property=\"og:image:type\" content=\"image\/jpeg\" \/>\n<script type=\"application\/ld+json\" class=\"yoast-schema-graph\">{\"@context\":\"https:\/\/schema.org\",\"@graph\":[{\"@type\":\"WebPage\",\"@id\":\"https:\/\/silver24.u9o.hu\/hu\/termek\/italok-es-tuzijatek\/\",\"url\":\"https:\/\/silver24.u9o.hu\/hu\/termek\/italok-es-tuzijatek\/\",\"name\":\"Haj\u00f3z\u00e1s augusztus 20-\u00e1n 1 ital k\u00eds\u00e9ret\u00e9vel - silver24 - Silverline Cruises\",\"isPartOf\":{\"@id\":\"https:\/\/silver24.u9o.hu\/hu\/#website\"},\"primaryImageOfPage\":{\"@id\":\"https:\/\/silver24.u9o.hu\/hu\/termek\/italok-es-tuzijatek\/#primaryimage\"},\"image\":{\"@id\":\"https:\/\/silver24.u9o.hu\/hu\/termek\/italok-es-tuzijatek\/#primaryimage\"},\"thumbnailUrl\":\"https:\/\/silver24.u9o.hu\/wp-content\/uploads\/2025\/05\/Fireworks_cocktail.jpg\",\"datePublished\":\"2022-06-22T13:12:07+00:00\",\"dateModified\":\"2025-05-27T12:04:33+00:00\",\"breadcrumb\":{\"@id\":\"https:\/\/silver24.u9o.hu\/hu\/termek\/italok-es-tuzijatek\/#breadcrumb\"},\"inLanguage\":\"hu\",\"potentialAction\":[{\"@type\":\"ReadAction\",\"target\":[\"https:\/\/silver24.u9o.hu\/hu\/termek\/italok-es-tuzijatek\/\"]}]},{\"@type\":\"ImageObject\",\"inLanguage\":\"hu\",\"@id\":\"https:\/\/silver24.u9o.hu\/hu\/termek\/italok-es-tuzijatek\/#primaryimage\",\"url\":\"https:\/\/silver24.u9o.hu\/wp-content\/uploads\/2025\/05\/Fireworks_cocktail.jpg\",\"contentUrl\":\"https:\/\/silver24.u9o.hu\/wp-content\/uploads\/2025\/05\/Fireworks_cocktail.jpg\",\"width\":800,\"height\":800},{\"@type\":\"BreadcrumbList\",\"@id\":\"https:\/\/silver24.u9o.hu\/hu\/termek\/italok-es-tuzijatek\/#breadcrumb\",\"itemListElement\":[{\"@type\":\"ListItem\",\"position\":1,\"name\":\"Home\",\"item\":\"https:\/\/silver24.u9o.hu\/hu\/\"},{\"@type\":\"ListItem\",\"position\":2,\"name\":\"Term\u00e9kek\",\"item\":\"https:\/\/silver24.u9o.hu\/hu\/termekek\/\"},{\"@type\":\"ListItem\",\"position\":3,\"name\":\"Haj\u00f3z\u00e1s augusztus 20-\u00e1n 1 ital k\u00eds\u00e9ret\u00e9vel\"}]},{\"@type\":\"WebSite\",\"@id\":\"https:\/\/silver24.u9o.hu\/hu\/#website\",\"url\":\"https:\/\/silver24.u9o.hu\/hu\/\",\"name\":\"Silverline Cruises kft.\",\"description\":\"\",\"publisher\":{\"@id\":\"https:\/\/silver24.u9o.hu\/hu\/#organization\"},\"potentialAction\":[{\"@type\":\"SearchAction\",\"target\":{\"@type\":\"EntryPoint\",\"urlTemplate\":\"https:\/\/silver24.u9o.hu\/hu\/?s={search_term_string}\"},\"query-input\":{\"@type\":\"PropertyValueSpecification\",\"valueRequired\":true,\"valueName\":\"search_term_string\"}}],\"inLanguage\":\"hu\"},{\"@type\":\"Organization\",\"@id\":\"https:\/\/silver24.u9o.hu\/hu\/#organization\",\"name\":\"Silverline Cruises kft.\",\"url\":\"https:\/\/silver24.u9o.hu\/hu\/\",\"logo\":{\"@type\":\"ImageObject\",\"inLanguage\":\"hu\",\"@id\":\"https:\/\/silver24.u9o.hu\/hu\/#\/schema\/logo\/image\/\",\"url\":\"https:\/\/silver-line.hu\/wp-content\/uploads\/2022\/05\/cropped-cropped-icon-1.webp\",\"contentUrl\":\"https:\/\/silver-line.hu\/wp-content\/uploads\/2022\/05\/cropped-cropped-icon-1.webp\",\"width\":512,\"height\":512,\"caption\":\"Silverline Cruises kft.\"},\"image\":{\"@id\":\"https:\/\/silver24.u9o.hu\/hu\/#\/schema\/logo\/image\/\"},\"sameAs\":[\"https:\/\/www.facebook.com\/budapestrivercruise\"]}]}<\/script>\n<!-- \/ Yoast SEO plugin. -->","yoast_head_json":{"title":"Haj\u00f3z\u00e1s augusztus 20-\u00e1n 1 ital k\u00eds\u00e9ret\u00e9vel - silver24 - Silverline Cruises","robots":{"index":"noindex","follow":"nofollow"},"og_locale":"hu_HU","og_type":"article","og_title":"Haj\u00f3z\u00e1s augusztus 20-\u00e1n 1 ital k\u00eds\u00e9ret\u00e9vel - silver24 - Silverline Cruises","og_description":"Csatlakozzon hozz\u00e1nk augusztus 20-\u00e1n Szent Istv\u00e1n napj\u00e1n, \u00e9lvezze a Budapesti t\u0171zij\u00e1t\u00e9kot haj\u00f3nk fed\u00e9lzet\u00e9r\u0151l!","og_url":"https:\/\/silver24.u9o.hu\/hu\/termek\/italok-es-tuzijatek\/","og_site_name":"silver24 - Silverline Cruises","article_publisher":"https:\/\/www.facebook.com\/budapestrivercruise","article_modified_time":"2025-05-27T12:04:33+00:00","og_image":[{"width":800,"height":800,"url":"https:\/\/silver24.u9o.hu\/wp-content\/uploads\/2025\/05\/Fireworks_cocktail.jpg","type":"image\/jpeg"}],"schema":{"@context":"https:\/\/schema.org","@graph":[{"@type":"WebPage","@id":"https:\/\/silver24.u9o.hu\/hu\/termek\/italok-es-tuzijatek\/","url":"https:\/\/silver24.u9o.hu\/hu\/termek\/italok-es-tuzijatek\/","name":"Haj\u00f3z\u00e1s augusztus 20-\u00e1n 1 ital k\u00eds\u00e9ret\u00e9vel - silver24 - Silverline Cruises","isPartOf":{"@id":"https:\/\/silver24.u9o.hu\/hu\/#website"},"primaryImageOfPage":{"@id":"https:\/\/silver24.u9o.hu\/hu\/termek\/italok-es-tuzijatek\/#primaryimage"},"image":{"@id":"https:\/\/silver24.u9o.hu\/hu\/termek\/italok-es-tuzijatek\/#primaryimage"},"thumbnailUrl":"https:\/\/silver24.u9o.hu\/wp-content\/uploads\/2025\/05\/Fireworks_cocktail.jpg","datePublished":"2022-06-22T13:12:07+00:00","dateModified":"2025-05-27T12:04:33+00:00","breadcrumb":{"@id":"https:\/\/silver24.u9o.hu\/hu\/termek\/italok-es-tuzijatek\/#breadcrumb"},"inLanguage":"hu","potentialAction":[{"@type":"ReadAction","target":["https:\/\/silver24.u9o.hu\/hu\/termek\/italok-es-tuzijatek\/"]}]},{"@type":"ImageObject","inLanguage":"hu","@id":"https:\/\/silver24.u9o.hu\/hu\/termek\/italok-es-tuzijatek\/#primaryimage","url":"https:\/\/silver24.u9o.hu\/wp-content\/uploads\/2025\/05\/Fireworks_cocktail.jpg","contentUrl":"https:\/\/silver24.u9o.hu\/wp-content\/uploads\/2025\/05\/Fireworks_cocktail.jpg","width":800,"height":800},{"@type":"BreadcrumbList","@id":"https:\/\/silver24.u9o.hu\/hu\/termek\/italok-es-tuzijatek\/#breadcrumb","itemListElement":[{"@type":"ListItem","position":1,"name":"Home","item":"https:\/\/silver24.u9o.hu\/hu\/"},{"@type":"ListItem","position":2,"name":"Term\u00e9kek","item":"https:\/\/silver24.u9o.hu\/hu\/termekek\/"},{"@type":"ListItem","position":3,"name":"Haj\u00f3z\u00e1s augusztus 20-\u00e1n 1 ital k\u00eds\u00e9ret\u00e9vel"}]},{"@type":"WebSite","@id":"https:\/\/silver24.u9o.hu\/hu\/#website","url":"https:\/\/silver24.u9o.hu\/hu\/","name":"Silverline Cruises kft.","description":"","publisher":{"@id":"https:\/\/silver24.u9o.hu\/hu\/#organization"},"potentialAction":[{"@type":"SearchAction","target":{"@type":"EntryPoint","urlTemplate":"https:\/\/silver24.u9o.hu\/hu\/?s={search_term_string}"},"query-input":{"@type":"PropertyValueSpecification","valueRequired":true,"valueName":"search_term_string"}}],"inLanguage":"hu"},{"@type":"Organization","@id":"https:\/\/silver24.u9o.hu\/hu\/#organization","name":"Silverline Cruises kft.","url":"https:\/\/silver24.u9o.hu\/hu\/","logo":{"@type":"ImageObject","inLanguage":"hu","@id":"https:\/\/silver24.u9o.hu\/hu\/#\/schema\/logo\/image\/","url":"https:\/\/silver-line.hu\/wp-content\/uploads\/2022\/05\/cropped-cropped-icon-1.webp","contentUrl":"https:\/\/silver-line.hu\/wp-content\/uploads\/2022\/05\/cropped-cropped-icon-1.webp","width":512,"height":512,"caption":"Silverline Cruises kft."},"image":{"@id":"https:\/\/silver24.u9o.hu\/hu\/#\/schema\/logo\/image\/"},"sameAs":["https:\/\/www.facebook.com\/budapestrivercruise"]}]}},"_links":{"self":[{"href":"https:\/\/silver24.u9o.hu\/hu\/wp-json\/wp\/v2\/product\/405395"}],"collection":[{"href":"https:\/\/silver24.u9o.hu\/hu\/wp-json\/wp\/v2\/product"}],"about":[{"href":"https:\/\/silver24.u9o.hu\/hu\/wp-json\/wp\/v2\/types\/product"}],"wp:featuredmedia":[{"embeddable":true,"href":"https:\/\/silver24.u9o.hu\/hu\/wp-json\/wp\/v2\/media\/1447274"}],"wp:attachment":[{"href":"https:\/\/silver24.u9o.hu\/hu\/wp-json\/wp\/v2\/media?parent=405395"}],"wp:term":[{"taxonomy":"product_cat","embeddable":true,"href":"https:\/\/silver24.u9o.hu\/hu\/wp-json\/wp\/v2\/product_cat?post=405395"},{"taxonomy":"product_tag","embeddable":true,"href":"https:\/\/silver24.u9o.hu\/hu\/wp-json\/wp\/v2\/product_tag?post=405395"}],"curies":[{"name":"wp","href":"https:\/\/api.w.org\/{rel}","templated":true}]}}