{"id":362930,"date":"2022-05-07T07:47:44","date_gmt":"2022-05-07T06:47:44","guid":{"rendered":"https:\/\/silver-line.hu\/?post_type=product&#038;p=362930"},"modified":"2025-02-13T12:42:30","modified_gmt":"2025-02-13T11:42:30","slug":"valentin-napi-program-hajo","status":"publish","type":"product","link":"https:\/\/silver24.u9o.hu\/hu\/termek\/valentin-napi-program-hajo\/","title":{"rendered":"Valentin napi vacsora a Dun\u00e1n"},"content":{"rendered":"","protected":false},"excerpt":{"rendered":"<p>Lepje meg Valentin napra p\u00e1rj\u00e1t egy romantikus haj\u00f3s vacsor\u00e1val 2025 Febru\u00e1r 14-\u00e9n! \u2764\ufe0f<\/p>\n","protected":false},"featured_media":362244,"template":"","meta":[],"product_cat":[74],"product_tag":[],"yoast_head":"<!-- This site is optimized with the Yoast SEO plugin v23.9 - https:\/\/yoast.com\/wordpress\/plugins\/seo\/ -->\n<title>K\u00fcl\u00f6nleges Valentin-napi program - Romantikus Haj\u00f3s Vacsora<\/title>\n<meta name=\"description\" content=\"K\u00fcl\u00f6nleges Valentin napi haj\u00f3s vacsor\u00e1nk garant\u00e1ltan maradand\u00f3, fantasztikus \u00e9lm\u00e9nyt k\u00edn\u00e1l.\" \/>\n<meta name=\"robots\" content=\"noindex, follow, max-snippet:-1, max-image-preview:large, max-video-preview:-1\" \/>\n<meta property=\"og:locale\" content=\"hu_HU\" \/>\n<meta property=\"og:type\" content=\"article\" \/>\n<meta property=\"og:title\" content=\"K\u00fcl\u00f6nleges Valentin-napi program - Romantikus Haj\u00f3s Vacsora\" \/>\n<meta property=\"og:description\" content=\"K\u00fcl\u00f6nleges Valentin napi haj\u00f3s vacsor\u00e1nk garant\u00e1ltan maradand\u00f3, fantasztikus \u00e9lm\u00e9nyt k\u00edn\u00e1l.\" \/>\n<meta property=\"og:url\" content=\"https:\/\/silver24.u9o.hu\/hu\/termek\/valentin-napi-program-hajo\/\" \/>\n<meta property=\"og:site_name\" content=\"silver24 - Silverline Cruises\" \/>\n<meta property=\"article:publisher\" content=\"https:\/\/www.facebook.com\/budapestrivercruise\" \/>\n<meta property=\"article:modified_time\" content=\"2025-02-13T11:42:30+00:00\" \/>\n<meta property=\"og:image\" content=\"https:\/\/silver24.u9o.hu\/wp-content\/uploads\/2022\/05\/Dinner-cruise-budapest-512x352-1-325x325_c.webp\" \/>\n\t<meta property=\"og:image:width\" content=\"325\" \/>\n\t<meta property=\"og:image:height\" content=\"325\" \/>\n\t<meta property=\"og:image:type\" content=\"image\/webp\" \/>\n<script type=\"application\/ld+json\" class=\"yoast-schema-graph\">{\"@context\":\"https:\/\/schema.org\",\"@graph\":[{\"@type\":\"WebPage\",\"@id\":\"https:\/\/silver24.u9o.hu\/hu\/termek\/valentin-napi-program-hajo\/\",\"url\":\"https:\/\/silver24.u9o.hu\/hu\/termek\/valentin-napi-program-hajo\/\",\"name\":\"K\u00fcl\u00f6nleges Valentin-napi program - Romantikus Haj\u00f3s Vacsora\",\"isPartOf\":{\"@id\":\"https:\/\/silver24.u9o.hu\/hu\/#website\"},\"primaryImageOfPage\":{\"@id\":\"https:\/\/silver24.u9o.hu\/hu\/termek\/valentin-napi-program-hajo\/#primaryimage\"},\"image\":{\"@id\":\"https:\/\/silver24.u9o.hu\/hu\/termek\/valentin-napi-program-hajo\/#primaryimage\"},\"thumbnailUrl\":\"https:\/\/silver24.u9o.hu\/wp-content\/uploads\/2022\/05\/Dinner-cruise-budapest-512x352-1-325x325_c.webp\",\"datePublished\":\"2022-05-07T06:47:44+00:00\",\"dateModified\":\"2025-02-13T11:42:30+00:00\",\"description\":\"K\u00fcl\u00f6nleges Valentin napi haj\u00f3s vacsor\u00e1nk garant\u00e1ltan maradand\u00f3, fantasztikus \u00e9lm\u00e9nyt k\u00edn\u00e1l.\",\"breadcrumb\":{\"@id\":\"https:\/\/silver24.u9o.hu\/hu\/termek\/valentin-napi-program-hajo\/#breadcrumb\"},\"inLanguage\":\"hu\",\"potentialAction\":[{\"@type\":\"ReadAction\",\"target\":[\"https:\/\/silver24.u9o.hu\/hu\/termek\/valentin-napi-program-hajo\/\"]}]},{\"@type\":\"ImageObject\",\"inLanguage\":\"hu\",\"@id\":\"https:\/\/silver24.u9o.hu\/hu\/termek\/valentin-napi-program-hajo\/#primaryimage\",\"url\":\"https:\/\/silver24.u9o.hu\/wp-content\/uploads\/2022\/05\/Dinner-cruise-budapest-512x352-1-325x325_c.webp\",\"contentUrl\":\"https:\/\/silver24.u9o.hu\/wp-content\/uploads\/2022\/05\/Dinner-cruise-budapest-512x352-1-325x325_c.webp\",\"width\":325,\"height\":325},{\"@type\":\"BreadcrumbList\",\"@id\":\"https:\/\/silver24.u9o.hu\/hu\/termek\/valentin-napi-program-hajo\/#breadcrumb\",\"itemListElement\":[{\"@type\":\"ListItem\",\"position\":1,\"name\":\"Home\",\"item\":\"https:\/\/silver24.u9o.hu\/hu\/\"},{\"@type\":\"ListItem\",\"position\":2,\"name\":\"Term\u00e9kek\",\"item\":\"https:\/\/silver24.u9o.hu\/hu\/termekek\/\"},{\"@type\":\"ListItem\",\"position\":3,\"name\":\"Valentin napi vacsora a Dun\u00e1n\"}]},{\"@type\":\"WebSite\",\"@id\":\"https:\/\/silver24.u9o.hu\/hu\/#website\",\"url\":\"https:\/\/silver24.u9o.hu\/hu\/\",\"name\":\"Silverline Cruises kft.\",\"description\":\"\",\"publisher\":{\"@id\":\"https:\/\/silver24.u9o.hu\/hu\/#organization\"},\"potentialAction\":[{\"@type\":\"SearchAction\",\"target\":{\"@type\":\"EntryPoint\",\"urlTemplate\":\"https:\/\/silver24.u9o.hu\/hu\/?s={search_term_string}\"},\"query-input\":{\"@type\":\"PropertyValueSpecification\",\"valueRequired\":true,\"valueName\":\"search_term_string\"}}],\"inLanguage\":\"hu\"},{\"@type\":\"Organization\",\"@id\":\"https:\/\/silver24.u9o.hu\/hu\/#organization\",\"name\":\"Silverline Cruises kft.\",\"url\":\"https:\/\/silver24.u9o.hu\/hu\/\",\"logo\":{\"@type\":\"ImageObject\",\"inLanguage\":\"hu\",\"@id\":\"https:\/\/silver24.u9o.hu\/hu\/#\/schema\/logo\/image\/\",\"url\":\"https:\/\/silver-line.hu\/wp-content\/uploads\/2022\/05\/cropped-cropped-icon-1.webp\",\"contentUrl\":\"https:\/\/silver-line.hu\/wp-content\/uploads\/2022\/05\/cropped-cropped-icon-1.webp\",\"width\":512,\"height\":512,\"caption\":\"Silverline Cruises kft.\"},\"image\":{\"@id\":\"https:\/\/silver24.u9o.hu\/hu\/#\/schema\/logo\/image\/\"},\"sameAs\":[\"https:\/\/www.facebook.com\/budapestrivercruise\"]}]}<\/script>\n<!-- \/ Yoast SEO plugin. -->","yoast_head_json":{"title":"K\u00fcl\u00f6nleges Valentin-napi program - Romantikus Haj\u00f3s Vacsora","description":"K\u00fcl\u00f6nleges Valentin napi haj\u00f3s vacsor\u00e1nk garant\u00e1ltan maradand\u00f3, fantasztikus \u00e9lm\u00e9nyt k\u00edn\u00e1l.","robots":{"index":"noindex","follow":"follow","max-snippet":"max-snippet:-1","max-image-preview":"max-image-preview:large","max-video-preview":"max-video-preview:-1"},"og_locale":"hu_HU","og_type":"article","og_title":"K\u00fcl\u00f6nleges Valentin-napi program - Romantikus Haj\u00f3s Vacsora","og_description":"K\u00fcl\u00f6nleges Valentin napi haj\u00f3s vacsor\u00e1nk garant\u00e1ltan maradand\u00f3, fantasztikus \u00e9lm\u00e9nyt k\u00edn\u00e1l.","og_url":"https:\/\/silver24.u9o.hu\/hu\/termek\/valentin-napi-program-hajo\/","og_site_name":"silver24 - Silverline Cruises","article_publisher":"https:\/\/www.facebook.com\/budapestrivercruise","article_modified_time":"2025-02-13T11:42:30+00:00","og_image":[{"width":325,"height":325,"url":"https:\/\/silver24.u9o.hu\/wp-content\/uploads\/2022\/05\/Dinner-cruise-budapest-512x352-1-325x325_c.webp","type":"image\/webp"}],"schema":{"@context":"https:\/\/schema.org","@graph":[{"@type":"WebPage","@id":"https:\/\/silver24.u9o.hu\/hu\/termek\/valentin-napi-program-hajo\/","url":"https:\/\/silver24.u9o.hu\/hu\/termek\/valentin-napi-program-hajo\/","name":"K\u00fcl\u00f6nleges Valentin-napi program - Romantikus Haj\u00f3s Vacsora","isPartOf":{"@id":"https:\/\/silver24.u9o.hu\/hu\/#website"},"primaryImageOfPage":{"@id":"https:\/\/silver24.u9o.hu\/hu\/termek\/valentin-napi-program-hajo\/#primaryimage"},"image":{"@id":"https:\/\/silver24.u9o.hu\/hu\/termek\/valentin-napi-program-hajo\/#primaryimage"},"thumbnailUrl":"https:\/\/silver24.u9o.hu\/wp-content\/uploads\/2022\/05\/Dinner-cruise-budapest-512x352-1-325x325_c.webp","datePublished":"2022-05-07T06:47:44+00:00","dateModified":"2025-02-13T11:42:30+00:00","description":"K\u00fcl\u00f6nleges Valentin napi haj\u00f3s vacsor\u00e1nk garant\u00e1ltan maradand\u00f3, fantasztikus \u00e9lm\u00e9nyt k\u00edn\u00e1l.","breadcrumb":{"@id":"https:\/\/silver24.u9o.hu\/hu\/termek\/valentin-napi-program-hajo\/#breadcrumb"},"inLanguage":"hu","potentialAction":[{"@type":"ReadAction","target":["https:\/\/silver24.u9o.hu\/hu\/termek\/valentin-napi-program-hajo\/"]}]},{"@type":"ImageObject","inLanguage":"hu","@id":"https:\/\/silver24.u9o.hu\/hu\/termek\/valentin-napi-program-hajo\/#primaryimage","url":"https:\/\/silver24.u9o.hu\/wp-content\/uploads\/2022\/05\/Dinner-cruise-budapest-512x352-1-325x325_c.webp","contentUrl":"https:\/\/silver24.u9o.hu\/wp-content\/uploads\/2022\/05\/Dinner-cruise-budapest-512x352-1-325x325_c.webp","width":325,"height":325},{"@type":"BreadcrumbList","@id":"https:\/\/silver24.u9o.hu\/hu\/termek\/valentin-napi-program-hajo\/#breadcrumb","itemListElement":[{"@type":"ListItem","position":1,"name":"Home","item":"https:\/\/silver24.u9o.hu\/hu\/"},{"@type":"ListItem","position":2,"name":"Term\u00e9kek","item":"https:\/\/silver24.u9o.hu\/hu\/termekek\/"},{"@type":"ListItem","position":3,"name":"Valentin napi vacsora a Dun\u00e1n"}]},{"@type":"WebSite","@id":"https:\/\/silver24.u9o.hu\/hu\/#website","url":"https:\/\/silver24.u9o.hu\/hu\/","name":"Silverline Cruises kft.","description":"","publisher":{"@id":"https:\/\/silver24.u9o.hu\/hu\/#organization"},"potentialAction":[{"@type":"SearchAction","target":{"@type":"EntryPoint","urlTemplate":"https:\/\/silver24.u9o.hu\/hu\/?s={search_term_string}"},"query-input":{"@type":"PropertyValueSpecification","valueRequired":true,"valueName":"search_term_string"}}],"inLanguage":"hu"},{"@type":"Organization","@id":"https:\/\/silver24.u9o.hu\/hu\/#organization","name":"Silverline Cruises kft.","url":"https:\/\/silver24.u9o.hu\/hu\/","logo":{"@type":"ImageObject","inLanguage":"hu","@id":"https:\/\/silver24.u9o.hu\/hu\/#\/schema\/logo\/image\/","url":"https:\/\/silver-line.hu\/wp-content\/uploads\/2022\/05\/cropped-cropped-icon-1.webp","contentUrl":"https:\/\/silver-line.hu\/wp-content\/uploads\/2022\/05\/cropped-cropped-icon-1.webp","width":512,"height":512,"caption":"Silverline Cruises kft."},"image":{"@id":"https:\/\/silver24.u9o.hu\/hu\/#\/schema\/logo\/image\/"},"sameAs":["https:\/\/www.facebook.com\/budapestrivercruise"]}]}},"_links":{"self":[{"href":"https:\/\/silver24.u9o.hu\/hu\/wp-json\/wp\/v2\/product\/362930"}],"collection":[{"href":"https:\/\/silver24.u9o.hu\/hu\/wp-json\/wp\/v2\/product"}],"about":[{"href":"https:\/\/silver24.u9o.hu\/hu\/wp-json\/wp\/v2\/types\/product"}],"wp:featuredmedia":[{"embeddable":true,"href":"https:\/\/silver24.u9o.hu\/hu\/wp-json\/wp\/v2\/media\/362244"}],"wp:attachment":[{"href":"https:\/\/silver24.u9o.hu\/hu\/wp-json\/wp\/v2\/media?parent=362930"}],"wp:term":[{"taxonomy":"product_cat","embeddable":true,"href":"https:\/\/silver24.u9o.hu\/hu\/wp-json\/wp\/v2\/product_cat?post=362930"},{"taxonomy":"product_tag","embeddable":true,"href":"https:\/\/silver24.u9o.hu\/hu\/wp-json\/wp\/v2\/product_tag?post=362930"}],"curies":[{"name":"wp","href":"https:\/\/api.w.org\/{rel}","templated":true}]}}