{"id":362884,"date":"2022-05-07T07:45:07","date_gmt":"2022-05-07T06:45:07","guid":{"rendered":"https:\/\/silver-line.hu\/?post_type=product&#038;p=362884"},"modified":"2025-02-07T10:47:50","modified_gmt":"2025-02-07T09:47:50","slug":"szilveszteri-hajos-vacsora-budapesten","status":"publish","type":"product","link":"https:\/\/silver24.u9o.hu\/hu\/termek\/szilveszteri-hajos-vacsora-budapesten\/","title":{"rendered":"Szilveszteri Haj\u00f3s Vacsora Budapesten"},"content":{"rendered":"","protected":false},"excerpt":{"rendered":"<p>Szilveszteri Vacsora Budapesten! V\u00e1rjuk egy\u00fctt az \u00faj esztend\u0151t egy poh\u00e1r Pezsg\u0151 \u00e9s 5 fog\u00e1sos vacsora k\u00eds\u00e9ret\u00e9ben!<\/p>\n<p><a rel=\"nofollow\" href=\"https:\/\/silver-line.hu\/hu\/termek\/szilveszteri-hajos-vacsora-budapesten-gyerekjegy\/\" style=\"color: red;\" >Gyermekjegy (4-12 \u00e9ves kor k\u00f6z\u00f6tt) v\u00e1s\u00e1rl\u00e1s\u00e1hoz kattintson ide<\/a><\/p>\n<p><span style=\"color: red;\">A magas kereslet miatt m\u00e1r csak ablak melletti helyek \u00e1llnak rendelkez\u00e9sre.<\/span><\/p>\n<p>Minden jegy egy \u00fcdv\u00f6zl\u0151italt tartalmaz (3 k\u00fcl\u00f6nb\u00f6z\u0151 kokt\u00e9l k\u00f6z\u00fcl v\u00e1laszthat).<\/p>\n","protected":false},"featured_media":362226,"template":"","meta":[],"product_cat":[75,74],"product_tag":[],"yoast_head":"<!-- This site is optimized with the Yoast SEO plugin v23.9 - https:\/\/yoast.com\/wordpress\/plugins\/seo\/ -->\n<title>Eleg\u00e1ns Szilveszteri Vacsora Budapesten a Silverline haj\u00f3j\u00e1n<\/title>\n<meta name=\"description\" content=\"K\u00fcl\u00f6nleges szilveszteri vacsora Budapesten. A legjobb budapesti szilveszteri programot keresed? Szeretn\u00e9d az \u00e9v utols\u00f3 napj\u00e1t eml\u00e9kezetesen b\u00facs\u00faztatni?\" \/>\n<meta name=\"robots\" content=\"noindex, follow, max-snippet:-1, max-image-preview:large, max-video-preview:-1\" \/>\n<meta property=\"og:locale\" content=\"hu_HU\" \/>\n<meta property=\"og:type\" content=\"article\" \/>\n<meta property=\"og:title\" content=\"Eleg\u00e1ns Szilveszteri Vacsora Budapesten a Silverline haj\u00f3j\u00e1n\" \/>\n<meta property=\"og:description\" content=\"K\u00fcl\u00f6nleges szilveszteri vacsora Budapesten. A legjobb budapesti szilveszteri programot keresed? Szeretn\u00e9d az \u00e9v utols\u00f3 napj\u00e1t eml\u00e9kezetesen b\u00facs\u00faztatni?\" \/>\n<meta property=\"og:url\" content=\"https:\/\/silver24.u9o.hu\/hu\/termek\/szilveszteri-hajos-vacsora-budapesten\/\" \/>\n<meta property=\"og:site_name\" content=\"silver24 - Silverline Cruises\" \/>\n<meta property=\"article:publisher\" content=\"https:\/\/www.facebook.com\/budapestrivercruise\" \/>\n<meta property=\"article:modified_time\" content=\"2025-02-07T09:47:50+00:00\" \/>\n<meta property=\"og:image\" content=\"https:\/\/silver24.u9o.hu\/wp-content\/uploads\/2022\/05\/newyearseve-325x325_c.webp\" \/>\n\t<meta property=\"og:image:width\" content=\"325\" \/>\n\t<meta property=\"og:image:height\" content=\"325\" \/>\n\t<meta property=\"og:image:type\" content=\"image\/webp\" \/>\n<script type=\"application\/ld+json\" class=\"yoast-schema-graph\">{\"@context\":\"https:\/\/schema.org\",\"@graph\":[{\"@type\":\"WebPage\",\"@id\":\"https:\/\/silver24.u9o.hu\/hu\/termek\/szilveszteri-hajos-vacsora-budapesten\/\",\"url\":\"https:\/\/silver24.u9o.hu\/hu\/termek\/szilveszteri-hajos-vacsora-budapesten\/\",\"name\":\"Eleg\u00e1ns Szilveszteri Vacsora Budapesten a Silverline haj\u00f3j\u00e1n\",\"isPartOf\":{\"@id\":\"https:\/\/silver24.u9o.hu\/hu\/#website\"},\"primaryImageOfPage\":{\"@id\":\"https:\/\/silver24.u9o.hu\/hu\/termek\/szilveszteri-hajos-vacsora-budapesten\/#primaryimage\"},\"image\":{\"@id\":\"https:\/\/silver24.u9o.hu\/hu\/termek\/szilveszteri-hajos-vacsora-budapesten\/#primaryimage\"},\"thumbnailUrl\":\"https:\/\/silver24.u9o.hu\/wp-content\/uploads\/2022\/05\/newyearseve-325x325_c.webp\",\"datePublished\":\"2022-05-07T06:45:07+00:00\",\"dateModified\":\"2025-02-07T09:47:50+00:00\",\"description\":\"K\u00fcl\u00f6nleges szilveszteri vacsora Budapesten. A legjobb budapesti szilveszteri programot keresed? Szeretn\u00e9d az \u00e9v utols\u00f3 napj\u00e1t eml\u00e9kezetesen b\u00facs\u00faztatni?\",\"breadcrumb\":{\"@id\":\"https:\/\/silver24.u9o.hu\/hu\/termek\/szilveszteri-hajos-vacsora-budapesten\/#breadcrumb\"},\"inLanguage\":\"hu\",\"potentialAction\":[{\"@type\":\"ReadAction\",\"target\":[\"https:\/\/silver24.u9o.hu\/hu\/termek\/szilveszteri-hajos-vacsora-budapesten\/\"]}]},{\"@type\":\"ImageObject\",\"inLanguage\":\"hu\",\"@id\":\"https:\/\/silver24.u9o.hu\/hu\/termek\/szilveszteri-hajos-vacsora-budapesten\/#primaryimage\",\"url\":\"https:\/\/silver24.u9o.hu\/wp-content\/uploads\/2022\/05\/newyearseve-325x325_c.webp\",\"contentUrl\":\"https:\/\/silver24.u9o.hu\/wp-content\/uploads\/2022\/05\/newyearseve-325x325_c.webp\",\"width\":325,\"height\":325},{\"@type\":\"BreadcrumbList\",\"@id\":\"https:\/\/silver24.u9o.hu\/hu\/termek\/szilveszteri-hajos-vacsora-budapesten\/#breadcrumb\",\"itemListElement\":[{\"@type\":\"ListItem\",\"position\":1,\"name\":\"Home\",\"item\":\"https:\/\/silver24.u9o.hu\/hu\/\"},{\"@type\":\"ListItem\",\"position\":2,\"name\":\"Term\u00e9kek\",\"item\":\"https:\/\/silver24.u9o.hu\/hu\/termekek\/\"},{\"@type\":\"ListItem\",\"position\":3,\"name\":\"Szilveszteri Haj\u00f3s Vacsora Budapesten\"}]},{\"@type\":\"WebSite\",\"@id\":\"https:\/\/silver24.u9o.hu\/hu\/#website\",\"url\":\"https:\/\/silver24.u9o.hu\/hu\/\",\"name\":\"Silverline Cruises kft.\",\"description\":\"\",\"publisher\":{\"@id\":\"https:\/\/silver24.u9o.hu\/hu\/#organization\"},\"potentialAction\":[{\"@type\":\"SearchAction\",\"target\":{\"@type\":\"EntryPoint\",\"urlTemplate\":\"https:\/\/silver24.u9o.hu\/hu\/?s={search_term_string}\"},\"query-input\":{\"@type\":\"PropertyValueSpecification\",\"valueRequired\":true,\"valueName\":\"search_term_string\"}}],\"inLanguage\":\"hu\"},{\"@type\":\"Organization\",\"@id\":\"https:\/\/silver24.u9o.hu\/hu\/#organization\",\"name\":\"Silverline Cruises kft.\",\"url\":\"https:\/\/silver24.u9o.hu\/hu\/\",\"logo\":{\"@type\":\"ImageObject\",\"inLanguage\":\"hu\",\"@id\":\"https:\/\/silver24.u9o.hu\/hu\/#\/schema\/logo\/image\/\",\"url\":\"https:\/\/silver-line.hu\/wp-content\/uploads\/2022\/05\/cropped-cropped-icon-1.webp\",\"contentUrl\":\"https:\/\/silver-line.hu\/wp-content\/uploads\/2022\/05\/cropped-cropped-icon-1.webp\",\"width\":512,\"height\":512,\"caption\":\"Silverline Cruises kft.\"},\"image\":{\"@id\":\"https:\/\/silver24.u9o.hu\/hu\/#\/schema\/logo\/image\/\"},\"sameAs\":[\"https:\/\/www.facebook.com\/budapestrivercruise\"]}]}<\/script>\n<!-- \/ Yoast SEO plugin. -->","yoast_head_json":{"title":"Eleg\u00e1ns Szilveszteri Vacsora Budapesten a Silverline haj\u00f3j\u00e1n","description":"K\u00fcl\u00f6nleges szilveszteri vacsora Budapesten. A legjobb budapesti szilveszteri programot keresed? Szeretn\u00e9d az \u00e9v utols\u00f3 napj\u00e1t eml\u00e9kezetesen b\u00facs\u00faztatni?","robots":{"index":"noindex","follow":"follow","max-snippet":"max-snippet:-1","max-image-preview":"max-image-preview:large","max-video-preview":"max-video-preview:-1"},"og_locale":"hu_HU","og_type":"article","og_title":"Eleg\u00e1ns Szilveszteri Vacsora Budapesten a Silverline haj\u00f3j\u00e1n","og_description":"K\u00fcl\u00f6nleges szilveszteri vacsora Budapesten. A legjobb budapesti szilveszteri programot keresed? Szeretn\u00e9d az \u00e9v utols\u00f3 napj\u00e1t eml\u00e9kezetesen b\u00facs\u00faztatni?","og_url":"https:\/\/silver24.u9o.hu\/hu\/termek\/szilveszteri-hajos-vacsora-budapesten\/","og_site_name":"silver24 - Silverline Cruises","article_publisher":"https:\/\/www.facebook.com\/budapestrivercruise","article_modified_time":"2025-02-07T09:47:50+00:00","og_image":[{"width":325,"height":325,"url":"https:\/\/silver24.u9o.hu\/wp-content\/uploads\/2022\/05\/newyearseve-325x325_c.webp","type":"image\/webp"}],"schema":{"@context":"https:\/\/schema.org","@graph":[{"@type":"WebPage","@id":"https:\/\/silver24.u9o.hu\/hu\/termek\/szilveszteri-hajos-vacsora-budapesten\/","url":"https:\/\/silver24.u9o.hu\/hu\/termek\/szilveszteri-hajos-vacsora-budapesten\/","name":"Eleg\u00e1ns Szilveszteri Vacsora Budapesten a Silverline haj\u00f3j\u00e1n","isPartOf":{"@id":"https:\/\/silver24.u9o.hu\/hu\/#website"},"primaryImageOfPage":{"@id":"https:\/\/silver24.u9o.hu\/hu\/termek\/szilveszteri-hajos-vacsora-budapesten\/#primaryimage"},"image":{"@id":"https:\/\/silver24.u9o.hu\/hu\/termek\/szilveszteri-hajos-vacsora-budapesten\/#primaryimage"},"thumbnailUrl":"https:\/\/silver24.u9o.hu\/wp-content\/uploads\/2022\/05\/newyearseve-325x325_c.webp","datePublished":"2022-05-07T06:45:07+00:00","dateModified":"2025-02-07T09:47:50+00:00","description":"K\u00fcl\u00f6nleges szilveszteri vacsora Budapesten. A legjobb budapesti szilveszteri programot keresed? Szeretn\u00e9d az \u00e9v utols\u00f3 napj\u00e1t eml\u00e9kezetesen b\u00facs\u00faztatni?","breadcrumb":{"@id":"https:\/\/silver24.u9o.hu\/hu\/termek\/szilveszteri-hajos-vacsora-budapesten\/#breadcrumb"},"inLanguage":"hu","potentialAction":[{"@type":"ReadAction","target":["https:\/\/silver24.u9o.hu\/hu\/termek\/szilveszteri-hajos-vacsora-budapesten\/"]}]},{"@type":"ImageObject","inLanguage":"hu","@id":"https:\/\/silver24.u9o.hu\/hu\/termek\/szilveszteri-hajos-vacsora-budapesten\/#primaryimage","url":"https:\/\/silver24.u9o.hu\/wp-content\/uploads\/2022\/05\/newyearseve-325x325_c.webp","contentUrl":"https:\/\/silver24.u9o.hu\/wp-content\/uploads\/2022\/05\/newyearseve-325x325_c.webp","width":325,"height":325},{"@type":"BreadcrumbList","@id":"https:\/\/silver24.u9o.hu\/hu\/termek\/szilveszteri-hajos-vacsora-budapesten\/#breadcrumb","itemListElement":[{"@type":"ListItem","position":1,"name":"Home","item":"https:\/\/silver24.u9o.hu\/hu\/"},{"@type":"ListItem","position":2,"name":"Term\u00e9kek","item":"https:\/\/silver24.u9o.hu\/hu\/termekek\/"},{"@type":"ListItem","position":3,"name":"Szilveszteri Haj\u00f3s Vacsora Budapesten"}]},{"@type":"WebSite","@id":"https:\/\/silver24.u9o.hu\/hu\/#website","url":"https:\/\/silver24.u9o.hu\/hu\/","name":"Silverline Cruises kft.","description":"","publisher":{"@id":"https:\/\/silver24.u9o.hu\/hu\/#organization"},"potentialAction":[{"@type":"SearchAction","target":{"@type":"EntryPoint","urlTemplate":"https:\/\/silver24.u9o.hu\/hu\/?s={search_term_string}"},"query-input":{"@type":"PropertyValueSpecification","valueRequired":true,"valueName":"search_term_string"}}],"inLanguage":"hu"},{"@type":"Organization","@id":"https:\/\/silver24.u9o.hu\/hu\/#organization","name":"Silverline Cruises kft.","url":"https:\/\/silver24.u9o.hu\/hu\/","logo":{"@type":"ImageObject","inLanguage":"hu","@id":"https:\/\/silver24.u9o.hu\/hu\/#\/schema\/logo\/image\/","url":"https:\/\/silver-line.hu\/wp-content\/uploads\/2022\/05\/cropped-cropped-icon-1.webp","contentUrl":"https:\/\/silver-line.hu\/wp-content\/uploads\/2022\/05\/cropped-cropped-icon-1.webp","width":512,"height":512,"caption":"Silverline Cruises kft."},"image":{"@id":"https:\/\/silver24.u9o.hu\/hu\/#\/schema\/logo\/image\/"},"sameAs":["https:\/\/www.facebook.com\/budapestrivercruise"]}]}},"_links":{"self":[{"href":"https:\/\/silver24.u9o.hu\/hu\/wp-json\/wp\/v2\/product\/362884"}],"collection":[{"href":"https:\/\/silver24.u9o.hu\/hu\/wp-json\/wp\/v2\/product"}],"about":[{"href":"https:\/\/silver24.u9o.hu\/hu\/wp-json\/wp\/v2\/types\/product"}],"wp:featuredmedia":[{"embeddable":true,"href":"https:\/\/silver24.u9o.hu\/hu\/wp-json\/wp\/v2\/media\/362226"}],"wp:attachment":[{"href":"https:\/\/silver24.u9o.hu\/hu\/wp-json\/wp\/v2\/media?parent=362884"}],"wp:term":[{"taxonomy":"product_cat","embeddable":true,"href":"https:\/\/silver24.u9o.hu\/hu\/wp-json\/wp\/v2\/product_cat?post=362884"},{"taxonomy":"product_tag","embeddable":true,"href":"https:\/\/silver24.u9o.hu\/hu\/wp-json\/wp\/v2\/product_tag?post=362884"}],"curies":[{"name":"wp","href":"https:\/\/api.w.org\/{rel}","templated":true}]}}