{"id":362874,"date":"2022-05-07T07:42:25","date_gmt":"2022-05-07T06:42:25","guid":{"rendered":"https:\/\/silver-line.hu\/?post_type=product&#038;p=362874"},"modified":"2025-02-07T10:47:44","modified_gmt":"2025-02-07T09:47:44","slug":"karacsonyi-vacsora-luxus-katamaranon","status":"publish","type":"product","link":"https:\/\/silver24.u9o.hu\/hu\/termek\/karacsonyi-vacsora-luxus-katamaranon\/","title":{"rendered":"Kar\u00e1csonyi Haj\u00f3s Vacsora a Dun\u00e1n"},"content":{"rendered":"","protected":false},"excerpt":{"rendered":"<p>\u00dcnnepeljen vel\u00fcnk Decemberben is! T\u00f6lts\u00f6n vel\u00fcnk egy fantasztikus Kar\u00e1csonyi Vacsor\u00e1t 24-\u00e9n vagy 25-\u00e9n este!<\/p>\n<p><a style=\"color: red;\" href=\"https:\/\/silver-line.hu\/hu\/termek\/karacsonyi-hajos-vacsora-a-dunan-gyerekjegy\/\">Gyermekjegy (4-12 \u00e9ves kor k\u00f6z\u00f6tt) v\u00e1s\u00e1rl\u00e1s\u00e1hoz kattintson ide<\/a><\/p>\n","protected":false},"featured_media":1042352,"template":"","meta":[],"product_cat":[75,74],"product_tag":[],"yoast_head":"<!-- This site is optimized with the Yoast SEO plugin v23.9 - https:\/\/yoast.com\/wordpress\/plugins\/seo\/ -->\n<title>Kar\u00e1csonyi vacsora Budapest egyik legszebb haj\u00f3j\u00e1n<\/title>\n<meta name=\"description\" content=\"Kar\u00e1csonyi vacsora Budapest egyik legszebb haj\u00f3j\u00e1n, a Silverline Cruises luxus katamar\u00e1nj\u00e1nak fed\u00e9lzet\u00e9n. Jegyek korl\u00e1tozott sz\u00e1mban!\" \/>\n<meta name=\"robots\" content=\"noindex, follow, max-snippet:-1, max-image-preview:large, max-video-preview:-1\" \/>\n<meta property=\"og:locale\" content=\"hu_HU\" \/>\n<meta property=\"og:type\" content=\"article\" \/>\n<meta property=\"og:title\" content=\"Kar\u00e1csonyi vacsora Budapest egyik legszebb haj\u00f3j\u00e1n\" \/>\n<meta property=\"og:description\" content=\"Kar\u00e1csonyi vacsora Budapest egyik legszebb haj\u00f3j\u00e1n, a Silverline Cruises luxus katamar\u00e1nj\u00e1nak fed\u00e9lzet\u00e9n. Jegyek korl\u00e1tozott sz\u00e1mban!\" \/>\n<meta property=\"og:url\" content=\"https:\/\/silver24.u9o.hu\/hu\/termek\/karacsonyi-vacsora-luxus-katamaranon\/\" \/>\n<meta property=\"og:site_name\" content=\"silver24 - Silverline Cruises\" \/>\n<meta property=\"article:publisher\" content=\"https:\/\/www.facebook.com\/budapestrivercruise\" \/>\n<meta property=\"article:modified_time\" content=\"2025-02-07T09:47:44+00:00\" \/>\n<meta property=\"og:image\" content=\"https:\/\/silver24.u9o.hu\/wp-content\/uploads\/2022\/05\/merry-christmas-1.jpg\" \/>\n\t<meta property=\"og:image:width\" content=\"788\" \/>\n\t<meta property=\"og:image:height\" content=\"788\" \/>\n\t<meta property=\"og:image:type\" content=\"image\/jpeg\" \/>\n<script type=\"application\/ld+json\" class=\"yoast-schema-graph\">{\"@context\":\"https:\/\/schema.org\",\"@graph\":[{\"@type\":\"WebPage\",\"@id\":\"https:\/\/silver24.u9o.hu\/hu\/termek\/karacsonyi-vacsora-luxus-katamaranon\/\",\"url\":\"https:\/\/silver24.u9o.hu\/hu\/termek\/karacsonyi-vacsora-luxus-katamaranon\/\",\"name\":\"Kar\u00e1csonyi vacsora Budapest egyik legszebb haj\u00f3j\u00e1n\",\"isPartOf\":{\"@id\":\"https:\/\/silver24.u9o.hu\/hu\/#website\"},\"primaryImageOfPage\":{\"@id\":\"https:\/\/silver24.u9o.hu\/hu\/termek\/karacsonyi-vacsora-luxus-katamaranon\/#primaryimage\"},\"image\":{\"@id\":\"https:\/\/silver24.u9o.hu\/hu\/termek\/karacsonyi-vacsora-luxus-katamaranon\/#primaryimage\"},\"thumbnailUrl\":\"https:\/\/silver24.u9o.hu\/wp-content\/uploads\/2022\/05\/merry-christmas-1.jpg\",\"datePublished\":\"2022-05-07T06:42:25+00:00\",\"dateModified\":\"2025-02-07T09:47:44+00:00\",\"description\":\"Kar\u00e1csonyi vacsora Budapest egyik legszebb haj\u00f3j\u00e1n, a Silverline Cruises luxus katamar\u00e1nj\u00e1nak fed\u00e9lzet\u00e9n. Jegyek korl\u00e1tozott sz\u00e1mban!\",\"breadcrumb\":{\"@id\":\"https:\/\/silver24.u9o.hu\/hu\/termek\/karacsonyi-vacsora-luxus-katamaranon\/#breadcrumb\"},\"inLanguage\":\"hu\",\"potentialAction\":[{\"@type\":\"ReadAction\",\"target\":[\"https:\/\/silver24.u9o.hu\/hu\/termek\/karacsonyi-vacsora-luxus-katamaranon\/\"]}]},{\"@type\":\"ImageObject\",\"inLanguage\":\"hu\",\"@id\":\"https:\/\/silver24.u9o.hu\/hu\/termek\/karacsonyi-vacsora-luxus-katamaranon\/#primaryimage\",\"url\":\"https:\/\/silver24.u9o.hu\/wp-content\/uploads\/2022\/05\/merry-christmas-1.jpg\",\"contentUrl\":\"https:\/\/silver24.u9o.hu\/wp-content\/uploads\/2022\/05\/merry-christmas-1.jpg\",\"width\":788,\"height\":788},{\"@type\":\"BreadcrumbList\",\"@id\":\"https:\/\/silver24.u9o.hu\/hu\/termek\/karacsonyi-vacsora-luxus-katamaranon\/#breadcrumb\",\"itemListElement\":[{\"@type\":\"ListItem\",\"position\":1,\"name\":\"Home\",\"item\":\"https:\/\/silver24.u9o.hu\/hu\/\"},{\"@type\":\"ListItem\",\"position\":2,\"name\":\"Term\u00e9kek\",\"item\":\"https:\/\/silver24.u9o.hu\/hu\/termekek\/\"},{\"@type\":\"ListItem\",\"position\":3,\"name\":\"Kar\u00e1csonyi Haj\u00f3s Vacsora a Dun\u00e1n\"}]},{\"@type\":\"WebSite\",\"@id\":\"https:\/\/silver24.u9o.hu\/hu\/#website\",\"url\":\"https:\/\/silver24.u9o.hu\/hu\/\",\"name\":\"Silverline Cruises kft.\",\"description\":\"\",\"publisher\":{\"@id\":\"https:\/\/silver24.u9o.hu\/hu\/#organization\"},\"potentialAction\":[{\"@type\":\"SearchAction\",\"target\":{\"@type\":\"EntryPoint\",\"urlTemplate\":\"https:\/\/silver24.u9o.hu\/hu\/?s={search_term_string}\"},\"query-input\":{\"@type\":\"PropertyValueSpecification\",\"valueRequired\":true,\"valueName\":\"search_term_string\"}}],\"inLanguage\":\"hu\"},{\"@type\":\"Organization\",\"@id\":\"https:\/\/silver24.u9o.hu\/hu\/#organization\",\"name\":\"Silverline Cruises kft.\",\"url\":\"https:\/\/silver24.u9o.hu\/hu\/\",\"logo\":{\"@type\":\"ImageObject\",\"inLanguage\":\"hu\",\"@id\":\"https:\/\/silver24.u9o.hu\/hu\/#\/schema\/logo\/image\/\",\"url\":\"https:\/\/silver-line.hu\/wp-content\/uploads\/2022\/05\/cropped-cropped-icon-1.webp\",\"contentUrl\":\"https:\/\/silver-line.hu\/wp-content\/uploads\/2022\/05\/cropped-cropped-icon-1.webp\",\"width\":512,\"height\":512,\"caption\":\"Silverline Cruises kft.\"},\"image\":{\"@id\":\"https:\/\/silver24.u9o.hu\/hu\/#\/schema\/logo\/image\/\"},\"sameAs\":[\"https:\/\/www.facebook.com\/budapestrivercruise\"]}]}<\/script>\n<!-- \/ Yoast SEO plugin. -->","yoast_head_json":{"title":"Kar\u00e1csonyi vacsora Budapest egyik legszebb haj\u00f3j\u00e1n","description":"Kar\u00e1csonyi vacsora Budapest egyik legszebb haj\u00f3j\u00e1n, a Silverline Cruises luxus katamar\u00e1nj\u00e1nak fed\u00e9lzet\u00e9n. Jegyek korl\u00e1tozott sz\u00e1mban!","robots":{"index":"noindex","follow":"follow","max-snippet":"max-snippet:-1","max-image-preview":"max-image-preview:large","max-video-preview":"max-video-preview:-1"},"og_locale":"hu_HU","og_type":"article","og_title":"Kar\u00e1csonyi vacsora Budapest egyik legszebb haj\u00f3j\u00e1n","og_description":"Kar\u00e1csonyi vacsora Budapest egyik legszebb haj\u00f3j\u00e1n, a Silverline Cruises luxus katamar\u00e1nj\u00e1nak fed\u00e9lzet\u00e9n. Jegyek korl\u00e1tozott sz\u00e1mban!","og_url":"https:\/\/silver24.u9o.hu\/hu\/termek\/karacsonyi-vacsora-luxus-katamaranon\/","og_site_name":"silver24 - Silverline Cruises","article_publisher":"https:\/\/www.facebook.com\/budapestrivercruise","article_modified_time":"2025-02-07T09:47:44+00:00","og_image":[{"width":788,"height":788,"url":"https:\/\/silver24.u9o.hu\/wp-content\/uploads\/2022\/05\/merry-christmas-1.jpg","type":"image\/jpeg"}],"schema":{"@context":"https:\/\/schema.org","@graph":[{"@type":"WebPage","@id":"https:\/\/silver24.u9o.hu\/hu\/termek\/karacsonyi-vacsora-luxus-katamaranon\/","url":"https:\/\/silver24.u9o.hu\/hu\/termek\/karacsonyi-vacsora-luxus-katamaranon\/","name":"Kar\u00e1csonyi vacsora Budapest egyik legszebb haj\u00f3j\u00e1n","isPartOf":{"@id":"https:\/\/silver24.u9o.hu\/hu\/#website"},"primaryImageOfPage":{"@id":"https:\/\/silver24.u9o.hu\/hu\/termek\/karacsonyi-vacsora-luxus-katamaranon\/#primaryimage"},"image":{"@id":"https:\/\/silver24.u9o.hu\/hu\/termek\/karacsonyi-vacsora-luxus-katamaranon\/#primaryimage"},"thumbnailUrl":"https:\/\/silver24.u9o.hu\/wp-content\/uploads\/2022\/05\/merry-christmas-1.jpg","datePublished":"2022-05-07T06:42:25+00:00","dateModified":"2025-02-07T09:47:44+00:00","description":"Kar\u00e1csonyi vacsora Budapest egyik legszebb haj\u00f3j\u00e1n, a Silverline Cruises luxus katamar\u00e1nj\u00e1nak fed\u00e9lzet\u00e9n. Jegyek korl\u00e1tozott sz\u00e1mban!","breadcrumb":{"@id":"https:\/\/silver24.u9o.hu\/hu\/termek\/karacsonyi-vacsora-luxus-katamaranon\/#breadcrumb"},"inLanguage":"hu","potentialAction":[{"@type":"ReadAction","target":["https:\/\/silver24.u9o.hu\/hu\/termek\/karacsonyi-vacsora-luxus-katamaranon\/"]}]},{"@type":"ImageObject","inLanguage":"hu","@id":"https:\/\/silver24.u9o.hu\/hu\/termek\/karacsonyi-vacsora-luxus-katamaranon\/#primaryimage","url":"https:\/\/silver24.u9o.hu\/wp-content\/uploads\/2022\/05\/merry-christmas-1.jpg","contentUrl":"https:\/\/silver24.u9o.hu\/wp-content\/uploads\/2022\/05\/merry-christmas-1.jpg","width":788,"height":788},{"@type":"BreadcrumbList","@id":"https:\/\/silver24.u9o.hu\/hu\/termek\/karacsonyi-vacsora-luxus-katamaranon\/#breadcrumb","itemListElement":[{"@type":"ListItem","position":1,"name":"Home","item":"https:\/\/silver24.u9o.hu\/hu\/"},{"@type":"ListItem","position":2,"name":"Term\u00e9kek","item":"https:\/\/silver24.u9o.hu\/hu\/termekek\/"},{"@type":"ListItem","position":3,"name":"Kar\u00e1csonyi Haj\u00f3s Vacsora a Dun\u00e1n"}]},{"@type":"WebSite","@id":"https:\/\/silver24.u9o.hu\/hu\/#website","url":"https:\/\/silver24.u9o.hu\/hu\/","name":"Silverline Cruises kft.","description":"","publisher":{"@id":"https:\/\/silver24.u9o.hu\/hu\/#organization"},"potentialAction":[{"@type":"SearchAction","target":{"@type":"EntryPoint","urlTemplate":"https:\/\/silver24.u9o.hu\/hu\/?s={search_term_string}"},"query-input":{"@type":"PropertyValueSpecification","valueRequired":true,"valueName":"search_term_string"}}],"inLanguage":"hu"},{"@type":"Organization","@id":"https:\/\/silver24.u9o.hu\/hu\/#organization","name":"Silverline Cruises kft.","url":"https:\/\/silver24.u9o.hu\/hu\/","logo":{"@type":"ImageObject","inLanguage":"hu","@id":"https:\/\/silver24.u9o.hu\/hu\/#\/schema\/logo\/image\/","url":"https:\/\/silver-line.hu\/wp-content\/uploads\/2022\/05\/cropped-cropped-icon-1.webp","contentUrl":"https:\/\/silver-line.hu\/wp-content\/uploads\/2022\/05\/cropped-cropped-icon-1.webp","width":512,"height":512,"caption":"Silverline Cruises kft."},"image":{"@id":"https:\/\/silver24.u9o.hu\/hu\/#\/schema\/logo\/image\/"},"sameAs":["https:\/\/www.facebook.com\/budapestrivercruise"]}]}},"_links":{"self":[{"href":"https:\/\/silver24.u9o.hu\/hu\/wp-json\/wp\/v2\/product\/362874"}],"collection":[{"href":"https:\/\/silver24.u9o.hu\/hu\/wp-json\/wp\/v2\/product"}],"about":[{"href":"https:\/\/silver24.u9o.hu\/hu\/wp-json\/wp\/v2\/types\/product"}],"wp:featuredmedia":[{"embeddable":true,"href":"https:\/\/silver24.u9o.hu\/hu\/wp-json\/wp\/v2\/media\/1042352"}],"wp:attachment":[{"href":"https:\/\/silver24.u9o.hu\/hu\/wp-json\/wp\/v2\/media?parent=362874"}],"wp:term":[{"taxonomy":"product_cat","embeddable":true,"href":"https:\/\/silver24.u9o.hu\/hu\/wp-json\/wp\/v2\/product_cat?post=362874"},{"taxonomy":"product_tag","embeddable":true,"href":"https:\/\/silver24.u9o.hu\/hu\/wp-json\/wp\/v2\/product_tag?post=362874"}],"curies":[{"name":"wp","href":"https:\/\/api.w.org\/{rel}","templated":true}]}}