{"id":362818,"date":"2022-05-07T05:05:42","date_gmt":"2022-05-07T04:05:42","guid":{"rendered":"https:\/\/silver-line.hu\/?post_type=product&#038;p=362818"},"modified":"2025-05-29T08:14:02","modified_gmt":"2025-05-29T07:14:02","slug":"hajos-vacsora-es-zongoraest","status":"publish","type":"product","link":"https:\/\/silver24.u9o.hu\/hu\/termek\/hajos-vacsora-es-zongoraest\/","title":{"rendered":"Haj\u00f3s vacsora \u00e9s zongoraest"},"content":{"rendered":"","protected":false},"excerpt":{"rendered":"<p>Haj\u00f3s vacsora Budapesten! Romantikus k\u00f6rnyezet, \u00e9l\u0151 zenei el\u0151ad\u00e1s! Kell enn\u00e9l t\u00f6bb?<\/p>\n","protected":false},"featured_media":1398012,"template":"","meta":[],"product_cat":[75,117],"product_tag":[],"yoast_head":"<!-- This site is optimized with the Yoast SEO plugin v23.9 - https:\/\/yoast.com\/wordpress\/plugins\/seo\/ -->\n<title>Haj\u00f3s vacsora \u00e9s zongoraest - silver24 - Silverline Cruises<\/title>\n<meta name=\"description\" content=\"T\u00f6lts el egy romantikus haj\u00f3s vacsor\u00e1t luxus katamar\u00e1nunkon! A felh\u0151tlen sz\u00f3rakoz\u00e1sr\u00f3l k\u00e9t tehets\u00e9ges zongorista \u00e9s egy elb\u0171v\u00f6l\u0151 \u00e9nekesn\u0151 gondoskodik.\" \/>\n<meta name=\"robots\" content=\"noindex, follow, max-snippet:-1, max-image-preview:large, max-video-preview:-1\" \/>\n<meta property=\"og:locale\" content=\"hu_HU\" \/>\n<meta property=\"og:type\" content=\"article\" \/>\n<meta property=\"og:title\" content=\"Haj\u00f3s vacsora \u00e9s zongoraest - silver24 - Silverline Cruises\" \/>\n<meta property=\"og:description\" content=\"T\u00f6lts el egy romantikus haj\u00f3s vacsor\u00e1t luxus katamar\u00e1nunkon! A felh\u0151tlen sz\u00f3rakoz\u00e1sr\u00f3l k\u00e9t tehets\u00e9ges zongorista \u00e9s egy elb\u0171v\u00f6l\u0151 \u00e9nekesn\u0151 gondoskodik.\" \/>\n<meta property=\"og:url\" content=\"https:\/\/silver24.u9o.hu\/hu\/termek\/hajos-vacsora-es-zongoraest\/\" \/>\n<meta property=\"og:site_name\" content=\"silver24 - Silverline Cruises\" \/>\n<meta property=\"article:publisher\" content=\"https:\/\/www.facebook.com\/budapestrivercruise\" \/>\n<meta property=\"article:modified_time\" content=\"2025-05-29T07:14:02+00:00\" \/>\n<meta property=\"og:image\" content=\"https:\/\/silver24.u9o.hu\/wp-content\/uploads\/2022\/05\/Boat-tour-budapest.jpg\" \/>\n\t<meta property=\"og:image:width\" content=\"600\" \/>\n\t<meta property=\"og:image:height\" content=\"600\" \/>\n\t<meta property=\"og:image:type\" content=\"image\/jpeg\" \/>\n<script type=\"application\/ld+json\" class=\"yoast-schema-graph\">{\"@context\":\"https:\/\/schema.org\",\"@graph\":[{\"@type\":\"WebPage\",\"@id\":\"https:\/\/silver24.u9o.hu\/hu\/termek\/hajos-vacsora-es-zongoraest\/\",\"url\":\"https:\/\/silver24.u9o.hu\/hu\/termek\/hajos-vacsora-es-zongoraest\/\",\"name\":\"Haj\u00f3s vacsora \u00e9s zongoraest - silver24 - Silverline Cruises\",\"isPartOf\":{\"@id\":\"https:\/\/silver24.u9o.hu\/hu\/#website\"},\"primaryImageOfPage\":{\"@id\":\"https:\/\/silver24.u9o.hu\/hu\/termek\/hajos-vacsora-es-zongoraest\/#primaryimage\"},\"image\":{\"@id\":\"https:\/\/silver24.u9o.hu\/hu\/termek\/hajos-vacsora-es-zongoraest\/#primaryimage\"},\"thumbnailUrl\":\"https:\/\/silver24.u9o.hu\/wp-content\/uploads\/2022\/05\/Boat-tour-budapest.jpg\",\"datePublished\":\"2022-05-07T04:05:42+00:00\",\"dateModified\":\"2025-05-29T07:14:02+00:00\",\"description\":\"T\u00f6lts el egy romantikus haj\u00f3s vacsor\u00e1t luxus katamar\u00e1nunkon! A felh\u0151tlen sz\u00f3rakoz\u00e1sr\u00f3l k\u00e9t tehets\u00e9ges zongorista \u00e9s egy elb\u0171v\u00f6l\u0151 \u00e9nekesn\u0151 gondoskodik.\",\"breadcrumb\":{\"@id\":\"https:\/\/silver24.u9o.hu\/hu\/termek\/hajos-vacsora-es-zongoraest\/#breadcrumb\"},\"inLanguage\":\"hu\",\"potentialAction\":[{\"@type\":\"ReadAction\",\"target\":[\"https:\/\/silver24.u9o.hu\/hu\/termek\/hajos-vacsora-es-zongoraest\/\"]}]},{\"@type\":\"ImageObject\",\"inLanguage\":\"hu\",\"@id\":\"https:\/\/silver24.u9o.hu\/hu\/termek\/hajos-vacsora-es-zongoraest\/#primaryimage\",\"url\":\"https:\/\/silver24.u9o.hu\/wp-content\/uploads\/2022\/05\/Boat-tour-budapest.jpg\",\"contentUrl\":\"https:\/\/silver24.u9o.hu\/wp-content\/uploads\/2022\/05\/Boat-tour-budapest.jpg\",\"width\":600,\"height\":600,\"caption\":\"Boat tour budapest\"},{\"@type\":\"BreadcrumbList\",\"@id\":\"https:\/\/silver24.u9o.hu\/hu\/termek\/hajos-vacsora-es-zongoraest\/#breadcrumb\",\"itemListElement\":[{\"@type\":\"ListItem\",\"position\":1,\"name\":\"Home\",\"item\":\"https:\/\/silver24.u9o.hu\/hu\/\"},{\"@type\":\"ListItem\",\"position\":2,\"name\":\"Term\u00e9kek\",\"item\":\"https:\/\/silver24.u9o.hu\/hu\/termekek\/\"},{\"@type\":\"ListItem\",\"position\":3,\"name\":\"Haj\u00f3s vacsora \u00e9s zongoraest\"}]},{\"@type\":\"WebSite\",\"@id\":\"https:\/\/silver24.u9o.hu\/hu\/#website\",\"url\":\"https:\/\/silver24.u9o.hu\/hu\/\",\"name\":\"Silverline Cruises kft.\",\"description\":\"\",\"publisher\":{\"@id\":\"https:\/\/silver24.u9o.hu\/hu\/#organization\"},\"potentialAction\":[{\"@type\":\"SearchAction\",\"target\":{\"@type\":\"EntryPoint\",\"urlTemplate\":\"https:\/\/silver24.u9o.hu\/hu\/?s={search_term_string}\"},\"query-input\":{\"@type\":\"PropertyValueSpecification\",\"valueRequired\":true,\"valueName\":\"search_term_string\"}}],\"inLanguage\":\"hu\"},{\"@type\":\"Organization\",\"@id\":\"https:\/\/silver24.u9o.hu\/hu\/#organization\",\"name\":\"Silverline Cruises kft.\",\"url\":\"https:\/\/silver24.u9o.hu\/hu\/\",\"logo\":{\"@type\":\"ImageObject\",\"inLanguage\":\"hu\",\"@id\":\"https:\/\/silver24.u9o.hu\/hu\/#\/schema\/logo\/image\/\",\"url\":\"https:\/\/silver-line.hu\/wp-content\/uploads\/2022\/05\/cropped-cropped-icon-1.webp\",\"contentUrl\":\"https:\/\/silver-line.hu\/wp-content\/uploads\/2022\/05\/cropped-cropped-icon-1.webp\",\"width\":512,\"height\":512,\"caption\":\"Silverline Cruises kft.\"},\"image\":{\"@id\":\"https:\/\/silver24.u9o.hu\/hu\/#\/schema\/logo\/image\/\"},\"sameAs\":[\"https:\/\/www.facebook.com\/budapestrivercruise\"]}]}<\/script>\n<!-- \/ Yoast SEO plugin. -->","yoast_head_json":{"title":"Haj\u00f3s vacsora \u00e9s zongoraest - silver24 - Silverline Cruises","description":"T\u00f6lts el egy romantikus haj\u00f3s vacsor\u00e1t luxus katamar\u00e1nunkon! A felh\u0151tlen sz\u00f3rakoz\u00e1sr\u00f3l k\u00e9t tehets\u00e9ges zongorista \u00e9s egy elb\u0171v\u00f6l\u0151 \u00e9nekesn\u0151 gondoskodik.","robots":{"index":"noindex","follow":"follow","max-snippet":"max-snippet:-1","max-image-preview":"max-image-preview:large","max-video-preview":"max-video-preview:-1"},"og_locale":"hu_HU","og_type":"article","og_title":"Haj\u00f3s vacsora \u00e9s zongoraest - silver24 - Silverline Cruises","og_description":"T\u00f6lts el egy romantikus haj\u00f3s vacsor\u00e1t luxus katamar\u00e1nunkon! A felh\u0151tlen sz\u00f3rakoz\u00e1sr\u00f3l k\u00e9t tehets\u00e9ges zongorista \u00e9s egy elb\u0171v\u00f6l\u0151 \u00e9nekesn\u0151 gondoskodik.","og_url":"https:\/\/silver24.u9o.hu\/hu\/termek\/hajos-vacsora-es-zongoraest\/","og_site_name":"silver24 - Silverline Cruises","article_publisher":"https:\/\/www.facebook.com\/budapestrivercruise","article_modified_time":"2025-05-29T07:14:02+00:00","og_image":[{"width":600,"height":600,"url":"https:\/\/silver24.u9o.hu\/wp-content\/uploads\/2022\/05\/Boat-tour-budapest.jpg","type":"image\/jpeg"}],"schema":{"@context":"https:\/\/schema.org","@graph":[{"@type":"WebPage","@id":"https:\/\/silver24.u9o.hu\/hu\/termek\/hajos-vacsora-es-zongoraest\/","url":"https:\/\/silver24.u9o.hu\/hu\/termek\/hajos-vacsora-es-zongoraest\/","name":"Haj\u00f3s vacsora \u00e9s zongoraest - silver24 - Silverline Cruises","isPartOf":{"@id":"https:\/\/silver24.u9o.hu\/hu\/#website"},"primaryImageOfPage":{"@id":"https:\/\/silver24.u9o.hu\/hu\/termek\/hajos-vacsora-es-zongoraest\/#primaryimage"},"image":{"@id":"https:\/\/silver24.u9o.hu\/hu\/termek\/hajos-vacsora-es-zongoraest\/#primaryimage"},"thumbnailUrl":"https:\/\/silver24.u9o.hu\/wp-content\/uploads\/2022\/05\/Boat-tour-budapest.jpg","datePublished":"2022-05-07T04:05:42+00:00","dateModified":"2025-05-29T07:14:02+00:00","description":"T\u00f6lts el egy romantikus haj\u00f3s vacsor\u00e1t luxus katamar\u00e1nunkon! A felh\u0151tlen sz\u00f3rakoz\u00e1sr\u00f3l k\u00e9t tehets\u00e9ges zongorista \u00e9s egy elb\u0171v\u00f6l\u0151 \u00e9nekesn\u0151 gondoskodik.","breadcrumb":{"@id":"https:\/\/silver24.u9o.hu\/hu\/termek\/hajos-vacsora-es-zongoraest\/#breadcrumb"},"inLanguage":"hu","potentialAction":[{"@type":"ReadAction","target":["https:\/\/silver24.u9o.hu\/hu\/termek\/hajos-vacsora-es-zongoraest\/"]}]},{"@type":"ImageObject","inLanguage":"hu","@id":"https:\/\/silver24.u9o.hu\/hu\/termek\/hajos-vacsora-es-zongoraest\/#primaryimage","url":"https:\/\/silver24.u9o.hu\/wp-content\/uploads\/2022\/05\/Boat-tour-budapest.jpg","contentUrl":"https:\/\/silver24.u9o.hu\/wp-content\/uploads\/2022\/05\/Boat-tour-budapest.jpg","width":600,"height":600,"caption":"Boat tour budapest"},{"@type":"BreadcrumbList","@id":"https:\/\/silver24.u9o.hu\/hu\/termek\/hajos-vacsora-es-zongoraest\/#breadcrumb","itemListElement":[{"@type":"ListItem","position":1,"name":"Home","item":"https:\/\/silver24.u9o.hu\/hu\/"},{"@type":"ListItem","position":2,"name":"Term\u00e9kek","item":"https:\/\/silver24.u9o.hu\/hu\/termekek\/"},{"@type":"ListItem","position":3,"name":"Haj\u00f3s vacsora \u00e9s zongoraest"}]},{"@type":"WebSite","@id":"https:\/\/silver24.u9o.hu\/hu\/#website","url":"https:\/\/silver24.u9o.hu\/hu\/","name":"Silverline Cruises kft.","description":"","publisher":{"@id":"https:\/\/silver24.u9o.hu\/hu\/#organization"},"potentialAction":[{"@type":"SearchAction","target":{"@type":"EntryPoint","urlTemplate":"https:\/\/silver24.u9o.hu\/hu\/?s={search_term_string}"},"query-input":{"@type":"PropertyValueSpecification","valueRequired":true,"valueName":"search_term_string"}}],"inLanguage":"hu"},{"@type":"Organization","@id":"https:\/\/silver24.u9o.hu\/hu\/#organization","name":"Silverline Cruises kft.","url":"https:\/\/silver24.u9o.hu\/hu\/","logo":{"@type":"ImageObject","inLanguage":"hu","@id":"https:\/\/silver24.u9o.hu\/hu\/#\/schema\/logo\/image\/","url":"https:\/\/silver-line.hu\/wp-content\/uploads\/2022\/05\/cropped-cropped-icon-1.webp","contentUrl":"https:\/\/silver-line.hu\/wp-content\/uploads\/2022\/05\/cropped-cropped-icon-1.webp","width":512,"height":512,"caption":"Silverline Cruises kft."},"image":{"@id":"https:\/\/silver24.u9o.hu\/hu\/#\/schema\/logo\/image\/"},"sameAs":["https:\/\/www.facebook.com\/budapestrivercruise"]}]}},"_links":{"self":[{"href":"https:\/\/silver24.u9o.hu\/hu\/wp-json\/wp\/v2\/product\/362818"}],"collection":[{"href":"https:\/\/silver24.u9o.hu\/hu\/wp-json\/wp\/v2\/product"}],"about":[{"href":"https:\/\/silver24.u9o.hu\/hu\/wp-json\/wp\/v2\/types\/product"}],"wp:featuredmedia":[{"embeddable":true,"href":"https:\/\/silver24.u9o.hu\/hu\/wp-json\/wp\/v2\/media\/1398012"}],"wp:attachment":[{"href":"https:\/\/silver24.u9o.hu\/hu\/wp-json\/wp\/v2\/media?parent=362818"}],"wp:term":[{"taxonomy":"product_cat","embeddable":true,"href":"https:\/\/silver24.u9o.hu\/hu\/wp-json\/wp\/v2\/product_cat?post=362818"},{"taxonomy":"product_tag","embeddable":true,"href":"https:\/\/silver24.u9o.hu\/hu\/wp-json\/wp\/v2\/product_tag?post=362818"}],"curies":[{"name":"wp","href":"https:\/\/api.w.org\/{rel}","templated":true}]}}