{"id":1455254,"date":"2025-05-16T19:00:57","date_gmt":"2025-05-16T18:00:57","guid":{"rendered":"https:\/\/silver-line.hu\/?post_type=product&#038;p=1455254"},"modified":"2025-06-03T08:59:32","modified_gmt":"2025-06-03T07:59:32","slug":"budai-varosnezes","status":"publish","type":"product","link":"https:\/\/silver24.u9o.hu\/hu\/termek\/budai-varosnezes\/","title":{"rendered":"SKIP THE LINE \u2013 Budai v\u00e1rosn\u00e9z\u0151 k\u00f6r\u00fat"},"content":{"rendered":"","protected":false},"excerpt":{"rendered":"<p>Tapasztalja meg Budapest sz\u00e9ps\u00e9g\u00e9t egy dunai haj\u00f3\u00faton a b\u00e9k\u00e9s budai oldalr\u00f3l indul\u00f3 els\u0151bbs\u00e9gi besz\u00e1ll\u00e1ssal.<\/p>\n<p><strong><span style=\"color: green;\">Az \u00e1rak a napszakt\u00f3l \u00e9s a h\u00e9t napj\u00e1t\u00f3l f\u00fcgg\u0151en v\u00e1ltoznak<\/span><\/strong><\/p>\n","protected":false},"featured_media":1455649,"template":"","meta":[],"product_cat":[73],"product_tag":[],"yoast_head":"<!-- This site is optimized with the Yoast SEO plugin v23.9 - https:\/\/yoast.com\/wordpress\/plugins\/seo\/ -->\n<title>SKIP THE LINE \u2013 Budai v\u00e1rosn\u00e9z\u0151 k\u00f6r\u00fat - silver24 - Silverline Cruises<\/title>\n<meta name=\"description\" content=\"Pihenjen a Dun\u00e1n! Budai indul\u00e1s, els\u0151bbs\u00e9gi besz\u00e1ll\u00e1s, leny\u0171g\u00f6z\u0151 kil\u00e1t\u00e1s Budapestre.\" \/>\n<meta name=\"robots\" content=\"noindex, nofollow\" \/>\n<meta property=\"og:locale\" content=\"hu_HU\" \/>\n<meta property=\"og:type\" content=\"article\" \/>\n<meta property=\"og:title\" content=\"SKIP THE LINE \u2013 Budai v\u00e1rosn\u00e9z\u0151 k\u00f6r\u00fat - silver24 - Silverline Cruises\" \/>\n<meta property=\"og:description\" content=\"Pihenjen a Dun\u00e1n! Budai indul\u00e1s, els\u0151bbs\u00e9gi besz\u00e1ll\u00e1s, leny\u0171g\u00f6z\u0151 kil\u00e1t\u00e1s Budapestre.\" \/>\n<meta property=\"og:url\" content=\"https:\/\/silver24.u9o.hu\/hu\/termek\/budai-varosnezes\/\" \/>\n<meta property=\"og:site_name\" content=\"silver24 - Silverline Cruises\" \/>\n<meta property=\"article:publisher\" content=\"https:\/\/www.facebook.com\/budapestrivercruise\" \/>\n<meta property=\"article:modified_time\" content=\"2025-06-03T07:59:32+00:00\" \/>\n<meta property=\"og:image\" content=\"https:\/\/silver24.u9o.hu\/wp-content\/uploads\/2025\/05\/zinuru.jpg\" \/>\n\t<meta property=\"og:image:width\" content=\"790\" \/>\n\t<meta property=\"og:image:height\" content=\"790\" \/>\n\t<meta property=\"og:image:type\" content=\"image\/jpeg\" \/>\n<script type=\"application\/ld+json\" class=\"yoast-schema-graph\">{\"@context\":\"https:\/\/schema.org\",\"@graph\":[{\"@type\":\"WebPage\",\"@id\":\"https:\/\/silver24.u9o.hu\/hu\/termek\/budai-varosnezes\/\",\"url\":\"https:\/\/silver24.u9o.hu\/hu\/termek\/budai-varosnezes\/\",\"name\":\"SKIP THE LINE \u2013 Budai v\u00e1rosn\u00e9z\u0151 k\u00f6r\u00fat - silver24 - Silverline Cruises\",\"isPartOf\":{\"@id\":\"https:\/\/silver24.u9o.hu\/hu\/#website\"},\"primaryImageOfPage\":{\"@id\":\"https:\/\/silver24.u9o.hu\/hu\/termek\/budai-varosnezes\/#primaryimage\"},\"image\":{\"@id\":\"https:\/\/silver24.u9o.hu\/hu\/termek\/budai-varosnezes\/#primaryimage\"},\"thumbnailUrl\":\"https:\/\/silver24.u9o.hu\/wp-content\/uploads\/2025\/05\/zinuru.jpg\",\"datePublished\":\"2025-05-16T18:00:57+00:00\",\"dateModified\":\"2025-06-03T07:59:32+00:00\",\"description\":\"Pihenjen a Dun\u00e1n! Budai indul\u00e1s, els\u0151bbs\u00e9gi besz\u00e1ll\u00e1s, leny\u0171g\u00f6z\u0151 kil\u00e1t\u00e1s Budapestre.\",\"breadcrumb\":{\"@id\":\"https:\/\/silver24.u9o.hu\/hu\/termek\/budai-varosnezes\/#breadcrumb\"},\"inLanguage\":\"hu\",\"potentialAction\":[{\"@type\":\"ReadAction\",\"target\":[\"https:\/\/silver24.u9o.hu\/hu\/termek\/budai-varosnezes\/\"]}]},{\"@type\":\"ImageObject\",\"inLanguage\":\"hu\",\"@id\":\"https:\/\/silver24.u9o.hu\/hu\/termek\/budai-varosnezes\/#primaryimage\",\"url\":\"https:\/\/silver24.u9o.hu\/wp-content\/uploads\/2025\/05\/zinuru.jpg\",\"contentUrl\":\"https:\/\/silver24.u9o.hu\/wp-content\/uploads\/2025\/05\/zinuru.jpg\",\"width\":790,\"height\":790,\"caption\":\"zinuru\"},{\"@type\":\"BreadcrumbList\",\"@id\":\"https:\/\/silver24.u9o.hu\/hu\/termek\/budai-varosnezes\/#breadcrumb\",\"itemListElement\":[{\"@type\":\"ListItem\",\"position\":1,\"name\":\"Home\",\"item\":\"https:\/\/silver24.u9o.hu\/hu\/\"},{\"@type\":\"ListItem\",\"position\":2,\"name\":\"Term\u00e9kek\",\"item\":\"https:\/\/silver24.u9o.hu\/hu\/termekek\/\"},{\"@type\":\"ListItem\",\"position\":3,\"name\":\"SKIP THE LINE \u2013 Budai v\u00e1rosn\u00e9z\u0151 k\u00f6r\u00fat\"}]},{\"@type\":\"WebSite\",\"@id\":\"https:\/\/silver24.u9o.hu\/hu\/#website\",\"url\":\"https:\/\/silver24.u9o.hu\/hu\/\",\"name\":\"Silverline Cruises kft.\",\"description\":\"\",\"publisher\":{\"@id\":\"https:\/\/silver24.u9o.hu\/hu\/#organization\"},\"potentialAction\":[{\"@type\":\"SearchAction\",\"target\":{\"@type\":\"EntryPoint\",\"urlTemplate\":\"https:\/\/silver24.u9o.hu\/hu\/?s={search_term_string}\"},\"query-input\":{\"@type\":\"PropertyValueSpecification\",\"valueRequired\":true,\"valueName\":\"search_term_string\"}}],\"inLanguage\":\"hu\"},{\"@type\":\"Organization\",\"@id\":\"https:\/\/silver24.u9o.hu\/hu\/#organization\",\"name\":\"Silverline Cruises kft.\",\"url\":\"https:\/\/silver24.u9o.hu\/hu\/\",\"logo\":{\"@type\":\"ImageObject\",\"inLanguage\":\"hu\",\"@id\":\"https:\/\/silver24.u9o.hu\/hu\/#\/schema\/logo\/image\/\",\"url\":\"https:\/\/silver-line.hu\/wp-content\/uploads\/2022\/05\/cropped-cropped-icon-1.webp\",\"contentUrl\":\"https:\/\/silver-line.hu\/wp-content\/uploads\/2022\/05\/cropped-cropped-icon-1.webp\",\"width\":512,\"height\":512,\"caption\":\"Silverline Cruises kft.\"},\"image\":{\"@id\":\"https:\/\/silver24.u9o.hu\/hu\/#\/schema\/logo\/image\/\"},\"sameAs\":[\"https:\/\/www.facebook.com\/budapestrivercruise\"]}]}<\/script>\n<!-- \/ Yoast SEO plugin. -->","yoast_head_json":{"title":"SKIP THE LINE \u2013 Budai v\u00e1rosn\u00e9z\u0151 k\u00f6r\u00fat - silver24 - Silverline Cruises","description":"Pihenjen a Dun\u00e1n! Budai indul\u00e1s, els\u0151bbs\u00e9gi besz\u00e1ll\u00e1s, leny\u0171g\u00f6z\u0151 kil\u00e1t\u00e1s Budapestre.","robots":{"index":"noindex","follow":"nofollow"},"og_locale":"hu_HU","og_type":"article","og_title":"SKIP THE LINE \u2013 Budai v\u00e1rosn\u00e9z\u0151 k\u00f6r\u00fat - silver24 - Silverline Cruises","og_description":"Pihenjen a Dun\u00e1n! Budai indul\u00e1s, els\u0151bbs\u00e9gi besz\u00e1ll\u00e1s, leny\u0171g\u00f6z\u0151 kil\u00e1t\u00e1s Budapestre.","og_url":"https:\/\/silver24.u9o.hu\/hu\/termek\/budai-varosnezes\/","og_site_name":"silver24 - Silverline Cruises","article_publisher":"https:\/\/www.facebook.com\/budapestrivercruise","article_modified_time":"2025-06-03T07:59:32+00:00","og_image":[{"width":790,"height":790,"url":"https:\/\/silver24.u9o.hu\/wp-content\/uploads\/2025\/05\/zinuru.jpg","type":"image\/jpeg"}],"schema":{"@context":"https:\/\/schema.org","@graph":[{"@type":"WebPage","@id":"https:\/\/silver24.u9o.hu\/hu\/termek\/budai-varosnezes\/","url":"https:\/\/silver24.u9o.hu\/hu\/termek\/budai-varosnezes\/","name":"SKIP THE LINE \u2013 Budai v\u00e1rosn\u00e9z\u0151 k\u00f6r\u00fat - silver24 - Silverline Cruises","isPartOf":{"@id":"https:\/\/silver24.u9o.hu\/hu\/#website"},"primaryImageOfPage":{"@id":"https:\/\/silver24.u9o.hu\/hu\/termek\/budai-varosnezes\/#primaryimage"},"image":{"@id":"https:\/\/silver24.u9o.hu\/hu\/termek\/budai-varosnezes\/#primaryimage"},"thumbnailUrl":"https:\/\/silver24.u9o.hu\/wp-content\/uploads\/2025\/05\/zinuru.jpg","datePublished":"2025-05-16T18:00:57+00:00","dateModified":"2025-06-03T07:59:32+00:00","description":"Pihenjen a Dun\u00e1n! Budai indul\u00e1s, els\u0151bbs\u00e9gi besz\u00e1ll\u00e1s, leny\u0171g\u00f6z\u0151 kil\u00e1t\u00e1s Budapestre.","breadcrumb":{"@id":"https:\/\/silver24.u9o.hu\/hu\/termek\/budai-varosnezes\/#breadcrumb"},"inLanguage":"hu","potentialAction":[{"@type":"ReadAction","target":["https:\/\/silver24.u9o.hu\/hu\/termek\/budai-varosnezes\/"]}]},{"@type":"ImageObject","inLanguage":"hu","@id":"https:\/\/silver24.u9o.hu\/hu\/termek\/budai-varosnezes\/#primaryimage","url":"https:\/\/silver24.u9o.hu\/wp-content\/uploads\/2025\/05\/zinuru.jpg","contentUrl":"https:\/\/silver24.u9o.hu\/wp-content\/uploads\/2025\/05\/zinuru.jpg","width":790,"height":790,"caption":"zinuru"},{"@type":"BreadcrumbList","@id":"https:\/\/silver24.u9o.hu\/hu\/termek\/budai-varosnezes\/#breadcrumb","itemListElement":[{"@type":"ListItem","position":1,"name":"Home","item":"https:\/\/silver24.u9o.hu\/hu\/"},{"@type":"ListItem","position":2,"name":"Term\u00e9kek","item":"https:\/\/silver24.u9o.hu\/hu\/termekek\/"},{"@type":"ListItem","position":3,"name":"SKIP THE LINE \u2013 Budai v\u00e1rosn\u00e9z\u0151 k\u00f6r\u00fat"}]},{"@type":"WebSite","@id":"https:\/\/silver24.u9o.hu\/hu\/#website","url":"https:\/\/silver24.u9o.hu\/hu\/","name":"Silverline Cruises kft.","description":"","publisher":{"@id":"https:\/\/silver24.u9o.hu\/hu\/#organization"},"potentialAction":[{"@type":"SearchAction","target":{"@type":"EntryPoint","urlTemplate":"https:\/\/silver24.u9o.hu\/hu\/?s={search_term_string}"},"query-input":{"@type":"PropertyValueSpecification","valueRequired":true,"valueName":"search_term_string"}}],"inLanguage":"hu"},{"@type":"Organization","@id":"https:\/\/silver24.u9o.hu\/hu\/#organization","name":"Silverline Cruises kft.","url":"https:\/\/silver24.u9o.hu\/hu\/","logo":{"@type":"ImageObject","inLanguage":"hu","@id":"https:\/\/silver24.u9o.hu\/hu\/#\/schema\/logo\/image\/","url":"https:\/\/silver-line.hu\/wp-content\/uploads\/2022\/05\/cropped-cropped-icon-1.webp","contentUrl":"https:\/\/silver-line.hu\/wp-content\/uploads\/2022\/05\/cropped-cropped-icon-1.webp","width":512,"height":512,"caption":"Silverline Cruises kft."},"image":{"@id":"https:\/\/silver24.u9o.hu\/hu\/#\/schema\/logo\/image\/"},"sameAs":["https:\/\/www.facebook.com\/budapestrivercruise"]}]}},"_links":{"self":[{"href":"https:\/\/silver24.u9o.hu\/hu\/wp-json\/wp\/v2\/product\/1455254"}],"collection":[{"href":"https:\/\/silver24.u9o.hu\/hu\/wp-json\/wp\/v2\/product"}],"about":[{"href":"https:\/\/silver24.u9o.hu\/hu\/wp-json\/wp\/v2\/types\/product"}],"wp:featuredmedia":[{"embeddable":true,"href":"https:\/\/silver24.u9o.hu\/hu\/wp-json\/wp\/v2\/media\/1455649"}],"wp:attachment":[{"href":"https:\/\/silver24.u9o.hu\/hu\/wp-json\/wp\/v2\/media?parent=1455254"}],"wp:term":[{"taxonomy":"product_cat","embeddable":true,"href":"https:\/\/silver24.u9o.hu\/hu\/wp-json\/wp\/v2\/product_cat?post=1455254"},{"taxonomy":"product_tag","embeddable":true,"href":"https:\/\/silver24.u9o.hu\/hu\/wp-json\/wp\/v2\/product_tag?post=1455254"}],"curies":[{"name":"wp","href":"https:\/\/api.w.org\/{rel}","templated":true}]}}