{"id":1415349,"date":"2025-02-26T08:30:49","date_gmt":"2025-02-26T07:30:49","guid":{"rendered":"https:\/\/silver-line.hu\/?post_type=product&#038;p=1415349"},"modified":"2025-04-08T14:57:38","modified_gmt":"2025-04-08T13:57:38","slug":"vacsora-fenyek","status":"publish","type":"product","link":"https:\/\/silver24.u9o.hu\/hu\/termek\/vacsora-fenyek\/","title":{"rendered":"Vacsora \u00e9s f\u00e9nyek a Dun\u00e1n"},"content":{"rendered":"","protected":false},"excerpt":{"rendered":"","protected":false},"featured_media":1406525,"template":"","meta":[],"product_cat":[75],"product_tag":[],"yoast_head":"<!-- This site is optimized with the Yoast SEO plugin v23.9 - https:\/\/yoast.com\/wordpress\/plugins\/seo\/ -->\n<title>Vacsora \u00e9s f\u00e9nyek a Dun\u00e1n - silver24 - Silverline Cruises<\/title>\n<meta name=\"description\" content=\"Var\u00e1zslatos vacsora-haj\u00f3kir\u00e1ndul\u00e1st a Dun\u00e1n egy 4 fog\u00e1sos \u00e9tkez\u00e9ssel \u00e9s Budapest leny\u0171g\u00f6z\u0151 \u00e9jszakai kil\u00e1t\u00e1s\u00e1val. Haj\u00f3zzon el a v\u00e1ros legnevezetesebb l\u00e1tnival\u00f3i mellett egy 2 \u00f3r\u00e1s kir\u00e1ndul\u00e1son.\" \/>\n<meta name=\"robots\" content=\"noindex, nofollow\" \/>\n<meta property=\"og:locale\" content=\"hu_HU\" \/>\n<meta property=\"og:type\" content=\"article\" \/>\n<meta property=\"og:title\" content=\"Vacsora \u00e9s f\u00e9nyek a Dun\u00e1n - silver24 - Silverline Cruises\" \/>\n<meta property=\"og:description\" content=\"Var\u00e1zslatos vacsora-haj\u00f3kir\u00e1ndul\u00e1st a Dun\u00e1n egy 4 fog\u00e1sos \u00e9tkez\u00e9ssel \u00e9s Budapest leny\u0171g\u00f6z\u0151 \u00e9jszakai kil\u00e1t\u00e1s\u00e1val. Haj\u00f3zzon el a v\u00e1ros legnevezetesebb l\u00e1tnival\u00f3i mellett egy 2 \u00f3r\u00e1s kir\u00e1ndul\u00e1son.\" \/>\n<meta property=\"og:url\" content=\"https:\/\/silver24.u9o.hu\/hu\/termek\/vacsora-fenyek\/\" \/>\n<meta property=\"og:site_name\" content=\"silver24 - Silverline Cruises\" \/>\n<meta property=\"article:publisher\" content=\"https:\/\/www.facebook.com\/budapestrivercruise\" \/>\n<meta property=\"article:modified_time\" content=\"2025-04-08T13:57:38+00:00\" \/>\n<meta property=\"og:image\" content=\"https:\/\/silver24.u9o.hu\/wp-content\/uploads\/2025\/02\/Dinner-and-lights-tiny.jpg\" \/>\n\t<meta property=\"og:image:width\" content=\"1024\" \/>\n\t<meta property=\"og:image:height\" content=\"682\" \/>\n\t<meta property=\"og:image:type\" content=\"image\/jpeg\" \/>\n<script type=\"application\/ld+json\" class=\"yoast-schema-graph\">{\"@context\":\"https:\/\/schema.org\",\"@graph\":[{\"@type\":\"WebPage\",\"@id\":\"https:\/\/silver24.u9o.hu\/hu\/termek\/vacsora-fenyek\/\",\"url\":\"https:\/\/silver24.u9o.hu\/hu\/termek\/vacsora-fenyek\/\",\"name\":\"Vacsora \u00e9s f\u00e9nyek a Dun\u00e1n - silver24 - Silverline Cruises\",\"isPartOf\":{\"@id\":\"https:\/\/silver24.u9o.hu\/hu\/#website\"},\"primaryImageOfPage\":{\"@id\":\"https:\/\/silver24.u9o.hu\/hu\/termek\/vacsora-fenyek\/#primaryimage\"},\"image\":{\"@id\":\"https:\/\/silver24.u9o.hu\/hu\/termek\/vacsora-fenyek\/#primaryimage\"},\"thumbnailUrl\":\"https:\/\/silver24.u9o.hu\/wp-content\/uploads\/2025\/02\/Dinner-and-lights-tiny.jpg\",\"datePublished\":\"2025-02-26T07:30:49+00:00\",\"dateModified\":\"2025-04-08T13:57:38+00:00\",\"description\":\"Var\u00e1zslatos vacsora-haj\u00f3kir\u00e1ndul\u00e1st a Dun\u00e1n egy 4 fog\u00e1sos \u00e9tkez\u00e9ssel \u00e9s Budapest leny\u0171g\u00f6z\u0151 \u00e9jszakai kil\u00e1t\u00e1s\u00e1val. Haj\u00f3zzon el a v\u00e1ros legnevezetesebb l\u00e1tnival\u00f3i mellett egy 2 \u00f3r\u00e1s kir\u00e1ndul\u00e1son.\",\"breadcrumb\":{\"@id\":\"https:\/\/silver24.u9o.hu\/hu\/termek\/vacsora-fenyek\/#breadcrumb\"},\"inLanguage\":\"hu\",\"potentialAction\":[{\"@type\":\"ReadAction\",\"target\":[\"https:\/\/silver24.u9o.hu\/hu\/termek\/vacsora-fenyek\/\"]}]},{\"@type\":\"ImageObject\",\"inLanguage\":\"hu\",\"@id\":\"https:\/\/silver24.u9o.hu\/hu\/termek\/vacsora-fenyek\/#primaryimage\",\"url\":\"https:\/\/silver24.u9o.hu\/wp-content\/uploads\/2025\/02\/Dinner-and-lights-tiny.jpg\",\"contentUrl\":\"https:\/\/silver24.u9o.hu\/wp-content\/uploads\/2025\/02\/Dinner-and-lights-tiny.jpg\",\"width\":1024,\"height\":682,\"caption\":\"Dinner & Lights Budapest sightseeing on the Danube\"},{\"@type\":\"BreadcrumbList\",\"@id\":\"https:\/\/silver24.u9o.hu\/hu\/termek\/vacsora-fenyek\/#breadcrumb\",\"itemListElement\":[{\"@type\":\"ListItem\",\"position\":1,\"name\":\"Home\",\"item\":\"https:\/\/silver24.u9o.hu\/hu\/\"},{\"@type\":\"ListItem\",\"position\":2,\"name\":\"Term\u00e9kek\",\"item\":\"https:\/\/silver24.u9o.hu\/hu\/termekek\/\"},{\"@type\":\"ListItem\",\"position\":3,\"name\":\"Vacsora \u00e9s f\u00e9nyek a Dun\u00e1n\"}]},{\"@type\":\"WebSite\",\"@id\":\"https:\/\/silver24.u9o.hu\/hu\/#website\",\"url\":\"https:\/\/silver24.u9o.hu\/hu\/\",\"name\":\"Silverline Cruises kft.\",\"description\":\"\",\"publisher\":{\"@id\":\"https:\/\/silver24.u9o.hu\/hu\/#organization\"},\"potentialAction\":[{\"@type\":\"SearchAction\",\"target\":{\"@type\":\"EntryPoint\",\"urlTemplate\":\"https:\/\/silver24.u9o.hu\/hu\/?s={search_term_string}\"},\"query-input\":{\"@type\":\"PropertyValueSpecification\",\"valueRequired\":true,\"valueName\":\"search_term_string\"}}],\"inLanguage\":\"hu\"},{\"@type\":\"Organization\",\"@id\":\"https:\/\/silver24.u9o.hu\/hu\/#organization\",\"name\":\"Silverline Cruises kft.\",\"url\":\"https:\/\/silver24.u9o.hu\/hu\/\",\"logo\":{\"@type\":\"ImageObject\",\"inLanguage\":\"hu\",\"@id\":\"https:\/\/silver24.u9o.hu\/hu\/#\/schema\/logo\/image\/\",\"url\":\"https:\/\/silver-line.hu\/wp-content\/uploads\/2022\/05\/cropped-cropped-icon-1.webp\",\"contentUrl\":\"https:\/\/silver-line.hu\/wp-content\/uploads\/2022\/05\/cropped-cropped-icon-1.webp\",\"width\":512,\"height\":512,\"caption\":\"Silverline Cruises kft.\"},\"image\":{\"@id\":\"https:\/\/silver24.u9o.hu\/hu\/#\/schema\/logo\/image\/\"},\"sameAs\":[\"https:\/\/www.facebook.com\/budapestrivercruise\"]}]}<\/script>\n<!-- \/ Yoast SEO plugin. -->","yoast_head_json":{"title":"Vacsora \u00e9s f\u00e9nyek a Dun\u00e1n - silver24 - Silverline Cruises","description":"Var\u00e1zslatos vacsora-haj\u00f3kir\u00e1ndul\u00e1st a Dun\u00e1n egy 4 fog\u00e1sos \u00e9tkez\u00e9ssel \u00e9s Budapest leny\u0171g\u00f6z\u0151 \u00e9jszakai kil\u00e1t\u00e1s\u00e1val. Haj\u00f3zzon el a v\u00e1ros legnevezetesebb l\u00e1tnival\u00f3i mellett egy 2 \u00f3r\u00e1s kir\u00e1ndul\u00e1son.","robots":{"index":"noindex","follow":"nofollow"},"og_locale":"hu_HU","og_type":"article","og_title":"Vacsora \u00e9s f\u00e9nyek a Dun\u00e1n - silver24 - Silverline Cruises","og_description":"Var\u00e1zslatos vacsora-haj\u00f3kir\u00e1ndul\u00e1st a Dun\u00e1n egy 4 fog\u00e1sos \u00e9tkez\u00e9ssel \u00e9s Budapest leny\u0171g\u00f6z\u0151 \u00e9jszakai kil\u00e1t\u00e1s\u00e1val. Haj\u00f3zzon el a v\u00e1ros legnevezetesebb l\u00e1tnival\u00f3i mellett egy 2 \u00f3r\u00e1s kir\u00e1ndul\u00e1son.","og_url":"https:\/\/silver24.u9o.hu\/hu\/termek\/vacsora-fenyek\/","og_site_name":"silver24 - Silverline Cruises","article_publisher":"https:\/\/www.facebook.com\/budapestrivercruise","article_modified_time":"2025-04-08T13:57:38+00:00","og_image":[{"width":1024,"height":682,"url":"https:\/\/silver24.u9o.hu\/wp-content\/uploads\/2025\/02\/Dinner-and-lights-tiny.jpg","type":"image\/jpeg"}],"schema":{"@context":"https:\/\/schema.org","@graph":[{"@type":"WebPage","@id":"https:\/\/silver24.u9o.hu\/hu\/termek\/vacsora-fenyek\/","url":"https:\/\/silver24.u9o.hu\/hu\/termek\/vacsora-fenyek\/","name":"Vacsora \u00e9s f\u00e9nyek a Dun\u00e1n - silver24 - Silverline Cruises","isPartOf":{"@id":"https:\/\/silver24.u9o.hu\/hu\/#website"},"primaryImageOfPage":{"@id":"https:\/\/silver24.u9o.hu\/hu\/termek\/vacsora-fenyek\/#primaryimage"},"image":{"@id":"https:\/\/silver24.u9o.hu\/hu\/termek\/vacsora-fenyek\/#primaryimage"},"thumbnailUrl":"https:\/\/silver24.u9o.hu\/wp-content\/uploads\/2025\/02\/Dinner-and-lights-tiny.jpg","datePublished":"2025-02-26T07:30:49+00:00","dateModified":"2025-04-08T13:57:38+00:00","description":"Var\u00e1zslatos vacsora-haj\u00f3kir\u00e1ndul\u00e1st a Dun\u00e1n egy 4 fog\u00e1sos \u00e9tkez\u00e9ssel \u00e9s Budapest leny\u0171g\u00f6z\u0151 \u00e9jszakai kil\u00e1t\u00e1s\u00e1val. Haj\u00f3zzon el a v\u00e1ros legnevezetesebb l\u00e1tnival\u00f3i mellett egy 2 \u00f3r\u00e1s kir\u00e1ndul\u00e1son.","breadcrumb":{"@id":"https:\/\/silver24.u9o.hu\/hu\/termek\/vacsora-fenyek\/#breadcrumb"},"inLanguage":"hu","potentialAction":[{"@type":"ReadAction","target":["https:\/\/silver24.u9o.hu\/hu\/termek\/vacsora-fenyek\/"]}]},{"@type":"ImageObject","inLanguage":"hu","@id":"https:\/\/silver24.u9o.hu\/hu\/termek\/vacsora-fenyek\/#primaryimage","url":"https:\/\/silver24.u9o.hu\/wp-content\/uploads\/2025\/02\/Dinner-and-lights-tiny.jpg","contentUrl":"https:\/\/silver24.u9o.hu\/wp-content\/uploads\/2025\/02\/Dinner-and-lights-tiny.jpg","width":1024,"height":682,"caption":"Dinner & Lights Budapest sightseeing on the Danube"},{"@type":"BreadcrumbList","@id":"https:\/\/silver24.u9o.hu\/hu\/termek\/vacsora-fenyek\/#breadcrumb","itemListElement":[{"@type":"ListItem","position":1,"name":"Home","item":"https:\/\/silver24.u9o.hu\/hu\/"},{"@type":"ListItem","position":2,"name":"Term\u00e9kek","item":"https:\/\/silver24.u9o.hu\/hu\/termekek\/"},{"@type":"ListItem","position":3,"name":"Vacsora \u00e9s f\u00e9nyek a Dun\u00e1n"}]},{"@type":"WebSite","@id":"https:\/\/silver24.u9o.hu\/hu\/#website","url":"https:\/\/silver24.u9o.hu\/hu\/","name":"Silverline Cruises kft.","description":"","publisher":{"@id":"https:\/\/silver24.u9o.hu\/hu\/#organization"},"potentialAction":[{"@type":"SearchAction","target":{"@type":"EntryPoint","urlTemplate":"https:\/\/silver24.u9o.hu\/hu\/?s={search_term_string}"},"query-input":{"@type":"PropertyValueSpecification","valueRequired":true,"valueName":"search_term_string"}}],"inLanguage":"hu"},{"@type":"Organization","@id":"https:\/\/silver24.u9o.hu\/hu\/#organization","name":"Silverline Cruises kft.","url":"https:\/\/silver24.u9o.hu\/hu\/","logo":{"@type":"ImageObject","inLanguage":"hu","@id":"https:\/\/silver24.u9o.hu\/hu\/#\/schema\/logo\/image\/","url":"https:\/\/silver-line.hu\/wp-content\/uploads\/2022\/05\/cropped-cropped-icon-1.webp","contentUrl":"https:\/\/silver-line.hu\/wp-content\/uploads\/2022\/05\/cropped-cropped-icon-1.webp","width":512,"height":512,"caption":"Silverline Cruises kft."},"image":{"@id":"https:\/\/silver24.u9o.hu\/hu\/#\/schema\/logo\/image\/"},"sameAs":["https:\/\/www.facebook.com\/budapestrivercruise"]}]}},"_links":{"self":[{"href":"https:\/\/silver24.u9o.hu\/hu\/wp-json\/wp\/v2\/product\/1415349"}],"collection":[{"href":"https:\/\/silver24.u9o.hu\/hu\/wp-json\/wp\/v2\/product"}],"about":[{"href":"https:\/\/silver24.u9o.hu\/hu\/wp-json\/wp\/v2\/types\/product"}],"wp:featuredmedia":[{"embeddable":true,"href":"https:\/\/silver24.u9o.hu\/hu\/wp-json\/wp\/v2\/media\/1406525"}],"wp:attachment":[{"href":"https:\/\/silver24.u9o.hu\/hu\/wp-json\/wp\/v2\/media?parent=1415349"}],"wp:term":[{"taxonomy":"product_cat","embeddable":true,"href":"https:\/\/silver24.u9o.hu\/hu\/wp-json\/wp\/v2\/product_cat?post=1415349"},{"taxonomy":"product_tag","embeddable":true,"href":"https:\/\/silver24.u9o.hu\/hu\/wp-json\/wp\/v2\/product_tag?post=1415349"}],"curies":[{"name":"wp","href":"https:\/\/api.w.org\/{rel}","templated":true}]}}