{"id":1265390,"date":"2024-05-29T08:45:59","date_gmt":"2024-05-29T07:45:59","guid":{"rendered":"https:\/\/silver-line.hu\/?post_type=product&#038;p=1265390"},"modified":"2025-05-29T08:07:30","modified_gmt":"2025-05-29T07:07:30","slug":"korlatlan-pezsgo-es-bor-hajout","status":"publish","type":"product","link":"https:\/\/silver24.u9o.hu\/hu\/termek\/korlatlan-pezsgo-es-bor-hajout\/","title":{"rendered":"Korl\u00e1tlan Pezsg\u0151 \u00e9s Bor Haj\u00f3\u00fat"},"content":{"rendered":"","protected":false},"excerpt":{"rendered":"<p>Meleg\u00edts be egy budapesti \u00e9jszak\u00e1ra, vagy folytasd a bulit a fed\u00e9lzeten.<\/p>\n<p><strong><span style=\"color: green;\">Az \u00e1rak a napszakt\u00f3l \u00e9s a h\u00e9t napj\u00e1t\u00f3l f\u00fcgg\u0151en v\u00e1ltoznak.<\/span><\/strong> <\/p>\n","protected":false},"featured_media":1398440,"template":"","meta":[],"product_cat":[73],"product_tag":[],"yoast_head":"<!-- This site is optimized with the Yoast SEO plugin v23.9 - https:\/\/yoast.com\/wordpress\/plugins\/seo\/ -->\n<title>Korl\u00e1tlan Pezsg\u0151 \u00e9s Bor Haj\u00f3\u00fat - silver24 - Silverline Cruises<\/title>\n<meta name=\"robots\" content=\"noindex, follow, max-snippet:-1, max-image-preview:large, max-video-preview:-1\" \/>\n<meta property=\"og:locale\" content=\"hu_HU\" \/>\n<meta property=\"og:type\" content=\"article\" \/>\n<meta property=\"og:title\" content=\"Korl\u00e1tlan Pezsg\u0151 \u00e9s Bor Haj\u00f3\u00fat - silver24 - Silverline Cruises\" \/>\n<meta property=\"og:description\" content=\"Meleg\u00edts be egy budapesti \u00e9jszak\u00e1ra, vagy folytasd a bulit a fed\u00e9lzeten.  Az \u00e1rak a napszakt\u00f3l \u00e9s a h\u00e9t napj\u00e1t\u00f3l f\u00fcgg\u0151en v\u00e1ltoznak.\" \/>\n<meta property=\"og:url\" content=\"https:\/\/silver24.u9o.hu\/hu\/termek\/korlatlan-pezsgo-es-bor-hajout\/\" \/>\n<meta property=\"og:site_name\" content=\"silver24 - Silverline Cruises\" \/>\n<meta property=\"article:publisher\" content=\"https:\/\/www.facebook.com\/budapestrivercruise\" \/>\n<meta property=\"article:modified_time\" content=\"2025-05-29T07:07:30+00:00\" \/>\n<meta property=\"og:image\" content=\"https:\/\/silver24.u9o.hu\/wp-content\/uploads\/2024\/05\/Unlimited-Prosecco-wine-cruise-1.jpg\" \/>\n\t<meta property=\"og:image:width\" content=\"600\" \/>\n\t<meta property=\"og:image:height\" content=\"600\" \/>\n\t<meta property=\"og:image:type\" content=\"image\/jpeg\" \/>\n<script type=\"application\/ld+json\" class=\"yoast-schema-graph\">{\"@context\":\"https:\/\/schema.org\",\"@graph\":[{\"@type\":\"WebPage\",\"@id\":\"https:\/\/silver24.u9o.hu\/hu\/termek\/korlatlan-pezsgo-es-bor-hajout\/\",\"url\":\"https:\/\/silver24.u9o.hu\/hu\/termek\/korlatlan-pezsgo-es-bor-hajout\/\",\"name\":\"Korl\u00e1tlan Pezsg\u0151 \u00e9s Bor Haj\u00f3\u00fat - silver24 - Silverline Cruises\",\"isPartOf\":{\"@id\":\"https:\/\/silver24.u9o.hu\/hu\/#website\"},\"primaryImageOfPage\":{\"@id\":\"https:\/\/silver24.u9o.hu\/hu\/termek\/korlatlan-pezsgo-es-bor-hajout\/#primaryimage\"},\"image\":{\"@id\":\"https:\/\/silver24.u9o.hu\/hu\/termek\/korlatlan-pezsgo-es-bor-hajout\/#primaryimage\"},\"thumbnailUrl\":\"https:\/\/silver24.u9o.hu\/wp-content\/uploads\/2024\/05\/Unlimited-Prosecco-wine-cruise-1.jpg\",\"datePublished\":\"2024-05-29T07:45:59+00:00\",\"dateModified\":\"2025-05-29T07:07:30+00:00\",\"breadcrumb\":{\"@id\":\"https:\/\/silver24.u9o.hu\/hu\/termek\/korlatlan-pezsgo-es-bor-hajout\/#breadcrumb\"},\"inLanguage\":\"hu\",\"potentialAction\":[{\"@type\":\"ReadAction\",\"target\":[\"https:\/\/silver24.u9o.hu\/hu\/termek\/korlatlan-pezsgo-es-bor-hajout\/\"]}]},{\"@type\":\"ImageObject\",\"inLanguage\":\"hu\",\"@id\":\"https:\/\/silver24.u9o.hu\/hu\/termek\/korlatlan-pezsgo-es-bor-hajout\/#primaryimage\",\"url\":\"https:\/\/silver24.u9o.hu\/wp-content\/uploads\/2024\/05\/Unlimited-Prosecco-wine-cruise-1.jpg\",\"contentUrl\":\"https:\/\/silver24.u9o.hu\/wp-content\/uploads\/2024\/05\/Unlimited-Prosecco-wine-cruise-1.jpg\",\"width\":600,\"height\":600,\"caption\":\"Unlimited Prosecco & wine cruise\"},{\"@type\":\"BreadcrumbList\",\"@id\":\"https:\/\/silver24.u9o.hu\/hu\/termek\/korlatlan-pezsgo-es-bor-hajout\/#breadcrumb\",\"itemListElement\":[{\"@type\":\"ListItem\",\"position\":1,\"name\":\"Home\",\"item\":\"https:\/\/silver24.u9o.hu\/hu\/\"},{\"@type\":\"ListItem\",\"position\":2,\"name\":\"Term\u00e9kek\",\"item\":\"https:\/\/silver24.u9o.hu\/hu\/termekek\/\"},{\"@type\":\"ListItem\",\"position\":3,\"name\":\"Korl\u00e1tlan Pezsg\u0151 \u00e9s Bor Haj\u00f3\u00fat\"}]},{\"@type\":\"WebSite\",\"@id\":\"https:\/\/silver24.u9o.hu\/hu\/#website\",\"url\":\"https:\/\/silver24.u9o.hu\/hu\/\",\"name\":\"Silverline Cruises kft.\",\"description\":\"\",\"publisher\":{\"@id\":\"https:\/\/silver24.u9o.hu\/hu\/#organization\"},\"potentialAction\":[{\"@type\":\"SearchAction\",\"target\":{\"@type\":\"EntryPoint\",\"urlTemplate\":\"https:\/\/silver24.u9o.hu\/hu\/?s={search_term_string}\"},\"query-input\":{\"@type\":\"PropertyValueSpecification\",\"valueRequired\":true,\"valueName\":\"search_term_string\"}}],\"inLanguage\":\"hu\"},{\"@type\":\"Organization\",\"@id\":\"https:\/\/silver24.u9o.hu\/hu\/#organization\",\"name\":\"Silverline Cruises kft.\",\"url\":\"https:\/\/silver24.u9o.hu\/hu\/\",\"logo\":{\"@type\":\"ImageObject\",\"inLanguage\":\"hu\",\"@id\":\"https:\/\/silver24.u9o.hu\/hu\/#\/schema\/logo\/image\/\",\"url\":\"https:\/\/silver-line.hu\/wp-content\/uploads\/2022\/05\/cropped-cropped-icon-1.webp\",\"contentUrl\":\"https:\/\/silver-line.hu\/wp-content\/uploads\/2022\/05\/cropped-cropped-icon-1.webp\",\"width\":512,\"height\":512,\"caption\":\"Silverline Cruises kft.\"},\"image\":{\"@id\":\"https:\/\/silver24.u9o.hu\/hu\/#\/schema\/logo\/image\/\"},\"sameAs\":[\"https:\/\/www.facebook.com\/budapestrivercruise\"]}]}<\/script>\n<!-- \/ Yoast SEO plugin. -->","yoast_head_json":{"title":"Korl\u00e1tlan Pezsg\u0151 \u00e9s Bor Haj\u00f3\u00fat - silver24 - Silverline Cruises","robots":{"index":"noindex","follow":"follow","max-snippet":"max-snippet:-1","max-image-preview":"max-image-preview:large","max-video-preview":"max-video-preview:-1"},"og_locale":"hu_HU","og_type":"article","og_title":"Korl\u00e1tlan Pezsg\u0151 \u00e9s Bor Haj\u00f3\u00fat - silver24 - Silverline Cruises","og_description":"Meleg\u00edts be egy budapesti \u00e9jszak\u00e1ra, vagy folytasd a bulit a fed\u00e9lzeten.  Az \u00e1rak a napszakt\u00f3l \u00e9s a h\u00e9t napj\u00e1t\u00f3l f\u00fcgg\u0151en v\u00e1ltoznak.","og_url":"https:\/\/silver24.u9o.hu\/hu\/termek\/korlatlan-pezsgo-es-bor-hajout\/","og_site_name":"silver24 - Silverline Cruises","article_publisher":"https:\/\/www.facebook.com\/budapestrivercruise","article_modified_time":"2025-05-29T07:07:30+00:00","og_image":[{"width":600,"height":600,"url":"https:\/\/silver24.u9o.hu\/wp-content\/uploads\/2024\/05\/Unlimited-Prosecco-wine-cruise-1.jpg","type":"image\/jpeg"}],"schema":{"@context":"https:\/\/schema.org","@graph":[{"@type":"WebPage","@id":"https:\/\/silver24.u9o.hu\/hu\/termek\/korlatlan-pezsgo-es-bor-hajout\/","url":"https:\/\/silver24.u9o.hu\/hu\/termek\/korlatlan-pezsgo-es-bor-hajout\/","name":"Korl\u00e1tlan Pezsg\u0151 \u00e9s Bor Haj\u00f3\u00fat - silver24 - Silverline Cruises","isPartOf":{"@id":"https:\/\/silver24.u9o.hu\/hu\/#website"},"primaryImageOfPage":{"@id":"https:\/\/silver24.u9o.hu\/hu\/termek\/korlatlan-pezsgo-es-bor-hajout\/#primaryimage"},"image":{"@id":"https:\/\/silver24.u9o.hu\/hu\/termek\/korlatlan-pezsgo-es-bor-hajout\/#primaryimage"},"thumbnailUrl":"https:\/\/silver24.u9o.hu\/wp-content\/uploads\/2024\/05\/Unlimited-Prosecco-wine-cruise-1.jpg","datePublished":"2024-05-29T07:45:59+00:00","dateModified":"2025-05-29T07:07:30+00:00","breadcrumb":{"@id":"https:\/\/silver24.u9o.hu\/hu\/termek\/korlatlan-pezsgo-es-bor-hajout\/#breadcrumb"},"inLanguage":"hu","potentialAction":[{"@type":"ReadAction","target":["https:\/\/silver24.u9o.hu\/hu\/termek\/korlatlan-pezsgo-es-bor-hajout\/"]}]},{"@type":"ImageObject","inLanguage":"hu","@id":"https:\/\/silver24.u9o.hu\/hu\/termek\/korlatlan-pezsgo-es-bor-hajout\/#primaryimage","url":"https:\/\/silver24.u9o.hu\/wp-content\/uploads\/2024\/05\/Unlimited-Prosecco-wine-cruise-1.jpg","contentUrl":"https:\/\/silver24.u9o.hu\/wp-content\/uploads\/2024\/05\/Unlimited-Prosecco-wine-cruise-1.jpg","width":600,"height":600,"caption":"Unlimited Prosecco & wine cruise"},{"@type":"BreadcrumbList","@id":"https:\/\/silver24.u9o.hu\/hu\/termek\/korlatlan-pezsgo-es-bor-hajout\/#breadcrumb","itemListElement":[{"@type":"ListItem","position":1,"name":"Home","item":"https:\/\/silver24.u9o.hu\/hu\/"},{"@type":"ListItem","position":2,"name":"Term\u00e9kek","item":"https:\/\/silver24.u9o.hu\/hu\/termekek\/"},{"@type":"ListItem","position":3,"name":"Korl\u00e1tlan Pezsg\u0151 \u00e9s Bor Haj\u00f3\u00fat"}]},{"@type":"WebSite","@id":"https:\/\/silver24.u9o.hu\/hu\/#website","url":"https:\/\/silver24.u9o.hu\/hu\/","name":"Silverline Cruises kft.","description":"","publisher":{"@id":"https:\/\/silver24.u9o.hu\/hu\/#organization"},"potentialAction":[{"@type":"SearchAction","target":{"@type":"EntryPoint","urlTemplate":"https:\/\/silver24.u9o.hu\/hu\/?s={search_term_string}"},"query-input":{"@type":"PropertyValueSpecification","valueRequired":true,"valueName":"search_term_string"}}],"inLanguage":"hu"},{"@type":"Organization","@id":"https:\/\/silver24.u9o.hu\/hu\/#organization","name":"Silverline Cruises kft.","url":"https:\/\/silver24.u9o.hu\/hu\/","logo":{"@type":"ImageObject","inLanguage":"hu","@id":"https:\/\/silver24.u9o.hu\/hu\/#\/schema\/logo\/image\/","url":"https:\/\/silver-line.hu\/wp-content\/uploads\/2022\/05\/cropped-cropped-icon-1.webp","contentUrl":"https:\/\/silver-line.hu\/wp-content\/uploads\/2022\/05\/cropped-cropped-icon-1.webp","width":512,"height":512,"caption":"Silverline Cruises kft."},"image":{"@id":"https:\/\/silver24.u9o.hu\/hu\/#\/schema\/logo\/image\/"},"sameAs":["https:\/\/www.facebook.com\/budapestrivercruise"]}]}},"_links":{"self":[{"href":"https:\/\/silver24.u9o.hu\/hu\/wp-json\/wp\/v2\/product\/1265390"}],"collection":[{"href":"https:\/\/silver24.u9o.hu\/hu\/wp-json\/wp\/v2\/product"}],"about":[{"href":"https:\/\/silver24.u9o.hu\/hu\/wp-json\/wp\/v2\/types\/product"}],"wp:featuredmedia":[{"embeddable":true,"href":"https:\/\/silver24.u9o.hu\/hu\/wp-json\/wp\/v2\/media\/1398440"}],"wp:attachment":[{"href":"https:\/\/silver24.u9o.hu\/hu\/wp-json\/wp\/v2\/media?parent=1265390"}],"wp:term":[{"taxonomy":"product_cat","embeddable":true,"href":"https:\/\/silver24.u9o.hu\/hu\/wp-json\/wp\/v2\/product_cat?post=1265390"},{"taxonomy":"product_tag","embeddable":true,"href":"https:\/\/silver24.u9o.hu\/hu\/wp-json\/wp\/v2\/product_tag?post=1265390"}],"curies":[{"name":"wp","href":"https:\/\/api.w.org\/{rel}","templated":true}]}}