{"id":362752,"date":"2022-05-08T11:27:52","date_gmt":"2022-05-08T09:27:52","guid":{"rendered":"https:\/\/silver-line.hu\/?page_id=362752"},"modified":"2022-05-08T11:27:53","modified_gmt":"2022-05-08T09:27:53","slug":"rolunk","status":"publish","type":"page","link":"https:\/\/silver24.u9o.hu\/hu\/rolunk\/","title":{"rendered":"R\u00f3lunk"},"content":{"rendered":"<p>A Silverline Cruises Kft. Magyarorsz\u00e1g egyik legnagyobb haj\u00f3z\u00e1si v\u00e1llalata, amely Budapesten k\u00edn\u00e1l haj\u00f3s program lehet\u0151s\u00e9geket vend\u00e9geinek. Tov\u00e1bbi szolg\u00e1ltat\u00e1saink k\u00f6z\u00e9 tartozik m\u00e9g kik\u00f6t\u0151-\u00fczemeltet\u00e9s, haj\u00f3szerviz szolg\u00e1ltat\u00e1s, \u00faj-\u00e9s haszn\u00e1lt jacht \u00e9rt\u00e9kes\u00edt\u00e9s, illetve egyedi haj\u00f3\u00e9p\u00edt\u00e9s is \u00e9s vizitaxi.<\/p><p>Haj\u00f3s szolg\u00e1ltat\u00e1saink sok sz\u00edn\u0171s\u00e9g\u00e9nek k\u00f6sz\u00f6nhet\u0151en a Silverline saj\u00e1t \u00e9p\u00edt\u00e9s\u0171 haj\u00f3kkal rendelkezik, ezek k\u00f6z\u00fcl is a legn\u00e9pszer\u0171bbek katamar\u00e1n haj\u00f3ink.<\/p><p>Ezen luxus haj\u00f3kon az \u00e9v minden napj\u00e1n esti vacsor\u00e1val egybek\u00f6t\u00f6tt zen\u00e9s programokat biztos\u00edtunk a Dun\u00e1n, ahonnan vend\u00e9geink megtekinthetik Budapest legszebb r\u00e9szeit.<\/p><p>Program k\u00edn\u00e1latunk r\u00e9szeit k\u00e9pezik:<\/p><ul><li>V\u00e1rosn\u00e9z\u0151 Haj\u00f3s t\u00far\u00e1ink<\/li><li>Haj\u00f3s vacsora \u00e9s Zongora Show<\/li><li>Haj\u00f3s vacsora \u00e9s Folkl\u00f3r Show<\/li><li>Budapest-Szentendre menetrend szerinti haj\u00f3z\u00e1s<\/li><li>V\u00e1rosn\u00e9z\u0151 T\u00fara: Pizza \u00e9s Korl\u00e1tlan italcsomaggal kieg\u00e9sz\u00edtve<\/li><\/ul><p>Kiemelt Haj\u00f3z\u00e1si Programok:<\/p><ul><li>Janu\u00e1r 1. \u00daj\u00e9vi Haj\u00f3s Vacsora<\/li><li>Valentin Napi haj\u00f3: Romantikus program lehet\u0151s\u00e9g<\/li><li>H\u00fasv\u00e9ti Haj\u00f3: Tradicion\u00e1lis magyar programokkal, \u00e9telekkel<\/li><li>Augusztus 20.(\u00c1llamalap\u00edt\u00e1s \u00fcnnepe) T\u0171zij\u00e1t\u00e9k a Dun\u00e1r\u00f3l<\/li><li>Kar\u00e1csonyi haj\u00f3s program: December 24-25.<\/li><li>Szilveszteri Haj\u00f3s program: December 31.<\/li><\/ul><p>B\u00e1r a Budapesti V\u00e1rosn\u00e9z\u0151 program k\u00edn\u00e1latunk csak 2013 \u00f3ta \u00e9rhet\u0151 el, de r\u00f6vid id\u0151 alatt vezet\u0151 szerephez jutottunk Sightseeing&amp;Dinner Kateg\u00f3ri\u00e1ban.<\/p><p>Vend\u00e9geink nem csak haj\u00f3z\u00e1si eml\u00e9kekkel, sikeres programjainknak k\u00f6sz\u00f6nhet\u0151en kultur\u00e1lis \u00e9lm\u00e9nnyel is gazdagodnak, valamint megk\u00f3stolhatj\u00e1k a magyaros konyhai \u00edzeket.<\/p><p>V\u00e1rosn\u00e9z\u0151 j\u00e1ratainkra foglalni a honlapon k\u00f6zvetlen\u00fcl lehet, jegyeket a helysz\u00ednen is meg lehet v\u00e1ltani.<\/p><p>Vacsor\u00e1s Programjainkra el\u0151foglal\u00e1s k\u00f6telez\u0151 a programok n\u00e9pszer\u0171s\u00e9ge miatt.<\/p><p>A SilverLine v\u00e1rosn\u00e9z\u0151 \u00fatjainak kiindul\u00f3 \u00e1llom\u00e1sa k\u00f6zvetlen\u00fcl az Erzs\u00e9bet-h\u00edd l\u00e1b\u00e1n\u00e1l tal\u00e1lhat\u00f3, a 11 es Dokk kik\u00f6t\u0151n\u00e9l.<\/p><p>Silverline Cruises Kft. folyamatosan keresi \u00faj partnereit online, \u00e9s offline egyar\u00e1nt. Ha \u00f6n is szeretne csatlakozni hozz\u00e1nk, vegye fel vel\u00fcnk a kapcsolatot.<\/p><p>Online v\u00e1s\u00e1rl\u00e1si \u00e9s affiliate partneri szerz\u0151d\u00e9ssel kapcsolatos b\u0151vebb inform\u00e1ci\u00f3k\u00e9rt olvassa el \u00c1ltal\u00e1nos Szerz\u0151d\u00e9si Felt\u00e9telinket,illetve Affiliate rendszer\u00fcnk le\u00edr\u00e1s\u00e1t.<\/p><p>Tov\u00e1bbi inform\u00e1ci\u00f3k\u00e9rt \u00e9s foglal\u00e1s\u00e9rt keressen minket az al\u00e1bbi el\u00e9rhet\u0151s\u00e9gek egyik\u00e9n:<\/p><p>E-mail:&nbsp;booking@silver-line.hu<\/p><p>Telefon: +36 20 332 53 64<\/p><p>1051 Budapest, Vigad\u00f3 t\u00e9r, Dokk 11.<\/p>","protected":false},"excerpt":{"rendered":"<p>A Silverline Cruises Kft. Magyarorsz\u00e1g egyik legnagyobb haj\u00f3z\u00e1si v\u00e1llalata, amely Budapesten k\u00edn\u00e1l haj\u00f3s program lehet\u0151s\u00e9geket vend\u00e9geinek. Tov\u00e1bbi szolg\u00e1ltat\u00e1saink k\u00f6z\u00e9 tartozik m\u00e9g kik\u00f6t\u0151-\u00fczemeltet\u00e9s, haj\u00f3szerviz szolg\u00e1ltat\u00e1s, \u00faj-\u00e9s haszn\u00e1lt jacht \u00e9rt\u00e9kes\u00edt\u00e9s, illetve egyedi haj\u00f3\u00e9p\u00edt\u00e9s is \u00e9s vizitaxi. Haj\u00f3s szolg\u00e1ltat\u00e1saink sok sz\u00edn\u0171s\u00e9g\u00e9nek k\u00f6sz\u00f6nhet\u0151en a Silverline saj\u00e1t \u00e9p\u00edt\u00e9s\u0171 haj\u00f3kkal rendelkezik, ezek k\u00f6z\u00fcl is a legn\u00e9pszer\u0171bbek katamar\u00e1n haj\u00f3ink. Ezen luxus haj\u00f3kon<\/p>\n","protected":false},"author":1,"featured_media":0,"parent":0,"menu_order":0,"comment_status":"closed","ping_status":"closed","template":"","meta":{"footnotes":""},"yoast_head":"<!-- This site is optimized with the Yoast SEO plugin v23.9 - https:\/\/yoast.com\/wordpress\/plugins\/seo\/ -->\n<title>R\u00f3lunk - silver24 - Silverline Cruises<\/title>\n<meta name=\"robots\" content=\"noindex, follow, max-snippet:-1, max-image-preview:large, max-video-preview:-1\" \/>\n<meta property=\"og:locale\" content=\"hu_HU\" \/>\n<meta property=\"og:type\" content=\"article\" \/>\n<meta property=\"og:title\" content=\"R\u00f3lunk - silver24 - Silverline Cruises\" \/>\n<meta property=\"og:description\" content=\"A Silverline Cruises Kft. Magyarorsz\u00e1g egyik legnagyobb haj\u00f3z\u00e1si v\u00e1llalata, amely Budapesten k\u00edn\u00e1l haj\u00f3s program lehet\u0151s\u00e9geket vend\u00e9geinek. Tov\u00e1bbi szolg\u00e1ltat\u00e1saink k\u00f6z\u00e9 tartozik m\u00e9g kik\u00f6t\u0151-\u00fczemeltet\u00e9s, haj\u00f3szerviz szolg\u00e1ltat\u00e1s, \u00faj-\u00e9s haszn\u00e1lt jacht \u00e9rt\u00e9kes\u00edt\u00e9s, illetve egyedi haj\u00f3\u00e9p\u00edt\u00e9s is \u00e9s vizitaxi. Haj\u00f3s szolg\u00e1ltat\u00e1saink sok sz\u00edn\u0171s\u00e9g\u00e9nek k\u00f6sz\u00f6nhet\u0151en a Silverline saj\u00e1t \u00e9p\u00edt\u00e9s\u0171 haj\u00f3kkal rendelkezik, ezek k\u00f6z\u00fcl is a legn\u00e9pszer\u0171bbek katamar\u00e1n haj\u00f3ink. Ezen luxus haj\u00f3kon\" \/>\n<meta property=\"og:url\" content=\"https:\/\/silver24.u9o.hu\/hu\/rolunk\/\" \/>\n<meta property=\"og:site_name\" content=\"silver24 - Silverline Cruises\" \/>\n<meta property=\"article:publisher\" content=\"https:\/\/www.facebook.com\/budapestrivercruise\" \/>\n<meta property=\"article:modified_time\" content=\"2022-05-08T09:27:53+00:00\" \/>\n<meta property=\"og:image\" content=\"https:\/\/silver24.u9o.hu\/wp-content\/uploads\/2022\/05\/Silverline-Cruises-1-1.webp\" \/>\n\t<meta property=\"og:image:width\" content=\"500\" \/>\n\t<meta property=\"og:image:height\" content=\"205\" \/>\n\t<meta property=\"og:image:type\" content=\"image\/webp\" \/>\n<script type=\"application\/ld+json\" class=\"yoast-schema-graph\">{\"@context\":\"https:\/\/schema.org\",\"@graph\":[{\"@type\":\"WebPage\",\"@id\":\"https:\/\/silver24.u9o.hu\/hu\/rolunk\/\",\"url\":\"https:\/\/silver24.u9o.hu\/hu\/rolunk\/\",\"name\":\"R\u00f3lunk - silver24 - Silverline Cruises\",\"isPartOf\":{\"@id\":\"https:\/\/silver24.u9o.hu\/hu\/#website\"},\"datePublished\":\"2022-05-08T09:27:52+00:00\",\"dateModified\":\"2022-05-08T09:27:53+00:00\",\"breadcrumb\":{\"@id\":\"https:\/\/silver24.u9o.hu\/hu\/rolunk\/#breadcrumb\"},\"inLanguage\":\"hu\",\"potentialAction\":[{\"@type\":\"ReadAction\",\"target\":[\"https:\/\/silver24.u9o.hu\/hu\/rolunk\/\"]}]},{\"@type\":\"BreadcrumbList\",\"@id\":\"https:\/\/silver24.u9o.hu\/hu\/rolunk\/#breadcrumb\",\"itemListElement\":[{\"@type\":\"ListItem\",\"position\":1,\"name\":\"Home\",\"item\":\"https:\/\/silver24.u9o.hu\/hu\/\"},{\"@type\":\"ListItem\",\"position\":2,\"name\":\"R\u00f3lunk\"}]},{\"@type\":\"WebSite\",\"@id\":\"https:\/\/silver24.u9o.hu\/hu\/#website\",\"url\":\"https:\/\/silver24.u9o.hu\/hu\/\",\"name\":\"Silverline Cruises kft.\",\"description\":\"\",\"publisher\":{\"@id\":\"https:\/\/silver24.u9o.hu\/hu\/#organization\"},\"potentialAction\":[{\"@type\":\"SearchAction\",\"target\":{\"@type\":\"EntryPoint\",\"urlTemplate\":\"https:\/\/silver24.u9o.hu\/hu\/?s={search_term_string}\"},\"query-input\":{\"@type\":\"PropertyValueSpecification\",\"valueRequired\":true,\"valueName\":\"search_term_string\"}}],\"inLanguage\":\"hu\"},{\"@type\":\"Organization\",\"@id\":\"https:\/\/silver24.u9o.hu\/hu\/#organization\",\"name\":\"Silverline Cruises kft.\",\"url\":\"https:\/\/silver24.u9o.hu\/hu\/\",\"logo\":{\"@type\":\"ImageObject\",\"inLanguage\":\"hu\",\"@id\":\"https:\/\/silver24.u9o.hu\/hu\/#\/schema\/logo\/image\/\",\"url\":\"https:\/\/silver-line.hu\/wp-content\/uploads\/2022\/05\/cropped-cropped-icon-1.webp\",\"contentUrl\":\"https:\/\/silver-line.hu\/wp-content\/uploads\/2022\/05\/cropped-cropped-icon-1.webp\",\"width\":512,\"height\":512,\"caption\":\"Silverline Cruises kft.\"},\"image\":{\"@id\":\"https:\/\/silver24.u9o.hu\/hu\/#\/schema\/logo\/image\/\"},\"sameAs\":[\"https:\/\/www.facebook.com\/budapestrivercruise\"]}]}<\/script>\n<!-- \/ Yoast SEO plugin. -->","yoast_head_json":{"title":"R\u00f3lunk - silver24 - Silverline Cruises","robots":{"index":"noindex","follow":"follow","max-snippet":"max-snippet:-1","max-image-preview":"max-image-preview:large","max-video-preview":"max-video-preview:-1"},"og_locale":"hu_HU","og_type":"article","og_title":"R\u00f3lunk - silver24 - Silverline Cruises","og_description":"A Silverline Cruises Kft. Magyarorsz\u00e1g egyik legnagyobb haj\u00f3z\u00e1si v\u00e1llalata, amely Budapesten k\u00edn\u00e1l haj\u00f3s program lehet\u0151s\u00e9geket vend\u00e9geinek. Tov\u00e1bbi szolg\u00e1ltat\u00e1saink k\u00f6z\u00e9 tartozik m\u00e9g kik\u00f6t\u0151-\u00fczemeltet\u00e9s, haj\u00f3szerviz szolg\u00e1ltat\u00e1s, \u00faj-\u00e9s haszn\u00e1lt jacht \u00e9rt\u00e9kes\u00edt\u00e9s, illetve egyedi haj\u00f3\u00e9p\u00edt\u00e9s is \u00e9s vizitaxi. Haj\u00f3s szolg\u00e1ltat\u00e1saink sok sz\u00edn\u0171s\u00e9g\u00e9nek k\u00f6sz\u00f6nhet\u0151en a Silverline saj\u00e1t \u00e9p\u00edt\u00e9s\u0171 haj\u00f3kkal rendelkezik, ezek k\u00f6z\u00fcl is a legn\u00e9pszer\u0171bbek katamar\u00e1n haj\u00f3ink. Ezen luxus haj\u00f3kon","og_url":"https:\/\/silver24.u9o.hu\/hu\/rolunk\/","og_site_name":"silver24 - Silverline Cruises","article_publisher":"https:\/\/www.facebook.com\/budapestrivercruise","article_modified_time":"2022-05-08T09:27:53+00:00","og_image":[{"width":500,"height":205,"url":"https:\/\/silver24.u9o.hu\/wp-content\/uploads\/2022\/05\/Silverline-Cruises-1-1.webp","type":"image\/webp"}],"schema":{"@context":"https:\/\/schema.org","@graph":[{"@type":"WebPage","@id":"https:\/\/silver24.u9o.hu\/hu\/rolunk\/","url":"https:\/\/silver24.u9o.hu\/hu\/rolunk\/","name":"R\u00f3lunk - silver24 - Silverline Cruises","isPartOf":{"@id":"https:\/\/silver24.u9o.hu\/hu\/#website"},"datePublished":"2022-05-08T09:27:52+00:00","dateModified":"2022-05-08T09:27:53+00:00","breadcrumb":{"@id":"https:\/\/silver24.u9o.hu\/hu\/rolunk\/#breadcrumb"},"inLanguage":"hu","potentialAction":[{"@type":"ReadAction","target":["https:\/\/silver24.u9o.hu\/hu\/rolunk\/"]}]},{"@type":"BreadcrumbList","@id":"https:\/\/silver24.u9o.hu\/hu\/rolunk\/#breadcrumb","itemListElement":[{"@type":"ListItem","position":1,"name":"Home","item":"https:\/\/silver24.u9o.hu\/hu\/"},{"@type":"ListItem","position":2,"name":"R\u00f3lunk"}]},{"@type":"WebSite","@id":"https:\/\/silver24.u9o.hu\/hu\/#website","url":"https:\/\/silver24.u9o.hu\/hu\/","name":"Silverline Cruises kft.","description":"","publisher":{"@id":"https:\/\/silver24.u9o.hu\/hu\/#organization"},"potentialAction":[{"@type":"SearchAction","target":{"@type":"EntryPoint","urlTemplate":"https:\/\/silver24.u9o.hu\/hu\/?s={search_term_string}"},"query-input":{"@type":"PropertyValueSpecification","valueRequired":true,"valueName":"search_term_string"}}],"inLanguage":"hu"},{"@type":"Organization","@id":"https:\/\/silver24.u9o.hu\/hu\/#organization","name":"Silverline Cruises kft.","url":"https:\/\/silver24.u9o.hu\/hu\/","logo":{"@type":"ImageObject","inLanguage":"hu","@id":"https:\/\/silver24.u9o.hu\/hu\/#\/schema\/logo\/image\/","url":"https:\/\/silver-line.hu\/wp-content\/uploads\/2022\/05\/cropped-cropped-icon-1.webp","contentUrl":"https:\/\/silver-line.hu\/wp-content\/uploads\/2022\/05\/cropped-cropped-icon-1.webp","width":512,"height":512,"caption":"Silverline Cruises kft."},"image":{"@id":"https:\/\/silver24.u9o.hu\/hu\/#\/schema\/logo\/image\/"},"sameAs":["https:\/\/www.facebook.com\/budapestrivercruise"]}]}},"_links":{"self":[{"href":"https:\/\/silver24.u9o.hu\/hu\/wp-json\/wp\/v2\/pages\/362752"}],"collection":[{"href":"https:\/\/silver24.u9o.hu\/hu\/wp-json\/wp\/v2\/pages"}],"about":[{"href":"https:\/\/silver24.u9o.hu\/hu\/wp-json\/wp\/v2\/types\/page"}],"author":[{"embeddable":true,"href":"https:\/\/silver24.u9o.hu\/hu\/wp-json\/wp\/v2\/users\/1"}],"replies":[{"embeddable":true,"href":"https:\/\/silver24.u9o.hu\/hu\/wp-json\/wp\/v2\/comments?post=362752"}],"version-history":[{"count":0,"href":"https:\/\/silver24.u9o.hu\/hu\/wp-json\/wp\/v2\/pages\/362752\/revisions"}],"wp:attachment":[{"href":"https:\/\/silver24.u9o.hu\/hu\/wp-json\/wp\/v2\/media?parent=362752"}],"curies":[{"name":"wp","href":"https:\/\/api.w.org\/{rel}","templated":true}]}}