{"id":362689,"date":"2022-05-07T03:30:37","date_gmt":"2022-05-07T02:30:37","guid":{"rendered":"https:\/\/silver-line.hu\/?page_id=362689"},"modified":"2025-05-20T12:20:59","modified_gmt":"2025-05-20T11:20:59","slug":"privat-hajo-berles","status":"publish","type":"page","link":"https:\/\/silver24.u9o.hu\/hu\/privat-hajo-berles\/","title":{"rendered":"Priv\u00e1t haj\u00f3b\u00e9rl\u00e9s Budapesten"},"content":{"rendered":"","protected":false},"excerpt":{"rendered":"","protected":false},"author":1,"featured_media":0,"parent":0,"menu_order":0,"comment_status":"closed","ping_status":"closed","template":"","meta":{"footnotes":""},"yoast_head":"<!-- This site is optimized with the Yoast SEO plugin v23.9 - https:\/\/yoast.com\/wordpress\/plugins\/seo\/ -->\n<title>Haj\u00f3b\u00e9rl\u00e9s Budapest ter\u00fclet\u00e9n - Rendezv\u00e9nyhaj\u00f3k<\/title>\n<meta name=\"description\" content=\"Haj\u00f3b\u00e9rl\u00e9s Budapest ter\u00fclet\u00e9n. Legyen az 100 f\u0151s rendezv\u00e9ny, vagy priv\u00e1t motorcs\u00f3nak b\u00e9rl\u00e9s, c\u00e9g\u00fcnk flott\u00e1ja \u00f6r\u00f6mmel \u00e1ll megrendel\u0151ink szolg\u00e1lat\u00e1ra!\" \/>\n<meta name=\"robots\" content=\"noindex, follow, max-snippet:-1, max-image-preview:large, max-video-preview:-1\" \/>\n<meta property=\"og:locale\" content=\"hu_HU\" \/>\n<meta property=\"og:type\" content=\"article\" \/>\n<meta property=\"og:title\" content=\"Haj\u00f3b\u00e9rl\u00e9s Budapest ter\u00fclet\u00e9n - Rendezv\u00e9nyhaj\u00f3k\" \/>\n<meta property=\"og:description\" content=\"Haj\u00f3b\u00e9rl\u00e9s Budapest ter\u00fclet\u00e9n. Legyen az 100 f\u0151s rendezv\u00e9ny, vagy priv\u00e1t motorcs\u00f3nak b\u00e9rl\u00e9s, c\u00e9g\u00fcnk flott\u00e1ja \u00f6r\u00f6mmel \u00e1ll megrendel\u0151ink szolg\u00e1lat\u00e1ra!\" \/>\n<meta property=\"og:url\" content=\"https:\/\/silver24.u9o.hu\/hu\/privat-hajo-berles\/\" \/>\n<meta property=\"og:site_name\" content=\"silver24 - Silverline Cruises\" \/>\n<meta property=\"article:publisher\" content=\"https:\/\/www.facebook.com\/budapestrivercruise\" \/>\n<meta property=\"article:modified_time\" content=\"2025-05-20T11:20:59+00:00\" \/>\n<meta property=\"og:image\" content=\"https:\/\/silver24.u9o.hu\/wp-content\/uploads\/2022\/05\/Silverline-Cruises-1-1.webp\" \/>\n\t<meta property=\"og:image:width\" content=\"500\" \/>\n\t<meta property=\"og:image:height\" content=\"205\" \/>\n\t<meta property=\"og:image:type\" content=\"image\/webp\" \/>\n<script type=\"application\/ld+json\" class=\"yoast-schema-graph\">{\"@context\":\"https:\/\/schema.org\",\"@graph\":[{\"@type\":\"WebPage\",\"@id\":\"https:\/\/silver24.u9o.hu\/hu\/privat-hajo-berles\/\",\"url\":\"https:\/\/silver24.u9o.hu\/hu\/privat-hajo-berles\/\",\"name\":\"Haj\u00f3b\u00e9rl\u00e9s Budapest ter\u00fclet\u00e9n - Rendezv\u00e9nyhaj\u00f3k\",\"isPartOf\":{\"@id\":\"https:\/\/silver24.u9o.hu\/hu\/#website\"},\"datePublished\":\"2022-05-07T02:30:37+00:00\",\"dateModified\":\"2025-05-20T11:20:59+00:00\",\"description\":\"Haj\u00f3b\u00e9rl\u00e9s Budapest ter\u00fclet\u00e9n. Legyen az 100 f\u0151s rendezv\u00e9ny, vagy priv\u00e1t motorcs\u00f3nak b\u00e9rl\u00e9s, c\u00e9g\u00fcnk flott\u00e1ja \u00f6r\u00f6mmel \u00e1ll megrendel\u0151ink szolg\u00e1lat\u00e1ra!\",\"breadcrumb\":{\"@id\":\"https:\/\/silver24.u9o.hu\/hu\/privat-hajo-berles\/#breadcrumb\"},\"inLanguage\":\"hu\",\"potentialAction\":[{\"@type\":\"ReadAction\",\"target\":[\"https:\/\/silver24.u9o.hu\/hu\/privat-hajo-berles\/\"]}]},{\"@type\":\"BreadcrumbList\",\"@id\":\"https:\/\/silver24.u9o.hu\/hu\/privat-hajo-berles\/#breadcrumb\",\"itemListElement\":[{\"@type\":\"ListItem\",\"position\":1,\"name\":\"Home\",\"item\":\"https:\/\/silver24.u9o.hu\/hu\/\"},{\"@type\":\"ListItem\",\"position\":2,\"name\":\"Priv\u00e1t haj\u00f3b\u00e9rl\u00e9s Budapesten\"}]},{\"@type\":\"WebSite\",\"@id\":\"https:\/\/silver24.u9o.hu\/hu\/#website\",\"url\":\"https:\/\/silver24.u9o.hu\/hu\/\",\"name\":\"Silverline Cruises kft.\",\"description\":\"\",\"publisher\":{\"@id\":\"https:\/\/silver24.u9o.hu\/hu\/#organization\"},\"potentialAction\":[{\"@type\":\"SearchAction\",\"target\":{\"@type\":\"EntryPoint\",\"urlTemplate\":\"https:\/\/silver24.u9o.hu\/hu\/?s={search_term_string}\"},\"query-input\":{\"@type\":\"PropertyValueSpecification\",\"valueRequired\":true,\"valueName\":\"search_term_string\"}}],\"inLanguage\":\"hu\"},{\"@type\":\"Organization\",\"@id\":\"https:\/\/silver24.u9o.hu\/hu\/#organization\",\"name\":\"Silverline Cruises kft.\",\"url\":\"https:\/\/silver24.u9o.hu\/hu\/\",\"logo\":{\"@type\":\"ImageObject\",\"inLanguage\":\"hu\",\"@id\":\"https:\/\/silver24.u9o.hu\/hu\/#\/schema\/logo\/image\/\",\"url\":\"https:\/\/silver-line.hu\/wp-content\/uploads\/2022\/05\/cropped-cropped-icon-1.webp\",\"contentUrl\":\"https:\/\/silver-line.hu\/wp-content\/uploads\/2022\/05\/cropped-cropped-icon-1.webp\",\"width\":512,\"height\":512,\"caption\":\"Silverline Cruises kft.\"},\"image\":{\"@id\":\"https:\/\/silver24.u9o.hu\/hu\/#\/schema\/logo\/image\/\"},\"sameAs\":[\"https:\/\/www.facebook.com\/budapestrivercruise\"]}]}<\/script>\n<!-- \/ Yoast SEO plugin. -->","yoast_head_json":{"title":"Haj\u00f3b\u00e9rl\u00e9s Budapest ter\u00fclet\u00e9n - Rendezv\u00e9nyhaj\u00f3k","description":"Haj\u00f3b\u00e9rl\u00e9s Budapest ter\u00fclet\u00e9n. Legyen az 100 f\u0151s rendezv\u00e9ny, vagy priv\u00e1t motorcs\u00f3nak b\u00e9rl\u00e9s, c\u00e9g\u00fcnk flott\u00e1ja \u00f6r\u00f6mmel \u00e1ll megrendel\u0151ink szolg\u00e1lat\u00e1ra!","robots":{"index":"noindex","follow":"follow","max-snippet":"max-snippet:-1","max-image-preview":"max-image-preview:large","max-video-preview":"max-video-preview:-1"},"og_locale":"hu_HU","og_type":"article","og_title":"Haj\u00f3b\u00e9rl\u00e9s Budapest ter\u00fclet\u00e9n - Rendezv\u00e9nyhaj\u00f3k","og_description":"Haj\u00f3b\u00e9rl\u00e9s Budapest ter\u00fclet\u00e9n. Legyen az 100 f\u0151s rendezv\u00e9ny, vagy priv\u00e1t motorcs\u00f3nak b\u00e9rl\u00e9s, c\u00e9g\u00fcnk flott\u00e1ja \u00f6r\u00f6mmel \u00e1ll megrendel\u0151ink szolg\u00e1lat\u00e1ra!","og_url":"https:\/\/silver24.u9o.hu\/hu\/privat-hajo-berles\/","og_site_name":"silver24 - Silverline Cruises","article_publisher":"https:\/\/www.facebook.com\/budapestrivercruise","article_modified_time":"2025-05-20T11:20:59+00:00","og_image":[{"width":500,"height":205,"url":"https:\/\/silver24.u9o.hu\/wp-content\/uploads\/2022\/05\/Silverline-Cruises-1-1.webp","type":"image\/webp"}],"schema":{"@context":"https:\/\/schema.org","@graph":[{"@type":"WebPage","@id":"https:\/\/silver24.u9o.hu\/hu\/privat-hajo-berles\/","url":"https:\/\/silver24.u9o.hu\/hu\/privat-hajo-berles\/","name":"Haj\u00f3b\u00e9rl\u00e9s Budapest ter\u00fclet\u00e9n - Rendezv\u00e9nyhaj\u00f3k","isPartOf":{"@id":"https:\/\/silver24.u9o.hu\/hu\/#website"},"datePublished":"2022-05-07T02:30:37+00:00","dateModified":"2025-05-20T11:20:59+00:00","description":"Haj\u00f3b\u00e9rl\u00e9s Budapest ter\u00fclet\u00e9n. Legyen az 100 f\u0151s rendezv\u00e9ny, vagy priv\u00e1t motorcs\u00f3nak b\u00e9rl\u00e9s, c\u00e9g\u00fcnk flott\u00e1ja \u00f6r\u00f6mmel \u00e1ll megrendel\u0151ink szolg\u00e1lat\u00e1ra!","breadcrumb":{"@id":"https:\/\/silver24.u9o.hu\/hu\/privat-hajo-berles\/#breadcrumb"},"inLanguage":"hu","potentialAction":[{"@type":"ReadAction","target":["https:\/\/silver24.u9o.hu\/hu\/privat-hajo-berles\/"]}]},{"@type":"BreadcrumbList","@id":"https:\/\/silver24.u9o.hu\/hu\/privat-hajo-berles\/#breadcrumb","itemListElement":[{"@type":"ListItem","position":1,"name":"Home","item":"https:\/\/silver24.u9o.hu\/hu\/"},{"@type":"ListItem","position":2,"name":"Priv\u00e1t haj\u00f3b\u00e9rl\u00e9s Budapesten"}]},{"@type":"WebSite","@id":"https:\/\/silver24.u9o.hu\/hu\/#website","url":"https:\/\/silver24.u9o.hu\/hu\/","name":"Silverline Cruises kft.","description":"","publisher":{"@id":"https:\/\/silver24.u9o.hu\/hu\/#organization"},"potentialAction":[{"@type":"SearchAction","target":{"@type":"EntryPoint","urlTemplate":"https:\/\/silver24.u9o.hu\/hu\/?s={search_term_string}"},"query-input":{"@type":"PropertyValueSpecification","valueRequired":true,"valueName":"search_term_string"}}],"inLanguage":"hu"},{"@type":"Organization","@id":"https:\/\/silver24.u9o.hu\/hu\/#organization","name":"Silverline Cruises kft.","url":"https:\/\/silver24.u9o.hu\/hu\/","logo":{"@type":"ImageObject","inLanguage":"hu","@id":"https:\/\/silver24.u9o.hu\/hu\/#\/schema\/logo\/image\/","url":"https:\/\/silver-line.hu\/wp-content\/uploads\/2022\/05\/cropped-cropped-icon-1.webp","contentUrl":"https:\/\/silver-line.hu\/wp-content\/uploads\/2022\/05\/cropped-cropped-icon-1.webp","width":512,"height":512,"caption":"Silverline Cruises kft."},"image":{"@id":"https:\/\/silver24.u9o.hu\/hu\/#\/schema\/logo\/image\/"},"sameAs":["https:\/\/www.facebook.com\/budapestrivercruise"]}]}},"_links":{"self":[{"href":"https:\/\/silver24.u9o.hu\/hu\/wp-json\/wp\/v2\/pages\/362689"}],"collection":[{"href":"https:\/\/silver24.u9o.hu\/hu\/wp-json\/wp\/v2\/pages"}],"about":[{"href":"https:\/\/silver24.u9o.hu\/hu\/wp-json\/wp\/v2\/types\/page"}],"author":[{"embeddable":true,"href":"https:\/\/silver24.u9o.hu\/hu\/wp-json\/wp\/v2\/users\/1"}],"replies":[{"embeddable":true,"href":"https:\/\/silver24.u9o.hu\/hu\/wp-json\/wp\/v2\/comments?post=362689"}],"version-history":[{"count":5,"href":"https:\/\/silver24.u9o.hu\/hu\/wp-json\/wp\/v2\/pages\/362689\/revisions"}],"predecessor-version":[{"id":1456003,"href":"https:\/\/silver24.u9o.hu\/hu\/wp-json\/wp\/v2\/pages\/362689\/revisions\/1456003"}],"wp:attachment":[{"href":"https:\/\/silver24.u9o.hu\/hu\/wp-json\/wp\/v2\/media?parent=362689"}],"curies":[{"name":"wp","href":"https:\/\/api.w.org\/{rel}","templated":true}]}}