{"id":362293,"date":"2022-05-07T02:56:59","date_gmt":"2022-05-07T01:56:59","guid":{"rendered":"https:\/\/silver-line.hu\/?page_id=362293"},"modified":"2025-09-14T14:21:25","modified_gmt":"2025-09-14T13:21:25","slug":"budapesti-hajozas-gyertyafenyes-vacsora-programmal-silverline-cruises","status":"publish","type":"page","link":"https:\/\/silver24.u9o.hu\/hu\/","title":{"rendered":"Budapesti haj\u00f3z\u00e1s gyertyaf\u00e9nyes vacsora programmal &#8211; Silverline Cruises"},"content":{"rendered":"","protected":false},"excerpt":{"rendered":"","protected":false},"author":1,"featured_media":1338502,"parent":0,"menu_order":0,"comment_status":"closed","ping_status":"closed","template":"","meta":{"footnotes":""},"yoast_head":"<!-- This site is optimized with the Yoast SEO plugin v23.9 - https:\/\/yoast.com\/wordpress\/plugins\/seo\/ -->\n<title>Haj\u00f3s vacsora a Dun\u00e1n, gyertyaf\u00e9nnyel, zen\u00e9s m\u0171sorral<\/title>\n<meta name=\"description\" content=\"Haj\u00f3s vacsora a Dun\u00e1n, budapesti haj\u00f3z\u00e1s, kultur\u00e1lis- gasztron\u00f3miai kaland, csod\u00e1latos v\u00e1rosn\u00e9z\u00e9s egyben! Az \u00e9v minden napj\u00e1n.\" \/>\n<meta name=\"robots\" content=\"noindex, follow, max-snippet:-1, max-image-preview:large, max-video-preview:-1\" \/>\n<meta property=\"og:locale\" content=\"hu_HU\" \/>\n<meta property=\"og:type\" content=\"article\" \/>\n<meta property=\"og:title\" content=\"Haj\u00f3s vacsora a Dun\u00e1n, gyertyaf\u00e9nnyel, zen\u00e9s m\u0171sorral\" \/>\n<meta property=\"og:description\" content=\"Haj\u00f3s vacsora a Dun\u00e1n, budapesti haj\u00f3z\u00e1s, kultur\u00e1lis- gasztron\u00f3miai kaland, csod\u00e1latos v\u00e1rosn\u00e9z\u00e9s egyben! Az \u00e9v minden napj\u00e1n.\" \/>\n<meta property=\"og:url\" content=\"https:\/\/silver24.u9o.hu\/hu\/\" \/>\n<meta property=\"og:site_name\" content=\"silver24 - Silverline Cruises\" \/>\n<meta property=\"article:publisher\" content=\"https:\/\/www.facebook.com\/budapestrivercruise\" \/>\n<meta property=\"article:modified_time\" content=\"2025-09-14T13:21:25+00:00\" \/>\n<meta property=\"og:image\" content=\"https:\/\/silver-line.hu\/wp-content\/uploads\/2024\/09\/silverline-cruises-budapest.jpg\" \/>\n<script type=\"application\/ld+json\" class=\"yoast-schema-graph\">{\"@context\":\"https:\/\/schema.org\",\"@graph\":[{\"@type\":\"WebPage\",\"@id\":\"https:\/\/silver24.u9o.hu\/hu\/\",\"url\":\"https:\/\/silver24.u9o.hu\/hu\/\",\"name\":\"Haj\u00f3s vacsora a Dun\u00e1n, gyertyaf\u00e9nnyel, zen\u00e9s m\u0171sorral\",\"isPartOf\":{\"@id\":\"https:\/\/silver24.u9o.hu\/hu\/#website\"},\"primaryImageOfPage\":{\"@id\":\"https:\/\/silver24.u9o.hu\/hu\/#primaryimage\"},\"image\":{\"@id\":\"https:\/\/silver24.u9o.hu\/hu\/#primaryimage\"},\"thumbnailUrl\":\"https:\/\/silver24.u9o.hu\/wp-content\/uploads\/2024\/09\/silverline-cruises-budapest.jpg\",\"datePublished\":\"2022-05-07T01:56:59+00:00\",\"dateModified\":\"2025-09-14T13:21:25+00:00\",\"description\":\"Haj\u00f3s vacsora a Dun\u00e1n, budapesti haj\u00f3z\u00e1s, kultur\u00e1lis- gasztron\u00f3miai kaland, csod\u00e1latos v\u00e1rosn\u00e9z\u00e9s egyben! Az \u00e9v minden napj\u00e1n.\",\"breadcrumb\":{\"@id\":\"https:\/\/silver24.u9o.hu\/hu\/#breadcrumb\"},\"inLanguage\":\"hu\",\"potentialAction\":[{\"@type\":\"ReadAction\",\"target\":[\"https:\/\/silver24.u9o.hu\/hu\/\"]}]},{\"@type\":\"ImageObject\",\"inLanguage\":\"hu\",\"@id\":\"https:\/\/silver24.u9o.hu\/hu\/#primaryimage\",\"url\":\"https:\/\/silver24.u9o.hu\/wp-content\/uploads\/2024\/09\/silverline-cruises-budapest.jpg\",\"contentUrl\":\"https:\/\/silver24.u9o.hu\/wp-content\/uploads\/2024\/09\/silverline-cruises-budapest.jpg\",\"width\":944,\"height\":630,\"caption\":\"silverline cruises budapest\"},{\"@type\":\"BreadcrumbList\",\"@id\":\"https:\/\/silver24.u9o.hu\/hu\/#breadcrumb\",\"itemListElement\":[{\"@type\":\"ListItem\",\"position\":1,\"name\":\"Home\",\"item\":\"https:\/\/silver24.u9o.hu\/hu\/\"},{\"@type\":\"ListItem\",\"position\":2,\"name\":\"Budapesti haj\u00f3z\u00e1s gyertyaf\u00e9nyes vacsora programmal &#8211; Silverline Cruises\"}]},{\"@type\":\"WebSite\",\"@id\":\"https:\/\/silver24.u9o.hu\/hu\/#website\",\"url\":\"https:\/\/silver24.u9o.hu\/hu\/\",\"name\":\"Silverline Cruises kft.\",\"description\":\"\",\"publisher\":{\"@id\":\"https:\/\/silver24.u9o.hu\/hu\/#organization\"},\"potentialAction\":[{\"@type\":\"SearchAction\",\"target\":{\"@type\":\"EntryPoint\",\"urlTemplate\":\"https:\/\/silver24.u9o.hu\/hu\/?s={search_term_string}\"},\"query-input\":{\"@type\":\"PropertyValueSpecification\",\"valueRequired\":true,\"valueName\":\"search_term_string\"}}],\"inLanguage\":\"hu\"},{\"@type\":\"Organization\",\"@id\":\"https:\/\/silver24.u9o.hu\/hu\/#organization\",\"name\":\"Silverline Cruises kft.\",\"url\":\"https:\/\/silver24.u9o.hu\/hu\/\",\"logo\":{\"@type\":\"ImageObject\",\"inLanguage\":\"hu\",\"@id\":\"https:\/\/silver24.u9o.hu\/hu\/#\/schema\/logo\/image\/\",\"url\":\"https:\/\/silver-line.hu\/wp-content\/uploads\/2022\/05\/cropped-cropped-icon-1.webp\",\"contentUrl\":\"https:\/\/silver-line.hu\/wp-content\/uploads\/2022\/05\/cropped-cropped-icon-1.webp\",\"width\":512,\"height\":512,\"caption\":\"Silverline Cruises kft.\"},\"image\":{\"@id\":\"https:\/\/silver24.u9o.hu\/hu\/#\/schema\/logo\/image\/\"},\"sameAs\":[\"https:\/\/www.facebook.com\/budapestrivercruise\"]}]}<\/script>\n<!-- \/ Yoast SEO plugin. -->","yoast_head_json":{"title":"Haj\u00f3s vacsora a Dun\u00e1n, gyertyaf\u00e9nnyel, zen\u00e9s m\u0171sorral","description":"Haj\u00f3s vacsora a Dun\u00e1n, budapesti haj\u00f3z\u00e1s, kultur\u00e1lis- gasztron\u00f3miai kaland, csod\u00e1latos v\u00e1rosn\u00e9z\u00e9s egyben! Az \u00e9v minden napj\u00e1n.","robots":{"index":"noindex","follow":"follow","max-snippet":"max-snippet:-1","max-image-preview":"max-image-preview:large","max-video-preview":"max-video-preview:-1"},"og_locale":"hu_HU","og_type":"article","og_title":"Haj\u00f3s vacsora a Dun\u00e1n, gyertyaf\u00e9nnyel, zen\u00e9s m\u0171sorral","og_description":"Haj\u00f3s vacsora a Dun\u00e1n, budapesti haj\u00f3z\u00e1s, kultur\u00e1lis- gasztron\u00f3miai kaland, csod\u00e1latos v\u00e1rosn\u00e9z\u00e9s egyben! Az \u00e9v minden napj\u00e1n.","og_url":"https:\/\/silver24.u9o.hu\/hu\/","og_site_name":"silver24 - Silverline Cruises","article_publisher":"https:\/\/www.facebook.com\/budapestrivercruise","article_modified_time":"2025-09-14T13:21:25+00:00","og_image":[{"url":"https:\/\/silver-line.hu\/wp-content\/uploads\/2024\/09\/silverline-cruises-budapest.jpg"}],"schema":{"@context":"https:\/\/schema.org","@graph":[{"@type":"WebPage","@id":"https:\/\/silver24.u9o.hu\/hu\/","url":"https:\/\/silver24.u9o.hu\/hu\/","name":"Haj\u00f3s vacsora a Dun\u00e1n, gyertyaf\u00e9nnyel, zen\u00e9s m\u0171sorral","isPartOf":{"@id":"https:\/\/silver24.u9o.hu\/hu\/#website"},"primaryImageOfPage":{"@id":"https:\/\/silver24.u9o.hu\/hu\/#primaryimage"},"image":{"@id":"https:\/\/silver24.u9o.hu\/hu\/#primaryimage"},"thumbnailUrl":"https:\/\/silver24.u9o.hu\/wp-content\/uploads\/2024\/09\/silverline-cruises-budapest.jpg","datePublished":"2022-05-07T01:56:59+00:00","dateModified":"2025-09-14T13:21:25+00:00","description":"Haj\u00f3s vacsora a Dun\u00e1n, budapesti haj\u00f3z\u00e1s, kultur\u00e1lis- gasztron\u00f3miai kaland, csod\u00e1latos v\u00e1rosn\u00e9z\u00e9s egyben! Az \u00e9v minden napj\u00e1n.","breadcrumb":{"@id":"https:\/\/silver24.u9o.hu\/hu\/#breadcrumb"},"inLanguage":"hu","potentialAction":[{"@type":"ReadAction","target":["https:\/\/silver24.u9o.hu\/hu\/"]}]},{"@type":"ImageObject","inLanguage":"hu","@id":"https:\/\/silver24.u9o.hu\/hu\/#primaryimage","url":"https:\/\/silver24.u9o.hu\/wp-content\/uploads\/2024\/09\/silverline-cruises-budapest.jpg","contentUrl":"https:\/\/silver24.u9o.hu\/wp-content\/uploads\/2024\/09\/silverline-cruises-budapest.jpg","width":944,"height":630,"caption":"silverline cruises budapest"},{"@type":"BreadcrumbList","@id":"https:\/\/silver24.u9o.hu\/hu\/#breadcrumb","itemListElement":[{"@type":"ListItem","position":1,"name":"Home","item":"https:\/\/silver24.u9o.hu\/hu\/"},{"@type":"ListItem","position":2,"name":"Budapesti haj\u00f3z\u00e1s gyertyaf\u00e9nyes vacsora programmal &#8211; Silverline Cruises"}]},{"@type":"WebSite","@id":"https:\/\/silver24.u9o.hu\/hu\/#website","url":"https:\/\/silver24.u9o.hu\/hu\/","name":"Silverline Cruises kft.","description":"","publisher":{"@id":"https:\/\/silver24.u9o.hu\/hu\/#organization"},"potentialAction":[{"@type":"SearchAction","target":{"@type":"EntryPoint","urlTemplate":"https:\/\/silver24.u9o.hu\/hu\/?s={search_term_string}"},"query-input":{"@type":"PropertyValueSpecification","valueRequired":true,"valueName":"search_term_string"}}],"inLanguage":"hu"},{"@type":"Organization","@id":"https:\/\/silver24.u9o.hu\/hu\/#organization","name":"Silverline Cruises kft.","url":"https:\/\/silver24.u9o.hu\/hu\/","logo":{"@type":"ImageObject","inLanguage":"hu","@id":"https:\/\/silver24.u9o.hu\/hu\/#\/schema\/logo\/image\/","url":"https:\/\/silver-line.hu\/wp-content\/uploads\/2022\/05\/cropped-cropped-icon-1.webp","contentUrl":"https:\/\/silver-line.hu\/wp-content\/uploads\/2022\/05\/cropped-cropped-icon-1.webp","width":512,"height":512,"caption":"Silverline Cruises kft."},"image":{"@id":"https:\/\/silver24.u9o.hu\/hu\/#\/schema\/logo\/image\/"},"sameAs":["https:\/\/www.facebook.com\/budapestrivercruise"]}]}},"_links":{"self":[{"href":"https:\/\/silver24.u9o.hu\/hu\/wp-json\/wp\/v2\/pages\/362293"}],"collection":[{"href":"https:\/\/silver24.u9o.hu\/hu\/wp-json\/wp\/v2\/pages"}],"about":[{"href":"https:\/\/silver24.u9o.hu\/hu\/wp-json\/wp\/v2\/types\/page"}],"author":[{"embeddable":true,"href":"https:\/\/silver24.u9o.hu\/hu\/wp-json\/wp\/v2\/users\/1"}],"replies":[{"embeddable":true,"href":"https:\/\/silver24.u9o.hu\/hu\/wp-json\/wp\/v2\/comments?post=362293"}],"version-history":[{"count":5,"href":"https:\/\/silver24.u9o.hu\/hu\/wp-json\/wp\/v2\/pages\/362293\/revisions"}],"predecessor-version":[{"id":1466827,"href":"https:\/\/silver24.u9o.hu\/hu\/wp-json\/wp\/v2\/pages\/362293\/revisions\/1466827"}],"wp:featuredmedia":[{"embeddable":true,"href":"https:\/\/silver24.u9o.hu\/hu\/wp-json\/wp\/v2\/media\/1338502"}],"wp:attachment":[{"href":"https:\/\/silver24.u9o.hu\/hu\/wp-json\/wp\/v2\/media?parent=362293"}],"curies":[{"name":"wp","href":"https:\/\/api.w.org\/{rel}","templated":true}]}}