{"id":844045,"date":"2023-06-26T10:39:40","date_gmt":"2023-06-26T08:39:40","guid":{"rendered":"https:\/\/silver-line.hu\/?post_type=product&#038;p=844045"},"modified":"2023-10-18T14:14:10","modified_gmt":"2023-10-18T12:14:10","slug":"croisiere-langosh-biere","status":"publish","type":"product","link":"https:\/\/silver24.u9o.hu\/fr\/produit\/croisiere-langosh-biere\/","title":{"rendered":"Croisi\u00e8re Langosh &#038; Bi\u00e8re"},"content":{"rendered":"","protected":false},"excerpt":{"rendered":"<p><strong><span style=\"color: #ff0000; font-size: 16px;\">Cette croisi\u00e8re n&rsquo;est pas disponible pendant la saison hivernale. Essayez notre <a style=\"text-decoration: none; color: #800080;\" href=\"https:\/\/silver-line.hu\/fr\/produit\/croisiere-illimite-pizza-et-biere\/\">Pizza &amp; Croisi\u00e8re bi\u00e8re<\/a> \u00e0 la place\u00a0!<\/span><\/strong><\/p>\n<div style=\"text-align: center;\"><a style=\"text-decoration: none;\" href=\"https:\/\/silver-line.hu\/fr\/produit\/croisiere-illimite-pizza-et-biere\/\"><br \/>\n<button style=\"background-color: #800080; color: #fff; border: none; curseur: pointeur; text-align: center;\">R\u00e9servez maintenant\u00a0!<\/button><br \/>\n<\/a><\/div>\n<p>&nbsp;<\/p>\n<p><strong><span style=\"color: #ff0000; font-size: 16px;\">Les croisi\u00e8res de nuit incluent un suppl\u00e9ment de 5 euros<\/span><\/strong><\/p>\n<p>Vous avez encore faim ? Bien! Alors laissez-nous vous inviter \u00e0 un voyage de 85 minutes o\u00f9 nous vous accueillerons avec un l\u00e1ngos de votre choix et de la bi\u00e8re ou d&rsquo;autres boissons non alcoolis\u00e9es \u00e0 volont\u00e9 \u00e0 bord.<\/p>\n","protected":false},"featured_media":857665,"template":"","meta":[],"product_cat":[78],"product_tag":[],"yoast_head":"<!-- This site is optimized with the Yoast SEO plugin v23.9 - https:\/\/yoast.com\/wordpress\/plugins\/seo\/ -->\n<title>Croisi\u00e8re Langosh &amp; Bi\u00e8re - silver24 - Silverline Cruises<\/title>\n<meta name=\"robots\" content=\"noindex, follow, max-snippet:-1, max-image-preview:large, max-video-preview:-1\" \/>\n<meta property=\"og:locale\" content=\"fr_FR\" \/>\n<meta property=\"og:type\" content=\"article\" \/>\n<meta property=\"og:title\" content=\"Croisi\u00e8re Langosh &amp; Bi\u00e8re - silver24 - Silverline Cruises\" \/>\n<meta property=\"og:description\" content=\"Cette croisi\u00e8re n&#039;est pas disponible pendant la saison hivernale. Essayez notre Pizza &amp; Croisi\u00e8re bi\u00e8re \u00e0 la place\u00a0!  R\u00e9servez maintenant\u00a0!  &nbsp;  Les croisi\u00e8res de nuit incluent un suppl\u00e9ment de 5 euros  Vous avez encore faim ? Bien! Alors laissez-nous vous inviter \u00e0 un voyage de 85 minutes o\u00f9 nous vous accueillerons avec un l\u00e1ngos de votre choix et de la bi\u00e8re ou d&#039;autres boissons non alcoolis\u00e9es \u00e0 volont\u00e9 \u00e0 bord.\" \/>\n<meta property=\"og:url\" content=\"https:\/\/silver24.u9o.hu\/fr\/produit\/croisiere-langosh-biere\/\" \/>\n<meta property=\"og:site_name\" content=\"silver24 - Silverline Cruises\" \/>\n<meta property=\"article:publisher\" content=\"https:\/\/www.facebook.com\/budapestrivercruise\" \/>\n<meta property=\"article:modified_time\" content=\"2023-10-18T12:14:10+00:00\" \/>\n<meta property=\"og:image\" content=\"https:\/\/silver24.u9o.hu\/wp-content\/uploads\/2023\/06\/YQ4A0023-scaled-1.jpg\" \/>\n\t<meta property=\"og:image:width\" content=\"932\" \/>\n\t<meta property=\"og:image:height\" content=\"932\" \/>\n\t<meta property=\"og:image:type\" content=\"image\/jpeg\" \/>\n<script type=\"application\/ld+json\" class=\"yoast-schema-graph\">{\"@context\":\"https:\/\/schema.org\",\"@graph\":[{\"@type\":\"WebPage\",\"@id\":\"https:\/\/silver24.u9o.hu\/fr\/produit\/croisiere-langosh-biere\/\",\"url\":\"https:\/\/silver24.u9o.hu\/fr\/produit\/croisiere-langosh-biere\/\",\"name\":\"Croisi\u00e8re Langosh & Bi\u00e8re - silver24 - Silverline Cruises\",\"isPartOf\":{\"@id\":\"https:\/\/silver24.u9o.hu\/fr\/#website\"},\"primaryImageOfPage\":{\"@id\":\"https:\/\/silver24.u9o.hu\/fr\/produit\/croisiere-langosh-biere\/#primaryimage\"},\"image\":{\"@id\":\"https:\/\/silver24.u9o.hu\/fr\/produit\/croisiere-langosh-biere\/#primaryimage\"},\"thumbnailUrl\":\"https:\/\/silver24.u9o.hu\/wp-content\/uploads\/2023\/06\/YQ4A0023-scaled-1.jpg\",\"datePublished\":\"2023-06-26T08:39:40+00:00\",\"dateModified\":\"2023-10-18T12:14:10+00:00\",\"breadcrumb\":{\"@id\":\"https:\/\/silver24.u9o.hu\/fr\/produit\/croisiere-langosh-biere\/#breadcrumb\"},\"inLanguage\":\"fr-FR\",\"potentialAction\":[{\"@type\":\"ReadAction\",\"target\":[\"https:\/\/silver24.u9o.hu\/fr\/produit\/croisiere-langosh-biere\/\"]}]},{\"@type\":\"ImageObject\",\"inLanguage\":\"fr-FR\",\"@id\":\"https:\/\/silver24.u9o.hu\/fr\/produit\/croisiere-langosh-biere\/#primaryimage\",\"url\":\"https:\/\/silver24.u9o.hu\/wp-content\/uploads\/2023\/06\/YQ4A0023-scaled-1.jpg\",\"contentUrl\":\"https:\/\/silver24.u9o.hu\/wp-content\/uploads\/2023\/06\/YQ4A0023-scaled-1.jpg\",\"width\":932,\"height\":932},{\"@type\":\"BreadcrumbList\",\"@id\":\"https:\/\/silver24.u9o.hu\/fr\/produit\/croisiere-langosh-biere\/#breadcrumb\",\"itemListElement\":[{\"@type\":\"ListItem\",\"position\":1,\"name\":\"Home\",\"item\":\"https:\/\/silver24.u9o.hu\/fr\/\"},{\"@type\":\"ListItem\",\"position\":2,\"name\":\"Boutique\",\"item\":\"https:\/\/silver24.u9o.hu\/fr\/boutique\/\"},{\"@type\":\"ListItem\",\"position\":3,\"name\":\"Croisi\u00e8re Langosh &#038; Bi\u00e8re\"}]},{\"@type\":\"WebSite\",\"@id\":\"https:\/\/silver24.u9o.hu\/fr\/#website\",\"url\":\"https:\/\/silver24.u9o.hu\/fr\/\",\"name\":\"Silverline Cruises kft.\",\"description\":\"\",\"publisher\":{\"@id\":\"https:\/\/silver24.u9o.hu\/fr\/#organization\"},\"potentialAction\":[{\"@type\":\"SearchAction\",\"target\":{\"@type\":\"EntryPoint\",\"urlTemplate\":\"https:\/\/silver24.u9o.hu\/fr\/?s={search_term_string}\"},\"query-input\":{\"@type\":\"PropertyValueSpecification\",\"valueRequired\":true,\"valueName\":\"search_term_string\"}}],\"inLanguage\":\"fr-FR\"},{\"@type\":\"Organization\",\"@id\":\"https:\/\/silver24.u9o.hu\/fr\/#organization\",\"name\":\"Silverline Cruises kft.\",\"url\":\"https:\/\/silver24.u9o.hu\/fr\/\",\"logo\":{\"@type\":\"ImageObject\",\"inLanguage\":\"fr-FR\",\"@id\":\"https:\/\/silver24.u9o.hu\/fr\/#\/schema\/logo\/image\/\",\"url\":\"https:\/\/silver-line.hu\/wp-content\/uploads\/2022\/05\/cropped-cropped-icon-1.webp\",\"contentUrl\":\"https:\/\/silver-line.hu\/wp-content\/uploads\/2022\/05\/cropped-cropped-icon-1.webp\",\"width\":512,\"height\":512,\"caption\":\"Silverline Cruises kft.\"},\"image\":{\"@id\":\"https:\/\/silver24.u9o.hu\/fr\/#\/schema\/logo\/image\/\"},\"sameAs\":[\"https:\/\/www.facebook.com\/budapestrivercruise\"]}]}<\/script>\n<!-- \/ Yoast SEO plugin. -->","yoast_head_json":{"title":"Croisi\u00e8re Langosh & Bi\u00e8re - silver24 - Silverline Cruises","robots":{"index":"noindex","follow":"follow","max-snippet":"max-snippet:-1","max-image-preview":"max-image-preview:large","max-video-preview":"max-video-preview:-1"},"og_locale":"fr_FR","og_type":"article","og_title":"Croisi\u00e8re Langosh & Bi\u00e8re - silver24 - Silverline Cruises","og_description":"Cette croisi\u00e8re n'est pas disponible pendant la saison hivernale. Essayez notre Pizza &amp; Croisi\u00e8re bi\u00e8re \u00e0 la place\u00a0!  R\u00e9servez maintenant\u00a0!  &nbsp;  Les croisi\u00e8res de nuit incluent un suppl\u00e9ment de 5 euros  Vous avez encore faim ? Bien! Alors laissez-nous vous inviter \u00e0 un voyage de 85 minutes o\u00f9 nous vous accueillerons avec un l\u00e1ngos de votre choix et de la bi\u00e8re ou d'autres boissons non alcoolis\u00e9es \u00e0 volont\u00e9 \u00e0 bord.","og_url":"https:\/\/silver24.u9o.hu\/fr\/produit\/croisiere-langosh-biere\/","og_site_name":"silver24 - Silverline Cruises","article_publisher":"https:\/\/www.facebook.com\/budapestrivercruise","article_modified_time":"2023-10-18T12:14:10+00:00","og_image":[{"width":932,"height":932,"url":"https:\/\/silver24.u9o.hu\/wp-content\/uploads\/2023\/06\/YQ4A0023-scaled-1.jpg","type":"image\/jpeg"}],"schema":{"@context":"https:\/\/schema.org","@graph":[{"@type":"WebPage","@id":"https:\/\/silver24.u9o.hu\/fr\/produit\/croisiere-langosh-biere\/","url":"https:\/\/silver24.u9o.hu\/fr\/produit\/croisiere-langosh-biere\/","name":"Croisi\u00e8re Langosh & Bi\u00e8re - silver24 - Silverline Cruises","isPartOf":{"@id":"https:\/\/silver24.u9o.hu\/fr\/#website"},"primaryImageOfPage":{"@id":"https:\/\/silver24.u9o.hu\/fr\/produit\/croisiere-langosh-biere\/#primaryimage"},"image":{"@id":"https:\/\/silver24.u9o.hu\/fr\/produit\/croisiere-langosh-biere\/#primaryimage"},"thumbnailUrl":"https:\/\/silver24.u9o.hu\/wp-content\/uploads\/2023\/06\/YQ4A0023-scaled-1.jpg","datePublished":"2023-06-26T08:39:40+00:00","dateModified":"2023-10-18T12:14:10+00:00","breadcrumb":{"@id":"https:\/\/silver24.u9o.hu\/fr\/produit\/croisiere-langosh-biere\/#breadcrumb"},"inLanguage":"fr-FR","potentialAction":[{"@type":"ReadAction","target":["https:\/\/silver24.u9o.hu\/fr\/produit\/croisiere-langosh-biere\/"]}]},{"@type":"ImageObject","inLanguage":"fr-FR","@id":"https:\/\/silver24.u9o.hu\/fr\/produit\/croisiere-langosh-biere\/#primaryimage","url":"https:\/\/silver24.u9o.hu\/wp-content\/uploads\/2023\/06\/YQ4A0023-scaled-1.jpg","contentUrl":"https:\/\/silver24.u9o.hu\/wp-content\/uploads\/2023\/06\/YQ4A0023-scaled-1.jpg","width":932,"height":932},{"@type":"BreadcrumbList","@id":"https:\/\/silver24.u9o.hu\/fr\/produit\/croisiere-langosh-biere\/#breadcrumb","itemListElement":[{"@type":"ListItem","position":1,"name":"Home","item":"https:\/\/silver24.u9o.hu\/fr\/"},{"@type":"ListItem","position":2,"name":"Boutique","item":"https:\/\/silver24.u9o.hu\/fr\/boutique\/"},{"@type":"ListItem","position":3,"name":"Croisi\u00e8re Langosh &#038; Bi\u00e8re"}]},{"@type":"WebSite","@id":"https:\/\/silver24.u9o.hu\/fr\/#website","url":"https:\/\/silver24.u9o.hu\/fr\/","name":"Silverline Cruises kft.","description":"","publisher":{"@id":"https:\/\/silver24.u9o.hu\/fr\/#organization"},"potentialAction":[{"@type":"SearchAction","target":{"@type":"EntryPoint","urlTemplate":"https:\/\/silver24.u9o.hu\/fr\/?s={search_term_string}"},"query-input":{"@type":"PropertyValueSpecification","valueRequired":true,"valueName":"search_term_string"}}],"inLanguage":"fr-FR"},{"@type":"Organization","@id":"https:\/\/silver24.u9o.hu\/fr\/#organization","name":"Silverline Cruises kft.","url":"https:\/\/silver24.u9o.hu\/fr\/","logo":{"@type":"ImageObject","inLanguage":"fr-FR","@id":"https:\/\/silver24.u9o.hu\/fr\/#\/schema\/logo\/image\/","url":"https:\/\/silver-line.hu\/wp-content\/uploads\/2022\/05\/cropped-cropped-icon-1.webp","contentUrl":"https:\/\/silver-line.hu\/wp-content\/uploads\/2022\/05\/cropped-cropped-icon-1.webp","width":512,"height":512,"caption":"Silverline Cruises kft."},"image":{"@id":"https:\/\/silver24.u9o.hu\/fr\/#\/schema\/logo\/image\/"},"sameAs":["https:\/\/www.facebook.com\/budapestrivercruise"]}]}},"_links":{"self":[{"href":"https:\/\/silver24.u9o.hu\/fr\/wp-json\/wp\/v2\/product\/844045"}],"collection":[{"href":"https:\/\/silver24.u9o.hu\/fr\/wp-json\/wp\/v2\/product"}],"about":[{"href":"https:\/\/silver24.u9o.hu\/fr\/wp-json\/wp\/v2\/types\/product"}],"wp:featuredmedia":[{"embeddable":true,"href":"https:\/\/silver24.u9o.hu\/fr\/wp-json\/wp\/v2\/media\/857665"}],"wp:attachment":[{"href":"https:\/\/silver24.u9o.hu\/fr\/wp-json\/wp\/v2\/media?parent=844045"}],"wp:term":[{"taxonomy":"product_cat","embeddable":true,"href":"https:\/\/silver24.u9o.hu\/fr\/wp-json\/wp\/v2\/product_cat?post=844045"},{"taxonomy":"product_tag","embeddable":true,"href":"https:\/\/silver24.u9o.hu\/fr\/wp-json\/wp\/v2\/product_tag?post=844045"}],"curies":[{"name":"wp","href":"https:\/\/api.w.org\/{rel}","templated":true}]}}