{"id":692202,"date":"2023-04-12T15:22:39","date_gmt":"2023-04-12T14:22:39","guid":{"rendered":"https:\/\/silver-line.hu\/?post_type=product&#038;p=692202"},"modified":"2025-05-27T15:10:46","modified_gmt":"2025-05-27T14:10:46","slug":"diner-feu-dartifice-4-plats-et-croisiere","status":"publish","type":"product","link":"https:\/\/silver24.u9o.hu\/fr\/produit\/diner-feu-dartifice-4-plats-et-croisiere\/","title":{"rendered":"D\u00eener feu d&rsquo;artifice 4 plats et croisi\u00e8re"},"content":{"rendered":"","protected":false},"excerpt":{"rendered":"<p>Regardez le feu d&rsquo;artifice de notre d\u00eener-croisi\u00e8re romantique. Bateau luxueux avec menu \u00e0 4 plats et musique de fond au piano.<\/p>\n","protected":false},"featured_media":362234,"template":"","meta":[],"product_cat":[79],"product_tag":[],"yoast_head":"<!-- This site is optimized with the Yoast SEO plugin v23.9 - https:\/\/yoast.com\/wordpress\/plugins\/seo\/ -->\n<title>D\u00eener feu d&#039;artifice 4 plats et croisi\u00e8re<\/title>\n<meta name=\"description\" content=\"Spectacle de feux d&#039;artifice \u00e0 Budapest et d\u00eener-croisi\u00e8re. Quoi de mieux que de naviguer sur le Danube avec votre famille et vos amis pendant que vous regardez un spectacle de feux d&#039;artifice.\" \/>\n<meta name=\"robots\" content=\"noindex, follow, max-snippet:-1, max-image-preview:large, max-video-preview:-1\" \/>\n<meta property=\"og:locale\" content=\"fr_FR\" \/>\n<meta property=\"og:type\" content=\"article\" \/>\n<meta property=\"og:title\" content=\"D\u00eener feu d&#039;artifice 4 plats et croisi\u00e8re\" \/>\n<meta property=\"og:description\" content=\"Spectacle de feux d&#039;artifice \u00e0 Budapest et d\u00eener-croisi\u00e8re. Quoi de mieux que de naviguer sur le Danube avec votre famille et vos amis pendant que vous regardez un spectacle de feux d&#039;artifice.\" \/>\n<meta property=\"og:url\" content=\"https:\/\/silver24.u9o.hu\/fr\/produit\/diner-feu-dartifice-4-plats-et-croisiere\/\" \/>\n<meta property=\"og:site_name\" content=\"silver24 - Silverline Cruises\" \/>\n<meta property=\"article:publisher\" content=\"https:\/\/www.facebook.com\/budapestrivercruise\" \/>\n<meta property=\"article:modified_time\" content=\"2025-05-27T14:10:46+00:00\" \/>\n<meta property=\"og:image\" content=\"https:\/\/silver24.u9o.hu\/wp-content\/uploads\/2022\/05\/piano-firework-cruise-325x325_c.webp\" \/>\n\t<meta property=\"og:image:width\" content=\"325\" \/>\n\t<meta property=\"og:image:height\" content=\"325\" \/>\n\t<meta property=\"og:image:type\" content=\"image\/webp\" \/>\n<script type=\"application\/ld+json\" class=\"yoast-schema-graph\">{\"@context\":\"https:\/\/schema.org\",\"@graph\":[{\"@type\":\"WebPage\",\"@id\":\"https:\/\/silver24.u9o.hu\/fr\/produit\/diner-feu-dartifice-4-plats-et-croisiere\/\",\"url\":\"https:\/\/silver24.u9o.hu\/fr\/produit\/diner-feu-dartifice-4-plats-et-croisiere\/\",\"name\":\"D\u00eener feu d'artifice 4 plats et croisi\u00e8re\",\"isPartOf\":{\"@id\":\"https:\/\/silver24.u9o.hu\/fr\/#website\"},\"primaryImageOfPage\":{\"@id\":\"https:\/\/silver24.u9o.hu\/fr\/produit\/diner-feu-dartifice-4-plats-et-croisiere\/#primaryimage\"},\"image\":{\"@id\":\"https:\/\/silver24.u9o.hu\/fr\/produit\/diner-feu-dartifice-4-plats-et-croisiere\/#primaryimage\"},\"thumbnailUrl\":\"https:\/\/silver24.u9o.hu\/wp-content\/uploads\/2022\/05\/piano-firework-cruise-325x325_c.webp\",\"datePublished\":\"2023-04-12T14:22:39+00:00\",\"dateModified\":\"2025-05-27T14:10:46+00:00\",\"description\":\"Spectacle de feux d'artifice \u00e0 Budapest et d\u00eener-croisi\u00e8re. Quoi de mieux que de naviguer sur le Danube avec votre famille et vos amis pendant que vous regardez un spectacle de feux d'artifice.\",\"breadcrumb\":{\"@id\":\"https:\/\/silver24.u9o.hu\/fr\/produit\/diner-feu-dartifice-4-plats-et-croisiere\/#breadcrumb\"},\"inLanguage\":\"fr-FR\",\"potentialAction\":[{\"@type\":\"ReadAction\",\"target\":[\"https:\/\/silver24.u9o.hu\/fr\/produit\/diner-feu-dartifice-4-plats-et-croisiere\/\"]}]},{\"@type\":\"ImageObject\",\"inLanguage\":\"fr-FR\",\"@id\":\"https:\/\/silver24.u9o.hu\/fr\/produit\/diner-feu-dartifice-4-plats-et-croisiere\/#primaryimage\",\"url\":\"https:\/\/silver24.u9o.hu\/wp-content\/uploads\/2022\/05\/piano-firework-cruise-325x325_c.webp\",\"contentUrl\":\"https:\/\/silver24.u9o.hu\/wp-content\/uploads\/2022\/05\/piano-firework-cruise-325x325_c.webp\",\"width\":325,\"height\":325},{\"@type\":\"BreadcrumbList\",\"@id\":\"https:\/\/silver24.u9o.hu\/fr\/produit\/diner-feu-dartifice-4-plats-et-croisiere\/#breadcrumb\",\"itemListElement\":[{\"@type\":\"ListItem\",\"position\":1,\"name\":\"Home\",\"item\":\"https:\/\/silver24.u9o.hu\/fr\/\"},{\"@type\":\"ListItem\",\"position\":2,\"name\":\"Boutique\",\"item\":\"https:\/\/silver24.u9o.hu\/fr\/boutique\/\"},{\"@type\":\"ListItem\",\"position\":3,\"name\":\"D\u00eener feu d&rsquo;artifice 4 plats et croisi\u00e8re\"}]},{\"@type\":\"WebSite\",\"@id\":\"https:\/\/silver24.u9o.hu\/fr\/#website\",\"url\":\"https:\/\/silver24.u9o.hu\/fr\/\",\"name\":\"Silverline Cruises kft.\",\"description\":\"\",\"publisher\":{\"@id\":\"https:\/\/silver24.u9o.hu\/fr\/#organization\"},\"potentialAction\":[{\"@type\":\"SearchAction\",\"target\":{\"@type\":\"EntryPoint\",\"urlTemplate\":\"https:\/\/silver24.u9o.hu\/fr\/?s={search_term_string}\"},\"query-input\":{\"@type\":\"PropertyValueSpecification\",\"valueRequired\":true,\"valueName\":\"search_term_string\"}}],\"inLanguage\":\"fr-FR\"},{\"@type\":\"Organization\",\"@id\":\"https:\/\/silver24.u9o.hu\/fr\/#organization\",\"name\":\"Silverline Cruises kft.\",\"url\":\"https:\/\/silver24.u9o.hu\/fr\/\",\"logo\":{\"@type\":\"ImageObject\",\"inLanguage\":\"fr-FR\",\"@id\":\"https:\/\/silver24.u9o.hu\/fr\/#\/schema\/logo\/image\/\",\"url\":\"https:\/\/silver-line.hu\/wp-content\/uploads\/2022\/05\/cropped-cropped-icon-1.webp\",\"contentUrl\":\"https:\/\/silver-line.hu\/wp-content\/uploads\/2022\/05\/cropped-cropped-icon-1.webp\",\"width\":512,\"height\":512,\"caption\":\"Silverline Cruises kft.\"},\"image\":{\"@id\":\"https:\/\/silver24.u9o.hu\/fr\/#\/schema\/logo\/image\/\"},\"sameAs\":[\"https:\/\/www.facebook.com\/budapestrivercruise\"]}]}<\/script>\n<!-- \/ Yoast SEO plugin. -->","yoast_head_json":{"title":"D\u00eener feu d'artifice 4 plats et croisi\u00e8re","description":"Spectacle de feux d'artifice \u00e0 Budapest et d\u00eener-croisi\u00e8re. Quoi de mieux que de naviguer sur le Danube avec votre famille et vos amis pendant que vous regardez un spectacle de feux d'artifice.","robots":{"index":"noindex","follow":"follow","max-snippet":"max-snippet:-1","max-image-preview":"max-image-preview:large","max-video-preview":"max-video-preview:-1"},"og_locale":"fr_FR","og_type":"article","og_title":"D\u00eener feu d'artifice 4 plats et croisi\u00e8re","og_description":"Spectacle de feux d'artifice \u00e0 Budapest et d\u00eener-croisi\u00e8re. Quoi de mieux que de naviguer sur le Danube avec votre famille et vos amis pendant que vous regardez un spectacle de feux d'artifice.","og_url":"https:\/\/silver24.u9o.hu\/fr\/produit\/diner-feu-dartifice-4-plats-et-croisiere\/","og_site_name":"silver24 - Silverline Cruises","article_publisher":"https:\/\/www.facebook.com\/budapestrivercruise","article_modified_time":"2025-05-27T14:10:46+00:00","og_image":[{"width":325,"height":325,"url":"https:\/\/silver24.u9o.hu\/wp-content\/uploads\/2022\/05\/piano-firework-cruise-325x325_c.webp","type":"image\/webp"}],"schema":{"@context":"https:\/\/schema.org","@graph":[{"@type":"WebPage","@id":"https:\/\/silver24.u9o.hu\/fr\/produit\/diner-feu-dartifice-4-plats-et-croisiere\/","url":"https:\/\/silver24.u9o.hu\/fr\/produit\/diner-feu-dartifice-4-plats-et-croisiere\/","name":"D\u00eener feu d'artifice 4 plats et croisi\u00e8re","isPartOf":{"@id":"https:\/\/silver24.u9o.hu\/fr\/#website"},"primaryImageOfPage":{"@id":"https:\/\/silver24.u9o.hu\/fr\/produit\/diner-feu-dartifice-4-plats-et-croisiere\/#primaryimage"},"image":{"@id":"https:\/\/silver24.u9o.hu\/fr\/produit\/diner-feu-dartifice-4-plats-et-croisiere\/#primaryimage"},"thumbnailUrl":"https:\/\/silver24.u9o.hu\/wp-content\/uploads\/2022\/05\/piano-firework-cruise-325x325_c.webp","datePublished":"2023-04-12T14:22:39+00:00","dateModified":"2025-05-27T14:10:46+00:00","description":"Spectacle de feux d'artifice \u00e0 Budapest et d\u00eener-croisi\u00e8re. Quoi de mieux que de naviguer sur le Danube avec votre famille et vos amis pendant que vous regardez un spectacle de feux d'artifice.","breadcrumb":{"@id":"https:\/\/silver24.u9o.hu\/fr\/produit\/diner-feu-dartifice-4-plats-et-croisiere\/#breadcrumb"},"inLanguage":"fr-FR","potentialAction":[{"@type":"ReadAction","target":["https:\/\/silver24.u9o.hu\/fr\/produit\/diner-feu-dartifice-4-plats-et-croisiere\/"]}]},{"@type":"ImageObject","inLanguage":"fr-FR","@id":"https:\/\/silver24.u9o.hu\/fr\/produit\/diner-feu-dartifice-4-plats-et-croisiere\/#primaryimage","url":"https:\/\/silver24.u9o.hu\/wp-content\/uploads\/2022\/05\/piano-firework-cruise-325x325_c.webp","contentUrl":"https:\/\/silver24.u9o.hu\/wp-content\/uploads\/2022\/05\/piano-firework-cruise-325x325_c.webp","width":325,"height":325},{"@type":"BreadcrumbList","@id":"https:\/\/silver24.u9o.hu\/fr\/produit\/diner-feu-dartifice-4-plats-et-croisiere\/#breadcrumb","itemListElement":[{"@type":"ListItem","position":1,"name":"Home","item":"https:\/\/silver24.u9o.hu\/fr\/"},{"@type":"ListItem","position":2,"name":"Boutique","item":"https:\/\/silver24.u9o.hu\/fr\/boutique\/"},{"@type":"ListItem","position":3,"name":"D\u00eener feu d&rsquo;artifice 4 plats et croisi\u00e8re"}]},{"@type":"WebSite","@id":"https:\/\/silver24.u9o.hu\/fr\/#website","url":"https:\/\/silver24.u9o.hu\/fr\/","name":"Silverline Cruises kft.","description":"","publisher":{"@id":"https:\/\/silver24.u9o.hu\/fr\/#organization"},"potentialAction":[{"@type":"SearchAction","target":{"@type":"EntryPoint","urlTemplate":"https:\/\/silver24.u9o.hu\/fr\/?s={search_term_string}"},"query-input":{"@type":"PropertyValueSpecification","valueRequired":true,"valueName":"search_term_string"}}],"inLanguage":"fr-FR"},{"@type":"Organization","@id":"https:\/\/silver24.u9o.hu\/fr\/#organization","name":"Silverline Cruises kft.","url":"https:\/\/silver24.u9o.hu\/fr\/","logo":{"@type":"ImageObject","inLanguage":"fr-FR","@id":"https:\/\/silver24.u9o.hu\/fr\/#\/schema\/logo\/image\/","url":"https:\/\/silver-line.hu\/wp-content\/uploads\/2022\/05\/cropped-cropped-icon-1.webp","contentUrl":"https:\/\/silver-line.hu\/wp-content\/uploads\/2022\/05\/cropped-cropped-icon-1.webp","width":512,"height":512,"caption":"Silverline Cruises kft."},"image":{"@id":"https:\/\/silver24.u9o.hu\/fr\/#\/schema\/logo\/image\/"},"sameAs":["https:\/\/www.facebook.com\/budapestrivercruise"]}]}},"_links":{"self":[{"href":"https:\/\/silver24.u9o.hu\/fr\/wp-json\/wp\/v2\/product\/692202"}],"collection":[{"href":"https:\/\/silver24.u9o.hu\/fr\/wp-json\/wp\/v2\/product"}],"about":[{"href":"https:\/\/silver24.u9o.hu\/fr\/wp-json\/wp\/v2\/types\/product"}],"wp:featuredmedia":[{"embeddable":true,"href":"https:\/\/silver24.u9o.hu\/fr\/wp-json\/wp\/v2\/media\/362234"}],"wp:attachment":[{"href":"https:\/\/silver24.u9o.hu\/fr\/wp-json\/wp\/v2\/media?parent=692202"}],"wp:term":[{"taxonomy":"product_cat","embeddable":true,"href":"https:\/\/silver24.u9o.hu\/fr\/wp-json\/wp\/v2\/product_cat?post=692202"},{"taxonomy":"product_tag","embeddable":true,"href":"https:\/\/silver24.u9o.hu\/fr\/wp-json\/wp\/v2\/product_tag?post=692202"}],"curies":[{"name":"wp","href":"https:\/\/api.w.org\/{rel}","templated":true}]}}