{"id":651313,"date":"2023-02-22T10:48:51","date_gmt":"2023-02-22T08:48:51","guid":{"rendered":"https:\/\/silver-line.hu\/product\/wine-dine-cruise-with-live-piano-concert\/"},"modified":"2023-06-08T13:27:35","modified_gmt":"2023-06-08T11:27:35","slug":"croisiere-vin-diner-avec-concert-live-piano","status":"publish","type":"product","link":"https:\/\/silver24.u9o.hu\/fr\/produit\/croisiere-vin-diner-avec-concert-live-piano\/","title":{"rendered":"Croisi\u00e8re Wine &#038; Dine avec concert de piano en direct"},"content":{"rendered":"","protected":false},"excerpt":{"rendered":"<p>D\u00e9couvrez la magie de Budapest en faisant une croisi\u00e8re nocturne de 80 minutes, en vous livrant \u00e0 cinq vins haut de gamme de vignobles hongrois, une assiette d&rsquo;ap\u00e9ritif hongrois ou une assiette de fromages artisanaux et de la musique de piano en direct interpr\u00e9t\u00e9e par des artistes prim\u00e9s.<\/p>\n","protected":false},"featured_media":697709,"template":"","meta":[],"product_cat":[77],"product_tag":[],"yoast_head":"<!-- This site is optimized with the Yoast SEO plugin v23.9 - https:\/\/yoast.com\/wordpress\/plugins\/seo\/ -->\n<title>Croisi\u00e8re Wine &amp; Dine avec concert de piano en direct - silver24 - Silverline Cruises<\/title>\n<meta name=\"description\" content=\"D\u00e9couvrez la magie de Budapest en faisant une croisi\u00e8re nocturne de 80 minutes, en vous livrant \u00e0 cinq vins haut de gamme de vignobles hongrois, une assiette d&#039;ap\u00e9ritif hongrois ou une assiette de fromages artisanaux et de la musique de piano en direct interpr\u00e9t\u00e9e par des artistes prim\u00e9s.\" \/>\n<meta name=\"robots\" content=\"noindex, follow, max-snippet:-1, max-image-preview:large, max-video-preview:-1\" \/>\n<meta property=\"og:locale\" content=\"fr_FR\" \/>\n<meta property=\"og:type\" content=\"article\" \/>\n<meta property=\"og:title\" content=\"Croisi\u00e8re Wine &amp; Dine avec concert de piano en direct - silver24 - Silverline Cruises\" \/>\n<meta property=\"og:description\" content=\"D\u00e9couvrez la magie de Budapest en faisant une croisi\u00e8re nocturne de 80 minutes, en vous livrant \u00e0 cinq vins haut de gamme de vignobles hongrois, une assiette d&#039;ap\u00e9ritif hongrois ou une assiette de fromages artisanaux et de la musique de piano en direct interpr\u00e9t\u00e9e par des artistes prim\u00e9s.\" \/>\n<meta property=\"og:url\" content=\"https:\/\/silver24.u9o.hu\/fr\/produit\/croisiere-vin-diner-avec-concert-live-piano\/\" \/>\n<meta property=\"og:site_name\" content=\"silver24 - Silverline Cruises\" \/>\n<meta property=\"article:publisher\" content=\"https:\/\/www.facebook.com\/budapestrivercruise\" \/>\n<meta property=\"article:modified_time\" content=\"2023-06-08T11:27:35+00:00\" \/>\n<meta property=\"og:image\" content=\"https:\/\/silver24.u9o.hu\/wp-content\/uploads\/2023\/02\/template-9-1.jpg\" \/>\n\t<meta property=\"og:image:width\" content=\"1080\" \/>\n\t<meta property=\"og:image:height\" content=\"1080\" \/>\n\t<meta property=\"og:image:type\" content=\"image\/jpeg\" \/>\n<script type=\"application\/ld+json\" class=\"yoast-schema-graph\">{\"@context\":\"https:\/\/schema.org\",\"@graph\":[{\"@type\":\"WebPage\",\"@id\":\"https:\/\/silver24.u9o.hu\/fr\/produit\/croisiere-vin-diner-avec-concert-live-piano\/\",\"url\":\"https:\/\/silver24.u9o.hu\/fr\/produit\/croisiere-vin-diner-avec-concert-live-piano\/\",\"name\":\"Croisi\u00e8re Wine & Dine avec concert de piano en direct - silver24 - Silverline Cruises\",\"isPartOf\":{\"@id\":\"https:\/\/silver24.u9o.hu\/fr\/#website\"},\"primaryImageOfPage\":{\"@id\":\"https:\/\/silver24.u9o.hu\/fr\/produit\/croisiere-vin-diner-avec-concert-live-piano\/#primaryimage\"},\"image\":{\"@id\":\"https:\/\/silver24.u9o.hu\/fr\/produit\/croisiere-vin-diner-avec-concert-live-piano\/#primaryimage\"},\"thumbnailUrl\":\"https:\/\/silver24.u9o.hu\/wp-content\/uploads\/2023\/02\/template-9-1.jpg\",\"datePublished\":\"2023-02-22T08:48:51+00:00\",\"dateModified\":\"2023-06-08T11:27:35+00:00\",\"description\":\"D\u00e9couvrez la magie de Budapest en faisant une croisi\u00e8re nocturne de 80 minutes, en vous livrant \u00e0 cinq vins haut de gamme de vignobles hongrois, une assiette d'ap\u00e9ritif hongrois ou une assiette de fromages artisanaux et de la musique de piano en direct interpr\u00e9t\u00e9e par des artistes prim\u00e9s.\",\"breadcrumb\":{\"@id\":\"https:\/\/silver24.u9o.hu\/fr\/produit\/croisiere-vin-diner-avec-concert-live-piano\/#breadcrumb\"},\"inLanguage\":\"fr-FR\",\"potentialAction\":[{\"@type\":\"ReadAction\",\"target\":[\"https:\/\/silver24.u9o.hu\/fr\/produit\/croisiere-vin-diner-avec-concert-live-piano\/\"]}]},{\"@type\":\"ImageObject\",\"inLanguage\":\"fr-FR\",\"@id\":\"https:\/\/silver24.u9o.hu\/fr\/produit\/croisiere-vin-diner-avec-concert-live-piano\/#primaryimage\",\"url\":\"https:\/\/silver24.u9o.hu\/wp-content\/uploads\/2023\/02\/template-9-1.jpg\",\"contentUrl\":\"https:\/\/silver24.u9o.hu\/wp-content\/uploads\/2023\/02\/template-9-1.jpg\",\"width\":1080,\"height\":1080},{\"@type\":\"BreadcrumbList\",\"@id\":\"https:\/\/silver24.u9o.hu\/fr\/produit\/croisiere-vin-diner-avec-concert-live-piano\/#breadcrumb\",\"itemListElement\":[{\"@type\":\"ListItem\",\"position\":1,\"name\":\"Home\",\"item\":\"https:\/\/silver24.u9o.hu\/fr\/\"},{\"@type\":\"ListItem\",\"position\":2,\"name\":\"Boutique\",\"item\":\"https:\/\/silver24.u9o.hu\/fr\/boutique\/\"},{\"@type\":\"ListItem\",\"position\":3,\"name\":\"Croisi\u00e8re Wine &#038; Dine avec concert de piano en direct\"}]},{\"@type\":\"WebSite\",\"@id\":\"https:\/\/silver24.u9o.hu\/fr\/#website\",\"url\":\"https:\/\/silver24.u9o.hu\/fr\/\",\"name\":\"Silverline Cruises kft.\",\"description\":\"\",\"publisher\":{\"@id\":\"https:\/\/silver24.u9o.hu\/fr\/#organization\"},\"potentialAction\":[{\"@type\":\"SearchAction\",\"target\":{\"@type\":\"EntryPoint\",\"urlTemplate\":\"https:\/\/silver24.u9o.hu\/fr\/?s={search_term_string}\"},\"query-input\":{\"@type\":\"PropertyValueSpecification\",\"valueRequired\":true,\"valueName\":\"search_term_string\"}}],\"inLanguage\":\"fr-FR\"},{\"@type\":\"Organization\",\"@id\":\"https:\/\/silver24.u9o.hu\/fr\/#organization\",\"name\":\"Silverline Cruises kft.\",\"url\":\"https:\/\/silver24.u9o.hu\/fr\/\",\"logo\":{\"@type\":\"ImageObject\",\"inLanguage\":\"fr-FR\",\"@id\":\"https:\/\/silver24.u9o.hu\/fr\/#\/schema\/logo\/image\/\",\"url\":\"https:\/\/silver-line.hu\/wp-content\/uploads\/2022\/05\/cropped-cropped-icon-1.webp\",\"contentUrl\":\"https:\/\/silver-line.hu\/wp-content\/uploads\/2022\/05\/cropped-cropped-icon-1.webp\",\"width\":512,\"height\":512,\"caption\":\"Silverline Cruises kft.\"},\"image\":{\"@id\":\"https:\/\/silver24.u9o.hu\/fr\/#\/schema\/logo\/image\/\"},\"sameAs\":[\"https:\/\/www.facebook.com\/budapestrivercruise\"]}]}<\/script>\n<!-- \/ Yoast SEO plugin. -->","yoast_head_json":{"title":"Croisi\u00e8re Wine & Dine avec concert de piano en direct - silver24 - Silverline Cruises","description":"D\u00e9couvrez la magie de Budapest en faisant une croisi\u00e8re nocturne de 80 minutes, en vous livrant \u00e0 cinq vins haut de gamme de vignobles hongrois, une assiette d'ap\u00e9ritif hongrois ou une assiette de fromages artisanaux et de la musique de piano en direct interpr\u00e9t\u00e9e par des artistes prim\u00e9s.","robots":{"index":"noindex","follow":"follow","max-snippet":"max-snippet:-1","max-image-preview":"max-image-preview:large","max-video-preview":"max-video-preview:-1"},"og_locale":"fr_FR","og_type":"article","og_title":"Croisi\u00e8re Wine & Dine avec concert de piano en direct - silver24 - Silverline Cruises","og_description":"D\u00e9couvrez la magie de Budapest en faisant une croisi\u00e8re nocturne de 80 minutes, en vous livrant \u00e0 cinq vins haut de gamme de vignobles hongrois, une assiette d'ap\u00e9ritif hongrois ou une assiette de fromages artisanaux et de la musique de piano en direct interpr\u00e9t\u00e9e par des artistes prim\u00e9s.","og_url":"https:\/\/silver24.u9o.hu\/fr\/produit\/croisiere-vin-diner-avec-concert-live-piano\/","og_site_name":"silver24 - Silverline Cruises","article_publisher":"https:\/\/www.facebook.com\/budapestrivercruise","article_modified_time":"2023-06-08T11:27:35+00:00","og_image":[{"width":1080,"height":1080,"url":"https:\/\/silver24.u9o.hu\/wp-content\/uploads\/2023\/02\/template-9-1.jpg","type":"image\/jpeg"}],"schema":{"@context":"https:\/\/schema.org","@graph":[{"@type":"WebPage","@id":"https:\/\/silver24.u9o.hu\/fr\/produit\/croisiere-vin-diner-avec-concert-live-piano\/","url":"https:\/\/silver24.u9o.hu\/fr\/produit\/croisiere-vin-diner-avec-concert-live-piano\/","name":"Croisi\u00e8re Wine & Dine avec concert de piano en direct - silver24 - Silverline Cruises","isPartOf":{"@id":"https:\/\/silver24.u9o.hu\/fr\/#website"},"primaryImageOfPage":{"@id":"https:\/\/silver24.u9o.hu\/fr\/produit\/croisiere-vin-diner-avec-concert-live-piano\/#primaryimage"},"image":{"@id":"https:\/\/silver24.u9o.hu\/fr\/produit\/croisiere-vin-diner-avec-concert-live-piano\/#primaryimage"},"thumbnailUrl":"https:\/\/silver24.u9o.hu\/wp-content\/uploads\/2023\/02\/template-9-1.jpg","datePublished":"2023-02-22T08:48:51+00:00","dateModified":"2023-06-08T11:27:35+00:00","description":"D\u00e9couvrez la magie de Budapest en faisant une croisi\u00e8re nocturne de 80 minutes, en vous livrant \u00e0 cinq vins haut de gamme de vignobles hongrois, une assiette d'ap\u00e9ritif hongrois ou une assiette de fromages artisanaux et de la musique de piano en direct interpr\u00e9t\u00e9e par des artistes prim\u00e9s.","breadcrumb":{"@id":"https:\/\/silver24.u9o.hu\/fr\/produit\/croisiere-vin-diner-avec-concert-live-piano\/#breadcrumb"},"inLanguage":"fr-FR","potentialAction":[{"@type":"ReadAction","target":["https:\/\/silver24.u9o.hu\/fr\/produit\/croisiere-vin-diner-avec-concert-live-piano\/"]}]},{"@type":"ImageObject","inLanguage":"fr-FR","@id":"https:\/\/silver24.u9o.hu\/fr\/produit\/croisiere-vin-diner-avec-concert-live-piano\/#primaryimage","url":"https:\/\/silver24.u9o.hu\/wp-content\/uploads\/2023\/02\/template-9-1.jpg","contentUrl":"https:\/\/silver24.u9o.hu\/wp-content\/uploads\/2023\/02\/template-9-1.jpg","width":1080,"height":1080},{"@type":"BreadcrumbList","@id":"https:\/\/silver24.u9o.hu\/fr\/produit\/croisiere-vin-diner-avec-concert-live-piano\/#breadcrumb","itemListElement":[{"@type":"ListItem","position":1,"name":"Home","item":"https:\/\/silver24.u9o.hu\/fr\/"},{"@type":"ListItem","position":2,"name":"Boutique","item":"https:\/\/silver24.u9o.hu\/fr\/boutique\/"},{"@type":"ListItem","position":3,"name":"Croisi\u00e8re Wine &#038; Dine avec concert de piano en direct"}]},{"@type":"WebSite","@id":"https:\/\/silver24.u9o.hu\/fr\/#website","url":"https:\/\/silver24.u9o.hu\/fr\/","name":"Silverline Cruises kft.","description":"","publisher":{"@id":"https:\/\/silver24.u9o.hu\/fr\/#organization"},"potentialAction":[{"@type":"SearchAction","target":{"@type":"EntryPoint","urlTemplate":"https:\/\/silver24.u9o.hu\/fr\/?s={search_term_string}"},"query-input":{"@type":"PropertyValueSpecification","valueRequired":true,"valueName":"search_term_string"}}],"inLanguage":"fr-FR"},{"@type":"Organization","@id":"https:\/\/silver24.u9o.hu\/fr\/#organization","name":"Silverline Cruises kft.","url":"https:\/\/silver24.u9o.hu\/fr\/","logo":{"@type":"ImageObject","inLanguage":"fr-FR","@id":"https:\/\/silver24.u9o.hu\/fr\/#\/schema\/logo\/image\/","url":"https:\/\/silver-line.hu\/wp-content\/uploads\/2022\/05\/cropped-cropped-icon-1.webp","contentUrl":"https:\/\/silver-line.hu\/wp-content\/uploads\/2022\/05\/cropped-cropped-icon-1.webp","width":512,"height":512,"caption":"Silverline Cruises kft."},"image":{"@id":"https:\/\/silver24.u9o.hu\/fr\/#\/schema\/logo\/image\/"},"sameAs":["https:\/\/www.facebook.com\/budapestrivercruise"]}]}},"_links":{"self":[{"href":"https:\/\/silver24.u9o.hu\/fr\/wp-json\/wp\/v2\/product\/651313"}],"collection":[{"href":"https:\/\/silver24.u9o.hu\/fr\/wp-json\/wp\/v2\/product"}],"about":[{"href":"https:\/\/silver24.u9o.hu\/fr\/wp-json\/wp\/v2\/types\/product"}],"wp:featuredmedia":[{"embeddable":true,"href":"https:\/\/silver24.u9o.hu\/fr\/wp-json\/wp\/v2\/media\/697709"}],"wp:attachment":[{"href":"https:\/\/silver24.u9o.hu\/fr\/wp-json\/wp\/v2\/media?parent=651313"}],"wp:term":[{"taxonomy":"product_cat","embeddable":true,"href":"https:\/\/silver24.u9o.hu\/fr\/wp-json\/wp\/v2\/product_cat?post=651313"},{"taxonomy":"product_tag","embeddable":true,"href":"https:\/\/silver24.u9o.hu\/fr\/wp-json\/wp\/v2\/product_tag?post=651313"}],"curies":[{"name":"wp","href":"https:\/\/api.w.org\/{rel}","templated":true}]}}