{"id":483826,"date":"2022-06-22T14:12:07","date_gmt":"2022-06-22T13:12:07","guid":{"rendered":"https:\/\/silver-line.hu\/product\/fireworks-cocktail-cruise\/"},"modified":"2025-05-27T13:04:39","modified_gmt":"2025-05-27T12:04:39","slug":"fireworks-boissons-cruise","status":"publish","type":"product","link":"https:\/\/silver24.u9o.hu\/fr\/produit\/fireworks-boissons-cruise\/","title":{"rendered":"Croisi\u00e8re avec Boissons et Feu d&rsquo;Artifice"},"content":{"rendered":"","protected":false},"excerpt":{"rendered":"<p>Rejoignez-nous le 20 ao\u00fbt le jour de la Saint-\u00c9tienne lorsque vous pourrez profiter d&rsquo;un spectacle de feux d&rsquo;artifice depuis un bateau.<\/p>\n","protected":false},"featured_media":1447272,"template":"","meta":[],"product_cat":[79],"product_tag":[],"yoast_head":"<!-- This site is optimized with the Yoast SEO plugin v23.9 - https:\/\/yoast.com\/wordpress\/plugins\/seo\/ -->\n<title>Croisi\u00e8re avec Boissons et Feu d&#039;Artifice - silver24 - Silverline Cruises<\/title>\n<meta name=\"robots\" content=\"noindex, nofollow\" \/>\n<meta property=\"og:locale\" content=\"fr_FR\" \/>\n<meta property=\"og:type\" content=\"article\" \/>\n<meta property=\"og:title\" content=\"Croisi\u00e8re avec Boissons et Feu d&#039;Artifice - silver24 - Silverline Cruises\" \/>\n<meta property=\"og:description\" content=\"Rejoignez-nous le 20 ao\u00fbt le jour de la Saint-\u00c9tienne lorsque vous pourrez profiter d&#039;un spectacle de feux d&#039;artifice depuis un bateau.\" \/>\n<meta property=\"og:url\" content=\"https:\/\/silver24.u9o.hu\/fr\/produit\/fireworks-boissons-cruise\/\" \/>\n<meta property=\"og:site_name\" content=\"silver24 - Silverline Cruises\" \/>\n<meta property=\"article:publisher\" content=\"https:\/\/www.facebook.com\/budapestrivercruise\" \/>\n<meta property=\"article:modified_time\" content=\"2025-05-27T12:04:39+00:00\" \/>\n<meta property=\"og:image\" content=\"https:\/\/silver24.u9o.hu\/wp-content\/uploads\/2025\/05\/Fireworks_cocktail.jpg\" \/>\n\t<meta property=\"og:image:width\" content=\"800\" \/>\n\t<meta property=\"og:image:height\" content=\"800\" \/>\n\t<meta property=\"og:image:type\" content=\"image\/jpeg\" \/>\n<script type=\"application\/ld+json\" class=\"yoast-schema-graph\">{\"@context\":\"https:\/\/schema.org\",\"@graph\":[{\"@type\":\"WebPage\",\"@id\":\"https:\/\/silver24.u9o.hu\/fr\/produit\/fireworks-boissons-cruise\/\",\"url\":\"https:\/\/silver24.u9o.hu\/fr\/produit\/fireworks-boissons-cruise\/\",\"name\":\"Croisi\u00e8re avec Boissons et Feu d'Artifice - silver24 - Silverline Cruises\",\"isPartOf\":{\"@id\":\"https:\/\/silver24.u9o.hu\/fr\/#website\"},\"primaryImageOfPage\":{\"@id\":\"https:\/\/silver24.u9o.hu\/fr\/produit\/fireworks-boissons-cruise\/#primaryimage\"},\"image\":{\"@id\":\"https:\/\/silver24.u9o.hu\/fr\/produit\/fireworks-boissons-cruise\/#primaryimage\"},\"thumbnailUrl\":\"https:\/\/silver24.u9o.hu\/wp-content\/uploads\/2025\/05\/Fireworks_cocktail.jpg\",\"datePublished\":\"2022-06-22T13:12:07+00:00\",\"dateModified\":\"2025-05-27T12:04:39+00:00\",\"breadcrumb\":{\"@id\":\"https:\/\/silver24.u9o.hu\/fr\/produit\/fireworks-boissons-cruise\/#breadcrumb\"},\"inLanguage\":\"fr-FR\",\"potentialAction\":[{\"@type\":\"ReadAction\",\"target\":[\"https:\/\/silver24.u9o.hu\/fr\/produit\/fireworks-boissons-cruise\/\"]}]},{\"@type\":\"ImageObject\",\"inLanguage\":\"fr-FR\",\"@id\":\"https:\/\/silver24.u9o.hu\/fr\/produit\/fireworks-boissons-cruise\/#primaryimage\",\"url\":\"https:\/\/silver24.u9o.hu\/wp-content\/uploads\/2025\/05\/Fireworks_cocktail.jpg\",\"contentUrl\":\"https:\/\/silver24.u9o.hu\/wp-content\/uploads\/2025\/05\/Fireworks_cocktail.jpg\",\"width\":800,\"height\":800},{\"@type\":\"BreadcrumbList\",\"@id\":\"https:\/\/silver24.u9o.hu\/fr\/produit\/fireworks-boissons-cruise\/#breadcrumb\",\"itemListElement\":[{\"@type\":\"ListItem\",\"position\":1,\"name\":\"Home\",\"item\":\"https:\/\/silver24.u9o.hu\/fr\/\"},{\"@type\":\"ListItem\",\"position\":2,\"name\":\"Boutique\",\"item\":\"https:\/\/silver24.u9o.hu\/fr\/boutique\/\"},{\"@type\":\"ListItem\",\"position\":3,\"name\":\"Croisi\u00e8re avec Boissons et Feu d&rsquo;Artifice\"}]},{\"@type\":\"WebSite\",\"@id\":\"https:\/\/silver24.u9o.hu\/fr\/#website\",\"url\":\"https:\/\/silver24.u9o.hu\/fr\/\",\"name\":\"Silverline Cruises kft.\",\"description\":\"\",\"publisher\":{\"@id\":\"https:\/\/silver24.u9o.hu\/fr\/#organization\"},\"potentialAction\":[{\"@type\":\"SearchAction\",\"target\":{\"@type\":\"EntryPoint\",\"urlTemplate\":\"https:\/\/silver24.u9o.hu\/fr\/?s={search_term_string}\"},\"query-input\":{\"@type\":\"PropertyValueSpecification\",\"valueRequired\":true,\"valueName\":\"search_term_string\"}}],\"inLanguage\":\"fr-FR\"},{\"@type\":\"Organization\",\"@id\":\"https:\/\/silver24.u9o.hu\/fr\/#organization\",\"name\":\"Silverline Cruises kft.\",\"url\":\"https:\/\/silver24.u9o.hu\/fr\/\",\"logo\":{\"@type\":\"ImageObject\",\"inLanguage\":\"fr-FR\",\"@id\":\"https:\/\/silver24.u9o.hu\/fr\/#\/schema\/logo\/image\/\",\"url\":\"https:\/\/silver-line.hu\/wp-content\/uploads\/2022\/05\/cropped-cropped-icon-1.webp\",\"contentUrl\":\"https:\/\/silver-line.hu\/wp-content\/uploads\/2022\/05\/cropped-cropped-icon-1.webp\",\"width\":512,\"height\":512,\"caption\":\"Silverline Cruises kft.\"},\"image\":{\"@id\":\"https:\/\/silver24.u9o.hu\/fr\/#\/schema\/logo\/image\/\"},\"sameAs\":[\"https:\/\/www.facebook.com\/budapestrivercruise\"]}]}<\/script>\n<!-- \/ Yoast SEO plugin. -->","yoast_head_json":{"title":"Croisi\u00e8re avec Boissons et Feu d'Artifice - silver24 - Silverline Cruises","robots":{"index":"noindex","follow":"nofollow"},"og_locale":"fr_FR","og_type":"article","og_title":"Croisi\u00e8re avec Boissons et Feu d'Artifice - silver24 - Silverline Cruises","og_description":"Rejoignez-nous le 20 ao\u00fbt le jour de la Saint-\u00c9tienne lorsque vous pourrez profiter d'un spectacle de feux d'artifice depuis un bateau.","og_url":"https:\/\/silver24.u9o.hu\/fr\/produit\/fireworks-boissons-cruise\/","og_site_name":"silver24 - Silverline Cruises","article_publisher":"https:\/\/www.facebook.com\/budapestrivercruise","article_modified_time":"2025-05-27T12:04:39+00:00","og_image":[{"width":800,"height":800,"url":"https:\/\/silver24.u9o.hu\/wp-content\/uploads\/2025\/05\/Fireworks_cocktail.jpg","type":"image\/jpeg"}],"schema":{"@context":"https:\/\/schema.org","@graph":[{"@type":"WebPage","@id":"https:\/\/silver24.u9o.hu\/fr\/produit\/fireworks-boissons-cruise\/","url":"https:\/\/silver24.u9o.hu\/fr\/produit\/fireworks-boissons-cruise\/","name":"Croisi\u00e8re avec Boissons et Feu d'Artifice - silver24 - Silverline Cruises","isPartOf":{"@id":"https:\/\/silver24.u9o.hu\/fr\/#website"},"primaryImageOfPage":{"@id":"https:\/\/silver24.u9o.hu\/fr\/produit\/fireworks-boissons-cruise\/#primaryimage"},"image":{"@id":"https:\/\/silver24.u9o.hu\/fr\/produit\/fireworks-boissons-cruise\/#primaryimage"},"thumbnailUrl":"https:\/\/silver24.u9o.hu\/wp-content\/uploads\/2025\/05\/Fireworks_cocktail.jpg","datePublished":"2022-06-22T13:12:07+00:00","dateModified":"2025-05-27T12:04:39+00:00","breadcrumb":{"@id":"https:\/\/silver24.u9o.hu\/fr\/produit\/fireworks-boissons-cruise\/#breadcrumb"},"inLanguage":"fr-FR","potentialAction":[{"@type":"ReadAction","target":["https:\/\/silver24.u9o.hu\/fr\/produit\/fireworks-boissons-cruise\/"]}]},{"@type":"ImageObject","inLanguage":"fr-FR","@id":"https:\/\/silver24.u9o.hu\/fr\/produit\/fireworks-boissons-cruise\/#primaryimage","url":"https:\/\/silver24.u9o.hu\/wp-content\/uploads\/2025\/05\/Fireworks_cocktail.jpg","contentUrl":"https:\/\/silver24.u9o.hu\/wp-content\/uploads\/2025\/05\/Fireworks_cocktail.jpg","width":800,"height":800},{"@type":"BreadcrumbList","@id":"https:\/\/silver24.u9o.hu\/fr\/produit\/fireworks-boissons-cruise\/#breadcrumb","itemListElement":[{"@type":"ListItem","position":1,"name":"Home","item":"https:\/\/silver24.u9o.hu\/fr\/"},{"@type":"ListItem","position":2,"name":"Boutique","item":"https:\/\/silver24.u9o.hu\/fr\/boutique\/"},{"@type":"ListItem","position":3,"name":"Croisi\u00e8re avec Boissons et Feu d&rsquo;Artifice"}]},{"@type":"WebSite","@id":"https:\/\/silver24.u9o.hu\/fr\/#website","url":"https:\/\/silver24.u9o.hu\/fr\/","name":"Silverline Cruises kft.","description":"","publisher":{"@id":"https:\/\/silver24.u9o.hu\/fr\/#organization"},"potentialAction":[{"@type":"SearchAction","target":{"@type":"EntryPoint","urlTemplate":"https:\/\/silver24.u9o.hu\/fr\/?s={search_term_string}"},"query-input":{"@type":"PropertyValueSpecification","valueRequired":true,"valueName":"search_term_string"}}],"inLanguage":"fr-FR"},{"@type":"Organization","@id":"https:\/\/silver24.u9o.hu\/fr\/#organization","name":"Silverline Cruises kft.","url":"https:\/\/silver24.u9o.hu\/fr\/","logo":{"@type":"ImageObject","inLanguage":"fr-FR","@id":"https:\/\/silver24.u9o.hu\/fr\/#\/schema\/logo\/image\/","url":"https:\/\/silver-line.hu\/wp-content\/uploads\/2022\/05\/cropped-cropped-icon-1.webp","contentUrl":"https:\/\/silver-line.hu\/wp-content\/uploads\/2022\/05\/cropped-cropped-icon-1.webp","width":512,"height":512,"caption":"Silverline Cruises kft."},"image":{"@id":"https:\/\/silver24.u9o.hu\/fr\/#\/schema\/logo\/image\/"},"sameAs":["https:\/\/www.facebook.com\/budapestrivercruise"]}]}},"_links":{"self":[{"href":"https:\/\/silver24.u9o.hu\/fr\/wp-json\/wp\/v2\/product\/483826"}],"collection":[{"href":"https:\/\/silver24.u9o.hu\/fr\/wp-json\/wp\/v2\/product"}],"about":[{"href":"https:\/\/silver24.u9o.hu\/fr\/wp-json\/wp\/v2\/types\/product"}],"wp:featuredmedia":[{"embeddable":true,"href":"https:\/\/silver24.u9o.hu\/fr\/wp-json\/wp\/v2\/media\/1447272"}],"wp:attachment":[{"href":"https:\/\/silver24.u9o.hu\/fr\/wp-json\/wp\/v2\/media?parent=483826"}],"wp:term":[{"taxonomy":"product_cat","embeddable":true,"href":"https:\/\/silver24.u9o.hu\/fr\/wp-json\/wp\/v2\/product_cat?post=483826"},{"taxonomy":"product_tag","embeddable":true,"href":"https:\/\/silver24.u9o.hu\/fr\/wp-json\/wp\/v2\/product_tag?post=483826"}],"curies":[{"name":"wp","href":"https:\/\/api.w.org\/{rel}","templated":true}]}}