{"id":363377,"date":"2022-05-07T07:45:07","date_gmt":"2022-05-07T06:45:07","guid":{"rendered":"https:\/\/silver-line.hu\/?post_type=product&#038;p=363377"},"modified":"2024-12-01T11:52:14","modified_gmt":"2024-12-01T10:52:14","slug":"reveillon-du-nouvel-an-diner-croisiere-budapest","status":"publish","type":"product","link":"https:\/\/silver24.u9o.hu\/fr\/produit\/reveillon-du-nouvel-an-diner-croisiere-budapest\/","title":{"rendered":"Croisiere nouvel an Budapest avec d\u00eener"},"content":{"rendered":"","protected":false},"excerpt":{"rendered":"<p>Clink avec un verre de Champagne et bienvenue la nouvelle ann\u00e9e dans la belle r\u00e9gion autour de vous.<\/p>\n<p><a rel=\"nofollow\" href=\"https:\/\/silver-line.hu\/fr\/produit\/croisiere-nouvel-an-budapest-avec-diner-billets-enfants\/\" style=\"color: red;\" >Cliquez ici pour acheter des billets enfants (4-12 ans) pour notre d\u00eener du r\u00e9veillon du Nouvel An<\/a><\/p>\n<p><span style=\"color: red;\">Il ne reste que des si\u00e8ges c\u00f4t\u00e9 fen\u00eatre en raison de la forte demande.<\/span><\/p>\n<p>Chaque billet comprend une boisson de bienvenue (vous pouvez choisir parmi 3 cocktails diff\u00e9rents).<\/p>\n","protected":false},"featured_media":362224,"template":"","meta":[],"product_cat":[77,79],"product_tag":[],"yoast_head":"<!-- This site is optimized with the Yoast SEO plugin v23.9 - https:\/\/yoast.com\/wordpress\/plugins\/seo\/ -->\n<title>Croisiere nouvel an Budapest avec d\u00eener - Silverline Cruises<\/title>\n<meta name=\"description\" content=\"Croisiere nouvel an Budapest avec d\u00eener. Votre ann\u00e9e enti\u00e8re sera comme son premier jour! \u2013 dit le proverbe hongrois.\" \/>\n<meta name=\"robots\" content=\"noindex, follow, max-snippet:-1, max-image-preview:large, max-video-preview:-1\" \/>\n<meta property=\"og:locale\" content=\"fr_FR\" \/>\n<meta property=\"og:type\" content=\"article\" \/>\n<meta property=\"og:title\" content=\"Croisiere nouvel an Budapest avec d\u00eener - Silverline Cruises\" \/>\n<meta property=\"og:description\" content=\"Croisiere nouvel an Budapest avec d\u00eener. Votre ann\u00e9e enti\u00e8re sera comme son premier jour! \u2013 dit le proverbe hongrois.\" \/>\n<meta property=\"og:url\" content=\"https:\/\/silver24.u9o.hu\/fr\/produit\/reveillon-du-nouvel-an-diner-croisiere-budapest\/\" \/>\n<meta property=\"og:site_name\" content=\"silver24 - Silverline Cruises\" \/>\n<meta property=\"article:publisher\" content=\"https:\/\/www.facebook.com\/budapestrivercruise\" \/>\n<meta property=\"article:modified_time\" content=\"2024-12-01T10:52:14+00:00\" \/>\n<meta property=\"og:image\" content=\"https:\/\/silver24.u9o.hu\/wp-content\/uploads\/2022\/05\/newyearseve-325x325_c.webp\" \/>\n\t<meta property=\"og:image:width\" content=\"325\" \/>\n\t<meta property=\"og:image:height\" content=\"325\" \/>\n\t<meta property=\"og:image:type\" content=\"image\/webp\" \/>\n<script type=\"application\/ld+json\" class=\"yoast-schema-graph\">{\"@context\":\"https:\/\/schema.org\",\"@graph\":[{\"@type\":\"WebPage\",\"@id\":\"https:\/\/silver24.u9o.hu\/fr\/produit\/reveillon-du-nouvel-an-diner-croisiere-budapest\/\",\"url\":\"https:\/\/silver24.u9o.hu\/fr\/produit\/reveillon-du-nouvel-an-diner-croisiere-budapest\/\",\"name\":\"Croisiere nouvel an Budapest avec d\u00eener - Silverline Cruises\",\"isPartOf\":{\"@id\":\"https:\/\/silver24.u9o.hu\/fr\/#website\"},\"primaryImageOfPage\":{\"@id\":\"https:\/\/silver24.u9o.hu\/fr\/produit\/reveillon-du-nouvel-an-diner-croisiere-budapest\/#primaryimage\"},\"image\":{\"@id\":\"https:\/\/silver24.u9o.hu\/fr\/produit\/reveillon-du-nouvel-an-diner-croisiere-budapest\/#primaryimage\"},\"thumbnailUrl\":\"https:\/\/silver24.u9o.hu\/wp-content\/uploads\/2022\/05\/newyearseve-325x325_c.webp\",\"datePublished\":\"2022-05-07T06:45:07+00:00\",\"dateModified\":\"2024-12-01T10:52:14+00:00\",\"description\":\"Croisiere nouvel an Budapest avec d\u00eener. Votre ann\u00e9e enti\u00e8re sera comme son premier jour! \u2013 dit le proverbe hongrois.\",\"breadcrumb\":{\"@id\":\"https:\/\/silver24.u9o.hu\/fr\/produit\/reveillon-du-nouvel-an-diner-croisiere-budapest\/#breadcrumb\"},\"inLanguage\":\"fr-FR\",\"potentialAction\":[{\"@type\":\"ReadAction\",\"target\":[\"https:\/\/silver24.u9o.hu\/fr\/produit\/reveillon-du-nouvel-an-diner-croisiere-budapest\/\"]}]},{\"@type\":\"ImageObject\",\"inLanguage\":\"fr-FR\",\"@id\":\"https:\/\/silver24.u9o.hu\/fr\/produit\/reveillon-du-nouvel-an-diner-croisiere-budapest\/#primaryimage\",\"url\":\"https:\/\/silver24.u9o.hu\/wp-content\/uploads\/2022\/05\/newyearseve-325x325_c.webp\",\"contentUrl\":\"https:\/\/silver24.u9o.hu\/wp-content\/uploads\/2022\/05\/newyearseve-325x325_c.webp\",\"width\":325,\"height\":325},{\"@type\":\"BreadcrumbList\",\"@id\":\"https:\/\/silver24.u9o.hu\/fr\/produit\/reveillon-du-nouvel-an-diner-croisiere-budapest\/#breadcrumb\",\"itemListElement\":[{\"@type\":\"ListItem\",\"position\":1,\"name\":\"Home\",\"item\":\"https:\/\/silver24.u9o.hu\/fr\/\"},{\"@type\":\"ListItem\",\"position\":2,\"name\":\"Boutique\",\"item\":\"https:\/\/silver24.u9o.hu\/fr\/boutique\/\"},{\"@type\":\"ListItem\",\"position\":3,\"name\":\"Croisiere nouvel an Budapest avec d\u00eener\"}]},{\"@type\":\"WebSite\",\"@id\":\"https:\/\/silver24.u9o.hu\/fr\/#website\",\"url\":\"https:\/\/silver24.u9o.hu\/fr\/\",\"name\":\"Silverline Cruises kft.\",\"description\":\"\",\"publisher\":{\"@id\":\"https:\/\/silver24.u9o.hu\/fr\/#organization\"},\"potentialAction\":[{\"@type\":\"SearchAction\",\"target\":{\"@type\":\"EntryPoint\",\"urlTemplate\":\"https:\/\/silver24.u9o.hu\/fr\/?s={search_term_string}\"},\"query-input\":{\"@type\":\"PropertyValueSpecification\",\"valueRequired\":true,\"valueName\":\"search_term_string\"}}],\"inLanguage\":\"fr-FR\"},{\"@type\":\"Organization\",\"@id\":\"https:\/\/silver24.u9o.hu\/fr\/#organization\",\"name\":\"Silverline Cruises kft.\",\"url\":\"https:\/\/silver24.u9o.hu\/fr\/\",\"logo\":{\"@type\":\"ImageObject\",\"inLanguage\":\"fr-FR\",\"@id\":\"https:\/\/silver24.u9o.hu\/fr\/#\/schema\/logo\/image\/\",\"url\":\"https:\/\/silver-line.hu\/wp-content\/uploads\/2022\/05\/cropped-cropped-icon-1.webp\",\"contentUrl\":\"https:\/\/silver-line.hu\/wp-content\/uploads\/2022\/05\/cropped-cropped-icon-1.webp\",\"width\":512,\"height\":512,\"caption\":\"Silverline Cruises kft.\"},\"image\":{\"@id\":\"https:\/\/silver24.u9o.hu\/fr\/#\/schema\/logo\/image\/\"},\"sameAs\":[\"https:\/\/www.facebook.com\/budapestrivercruise\"]}]}<\/script>\n<!-- \/ Yoast SEO plugin. -->","yoast_head_json":{"title":"Croisiere nouvel an Budapest avec d\u00eener - Silverline Cruises","description":"Croisiere nouvel an Budapest avec d\u00eener. Votre ann\u00e9e enti\u00e8re sera comme son premier jour! \u2013 dit le proverbe hongrois.","robots":{"index":"noindex","follow":"follow","max-snippet":"max-snippet:-1","max-image-preview":"max-image-preview:large","max-video-preview":"max-video-preview:-1"},"og_locale":"fr_FR","og_type":"article","og_title":"Croisiere nouvel an Budapest avec d\u00eener - Silverline Cruises","og_description":"Croisiere nouvel an Budapest avec d\u00eener. Votre ann\u00e9e enti\u00e8re sera comme son premier jour! \u2013 dit le proverbe hongrois.","og_url":"https:\/\/silver24.u9o.hu\/fr\/produit\/reveillon-du-nouvel-an-diner-croisiere-budapest\/","og_site_name":"silver24 - Silverline Cruises","article_publisher":"https:\/\/www.facebook.com\/budapestrivercruise","article_modified_time":"2024-12-01T10:52:14+00:00","og_image":[{"width":325,"height":325,"url":"https:\/\/silver24.u9o.hu\/wp-content\/uploads\/2022\/05\/newyearseve-325x325_c.webp","type":"image\/webp"}],"schema":{"@context":"https:\/\/schema.org","@graph":[{"@type":"WebPage","@id":"https:\/\/silver24.u9o.hu\/fr\/produit\/reveillon-du-nouvel-an-diner-croisiere-budapest\/","url":"https:\/\/silver24.u9o.hu\/fr\/produit\/reveillon-du-nouvel-an-diner-croisiere-budapest\/","name":"Croisiere nouvel an Budapest avec d\u00eener - Silverline Cruises","isPartOf":{"@id":"https:\/\/silver24.u9o.hu\/fr\/#website"},"primaryImageOfPage":{"@id":"https:\/\/silver24.u9o.hu\/fr\/produit\/reveillon-du-nouvel-an-diner-croisiere-budapest\/#primaryimage"},"image":{"@id":"https:\/\/silver24.u9o.hu\/fr\/produit\/reveillon-du-nouvel-an-diner-croisiere-budapest\/#primaryimage"},"thumbnailUrl":"https:\/\/silver24.u9o.hu\/wp-content\/uploads\/2022\/05\/newyearseve-325x325_c.webp","datePublished":"2022-05-07T06:45:07+00:00","dateModified":"2024-12-01T10:52:14+00:00","description":"Croisiere nouvel an Budapest avec d\u00eener. Votre ann\u00e9e enti\u00e8re sera comme son premier jour! \u2013 dit le proverbe hongrois.","breadcrumb":{"@id":"https:\/\/silver24.u9o.hu\/fr\/produit\/reveillon-du-nouvel-an-diner-croisiere-budapest\/#breadcrumb"},"inLanguage":"fr-FR","potentialAction":[{"@type":"ReadAction","target":["https:\/\/silver24.u9o.hu\/fr\/produit\/reveillon-du-nouvel-an-diner-croisiere-budapest\/"]}]},{"@type":"ImageObject","inLanguage":"fr-FR","@id":"https:\/\/silver24.u9o.hu\/fr\/produit\/reveillon-du-nouvel-an-diner-croisiere-budapest\/#primaryimage","url":"https:\/\/silver24.u9o.hu\/wp-content\/uploads\/2022\/05\/newyearseve-325x325_c.webp","contentUrl":"https:\/\/silver24.u9o.hu\/wp-content\/uploads\/2022\/05\/newyearseve-325x325_c.webp","width":325,"height":325},{"@type":"BreadcrumbList","@id":"https:\/\/silver24.u9o.hu\/fr\/produit\/reveillon-du-nouvel-an-diner-croisiere-budapest\/#breadcrumb","itemListElement":[{"@type":"ListItem","position":1,"name":"Home","item":"https:\/\/silver24.u9o.hu\/fr\/"},{"@type":"ListItem","position":2,"name":"Boutique","item":"https:\/\/silver24.u9o.hu\/fr\/boutique\/"},{"@type":"ListItem","position":3,"name":"Croisiere nouvel an Budapest avec d\u00eener"}]},{"@type":"WebSite","@id":"https:\/\/silver24.u9o.hu\/fr\/#website","url":"https:\/\/silver24.u9o.hu\/fr\/","name":"Silverline Cruises kft.","description":"","publisher":{"@id":"https:\/\/silver24.u9o.hu\/fr\/#organization"},"potentialAction":[{"@type":"SearchAction","target":{"@type":"EntryPoint","urlTemplate":"https:\/\/silver24.u9o.hu\/fr\/?s={search_term_string}"},"query-input":{"@type":"PropertyValueSpecification","valueRequired":true,"valueName":"search_term_string"}}],"inLanguage":"fr-FR"},{"@type":"Organization","@id":"https:\/\/silver24.u9o.hu\/fr\/#organization","name":"Silverline Cruises kft.","url":"https:\/\/silver24.u9o.hu\/fr\/","logo":{"@type":"ImageObject","inLanguage":"fr-FR","@id":"https:\/\/silver24.u9o.hu\/fr\/#\/schema\/logo\/image\/","url":"https:\/\/silver-line.hu\/wp-content\/uploads\/2022\/05\/cropped-cropped-icon-1.webp","contentUrl":"https:\/\/silver-line.hu\/wp-content\/uploads\/2022\/05\/cropped-cropped-icon-1.webp","width":512,"height":512,"caption":"Silverline Cruises kft."},"image":{"@id":"https:\/\/silver24.u9o.hu\/fr\/#\/schema\/logo\/image\/"},"sameAs":["https:\/\/www.facebook.com\/budapestrivercruise"]}]}},"_links":{"self":[{"href":"https:\/\/silver24.u9o.hu\/fr\/wp-json\/wp\/v2\/product\/363377"}],"collection":[{"href":"https:\/\/silver24.u9o.hu\/fr\/wp-json\/wp\/v2\/product"}],"about":[{"href":"https:\/\/silver24.u9o.hu\/fr\/wp-json\/wp\/v2\/types\/product"}],"wp:featuredmedia":[{"embeddable":true,"href":"https:\/\/silver24.u9o.hu\/fr\/wp-json\/wp\/v2\/media\/362224"}],"wp:attachment":[{"href":"https:\/\/silver24.u9o.hu\/fr\/wp-json\/wp\/v2\/media?parent=363377"}],"wp:term":[{"taxonomy":"product_cat","embeddable":true,"href":"https:\/\/silver24.u9o.hu\/fr\/wp-json\/wp\/v2\/product_cat?post=363377"},{"taxonomy":"product_tag","embeddable":true,"href":"https:\/\/silver24.u9o.hu\/fr\/wp-json\/wp\/v2\/product_tag?post=363377"}],"curies":[{"name":"wp","href":"https:\/\/api.w.org\/{rel}","templated":true}]}}