{"id":363196,"date":"2022-05-07T07:37:00","date_gmt":"2022-05-07T06:37:00","guid":{"rendered":"https:\/\/silver-line.hu\/?post_type=product&#038;p=363196"},"modified":"2025-05-14T10:22:22","modified_gmt":"2025-05-14T09:22:22","slug":"diner-croisiere-avec-spectacle-folklorique-operette","status":"publish","type":"product","link":"https:\/\/silver24.u9o.hu\/fr\/produit\/diner-croisiere-avec-spectacle-folklorique-operette\/","title":{"rendered":"D\u00eener croisi\u00e8re avec spectacle folklorique Budapest"},"content":{"rendered":"","protected":false},"excerpt":{"rendered":"<p>La Hongrie est connue pour son immense patrimoine culturel et traditionnel. Cette croisi\u00e8re folklorique de 2 heures vous offre la possibilit\u00e9 de vous familiariser avec celui-ci.<\/p>\n<p><strong><span style=\"color: green;\">Les tarifs varient en fonction de l&rsquo;heure de la journ\u00e9e et du jour de la semaine.<\/span><\/strong><\/p>\n","protected":false},"featured_media":1398044,"template":"","meta":[],"product_cat":[77],"product_tag":[],"yoast_head":"<!-- This site is optimized with the Yoast SEO plugin v23.9 - https:\/\/yoast.com\/wordpress\/plugins\/seo\/ -->\n<title>D\u00eener croisi\u00e8re avec Spectacle folklorique Budapest<\/title>\n<meta name=\"description\" content=\"D\u00eener croisi\u00e8re avec Spectacle folklorique Budapest: La Hongrie est connue pour son immense patrimoine culturel et traditionnel.\" \/>\n<meta name=\"robots\" content=\"noindex, follow, max-snippet:-1, max-image-preview:large, max-video-preview:-1\" \/>\n<meta property=\"og:locale\" content=\"fr_FR\" \/>\n<meta property=\"og:type\" content=\"article\" \/>\n<meta property=\"og:title\" content=\"D\u00eener croisi\u00e8re avec Spectacle folklorique Budapest\" \/>\n<meta property=\"og:description\" content=\"D\u00eener croisi\u00e8re avec Spectacle folklorique Budapest: La Hongrie est connue pour son immense patrimoine culturel et traditionnel.\" \/>\n<meta property=\"og:url\" content=\"https:\/\/silver24.u9o.hu\/fr\/produit\/diner-croisiere-avec-spectacle-folklorique-operette\/\" \/>\n<meta property=\"og:site_name\" content=\"silver24 - Silverline Cruises\" \/>\n<meta property=\"article:publisher\" content=\"https:\/\/www.facebook.com\/budapestrivercruise\" \/>\n<meta property=\"article:modified_time\" content=\"2025-05-14T09:22:22+00:00\" \/>\n<meta property=\"og:image\" content=\"https:\/\/silver24.u9o.hu\/wp-content\/uploads\/2022\/05\/Dinner-Cruise-Budapest.jpg\" \/>\n\t<meta property=\"og:image:width\" content=\"600\" \/>\n\t<meta property=\"og:image:height\" content=\"600\" \/>\n\t<meta property=\"og:image:type\" content=\"image\/jpeg\" \/>\n<script type=\"application\/ld+json\" class=\"yoast-schema-graph\">{\"@context\":\"https:\/\/schema.org\",\"@graph\":[{\"@type\":\"WebPage\",\"@id\":\"https:\/\/silver24.u9o.hu\/fr\/produit\/diner-croisiere-avec-spectacle-folklorique-operette\/\",\"url\":\"https:\/\/silver24.u9o.hu\/fr\/produit\/diner-croisiere-avec-spectacle-folklorique-operette\/\",\"name\":\"D\u00eener croisi\u00e8re avec Spectacle folklorique Budapest\",\"isPartOf\":{\"@id\":\"https:\/\/silver24.u9o.hu\/fr\/#website\"},\"primaryImageOfPage\":{\"@id\":\"https:\/\/silver24.u9o.hu\/fr\/produit\/diner-croisiere-avec-spectacle-folklorique-operette\/#primaryimage\"},\"image\":{\"@id\":\"https:\/\/silver24.u9o.hu\/fr\/produit\/diner-croisiere-avec-spectacle-folklorique-operette\/#primaryimage\"},\"thumbnailUrl\":\"https:\/\/silver24.u9o.hu\/wp-content\/uploads\/2022\/05\/Dinner-Cruise-Budapest.jpg\",\"datePublished\":\"2022-05-07T06:37:00+00:00\",\"dateModified\":\"2025-05-14T09:22:22+00:00\",\"description\":\"D\u00eener croisi\u00e8re avec Spectacle folklorique Budapest: La Hongrie est connue pour son immense patrimoine culturel et traditionnel.\",\"breadcrumb\":{\"@id\":\"https:\/\/silver24.u9o.hu\/fr\/produit\/diner-croisiere-avec-spectacle-folklorique-operette\/#breadcrumb\"},\"inLanguage\":\"fr-FR\",\"potentialAction\":[{\"@type\":\"ReadAction\",\"target\":[\"https:\/\/silver24.u9o.hu\/fr\/produit\/diner-croisiere-avec-spectacle-folklorique-operette\/\"]}]},{\"@type\":\"ImageObject\",\"inLanguage\":\"fr-FR\",\"@id\":\"https:\/\/silver24.u9o.hu\/fr\/produit\/diner-croisiere-avec-spectacle-folklorique-operette\/#primaryimage\",\"url\":\"https:\/\/silver24.u9o.hu\/wp-content\/uploads\/2022\/05\/Dinner-Cruise-Budapest.jpg\",\"contentUrl\":\"https:\/\/silver24.u9o.hu\/wp-content\/uploads\/2022\/05\/Dinner-Cruise-Budapest.jpg\",\"width\":600,\"height\":600,\"caption\":\"Dinner Cruise Budapest\"},{\"@type\":\"BreadcrumbList\",\"@id\":\"https:\/\/silver24.u9o.hu\/fr\/produit\/diner-croisiere-avec-spectacle-folklorique-operette\/#breadcrumb\",\"itemListElement\":[{\"@type\":\"ListItem\",\"position\":1,\"name\":\"Home\",\"item\":\"https:\/\/silver24.u9o.hu\/fr\/\"},{\"@type\":\"ListItem\",\"position\":2,\"name\":\"Boutique\",\"item\":\"https:\/\/silver24.u9o.hu\/fr\/boutique\/\"},{\"@type\":\"ListItem\",\"position\":3,\"name\":\"D\u00eener croisi\u00e8re avec spectacle folklorique Budapest\"}]},{\"@type\":\"WebSite\",\"@id\":\"https:\/\/silver24.u9o.hu\/fr\/#website\",\"url\":\"https:\/\/silver24.u9o.hu\/fr\/\",\"name\":\"Silverline Cruises kft.\",\"description\":\"\",\"publisher\":{\"@id\":\"https:\/\/silver24.u9o.hu\/fr\/#organization\"},\"potentialAction\":[{\"@type\":\"SearchAction\",\"target\":{\"@type\":\"EntryPoint\",\"urlTemplate\":\"https:\/\/silver24.u9o.hu\/fr\/?s={search_term_string}\"},\"query-input\":{\"@type\":\"PropertyValueSpecification\",\"valueRequired\":true,\"valueName\":\"search_term_string\"}}],\"inLanguage\":\"fr-FR\"},{\"@type\":\"Organization\",\"@id\":\"https:\/\/silver24.u9o.hu\/fr\/#organization\",\"name\":\"Silverline Cruises kft.\",\"url\":\"https:\/\/silver24.u9o.hu\/fr\/\",\"logo\":{\"@type\":\"ImageObject\",\"inLanguage\":\"fr-FR\",\"@id\":\"https:\/\/silver24.u9o.hu\/fr\/#\/schema\/logo\/image\/\",\"url\":\"https:\/\/silver-line.hu\/wp-content\/uploads\/2022\/05\/cropped-cropped-icon-1.webp\",\"contentUrl\":\"https:\/\/silver-line.hu\/wp-content\/uploads\/2022\/05\/cropped-cropped-icon-1.webp\",\"width\":512,\"height\":512,\"caption\":\"Silverline Cruises kft.\"},\"image\":{\"@id\":\"https:\/\/silver24.u9o.hu\/fr\/#\/schema\/logo\/image\/\"},\"sameAs\":[\"https:\/\/www.facebook.com\/budapestrivercruise\"]}]}<\/script>\n<!-- \/ Yoast SEO plugin. -->","yoast_head_json":{"title":"D\u00eener croisi\u00e8re avec Spectacle folklorique Budapest","description":"D\u00eener croisi\u00e8re avec Spectacle folklorique Budapest: La Hongrie est connue pour son immense patrimoine culturel et traditionnel.","robots":{"index":"noindex","follow":"follow","max-snippet":"max-snippet:-1","max-image-preview":"max-image-preview:large","max-video-preview":"max-video-preview:-1"},"og_locale":"fr_FR","og_type":"article","og_title":"D\u00eener croisi\u00e8re avec Spectacle folklorique Budapest","og_description":"D\u00eener croisi\u00e8re avec Spectacle folklorique Budapest: La Hongrie est connue pour son immense patrimoine culturel et traditionnel.","og_url":"https:\/\/silver24.u9o.hu\/fr\/produit\/diner-croisiere-avec-spectacle-folklorique-operette\/","og_site_name":"silver24 - Silverline Cruises","article_publisher":"https:\/\/www.facebook.com\/budapestrivercruise","article_modified_time":"2025-05-14T09:22:22+00:00","og_image":[{"width":600,"height":600,"url":"https:\/\/silver24.u9o.hu\/wp-content\/uploads\/2022\/05\/Dinner-Cruise-Budapest.jpg","type":"image\/jpeg"}],"schema":{"@context":"https:\/\/schema.org","@graph":[{"@type":"WebPage","@id":"https:\/\/silver24.u9o.hu\/fr\/produit\/diner-croisiere-avec-spectacle-folklorique-operette\/","url":"https:\/\/silver24.u9o.hu\/fr\/produit\/diner-croisiere-avec-spectacle-folklorique-operette\/","name":"D\u00eener croisi\u00e8re avec Spectacle folklorique Budapest","isPartOf":{"@id":"https:\/\/silver24.u9o.hu\/fr\/#website"},"primaryImageOfPage":{"@id":"https:\/\/silver24.u9o.hu\/fr\/produit\/diner-croisiere-avec-spectacle-folklorique-operette\/#primaryimage"},"image":{"@id":"https:\/\/silver24.u9o.hu\/fr\/produit\/diner-croisiere-avec-spectacle-folklorique-operette\/#primaryimage"},"thumbnailUrl":"https:\/\/silver24.u9o.hu\/wp-content\/uploads\/2022\/05\/Dinner-Cruise-Budapest.jpg","datePublished":"2022-05-07T06:37:00+00:00","dateModified":"2025-05-14T09:22:22+00:00","description":"D\u00eener croisi\u00e8re avec Spectacle folklorique Budapest: La Hongrie est connue pour son immense patrimoine culturel et traditionnel.","breadcrumb":{"@id":"https:\/\/silver24.u9o.hu\/fr\/produit\/diner-croisiere-avec-spectacle-folklorique-operette\/#breadcrumb"},"inLanguage":"fr-FR","potentialAction":[{"@type":"ReadAction","target":["https:\/\/silver24.u9o.hu\/fr\/produit\/diner-croisiere-avec-spectacle-folklorique-operette\/"]}]},{"@type":"ImageObject","inLanguage":"fr-FR","@id":"https:\/\/silver24.u9o.hu\/fr\/produit\/diner-croisiere-avec-spectacle-folklorique-operette\/#primaryimage","url":"https:\/\/silver24.u9o.hu\/wp-content\/uploads\/2022\/05\/Dinner-Cruise-Budapest.jpg","contentUrl":"https:\/\/silver24.u9o.hu\/wp-content\/uploads\/2022\/05\/Dinner-Cruise-Budapest.jpg","width":600,"height":600,"caption":"Dinner Cruise Budapest"},{"@type":"BreadcrumbList","@id":"https:\/\/silver24.u9o.hu\/fr\/produit\/diner-croisiere-avec-spectacle-folklorique-operette\/#breadcrumb","itemListElement":[{"@type":"ListItem","position":1,"name":"Home","item":"https:\/\/silver24.u9o.hu\/fr\/"},{"@type":"ListItem","position":2,"name":"Boutique","item":"https:\/\/silver24.u9o.hu\/fr\/boutique\/"},{"@type":"ListItem","position":3,"name":"D\u00eener croisi\u00e8re avec spectacle folklorique Budapest"}]},{"@type":"WebSite","@id":"https:\/\/silver24.u9o.hu\/fr\/#website","url":"https:\/\/silver24.u9o.hu\/fr\/","name":"Silverline Cruises kft.","description":"","publisher":{"@id":"https:\/\/silver24.u9o.hu\/fr\/#organization"},"potentialAction":[{"@type":"SearchAction","target":{"@type":"EntryPoint","urlTemplate":"https:\/\/silver24.u9o.hu\/fr\/?s={search_term_string}"},"query-input":{"@type":"PropertyValueSpecification","valueRequired":true,"valueName":"search_term_string"}}],"inLanguage":"fr-FR"},{"@type":"Organization","@id":"https:\/\/silver24.u9o.hu\/fr\/#organization","name":"Silverline Cruises kft.","url":"https:\/\/silver24.u9o.hu\/fr\/","logo":{"@type":"ImageObject","inLanguage":"fr-FR","@id":"https:\/\/silver24.u9o.hu\/fr\/#\/schema\/logo\/image\/","url":"https:\/\/silver-line.hu\/wp-content\/uploads\/2022\/05\/cropped-cropped-icon-1.webp","contentUrl":"https:\/\/silver-line.hu\/wp-content\/uploads\/2022\/05\/cropped-cropped-icon-1.webp","width":512,"height":512,"caption":"Silverline Cruises kft."},"image":{"@id":"https:\/\/silver24.u9o.hu\/fr\/#\/schema\/logo\/image\/"},"sameAs":["https:\/\/www.facebook.com\/budapestrivercruise"]}]}},"_links":{"self":[{"href":"https:\/\/silver24.u9o.hu\/fr\/wp-json\/wp\/v2\/product\/363196"}],"collection":[{"href":"https:\/\/silver24.u9o.hu\/fr\/wp-json\/wp\/v2\/product"}],"about":[{"href":"https:\/\/silver24.u9o.hu\/fr\/wp-json\/wp\/v2\/types\/product"}],"wp:featuredmedia":[{"embeddable":true,"href":"https:\/\/silver24.u9o.hu\/fr\/wp-json\/wp\/v2\/media\/1398044"}],"wp:attachment":[{"href":"https:\/\/silver24.u9o.hu\/fr\/wp-json\/wp\/v2\/media?parent=363196"}],"wp:term":[{"taxonomy":"product_cat","embeddable":true,"href":"https:\/\/silver24.u9o.hu\/fr\/wp-json\/wp\/v2\/product_cat?post=363196"},{"taxonomy":"product_tag","embeddable":true,"href":"https:\/\/silver24.u9o.hu\/fr\/wp-json\/wp\/v2\/product_tag?post=363196"}],"curies":[{"name":"wp","href":"https:\/\/api.w.org\/{rel}","templated":true}]}}