{"id":363193,"date":"2022-05-07T05:15:04","date_gmt":"2022-05-07T04:15:04","guid":{"rendered":"https:\/\/silver-line.hu\/?post_type=product&#038;p=363193"},"modified":"2025-05-06T15:18:07","modified_gmt":"2025-05-06T14:18:07","slug":"croisiere-cocktail-au-coucher-du-soleil-budapest","status":"publish","type":"product","link":"https:\/\/silver24.u9o.hu\/fr\/produit\/croisiere-cocktail-au-coucher-du-soleil-budapest\/","title":{"rendered":"Croisi\u00e8re cocktail au coucher du soleil"},"content":{"rendered":"","protected":false},"excerpt":{"rendered":"<p><span style=\"color: #4caf50; font-weight: bold;\">Notre croisi\u00e8re cocktail propose une visite guid\u00e9e et 2 cocktails en option.<\/span><\/p>\n<p><strong><span style=\"color: green;\">Les prix varient en fonction de l&rsquo;heure de la journ\u00e9e et du jour de la semaine<\/span><\/strong><\/p>\n","protected":false},"featured_media":1397985,"template":"","meta":[],"product_cat":[78],"product_tag":[],"yoast_head":"<!-- This site is optimized with the Yoast SEO plugin v23.9 - https:\/\/yoast.com\/wordpress\/plugins\/seo\/ -->\n<title>Croisi\u00e8re cocktail au coucher du soleil - silver24 - Silverline Cruises<\/title>\n<meta name=\"description\" content=\"Notre croisi\u00e8re cocktail propose une visite guid\u00e9e et 2 cocktails en option.\" \/>\n<meta name=\"robots\" content=\"noindex, follow, max-snippet:-1, max-image-preview:large, max-video-preview:-1\" \/>\n<meta property=\"og:locale\" content=\"fr_FR\" \/>\n<meta property=\"og:type\" content=\"article\" \/>\n<meta property=\"og:title\" content=\"Croisi\u00e8re cocktail au coucher du soleil - silver24 - Silverline Cruises\" \/>\n<meta property=\"og:description\" content=\"Notre croisi\u00e8re cocktail propose une visite guid\u00e9e et 2 cocktails en option.\" \/>\n<meta property=\"og:url\" content=\"https:\/\/silver24.u9o.hu\/fr\/produit\/croisiere-cocktail-au-coucher-du-soleil-budapest\/\" \/>\n<meta property=\"og:site_name\" content=\"silver24 - Silverline Cruises\" \/>\n<meta property=\"article:publisher\" content=\"https:\/\/www.facebook.com\/budapestrivercruise\" \/>\n<meta property=\"article:modified_time\" content=\"2025-05-06T14:18:07+00:00\" \/>\n<meta property=\"og:image\" content=\"https:\/\/silver24.u9o.hu\/wp-content\/uploads\/2025\/02\/Sunset-Cruise-Budapest-1.jpg\" \/>\n\t<meta property=\"og:image:width\" content=\"600\" \/>\n\t<meta property=\"og:image:height\" content=\"600\" \/>\n\t<meta property=\"og:image:type\" content=\"image\/jpeg\" \/>\n<script type=\"application\/ld+json\" class=\"yoast-schema-graph\">{\"@context\":\"https:\/\/schema.org\",\"@graph\":[{\"@type\":\"WebPage\",\"@id\":\"https:\/\/silver24.u9o.hu\/fr\/produit\/croisiere-cocktail-au-coucher-du-soleil-budapest\/\",\"url\":\"https:\/\/silver24.u9o.hu\/fr\/produit\/croisiere-cocktail-au-coucher-du-soleil-budapest\/\",\"name\":\"Croisi\u00e8re cocktail au coucher du soleil - silver24 - Silverline Cruises\",\"isPartOf\":{\"@id\":\"https:\/\/silver24.u9o.hu\/fr\/#website\"},\"primaryImageOfPage\":{\"@id\":\"https:\/\/silver24.u9o.hu\/fr\/produit\/croisiere-cocktail-au-coucher-du-soleil-budapest\/#primaryimage\"},\"image\":{\"@id\":\"https:\/\/silver24.u9o.hu\/fr\/produit\/croisiere-cocktail-au-coucher-du-soleil-budapest\/#primaryimage\"},\"thumbnailUrl\":\"https:\/\/silver24.u9o.hu\/wp-content\/uploads\/2025\/02\/Sunset-Cruise-Budapest-1.jpg\",\"datePublished\":\"2022-05-07T04:15:04+00:00\",\"dateModified\":\"2025-05-06T14:18:07+00:00\",\"description\":\"Notre croisi\u00e8re cocktail propose une visite guid\u00e9e et 2 cocktails en option.\",\"breadcrumb\":{\"@id\":\"https:\/\/silver24.u9o.hu\/fr\/produit\/croisiere-cocktail-au-coucher-du-soleil-budapest\/#breadcrumb\"},\"inLanguage\":\"fr-FR\",\"potentialAction\":[{\"@type\":\"ReadAction\",\"target\":[\"https:\/\/silver24.u9o.hu\/fr\/produit\/croisiere-cocktail-au-coucher-du-soleil-budapest\/\"]}]},{\"@type\":\"ImageObject\",\"inLanguage\":\"fr-FR\",\"@id\":\"https:\/\/silver24.u9o.hu\/fr\/produit\/croisiere-cocktail-au-coucher-du-soleil-budapest\/#primaryimage\",\"url\":\"https:\/\/silver24.u9o.hu\/wp-content\/uploads\/2025\/02\/Sunset-Cruise-Budapest-1.jpg\",\"contentUrl\":\"https:\/\/silver24.u9o.hu\/wp-content\/uploads\/2025\/02\/Sunset-Cruise-Budapest-1.jpg\",\"width\":600,\"height\":600,\"caption\":\"Sunset Cruise Budapest\"},{\"@type\":\"BreadcrumbList\",\"@id\":\"https:\/\/silver24.u9o.hu\/fr\/produit\/croisiere-cocktail-au-coucher-du-soleil-budapest\/#breadcrumb\",\"itemListElement\":[{\"@type\":\"ListItem\",\"position\":1,\"name\":\"Home\",\"item\":\"https:\/\/silver24.u9o.hu\/fr\/\"},{\"@type\":\"ListItem\",\"position\":2,\"name\":\"Boutique\",\"item\":\"https:\/\/silver24.u9o.hu\/fr\/boutique\/\"},{\"@type\":\"ListItem\",\"position\":3,\"name\":\"Croisi\u00e8re cocktail au coucher du soleil\"}]},{\"@type\":\"WebSite\",\"@id\":\"https:\/\/silver24.u9o.hu\/fr\/#website\",\"url\":\"https:\/\/silver24.u9o.hu\/fr\/\",\"name\":\"Silverline Cruises kft.\",\"description\":\"\",\"publisher\":{\"@id\":\"https:\/\/silver24.u9o.hu\/fr\/#organization\"},\"potentialAction\":[{\"@type\":\"SearchAction\",\"target\":{\"@type\":\"EntryPoint\",\"urlTemplate\":\"https:\/\/silver24.u9o.hu\/fr\/?s={search_term_string}\"},\"query-input\":{\"@type\":\"PropertyValueSpecification\",\"valueRequired\":true,\"valueName\":\"search_term_string\"}}],\"inLanguage\":\"fr-FR\"},{\"@type\":\"Organization\",\"@id\":\"https:\/\/silver24.u9o.hu\/fr\/#organization\",\"name\":\"Silverline Cruises kft.\",\"url\":\"https:\/\/silver24.u9o.hu\/fr\/\",\"logo\":{\"@type\":\"ImageObject\",\"inLanguage\":\"fr-FR\",\"@id\":\"https:\/\/silver24.u9o.hu\/fr\/#\/schema\/logo\/image\/\",\"url\":\"https:\/\/silver-line.hu\/wp-content\/uploads\/2022\/05\/cropped-cropped-icon-1.webp\",\"contentUrl\":\"https:\/\/silver-line.hu\/wp-content\/uploads\/2022\/05\/cropped-cropped-icon-1.webp\",\"width\":512,\"height\":512,\"caption\":\"Silverline Cruises kft.\"},\"image\":{\"@id\":\"https:\/\/silver24.u9o.hu\/fr\/#\/schema\/logo\/image\/\"},\"sameAs\":[\"https:\/\/www.facebook.com\/budapestrivercruise\"]}]}<\/script>\n<!-- \/ Yoast SEO plugin. -->","yoast_head_json":{"title":"Croisi\u00e8re cocktail au coucher du soleil - silver24 - Silverline Cruises","description":"Notre croisi\u00e8re cocktail propose une visite guid\u00e9e et 2 cocktails en option.","robots":{"index":"noindex","follow":"follow","max-snippet":"max-snippet:-1","max-image-preview":"max-image-preview:large","max-video-preview":"max-video-preview:-1"},"og_locale":"fr_FR","og_type":"article","og_title":"Croisi\u00e8re cocktail au coucher du soleil - silver24 - Silverline Cruises","og_description":"Notre croisi\u00e8re cocktail propose une visite guid\u00e9e et 2 cocktails en option.","og_url":"https:\/\/silver24.u9o.hu\/fr\/produit\/croisiere-cocktail-au-coucher-du-soleil-budapest\/","og_site_name":"silver24 - Silverline Cruises","article_publisher":"https:\/\/www.facebook.com\/budapestrivercruise","article_modified_time":"2025-05-06T14:18:07+00:00","og_image":[{"width":600,"height":600,"url":"https:\/\/silver24.u9o.hu\/wp-content\/uploads\/2025\/02\/Sunset-Cruise-Budapest-1.jpg","type":"image\/jpeg"}],"schema":{"@context":"https:\/\/schema.org","@graph":[{"@type":"WebPage","@id":"https:\/\/silver24.u9o.hu\/fr\/produit\/croisiere-cocktail-au-coucher-du-soleil-budapest\/","url":"https:\/\/silver24.u9o.hu\/fr\/produit\/croisiere-cocktail-au-coucher-du-soleil-budapest\/","name":"Croisi\u00e8re cocktail au coucher du soleil - silver24 - Silverline Cruises","isPartOf":{"@id":"https:\/\/silver24.u9o.hu\/fr\/#website"},"primaryImageOfPage":{"@id":"https:\/\/silver24.u9o.hu\/fr\/produit\/croisiere-cocktail-au-coucher-du-soleil-budapest\/#primaryimage"},"image":{"@id":"https:\/\/silver24.u9o.hu\/fr\/produit\/croisiere-cocktail-au-coucher-du-soleil-budapest\/#primaryimage"},"thumbnailUrl":"https:\/\/silver24.u9o.hu\/wp-content\/uploads\/2025\/02\/Sunset-Cruise-Budapest-1.jpg","datePublished":"2022-05-07T04:15:04+00:00","dateModified":"2025-05-06T14:18:07+00:00","description":"Notre croisi\u00e8re cocktail propose une visite guid\u00e9e et 2 cocktails en option.","breadcrumb":{"@id":"https:\/\/silver24.u9o.hu\/fr\/produit\/croisiere-cocktail-au-coucher-du-soleil-budapest\/#breadcrumb"},"inLanguage":"fr-FR","potentialAction":[{"@type":"ReadAction","target":["https:\/\/silver24.u9o.hu\/fr\/produit\/croisiere-cocktail-au-coucher-du-soleil-budapest\/"]}]},{"@type":"ImageObject","inLanguage":"fr-FR","@id":"https:\/\/silver24.u9o.hu\/fr\/produit\/croisiere-cocktail-au-coucher-du-soleil-budapest\/#primaryimage","url":"https:\/\/silver24.u9o.hu\/wp-content\/uploads\/2025\/02\/Sunset-Cruise-Budapest-1.jpg","contentUrl":"https:\/\/silver24.u9o.hu\/wp-content\/uploads\/2025\/02\/Sunset-Cruise-Budapest-1.jpg","width":600,"height":600,"caption":"Sunset Cruise Budapest"},{"@type":"BreadcrumbList","@id":"https:\/\/silver24.u9o.hu\/fr\/produit\/croisiere-cocktail-au-coucher-du-soleil-budapest\/#breadcrumb","itemListElement":[{"@type":"ListItem","position":1,"name":"Home","item":"https:\/\/silver24.u9o.hu\/fr\/"},{"@type":"ListItem","position":2,"name":"Boutique","item":"https:\/\/silver24.u9o.hu\/fr\/boutique\/"},{"@type":"ListItem","position":3,"name":"Croisi\u00e8re cocktail au coucher du soleil"}]},{"@type":"WebSite","@id":"https:\/\/silver24.u9o.hu\/fr\/#website","url":"https:\/\/silver24.u9o.hu\/fr\/","name":"Silverline Cruises kft.","description":"","publisher":{"@id":"https:\/\/silver24.u9o.hu\/fr\/#organization"},"potentialAction":[{"@type":"SearchAction","target":{"@type":"EntryPoint","urlTemplate":"https:\/\/silver24.u9o.hu\/fr\/?s={search_term_string}"},"query-input":{"@type":"PropertyValueSpecification","valueRequired":true,"valueName":"search_term_string"}}],"inLanguage":"fr-FR"},{"@type":"Organization","@id":"https:\/\/silver24.u9o.hu\/fr\/#organization","name":"Silverline Cruises kft.","url":"https:\/\/silver24.u9o.hu\/fr\/","logo":{"@type":"ImageObject","inLanguage":"fr-FR","@id":"https:\/\/silver24.u9o.hu\/fr\/#\/schema\/logo\/image\/","url":"https:\/\/silver-line.hu\/wp-content\/uploads\/2022\/05\/cropped-cropped-icon-1.webp","contentUrl":"https:\/\/silver-line.hu\/wp-content\/uploads\/2022\/05\/cropped-cropped-icon-1.webp","width":512,"height":512,"caption":"Silverline Cruises kft."},"image":{"@id":"https:\/\/silver24.u9o.hu\/fr\/#\/schema\/logo\/image\/"},"sameAs":["https:\/\/www.facebook.com\/budapestrivercruise"]}]}},"_links":{"self":[{"href":"https:\/\/silver24.u9o.hu\/fr\/wp-json\/wp\/v2\/product\/363193"}],"collection":[{"href":"https:\/\/silver24.u9o.hu\/fr\/wp-json\/wp\/v2\/product"}],"about":[{"href":"https:\/\/silver24.u9o.hu\/fr\/wp-json\/wp\/v2\/types\/product"}],"wp:featuredmedia":[{"embeddable":true,"href":"https:\/\/silver24.u9o.hu\/fr\/wp-json\/wp\/v2\/media\/1397985"}],"wp:attachment":[{"href":"https:\/\/silver24.u9o.hu\/fr\/wp-json\/wp\/v2\/media?parent=363193"}],"wp:term":[{"taxonomy":"product_cat","embeddable":true,"href":"https:\/\/silver24.u9o.hu\/fr\/wp-json\/wp\/v2\/product_cat?post=363193"},{"taxonomy":"product_tag","embeddable":true,"href":"https:\/\/silver24.u9o.hu\/fr\/wp-json\/wp\/v2\/product_tag?post=363193"}],"curies":[{"name":"wp","href":"https:\/\/api.w.org\/{rel}","templated":true}]}}