{"id":363188,"date":"2022-05-07T05:26:14","date_gmt":"2022-05-07T04:26:14","guid":{"rendered":"https:\/\/silver-line.hu\/?post_type=product&#038;p=363188"},"modified":"2025-05-19T19:40:55","modified_gmt":"2025-05-19T18:40:55","slug":"croisiere-budapest-tourisme","status":"publish","type":"product","link":"https:\/\/silver24.u9o.hu\/fr\/produit\/croisiere-budapest-tourisme\/","title":{"rendered":"Croisi\u00e8re de 60 minutes \u00e0 Budapest &#8211; Visite nocturne"},"content":{"rendered":"","protected":false},"excerpt":{"rendered":"<p>Conseil prestigieux notre bateau de croisi\u00e8re ouvert en terrasse et profiter.<\/p>\n<p><strong><span style=\"color: green;\">Les prix varient en fonction de l&rsquo;heure de la journ\u00e9e et du jour de la semaine<\/span><\/strong><\/p>\n","protected":false},"featured_media":1397961,"template":"","meta":[],"product_cat":[115,78],"product_tag":[],"yoast_head":"<!-- This site is optimized with the Yoast SEO plugin v23.9 - https:\/\/yoast.com\/wordpress\/plugins\/seo\/ -->\n<title>Danube Croisi\u00e8re Budapest Tourisme - Silverline Cruises<\/title>\n<meta name=\"description\" content=\"Croisi\u00e8re Budapest Tourisme se poursuivra sous deux ponts tr\u00e8s c\u00e9l\u00e8bres, un d&#039;eux est le pont de la cha\u00eene avec les lions de gardien des c\u00f4t\u00e9s de la rue.\" \/>\n<meta name=\"robots\" content=\"noindex, follow, max-snippet:-1, max-image-preview:large, max-video-preview:-1\" \/>\n<meta property=\"og:locale\" content=\"fr_FR\" \/>\n<meta property=\"og:type\" content=\"article\" \/>\n<meta property=\"og:title\" content=\"Danube Croisi\u00e8re Budapest Tourisme - Silverline Cruises\" \/>\n<meta property=\"og:description\" content=\"Croisi\u00e8re Budapest Tourisme se poursuivra sous deux ponts tr\u00e8s c\u00e9l\u00e8bres, un d&#039;eux est le pont de la cha\u00eene avec les lions de gardien des c\u00f4t\u00e9s de la rue.\" \/>\n<meta property=\"og:url\" content=\"https:\/\/silver24.u9o.hu\/fr\/produit\/croisiere-budapest-tourisme\/\" \/>\n<meta property=\"og:site_name\" content=\"silver24 - Silverline Cruises\" \/>\n<meta property=\"article:publisher\" content=\"https:\/\/www.facebook.com\/budapestrivercruise\" \/>\n<meta property=\"article:modified_time\" content=\"2025-05-19T18:40:55+00:00\" \/>\n<meta property=\"og:image\" content=\"https:\/\/silver24.u9o.hu\/wp-content\/uploads\/2025\/05\/croisiere-touristique-budapest-4.jpg\" \/>\n\t<meta property=\"og:image:width\" content=\"1200\" \/>\n\t<meta property=\"og:image:height\" content=\"799\" \/>\n\t<meta property=\"og:image:type\" content=\"image\/jpeg\" \/>\n<script type=\"application\/ld+json\" class=\"yoast-schema-graph\">{\"@context\":\"https:\/\/schema.org\",\"@graph\":[{\"@type\":\"WebPage\",\"@id\":\"https:\/\/silver24.u9o.hu\/fr\/produit\/croisiere-budapest-tourisme\/\",\"url\":\"https:\/\/silver24.u9o.hu\/fr\/produit\/croisiere-budapest-tourisme\/\",\"name\":\"Danube Croisi\u00e8re Budapest Tourisme - Silverline Cruises\",\"isPartOf\":{\"@id\":\"https:\/\/silver24.u9o.hu\/fr\/#website\"},\"primaryImageOfPage\":{\"@id\":\"https:\/\/silver24.u9o.hu\/fr\/produit\/croisiere-budapest-tourisme\/#primaryimage\"},\"image\":{\"@id\":\"https:\/\/silver24.u9o.hu\/fr\/produit\/croisiere-budapest-tourisme\/#primaryimage\"},\"thumbnailUrl\":\"https:\/\/silver24.u9o.hu\/wp-content\/uploads\/2022\/05\/Budapest-river-cruise-silverline-cruises.jpg\",\"datePublished\":\"2022-05-07T04:26:14+00:00\",\"dateModified\":\"2025-05-19T18:40:55+00:00\",\"description\":\"Croisi\u00e8re Budapest Tourisme se poursuivra sous deux ponts tr\u00e8s c\u00e9l\u00e8bres, un d'eux est le pont de la cha\u00eene avec les lions de gardien des c\u00f4t\u00e9s de la rue.\",\"breadcrumb\":{\"@id\":\"https:\/\/silver24.u9o.hu\/fr\/produit\/croisiere-budapest-tourisme\/#breadcrumb\"},\"inLanguage\":\"fr-FR\",\"potentialAction\":[{\"@type\":\"ReadAction\",\"target\":[\"https:\/\/silver24.u9o.hu\/fr\/produit\/croisiere-budapest-tourisme\/\"]}]},{\"@type\":\"ImageObject\",\"inLanguage\":\"fr-FR\",\"@id\":\"https:\/\/silver24.u9o.hu\/fr\/produit\/croisiere-budapest-tourisme\/#primaryimage\",\"url\":\"https:\/\/silver24.u9o.hu\/wp-content\/uploads\/2022\/05\/Budapest-river-cruise-silverline-cruises.jpg\",\"contentUrl\":\"https:\/\/silver24.u9o.hu\/wp-content\/uploads\/2022\/05\/Budapest-river-cruise-silverline-cruises.jpg\",\"width\":600,\"height\":600,\"caption\":\"Budapest river cruise - silverline cruises\"},{\"@type\":\"BreadcrumbList\",\"@id\":\"https:\/\/silver24.u9o.hu\/fr\/produit\/croisiere-budapest-tourisme\/#breadcrumb\",\"itemListElement\":[{\"@type\":\"ListItem\",\"position\":1,\"name\":\"Home\",\"item\":\"https:\/\/silver24.u9o.hu\/fr\/\"},{\"@type\":\"ListItem\",\"position\":2,\"name\":\"Boutique\",\"item\":\"https:\/\/silver24.u9o.hu\/fr\/boutique\/\"},{\"@type\":\"ListItem\",\"position\":3,\"name\":\"Croisi\u00e8re de 60 minutes \u00e0 Budapest &#8211; Visite nocturne\"}]},{\"@type\":\"WebSite\",\"@id\":\"https:\/\/silver24.u9o.hu\/fr\/#website\",\"url\":\"https:\/\/silver24.u9o.hu\/fr\/\",\"name\":\"Silverline Cruises kft.\",\"description\":\"\",\"publisher\":{\"@id\":\"https:\/\/silver24.u9o.hu\/fr\/#organization\"},\"potentialAction\":[{\"@type\":\"SearchAction\",\"target\":{\"@type\":\"EntryPoint\",\"urlTemplate\":\"https:\/\/silver24.u9o.hu\/fr\/?s={search_term_string}\"},\"query-input\":{\"@type\":\"PropertyValueSpecification\",\"valueRequired\":true,\"valueName\":\"search_term_string\"}}],\"inLanguage\":\"fr-FR\"},{\"@type\":\"Organization\",\"@id\":\"https:\/\/silver24.u9o.hu\/fr\/#organization\",\"name\":\"Silverline Cruises kft.\",\"url\":\"https:\/\/silver24.u9o.hu\/fr\/\",\"logo\":{\"@type\":\"ImageObject\",\"inLanguage\":\"fr-FR\",\"@id\":\"https:\/\/silver24.u9o.hu\/fr\/#\/schema\/logo\/image\/\",\"url\":\"https:\/\/silver-line.hu\/wp-content\/uploads\/2022\/05\/cropped-cropped-icon-1.webp\",\"contentUrl\":\"https:\/\/silver-line.hu\/wp-content\/uploads\/2022\/05\/cropped-cropped-icon-1.webp\",\"width\":512,\"height\":512,\"caption\":\"Silverline Cruises kft.\"},\"image\":{\"@id\":\"https:\/\/silver24.u9o.hu\/fr\/#\/schema\/logo\/image\/\"},\"sameAs\":[\"https:\/\/www.facebook.com\/budapestrivercruise\"]}]}<\/script>\n<!-- \/ Yoast SEO plugin. -->","yoast_head_json":{"title":"Danube Croisi\u00e8re Budapest Tourisme - Silverline Cruises","description":"Croisi\u00e8re Budapest Tourisme se poursuivra sous deux ponts tr\u00e8s c\u00e9l\u00e8bres, un d'eux est le pont de la cha\u00eene avec les lions de gardien des c\u00f4t\u00e9s de la rue.","robots":{"index":"noindex","follow":"follow","max-snippet":"max-snippet:-1","max-image-preview":"max-image-preview:large","max-video-preview":"max-video-preview:-1"},"og_locale":"fr_FR","og_type":"article","og_title":"Danube Croisi\u00e8re Budapest Tourisme - Silverline Cruises","og_description":"Croisi\u00e8re Budapest Tourisme se poursuivra sous deux ponts tr\u00e8s c\u00e9l\u00e8bres, un d'eux est le pont de la cha\u00eene avec les lions de gardien des c\u00f4t\u00e9s de la rue.","og_url":"https:\/\/silver24.u9o.hu\/fr\/produit\/croisiere-budapest-tourisme\/","og_site_name":"silver24 - Silverline Cruises","article_publisher":"https:\/\/www.facebook.com\/budapestrivercruise","article_modified_time":"2025-05-19T18:40:55+00:00","og_image":[{"width":1200,"height":799,"url":"https:\/\/silver24.u9o.hu\/wp-content\/uploads\/2025\/05\/croisiere-touristique-budapest-4.jpg","type":"image\/jpeg"}],"schema":{"@context":"https:\/\/schema.org","@graph":[{"@type":"WebPage","@id":"https:\/\/silver24.u9o.hu\/fr\/produit\/croisiere-budapest-tourisme\/","url":"https:\/\/silver24.u9o.hu\/fr\/produit\/croisiere-budapest-tourisme\/","name":"Danube Croisi\u00e8re Budapest Tourisme - Silverline Cruises","isPartOf":{"@id":"https:\/\/silver24.u9o.hu\/fr\/#website"},"primaryImageOfPage":{"@id":"https:\/\/silver24.u9o.hu\/fr\/produit\/croisiere-budapest-tourisme\/#primaryimage"},"image":{"@id":"https:\/\/silver24.u9o.hu\/fr\/produit\/croisiere-budapest-tourisme\/#primaryimage"},"thumbnailUrl":"https:\/\/silver24.u9o.hu\/wp-content\/uploads\/2022\/05\/Budapest-river-cruise-silverline-cruises.jpg","datePublished":"2022-05-07T04:26:14+00:00","dateModified":"2025-05-19T18:40:55+00:00","description":"Croisi\u00e8re Budapest Tourisme se poursuivra sous deux ponts tr\u00e8s c\u00e9l\u00e8bres, un d'eux est le pont de la cha\u00eene avec les lions de gardien des c\u00f4t\u00e9s de la rue.","breadcrumb":{"@id":"https:\/\/silver24.u9o.hu\/fr\/produit\/croisiere-budapest-tourisme\/#breadcrumb"},"inLanguage":"fr-FR","potentialAction":[{"@type":"ReadAction","target":["https:\/\/silver24.u9o.hu\/fr\/produit\/croisiere-budapest-tourisme\/"]}]},{"@type":"ImageObject","inLanguage":"fr-FR","@id":"https:\/\/silver24.u9o.hu\/fr\/produit\/croisiere-budapest-tourisme\/#primaryimage","url":"https:\/\/silver24.u9o.hu\/wp-content\/uploads\/2022\/05\/Budapest-river-cruise-silverline-cruises.jpg","contentUrl":"https:\/\/silver24.u9o.hu\/wp-content\/uploads\/2022\/05\/Budapest-river-cruise-silverline-cruises.jpg","width":600,"height":600,"caption":"Budapest river cruise - silverline cruises"},{"@type":"BreadcrumbList","@id":"https:\/\/silver24.u9o.hu\/fr\/produit\/croisiere-budapest-tourisme\/#breadcrumb","itemListElement":[{"@type":"ListItem","position":1,"name":"Home","item":"https:\/\/silver24.u9o.hu\/fr\/"},{"@type":"ListItem","position":2,"name":"Boutique","item":"https:\/\/silver24.u9o.hu\/fr\/boutique\/"},{"@type":"ListItem","position":3,"name":"Croisi\u00e8re de 60 minutes \u00e0 Budapest &#8211; Visite nocturne"}]},{"@type":"WebSite","@id":"https:\/\/silver24.u9o.hu\/fr\/#website","url":"https:\/\/silver24.u9o.hu\/fr\/","name":"Silverline Cruises kft.","description":"","publisher":{"@id":"https:\/\/silver24.u9o.hu\/fr\/#organization"},"potentialAction":[{"@type":"SearchAction","target":{"@type":"EntryPoint","urlTemplate":"https:\/\/silver24.u9o.hu\/fr\/?s={search_term_string}"},"query-input":{"@type":"PropertyValueSpecification","valueRequired":true,"valueName":"search_term_string"}}],"inLanguage":"fr-FR"},{"@type":"Organization","@id":"https:\/\/silver24.u9o.hu\/fr\/#organization","name":"Silverline Cruises kft.","url":"https:\/\/silver24.u9o.hu\/fr\/","logo":{"@type":"ImageObject","inLanguage":"fr-FR","@id":"https:\/\/silver24.u9o.hu\/fr\/#\/schema\/logo\/image\/","url":"https:\/\/silver-line.hu\/wp-content\/uploads\/2022\/05\/cropped-cropped-icon-1.webp","contentUrl":"https:\/\/silver-line.hu\/wp-content\/uploads\/2022\/05\/cropped-cropped-icon-1.webp","width":512,"height":512,"caption":"Silverline Cruises kft."},"image":{"@id":"https:\/\/silver24.u9o.hu\/fr\/#\/schema\/logo\/image\/"},"sameAs":["https:\/\/www.facebook.com\/budapestrivercruise"]}]}},"_links":{"self":[{"href":"https:\/\/silver24.u9o.hu\/fr\/wp-json\/wp\/v2\/product\/363188"}],"collection":[{"href":"https:\/\/silver24.u9o.hu\/fr\/wp-json\/wp\/v2\/product"}],"about":[{"href":"https:\/\/silver24.u9o.hu\/fr\/wp-json\/wp\/v2\/types\/product"}],"wp:featuredmedia":[{"embeddable":true,"href":"https:\/\/silver24.u9o.hu\/fr\/wp-json\/wp\/v2\/media\/1397961"}],"wp:attachment":[{"href":"https:\/\/silver24.u9o.hu\/fr\/wp-json\/wp\/v2\/media?parent=363188"}],"wp:term":[{"taxonomy":"product_cat","embeddable":true,"href":"https:\/\/silver24.u9o.hu\/fr\/wp-json\/wp\/v2\/product_cat?post=363188"},{"taxonomy":"product_tag","embeddable":true,"href":"https:\/\/silver24.u9o.hu\/fr\/wp-json\/wp\/v2\/product_tag?post=363188"}],"curies":[{"name":"wp","href":"https:\/\/api.w.org\/{rel}","templated":true}]}}