{"id":1415259,"date":"2025-02-26T08:30:49","date_gmt":"2025-02-26T07:30:49","guid":{"rendered":"https:\/\/silver-line.hu\/?post_type=product&#038;p=1415259"},"modified":"2025-04-08T14:36:23","modified_gmt":"2025-04-08T13:36:23","slug":"diner-lumieres","status":"publish","type":"product","link":"https:\/\/silver24.u9o.hu\/fr\/produit\/diner-lumieres\/","title":{"rendered":"D\u00eener et Lumi\u00e8res sur le Danube"},"content":{"rendered":"","protected":false},"excerpt":{"rendered":"<p>Vivez une croisi\u00e8re-d\u00eener sur le Danube et profitez d&rsquo;un voyage touristique de 2 heures \u00e0 travers Budapest la nuit. Savourez un repas en 4 plats tout en passant devant des monuments embl\u00e9matiques comme le Parlement, le Pont des Cha\u00eenes et le Ch\u00e2teau de Buda, tous magnifiquement illumin\u00e9s.<\/p>\n","protected":false},"featured_media":1406523,"template":"","meta":[],"product_cat":[77],"product_tag":[],"yoast_head":"<!-- This site is optimized with the Yoast SEO plugin v23.9 - https:\/\/yoast.com\/wordpress\/plugins\/seo\/ -->\n<title>D\u00eener et Lumi\u00e8res sur le Danube - silver24 - Silverline Cruises<\/title>\n<meta name=\"description\" content=\"Profitez d&#039;une croisi\u00e8re-d\u00eener magique sur le Danube avec un repas en 4 plats et des vues nocturnes \u00e9poustouflantes de Budapest. Naviguez devant les monuments les plus c\u00e9l\u00e8bres de la ville lors d&#039;une croisi\u00e8re touristique de 2 heures.\" \/>\n<meta name=\"robots\" content=\"noindex, nofollow\" \/>\n<meta property=\"og:locale\" content=\"fr_FR\" \/>\n<meta property=\"og:type\" content=\"article\" \/>\n<meta property=\"og:title\" content=\"D\u00eener et Lumi\u00e8res sur le Danube - silver24 - Silverline Cruises\" \/>\n<meta property=\"og:description\" content=\"Profitez d&#039;une croisi\u00e8re-d\u00eener magique sur le Danube avec un repas en 4 plats et des vues nocturnes \u00e9poustouflantes de Budapest. Naviguez devant les monuments les plus c\u00e9l\u00e8bres de la ville lors d&#039;une croisi\u00e8re touristique de 2 heures.\" \/>\n<meta property=\"og:url\" content=\"https:\/\/silver24.u9o.hu\/fr\/produit\/diner-lumieres\/\" \/>\n<meta property=\"og:site_name\" content=\"silver24 - Silverline Cruises\" \/>\n<meta property=\"article:publisher\" content=\"https:\/\/www.facebook.com\/budapestrivercruise\" \/>\n<meta property=\"article:modified_time\" content=\"2025-04-08T13:36:23+00:00\" \/>\n<meta property=\"og:image\" content=\"https:\/\/silver24.u9o.hu\/wp-content\/uploads\/2025\/02\/Dinner-and-lights-tiny.jpg\" \/>\n\t<meta property=\"og:image:width\" content=\"1024\" \/>\n\t<meta property=\"og:image:height\" content=\"682\" \/>\n\t<meta property=\"og:image:type\" content=\"image\/jpeg\" \/>\n<script type=\"application\/ld+json\" class=\"yoast-schema-graph\">{\"@context\":\"https:\/\/schema.org\",\"@graph\":[{\"@type\":\"WebPage\",\"@id\":\"https:\/\/silver24.u9o.hu\/fr\/produit\/diner-lumieres\/\",\"url\":\"https:\/\/silver24.u9o.hu\/fr\/produit\/diner-lumieres\/\",\"name\":\"D\u00eener et Lumi\u00e8res sur le Danube - silver24 - Silverline Cruises\",\"isPartOf\":{\"@id\":\"https:\/\/silver24.u9o.hu\/fr\/#website\"},\"primaryImageOfPage\":{\"@id\":\"https:\/\/silver24.u9o.hu\/fr\/produit\/diner-lumieres\/#primaryimage\"},\"image\":{\"@id\":\"https:\/\/silver24.u9o.hu\/fr\/produit\/diner-lumieres\/#primaryimage\"},\"thumbnailUrl\":\"https:\/\/silver24.u9o.hu\/wp-content\/uploads\/2025\/02\/Dinner-and-lights-tiny.jpg\",\"datePublished\":\"2025-02-26T07:30:49+00:00\",\"dateModified\":\"2025-04-08T13:36:23+00:00\",\"description\":\"Profitez d'une croisi\u00e8re-d\u00eener magique sur le Danube avec un repas en 4 plats et des vues nocturnes \u00e9poustouflantes de Budapest. Naviguez devant les monuments les plus c\u00e9l\u00e8bres de la ville lors d'une croisi\u00e8re touristique de 2 heures.\",\"breadcrumb\":{\"@id\":\"https:\/\/silver24.u9o.hu\/fr\/produit\/diner-lumieres\/#breadcrumb\"},\"inLanguage\":\"fr-FR\",\"potentialAction\":[{\"@type\":\"ReadAction\",\"target\":[\"https:\/\/silver24.u9o.hu\/fr\/produit\/diner-lumieres\/\"]}]},{\"@type\":\"ImageObject\",\"inLanguage\":\"fr-FR\",\"@id\":\"https:\/\/silver24.u9o.hu\/fr\/produit\/diner-lumieres\/#primaryimage\",\"url\":\"https:\/\/silver24.u9o.hu\/wp-content\/uploads\/2025\/02\/Dinner-and-lights-tiny.jpg\",\"contentUrl\":\"https:\/\/silver24.u9o.hu\/wp-content\/uploads\/2025\/02\/Dinner-and-lights-tiny.jpg\",\"width\":1024,\"height\":682,\"caption\":\"Dinner & Lights Budapest sightseeing on the Danube\"},{\"@type\":\"BreadcrumbList\",\"@id\":\"https:\/\/silver24.u9o.hu\/fr\/produit\/diner-lumieres\/#breadcrumb\",\"itemListElement\":[{\"@type\":\"ListItem\",\"position\":1,\"name\":\"Home\",\"item\":\"https:\/\/silver24.u9o.hu\/fr\/\"},{\"@type\":\"ListItem\",\"position\":2,\"name\":\"Boutique\",\"item\":\"https:\/\/silver24.u9o.hu\/fr\/boutique\/\"},{\"@type\":\"ListItem\",\"position\":3,\"name\":\"D\u00eener et Lumi\u00e8res sur le Danube\"}]},{\"@type\":\"WebSite\",\"@id\":\"https:\/\/silver24.u9o.hu\/fr\/#website\",\"url\":\"https:\/\/silver24.u9o.hu\/fr\/\",\"name\":\"Silverline Cruises kft.\",\"description\":\"\",\"publisher\":{\"@id\":\"https:\/\/silver24.u9o.hu\/fr\/#organization\"},\"potentialAction\":[{\"@type\":\"SearchAction\",\"target\":{\"@type\":\"EntryPoint\",\"urlTemplate\":\"https:\/\/silver24.u9o.hu\/fr\/?s={search_term_string}\"},\"query-input\":{\"@type\":\"PropertyValueSpecification\",\"valueRequired\":true,\"valueName\":\"search_term_string\"}}],\"inLanguage\":\"fr-FR\"},{\"@type\":\"Organization\",\"@id\":\"https:\/\/silver24.u9o.hu\/fr\/#organization\",\"name\":\"Silverline Cruises kft.\",\"url\":\"https:\/\/silver24.u9o.hu\/fr\/\",\"logo\":{\"@type\":\"ImageObject\",\"inLanguage\":\"fr-FR\",\"@id\":\"https:\/\/silver24.u9o.hu\/fr\/#\/schema\/logo\/image\/\",\"url\":\"https:\/\/silver-line.hu\/wp-content\/uploads\/2022\/05\/cropped-cropped-icon-1.webp\",\"contentUrl\":\"https:\/\/silver-line.hu\/wp-content\/uploads\/2022\/05\/cropped-cropped-icon-1.webp\",\"width\":512,\"height\":512,\"caption\":\"Silverline Cruises kft.\"},\"image\":{\"@id\":\"https:\/\/silver24.u9o.hu\/fr\/#\/schema\/logo\/image\/\"},\"sameAs\":[\"https:\/\/www.facebook.com\/budapestrivercruise\"]}]}<\/script>\n<!-- \/ Yoast SEO plugin. -->","yoast_head_json":{"title":"D\u00eener et Lumi\u00e8res sur le Danube - silver24 - Silverline Cruises","description":"Profitez d'une croisi\u00e8re-d\u00eener magique sur le Danube avec un repas en 4 plats et des vues nocturnes \u00e9poustouflantes de Budapest. Naviguez devant les monuments les plus c\u00e9l\u00e8bres de la ville lors d'une croisi\u00e8re touristique de 2 heures.","robots":{"index":"noindex","follow":"nofollow"},"og_locale":"fr_FR","og_type":"article","og_title":"D\u00eener et Lumi\u00e8res sur le Danube - silver24 - Silverline Cruises","og_description":"Profitez d'une croisi\u00e8re-d\u00eener magique sur le Danube avec un repas en 4 plats et des vues nocturnes \u00e9poustouflantes de Budapest. Naviguez devant les monuments les plus c\u00e9l\u00e8bres de la ville lors d'une croisi\u00e8re touristique de 2 heures.","og_url":"https:\/\/silver24.u9o.hu\/fr\/produit\/diner-lumieres\/","og_site_name":"silver24 - Silverline Cruises","article_publisher":"https:\/\/www.facebook.com\/budapestrivercruise","article_modified_time":"2025-04-08T13:36:23+00:00","og_image":[{"width":1024,"height":682,"url":"https:\/\/silver24.u9o.hu\/wp-content\/uploads\/2025\/02\/Dinner-and-lights-tiny.jpg","type":"image\/jpeg"}],"schema":{"@context":"https:\/\/schema.org","@graph":[{"@type":"WebPage","@id":"https:\/\/silver24.u9o.hu\/fr\/produit\/diner-lumieres\/","url":"https:\/\/silver24.u9o.hu\/fr\/produit\/diner-lumieres\/","name":"D\u00eener et Lumi\u00e8res sur le Danube - silver24 - Silverline Cruises","isPartOf":{"@id":"https:\/\/silver24.u9o.hu\/fr\/#website"},"primaryImageOfPage":{"@id":"https:\/\/silver24.u9o.hu\/fr\/produit\/diner-lumieres\/#primaryimage"},"image":{"@id":"https:\/\/silver24.u9o.hu\/fr\/produit\/diner-lumieres\/#primaryimage"},"thumbnailUrl":"https:\/\/silver24.u9o.hu\/wp-content\/uploads\/2025\/02\/Dinner-and-lights-tiny.jpg","datePublished":"2025-02-26T07:30:49+00:00","dateModified":"2025-04-08T13:36:23+00:00","description":"Profitez d'une croisi\u00e8re-d\u00eener magique sur le Danube avec un repas en 4 plats et des vues nocturnes \u00e9poustouflantes de Budapest. Naviguez devant les monuments les plus c\u00e9l\u00e8bres de la ville lors d'une croisi\u00e8re touristique de 2 heures.","breadcrumb":{"@id":"https:\/\/silver24.u9o.hu\/fr\/produit\/diner-lumieres\/#breadcrumb"},"inLanguage":"fr-FR","potentialAction":[{"@type":"ReadAction","target":["https:\/\/silver24.u9o.hu\/fr\/produit\/diner-lumieres\/"]}]},{"@type":"ImageObject","inLanguage":"fr-FR","@id":"https:\/\/silver24.u9o.hu\/fr\/produit\/diner-lumieres\/#primaryimage","url":"https:\/\/silver24.u9o.hu\/wp-content\/uploads\/2025\/02\/Dinner-and-lights-tiny.jpg","contentUrl":"https:\/\/silver24.u9o.hu\/wp-content\/uploads\/2025\/02\/Dinner-and-lights-tiny.jpg","width":1024,"height":682,"caption":"Dinner & Lights Budapest sightseeing on the Danube"},{"@type":"BreadcrumbList","@id":"https:\/\/silver24.u9o.hu\/fr\/produit\/diner-lumieres\/#breadcrumb","itemListElement":[{"@type":"ListItem","position":1,"name":"Home","item":"https:\/\/silver24.u9o.hu\/fr\/"},{"@type":"ListItem","position":2,"name":"Boutique","item":"https:\/\/silver24.u9o.hu\/fr\/boutique\/"},{"@type":"ListItem","position":3,"name":"D\u00eener et Lumi\u00e8res sur le Danube"}]},{"@type":"WebSite","@id":"https:\/\/silver24.u9o.hu\/fr\/#website","url":"https:\/\/silver24.u9o.hu\/fr\/","name":"Silverline Cruises kft.","description":"","publisher":{"@id":"https:\/\/silver24.u9o.hu\/fr\/#organization"},"potentialAction":[{"@type":"SearchAction","target":{"@type":"EntryPoint","urlTemplate":"https:\/\/silver24.u9o.hu\/fr\/?s={search_term_string}"},"query-input":{"@type":"PropertyValueSpecification","valueRequired":true,"valueName":"search_term_string"}}],"inLanguage":"fr-FR"},{"@type":"Organization","@id":"https:\/\/silver24.u9o.hu\/fr\/#organization","name":"Silverline Cruises kft.","url":"https:\/\/silver24.u9o.hu\/fr\/","logo":{"@type":"ImageObject","inLanguage":"fr-FR","@id":"https:\/\/silver24.u9o.hu\/fr\/#\/schema\/logo\/image\/","url":"https:\/\/silver-line.hu\/wp-content\/uploads\/2022\/05\/cropped-cropped-icon-1.webp","contentUrl":"https:\/\/silver-line.hu\/wp-content\/uploads\/2022\/05\/cropped-cropped-icon-1.webp","width":512,"height":512,"caption":"Silverline Cruises kft."},"image":{"@id":"https:\/\/silver24.u9o.hu\/fr\/#\/schema\/logo\/image\/"},"sameAs":["https:\/\/www.facebook.com\/budapestrivercruise"]}]}},"_links":{"self":[{"href":"https:\/\/silver24.u9o.hu\/fr\/wp-json\/wp\/v2\/product\/1415259"}],"collection":[{"href":"https:\/\/silver24.u9o.hu\/fr\/wp-json\/wp\/v2\/product"}],"about":[{"href":"https:\/\/silver24.u9o.hu\/fr\/wp-json\/wp\/v2\/types\/product"}],"wp:featuredmedia":[{"embeddable":true,"href":"https:\/\/silver24.u9o.hu\/fr\/wp-json\/wp\/v2\/media\/1406523"}],"wp:attachment":[{"href":"https:\/\/silver24.u9o.hu\/fr\/wp-json\/wp\/v2\/media?parent=1415259"}],"wp:term":[{"taxonomy":"product_cat","embeddable":true,"href":"https:\/\/silver24.u9o.hu\/fr\/wp-json\/wp\/v2\/product_cat?post=1415259"},{"taxonomy":"product_tag","embeddable":true,"href":"https:\/\/silver24.u9o.hu\/fr\/wp-json\/wp\/v2\/product_tag?post=1415259"}],"curies":[{"name":"wp","href":"https:\/\/api.w.org\/{rel}","templated":true}]}}