{"id":1352788,"date":"2024-10-14T17:02:12","date_gmt":"2024-10-14T16:02:12","guid":{"rendered":"https:\/\/silver-line.hu\/?post_type=product&#038;p=1352788"},"modified":"2025-04-01T08:09:30","modified_gmt":"2025-04-01T07:09:30","slug":"croisiere-avec-biere-a-volonte","status":"publish","type":"product","link":"https:\/\/silver24.u9o.hu\/fr\/produit\/croisiere-avec-biere-a-volonte\/","title":{"rendered":"Croisi\u00e8re avec bi\u00e8re \u00e0 volont\u00e9"},"content":{"rendered":"","protected":false},"excerpt":{"rendered":"<p>D\u00e9couvrez la beaut\u00e9 de Budapest lors d&rsquo;une croisi\u00e8re de 60 minutes avec bi\u00e8re \u00e0 volont\u00e9.<\/p>\n<p><strong><span style=\"color: green;\">Les prix varient en fonction de l&rsquo;heure de la journ\u00e9e et du jour de la semaine.<\/span><\/strong> <\/p>\n","protected":false},"featured_media":1398446,"template":"","meta":[],"product_cat":[78],"product_tag":[],"yoast_head":"<!-- This site is optimized with the Yoast SEO plugin v23.9 - https:\/\/yoast.com\/wordpress\/plugins\/seo\/ -->\n<title>Croisi\u00e8re avec bi\u00e8re \u00e0 volont\u00e9 - silver24 - Silverline Cruises<\/title>\n<meta name=\"robots\" content=\"noindex, nofollow\" \/>\n<meta property=\"og:locale\" content=\"fr_FR\" \/>\n<meta property=\"og:type\" content=\"article\" \/>\n<meta property=\"og:title\" content=\"Croisi\u00e8re avec bi\u00e8re \u00e0 volont\u00e9 - silver24 - Silverline Cruises\" \/>\n<meta property=\"og:description\" content=\"D\u00e9couvrez la beaut\u00e9 de Budapest lors d&#039;une croisi\u00e8re de 60 minutes avec bi\u00e8re \u00e0 volont\u00e9.  Les prix varient en fonction de l&#039;heure de la journ\u00e9e et du jour de la semaine.\" \/>\n<meta property=\"og:url\" content=\"https:\/\/silver24.u9o.hu\/fr\/produit\/croisiere-avec-biere-a-volonte\/\" \/>\n<meta property=\"og:site_name\" content=\"silver24 - Silverline Cruises\" \/>\n<meta property=\"article:publisher\" content=\"https:\/\/www.facebook.com\/budapestrivercruise\" \/>\n<meta property=\"article:modified_time\" content=\"2025-04-01T07:09:30+00:00\" \/>\n<meta property=\"og:image\" content=\"https:\/\/silver24.u9o.hu\/wp-content\/uploads\/2024\/10\/Unlimited-Beer-Cruise-silverline-budapest-1.jpg\" \/>\n\t<meta property=\"og:image:width\" content=\"600\" \/>\n\t<meta property=\"og:image:height\" content=\"600\" \/>\n\t<meta property=\"og:image:type\" content=\"image\/jpeg\" \/>\n<script type=\"application\/ld+json\" class=\"yoast-schema-graph\">{\"@context\":\"https:\/\/schema.org\",\"@graph\":[{\"@type\":\"WebPage\",\"@id\":\"https:\/\/silver24.u9o.hu\/fr\/produit\/croisiere-avec-biere-a-volonte\/\",\"url\":\"https:\/\/silver24.u9o.hu\/fr\/produit\/croisiere-avec-biere-a-volonte\/\",\"name\":\"Croisi\u00e8re avec bi\u00e8re \u00e0 volont\u00e9 - silver24 - Silverline Cruises\",\"isPartOf\":{\"@id\":\"https:\/\/silver24.u9o.hu\/fr\/#website\"},\"primaryImageOfPage\":{\"@id\":\"https:\/\/silver24.u9o.hu\/fr\/produit\/croisiere-avec-biere-a-volonte\/#primaryimage\"},\"image\":{\"@id\":\"https:\/\/silver24.u9o.hu\/fr\/produit\/croisiere-avec-biere-a-volonte\/#primaryimage\"},\"thumbnailUrl\":\"https:\/\/silver24.u9o.hu\/wp-content\/uploads\/2024\/10\/Unlimited-Beer-Cruise-silverline-budapest-1.jpg\",\"datePublished\":\"2024-10-14T16:02:12+00:00\",\"dateModified\":\"2025-04-01T07:09:30+00:00\",\"breadcrumb\":{\"@id\":\"https:\/\/silver24.u9o.hu\/fr\/produit\/croisiere-avec-biere-a-volonte\/#breadcrumb\"},\"inLanguage\":\"fr-FR\",\"potentialAction\":[{\"@type\":\"ReadAction\",\"target\":[\"https:\/\/silver24.u9o.hu\/fr\/produit\/croisiere-avec-biere-a-volonte\/\"]}]},{\"@type\":\"ImageObject\",\"inLanguage\":\"fr-FR\",\"@id\":\"https:\/\/silver24.u9o.hu\/fr\/produit\/croisiere-avec-biere-a-volonte\/#primaryimage\",\"url\":\"https:\/\/silver24.u9o.hu\/wp-content\/uploads\/2024\/10\/Unlimited-Beer-Cruise-silverline-budapest-1.jpg\",\"contentUrl\":\"https:\/\/silver24.u9o.hu\/wp-content\/uploads\/2024\/10\/Unlimited-Beer-Cruise-silverline-budapest-1.jpg\",\"width\":600,\"height\":600,\"caption\":\"Unlimited Beer Cruise silverline budapest\"},{\"@type\":\"BreadcrumbList\",\"@id\":\"https:\/\/silver24.u9o.hu\/fr\/produit\/croisiere-avec-biere-a-volonte\/#breadcrumb\",\"itemListElement\":[{\"@type\":\"ListItem\",\"position\":1,\"name\":\"Home\",\"item\":\"https:\/\/silver24.u9o.hu\/fr\/\"},{\"@type\":\"ListItem\",\"position\":2,\"name\":\"Boutique\",\"item\":\"https:\/\/silver24.u9o.hu\/fr\/boutique\/\"},{\"@type\":\"ListItem\",\"position\":3,\"name\":\"Croisi\u00e8re avec bi\u00e8re \u00e0 volont\u00e9\"}]},{\"@type\":\"WebSite\",\"@id\":\"https:\/\/silver24.u9o.hu\/fr\/#website\",\"url\":\"https:\/\/silver24.u9o.hu\/fr\/\",\"name\":\"Silverline Cruises kft.\",\"description\":\"\",\"publisher\":{\"@id\":\"https:\/\/silver24.u9o.hu\/fr\/#organization\"},\"potentialAction\":[{\"@type\":\"SearchAction\",\"target\":{\"@type\":\"EntryPoint\",\"urlTemplate\":\"https:\/\/silver24.u9o.hu\/fr\/?s={search_term_string}\"},\"query-input\":{\"@type\":\"PropertyValueSpecification\",\"valueRequired\":true,\"valueName\":\"search_term_string\"}}],\"inLanguage\":\"fr-FR\"},{\"@type\":\"Organization\",\"@id\":\"https:\/\/silver24.u9o.hu\/fr\/#organization\",\"name\":\"Silverline Cruises kft.\",\"url\":\"https:\/\/silver24.u9o.hu\/fr\/\",\"logo\":{\"@type\":\"ImageObject\",\"inLanguage\":\"fr-FR\",\"@id\":\"https:\/\/silver24.u9o.hu\/fr\/#\/schema\/logo\/image\/\",\"url\":\"https:\/\/silver-line.hu\/wp-content\/uploads\/2022\/05\/cropped-cropped-icon-1.webp\",\"contentUrl\":\"https:\/\/silver-line.hu\/wp-content\/uploads\/2022\/05\/cropped-cropped-icon-1.webp\",\"width\":512,\"height\":512,\"caption\":\"Silverline Cruises kft.\"},\"image\":{\"@id\":\"https:\/\/silver24.u9o.hu\/fr\/#\/schema\/logo\/image\/\"},\"sameAs\":[\"https:\/\/www.facebook.com\/budapestrivercruise\"]}]}<\/script>\n<!-- \/ Yoast SEO plugin. -->","yoast_head_json":{"title":"Croisi\u00e8re avec bi\u00e8re \u00e0 volont\u00e9 - silver24 - Silverline Cruises","robots":{"index":"noindex","follow":"nofollow"},"og_locale":"fr_FR","og_type":"article","og_title":"Croisi\u00e8re avec bi\u00e8re \u00e0 volont\u00e9 - silver24 - Silverline Cruises","og_description":"D\u00e9couvrez la beaut\u00e9 de Budapest lors d'une croisi\u00e8re de 60 minutes avec bi\u00e8re \u00e0 volont\u00e9.  Les prix varient en fonction de l'heure de la journ\u00e9e et du jour de la semaine.","og_url":"https:\/\/silver24.u9o.hu\/fr\/produit\/croisiere-avec-biere-a-volonte\/","og_site_name":"silver24 - Silverline Cruises","article_publisher":"https:\/\/www.facebook.com\/budapestrivercruise","article_modified_time":"2025-04-01T07:09:30+00:00","og_image":[{"width":600,"height":600,"url":"https:\/\/silver24.u9o.hu\/wp-content\/uploads\/2024\/10\/Unlimited-Beer-Cruise-silverline-budapest-1.jpg","type":"image\/jpeg"}],"schema":{"@context":"https:\/\/schema.org","@graph":[{"@type":"WebPage","@id":"https:\/\/silver24.u9o.hu\/fr\/produit\/croisiere-avec-biere-a-volonte\/","url":"https:\/\/silver24.u9o.hu\/fr\/produit\/croisiere-avec-biere-a-volonte\/","name":"Croisi\u00e8re avec bi\u00e8re \u00e0 volont\u00e9 - silver24 - Silverline Cruises","isPartOf":{"@id":"https:\/\/silver24.u9o.hu\/fr\/#website"},"primaryImageOfPage":{"@id":"https:\/\/silver24.u9o.hu\/fr\/produit\/croisiere-avec-biere-a-volonte\/#primaryimage"},"image":{"@id":"https:\/\/silver24.u9o.hu\/fr\/produit\/croisiere-avec-biere-a-volonte\/#primaryimage"},"thumbnailUrl":"https:\/\/silver24.u9o.hu\/wp-content\/uploads\/2024\/10\/Unlimited-Beer-Cruise-silverline-budapest-1.jpg","datePublished":"2024-10-14T16:02:12+00:00","dateModified":"2025-04-01T07:09:30+00:00","breadcrumb":{"@id":"https:\/\/silver24.u9o.hu\/fr\/produit\/croisiere-avec-biere-a-volonte\/#breadcrumb"},"inLanguage":"fr-FR","potentialAction":[{"@type":"ReadAction","target":["https:\/\/silver24.u9o.hu\/fr\/produit\/croisiere-avec-biere-a-volonte\/"]}]},{"@type":"ImageObject","inLanguage":"fr-FR","@id":"https:\/\/silver24.u9o.hu\/fr\/produit\/croisiere-avec-biere-a-volonte\/#primaryimage","url":"https:\/\/silver24.u9o.hu\/wp-content\/uploads\/2024\/10\/Unlimited-Beer-Cruise-silverline-budapest-1.jpg","contentUrl":"https:\/\/silver24.u9o.hu\/wp-content\/uploads\/2024\/10\/Unlimited-Beer-Cruise-silverline-budapest-1.jpg","width":600,"height":600,"caption":"Unlimited Beer Cruise silverline budapest"},{"@type":"BreadcrumbList","@id":"https:\/\/silver24.u9o.hu\/fr\/produit\/croisiere-avec-biere-a-volonte\/#breadcrumb","itemListElement":[{"@type":"ListItem","position":1,"name":"Home","item":"https:\/\/silver24.u9o.hu\/fr\/"},{"@type":"ListItem","position":2,"name":"Boutique","item":"https:\/\/silver24.u9o.hu\/fr\/boutique\/"},{"@type":"ListItem","position":3,"name":"Croisi\u00e8re avec bi\u00e8re \u00e0 volont\u00e9"}]},{"@type":"WebSite","@id":"https:\/\/silver24.u9o.hu\/fr\/#website","url":"https:\/\/silver24.u9o.hu\/fr\/","name":"Silverline Cruises kft.","description":"","publisher":{"@id":"https:\/\/silver24.u9o.hu\/fr\/#organization"},"potentialAction":[{"@type":"SearchAction","target":{"@type":"EntryPoint","urlTemplate":"https:\/\/silver24.u9o.hu\/fr\/?s={search_term_string}"},"query-input":{"@type":"PropertyValueSpecification","valueRequired":true,"valueName":"search_term_string"}}],"inLanguage":"fr-FR"},{"@type":"Organization","@id":"https:\/\/silver24.u9o.hu\/fr\/#organization","name":"Silverline Cruises kft.","url":"https:\/\/silver24.u9o.hu\/fr\/","logo":{"@type":"ImageObject","inLanguage":"fr-FR","@id":"https:\/\/silver24.u9o.hu\/fr\/#\/schema\/logo\/image\/","url":"https:\/\/silver-line.hu\/wp-content\/uploads\/2022\/05\/cropped-cropped-icon-1.webp","contentUrl":"https:\/\/silver-line.hu\/wp-content\/uploads\/2022\/05\/cropped-cropped-icon-1.webp","width":512,"height":512,"caption":"Silverline Cruises kft."},"image":{"@id":"https:\/\/silver24.u9o.hu\/fr\/#\/schema\/logo\/image\/"},"sameAs":["https:\/\/www.facebook.com\/budapestrivercruise"]}]}},"_links":{"self":[{"href":"https:\/\/silver24.u9o.hu\/fr\/wp-json\/wp\/v2\/product\/1352788"}],"collection":[{"href":"https:\/\/silver24.u9o.hu\/fr\/wp-json\/wp\/v2\/product"}],"about":[{"href":"https:\/\/silver24.u9o.hu\/fr\/wp-json\/wp\/v2\/types\/product"}],"wp:featuredmedia":[{"embeddable":true,"href":"https:\/\/silver24.u9o.hu\/fr\/wp-json\/wp\/v2\/media\/1398446"}],"wp:attachment":[{"href":"https:\/\/silver24.u9o.hu\/fr\/wp-json\/wp\/v2\/media?parent=1352788"}],"wp:term":[{"taxonomy":"product_cat","embeddable":true,"href":"https:\/\/silver24.u9o.hu\/fr\/wp-json\/wp\/v2\/product_cat?post=1352788"},{"taxonomy":"product_tag","embeddable":true,"href":"https:\/\/silver24.u9o.hu\/fr\/wp-json\/wp\/v2\/product_tag?post=1352788"}],"curies":[{"name":"wp","href":"https:\/\/api.w.org\/{rel}","templated":true}]}}