{"id":363140,"date":"2022-05-07T02:56:59","date_gmt":"2022-05-07T01:56:59","guid":{"rendered":"https:\/\/silver-line.hu\/?page_id=363140"},"modified":"2025-02-04T17:35:48","modified_gmt":"2025-02-04T16:35:48","slug":"croisiere-danube-budapest-croisiere-fluviale-danube-silverline","status":"publish","type":"page","link":"https:\/\/silver24.u9o.hu\/fr\/","title":{"rendered":"Croisi\u00e8re Danube Budapest  &#8211; Croisi\u00e8re fluviale Danube &#8211; Silverline"},"content":{"rendered":"","protected":false},"excerpt":{"rendered":"","protected":false},"author":1,"featured_media":1338500,"parent":0,"menu_order":0,"comment_status":"closed","ping_status":"closed","template":"","meta":{"footnotes":""},"yoast_head":"<!-- This site is optimized with the Yoast SEO plugin v23.9 - https:\/\/yoast.com\/wordpress\/plugins\/seo\/ -->\n<title>Croisi\u00e8re Danube Budapest - Croisi\u00e8re fluviale Danube<\/title>\n<meta name=\"description\" content=\"Croisi\u00e8re Premium sur la rivi\u00e8re Budapest et gastronomie sur le Danube? Croisi\u00e8re Danube Budapest\" \/>\n<meta name=\"robots\" content=\"noindex, follow, max-snippet:-1, max-image-preview:large, max-video-preview:-1\" \/>\n<meta property=\"og:locale\" content=\"fr_FR\" \/>\n<meta property=\"og:type\" content=\"article\" \/>\n<meta property=\"og:title\" content=\"Croisi\u00e8re Danube Budapest - Croisi\u00e8re fluviale Danube\" \/>\n<meta property=\"og:description\" content=\"Croisi\u00e8re Premium sur la rivi\u00e8re Budapest et gastronomie sur le Danube? Croisi\u00e8re Danube Budapest\" \/>\n<meta property=\"og:url\" content=\"https:\/\/silver24.u9o.hu\/fr\/\" \/>\n<meta property=\"og:site_name\" content=\"silver24 - Silverline Cruises\" \/>\n<meta property=\"article:publisher\" content=\"https:\/\/www.facebook.com\/budapestrivercruise\" \/>\n<meta property=\"article:modified_time\" content=\"2025-02-04T16:35:48+00:00\" \/>\n<meta property=\"og:image\" content=\"https:\/\/silver-line.hu\/wp-content\/uploads\/2024\/09\/silverline-cruises-budapest.jpg\" \/>\n<script type=\"application\/ld+json\" class=\"yoast-schema-graph\">{\"@context\":\"https:\/\/schema.org\",\"@graph\":[{\"@type\":\"WebPage\",\"@id\":\"https:\/\/silver24.u9o.hu\/fr\/\",\"url\":\"https:\/\/silver24.u9o.hu\/fr\/\",\"name\":\"Croisi\u00e8re Danube Budapest - Croisi\u00e8re fluviale Danube\",\"isPartOf\":{\"@id\":\"https:\/\/silver24.u9o.hu\/fr\/#website\"},\"primaryImageOfPage\":{\"@id\":\"https:\/\/silver24.u9o.hu\/fr\/#primaryimage\"},\"image\":{\"@id\":\"https:\/\/silver24.u9o.hu\/fr\/#primaryimage\"},\"thumbnailUrl\":\"https:\/\/silver24.u9o.hu\/wp-content\/uploads\/2024\/09\/silverline-cruises-budapest.jpg\",\"datePublished\":\"2022-05-07T01:56:59+00:00\",\"dateModified\":\"2025-02-04T16:35:48+00:00\",\"description\":\"Croisi\u00e8re Premium sur la rivi\u00e8re Budapest et gastronomie sur le Danube? Croisi\u00e8re Danube Budapest\",\"breadcrumb\":{\"@id\":\"https:\/\/silver24.u9o.hu\/fr\/#breadcrumb\"},\"inLanguage\":\"fr-FR\",\"potentialAction\":[{\"@type\":\"ReadAction\",\"target\":[\"https:\/\/silver24.u9o.hu\/fr\/\"]}]},{\"@type\":\"ImageObject\",\"inLanguage\":\"fr-FR\",\"@id\":\"https:\/\/silver24.u9o.hu\/fr\/#primaryimage\",\"url\":\"https:\/\/silver24.u9o.hu\/wp-content\/uploads\/2024\/09\/silverline-cruises-budapest.jpg\",\"contentUrl\":\"https:\/\/silver24.u9o.hu\/wp-content\/uploads\/2024\/09\/silverline-cruises-budapest.jpg\",\"width\":944,\"height\":630,\"caption\":\"silverline cruises budapest\"},{\"@type\":\"BreadcrumbList\",\"@id\":\"https:\/\/silver24.u9o.hu\/fr\/#breadcrumb\",\"itemListElement\":[{\"@type\":\"ListItem\",\"position\":1,\"name\":\"Home\",\"item\":\"https:\/\/silver24.u9o.hu\/fr\/\"},{\"@type\":\"ListItem\",\"position\":2,\"name\":\"Croisi\u00e8re Danube Budapest &#8211; Croisi\u00e8re fluviale Danube &#8211; Silverline\"}]},{\"@type\":\"WebSite\",\"@id\":\"https:\/\/silver24.u9o.hu\/fr\/#website\",\"url\":\"https:\/\/silver24.u9o.hu\/fr\/\",\"name\":\"Silverline Cruises kft.\",\"description\":\"\",\"publisher\":{\"@id\":\"https:\/\/silver24.u9o.hu\/fr\/#organization\"},\"potentialAction\":[{\"@type\":\"SearchAction\",\"target\":{\"@type\":\"EntryPoint\",\"urlTemplate\":\"https:\/\/silver24.u9o.hu\/fr\/?s={search_term_string}\"},\"query-input\":{\"@type\":\"PropertyValueSpecification\",\"valueRequired\":true,\"valueName\":\"search_term_string\"}}],\"inLanguage\":\"fr-FR\"},{\"@type\":\"Organization\",\"@id\":\"https:\/\/silver24.u9o.hu\/fr\/#organization\",\"name\":\"Silverline Cruises kft.\",\"url\":\"https:\/\/silver24.u9o.hu\/fr\/\",\"logo\":{\"@type\":\"ImageObject\",\"inLanguage\":\"fr-FR\",\"@id\":\"https:\/\/silver24.u9o.hu\/fr\/#\/schema\/logo\/image\/\",\"url\":\"https:\/\/silver-line.hu\/wp-content\/uploads\/2022\/05\/cropped-cropped-icon-1.webp\",\"contentUrl\":\"https:\/\/silver-line.hu\/wp-content\/uploads\/2022\/05\/cropped-cropped-icon-1.webp\",\"width\":512,\"height\":512,\"caption\":\"Silverline Cruises kft.\"},\"image\":{\"@id\":\"https:\/\/silver24.u9o.hu\/fr\/#\/schema\/logo\/image\/\"},\"sameAs\":[\"https:\/\/www.facebook.com\/budapestrivercruise\"]}]}<\/script>\n<!-- \/ Yoast SEO plugin. -->","yoast_head_json":{"title":"Croisi\u00e8re Danube Budapest - Croisi\u00e8re fluviale Danube","description":"Croisi\u00e8re Premium sur la rivi\u00e8re Budapest et gastronomie sur le Danube? Croisi\u00e8re Danube Budapest","robots":{"index":"noindex","follow":"follow","max-snippet":"max-snippet:-1","max-image-preview":"max-image-preview:large","max-video-preview":"max-video-preview:-1"},"og_locale":"fr_FR","og_type":"article","og_title":"Croisi\u00e8re Danube Budapest - Croisi\u00e8re fluviale Danube","og_description":"Croisi\u00e8re Premium sur la rivi\u00e8re Budapest et gastronomie sur le Danube? Croisi\u00e8re Danube Budapest","og_url":"https:\/\/silver24.u9o.hu\/fr\/","og_site_name":"silver24 - Silverline Cruises","article_publisher":"https:\/\/www.facebook.com\/budapestrivercruise","article_modified_time":"2025-02-04T16:35:48+00:00","og_image":[{"url":"https:\/\/silver-line.hu\/wp-content\/uploads\/2024\/09\/silverline-cruises-budapest.jpg"}],"schema":{"@context":"https:\/\/schema.org","@graph":[{"@type":"WebPage","@id":"https:\/\/silver24.u9o.hu\/fr\/","url":"https:\/\/silver24.u9o.hu\/fr\/","name":"Croisi\u00e8re Danube Budapest - Croisi\u00e8re fluviale Danube","isPartOf":{"@id":"https:\/\/silver24.u9o.hu\/fr\/#website"},"primaryImageOfPage":{"@id":"https:\/\/silver24.u9o.hu\/fr\/#primaryimage"},"image":{"@id":"https:\/\/silver24.u9o.hu\/fr\/#primaryimage"},"thumbnailUrl":"https:\/\/silver24.u9o.hu\/wp-content\/uploads\/2024\/09\/silverline-cruises-budapest.jpg","datePublished":"2022-05-07T01:56:59+00:00","dateModified":"2025-02-04T16:35:48+00:00","description":"Croisi\u00e8re Premium sur la rivi\u00e8re Budapest et gastronomie sur le Danube? Croisi\u00e8re Danube Budapest","breadcrumb":{"@id":"https:\/\/silver24.u9o.hu\/fr\/#breadcrumb"},"inLanguage":"fr-FR","potentialAction":[{"@type":"ReadAction","target":["https:\/\/silver24.u9o.hu\/fr\/"]}]},{"@type":"ImageObject","inLanguage":"fr-FR","@id":"https:\/\/silver24.u9o.hu\/fr\/#primaryimage","url":"https:\/\/silver24.u9o.hu\/wp-content\/uploads\/2024\/09\/silverline-cruises-budapest.jpg","contentUrl":"https:\/\/silver24.u9o.hu\/wp-content\/uploads\/2024\/09\/silverline-cruises-budapest.jpg","width":944,"height":630,"caption":"silverline cruises budapest"},{"@type":"BreadcrumbList","@id":"https:\/\/silver24.u9o.hu\/fr\/#breadcrumb","itemListElement":[{"@type":"ListItem","position":1,"name":"Home","item":"https:\/\/silver24.u9o.hu\/fr\/"},{"@type":"ListItem","position":2,"name":"Croisi\u00e8re Danube Budapest &#8211; Croisi\u00e8re fluviale Danube &#8211; Silverline"}]},{"@type":"WebSite","@id":"https:\/\/silver24.u9o.hu\/fr\/#website","url":"https:\/\/silver24.u9o.hu\/fr\/","name":"Silverline Cruises kft.","description":"","publisher":{"@id":"https:\/\/silver24.u9o.hu\/fr\/#organization"},"potentialAction":[{"@type":"SearchAction","target":{"@type":"EntryPoint","urlTemplate":"https:\/\/silver24.u9o.hu\/fr\/?s={search_term_string}"},"query-input":{"@type":"PropertyValueSpecification","valueRequired":true,"valueName":"search_term_string"}}],"inLanguage":"fr-FR"},{"@type":"Organization","@id":"https:\/\/silver24.u9o.hu\/fr\/#organization","name":"Silverline Cruises kft.","url":"https:\/\/silver24.u9o.hu\/fr\/","logo":{"@type":"ImageObject","inLanguage":"fr-FR","@id":"https:\/\/silver24.u9o.hu\/fr\/#\/schema\/logo\/image\/","url":"https:\/\/silver-line.hu\/wp-content\/uploads\/2022\/05\/cropped-cropped-icon-1.webp","contentUrl":"https:\/\/silver-line.hu\/wp-content\/uploads\/2022\/05\/cropped-cropped-icon-1.webp","width":512,"height":512,"caption":"Silverline Cruises kft."},"image":{"@id":"https:\/\/silver24.u9o.hu\/fr\/#\/schema\/logo\/image\/"},"sameAs":["https:\/\/www.facebook.com\/budapestrivercruise"]}]}},"_links":{"self":[{"href":"https:\/\/silver24.u9o.hu\/fr\/wp-json\/wp\/v2\/pages\/363140"}],"collection":[{"href":"https:\/\/silver24.u9o.hu\/fr\/wp-json\/wp\/v2\/pages"}],"about":[{"href":"https:\/\/silver24.u9o.hu\/fr\/wp-json\/wp\/v2\/types\/page"}],"author":[{"embeddable":true,"href":"https:\/\/silver24.u9o.hu\/fr\/wp-json\/wp\/v2\/users\/1"}],"replies":[{"embeddable":true,"href":"https:\/\/silver24.u9o.hu\/fr\/wp-json\/wp\/v2\/comments?post=363140"}],"version-history":[{"count":5,"href":"https:\/\/silver24.u9o.hu\/fr\/wp-json\/wp\/v2\/pages\/363140\/revisions"}],"predecessor-version":[{"id":1397226,"href":"https:\/\/silver24.u9o.hu\/fr\/wp-json\/wp\/v2\/pages\/363140\/revisions\/1397226"}],"wp:featuredmedia":[{"embeddable":true,"href":"https:\/\/silver24.u9o.hu\/fr\/wp-json\/wp\/v2\/media\/1338500"}],"wp:attachment":[{"href":"https:\/\/silver24.u9o.hu\/fr\/wp-json\/wp\/v2\/media?parent=363140"}],"curies":[{"name":"wp","href":"https:\/\/api.w.org\/{rel}","templated":true}]}}