{"id":844090,"date":"2023-06-26T10:39:40","date_gmt":"2023-06-26T08:39:40","guid":{"rendered":"https:\/\/silver-line.hu\/?post_type=product&#038;p=844090"},"modified":"2023-10-18T14:41:53","modified_gmt":"2023-10-18T12:41:53","slug":"crucero-langosh-y-cerveza","status":"publish","type":"product","link":"https:\/\/silver24.u9o.hu\/es\/producto\/crucero-langosh-y-cerveza\/","title":{"rendered":"Crucero Langosh y Cerveza"},"content":{"rendered":"","protected":false},"excerpt":{"rendered":"<p><strong><span style=\"color: #ff0000; font-size: 16px;\">Este crucero no est\u00e1 disponible durante la temporada de invierno. Pruebe nuestro <a style=\"text-decoration: none; color: #800080;\" href=\"https:\/\/silver-line.hu\/es\/producto\/crucero-por-budapest-con-pizza-y-cerveza\/\">crucero de pizza y cerveza<\/a> en su lugar!<\/span><\/strong><\/p>\n<div style=\"text-align: center;\"><a style=\"text-decoration: none;\" href=\"https:\/\/silver-line.hu\/es\/producto\/crucero-por-budapest-con-pizza-y-cerveza\/\"><br \/>\n<button style=\"background-color: #800080; color: #fff; border: none; padding: 5px 10px; cursor: pointer; text-align: center;\">\u00a1Reserve ahora!<\/button><br \/>\n<\/a><\/div>\n<p>&nbsp;<\/p>\n<p><strong><span style=\"color: #ff0000; font-size: 16px;\">Los cruceros nocturnos incluyen un recargo de 5 euros<\/span><\/strong><\/p>\n<p>\u00bfYa tienes hambre? \u00a1Bien! As\u00ed que perm\u00edtenos invitarte a un viaje de 85 minutos en el que te daremos la bienvenida con un l\u00e1ngos de tu elecci\u00f3n y cerveza u otros refrescos ilimitados a bordo.<\/p>\n","protected":false},"featured_media":857670,"template":"","meta":[],"product_cat":[86],"product_tag":[],"yoast_head":"<!-- This site is optimized with the Yoast SEO plugin v23.9 - https:\/\/yoast.com\/wordpress\/plugins\/seo\/ -->\n<title>Crucero Langosh y Cerveza - silver24 - Silverline Cruises<\/title>\n<meta name=\"robots\" content=\"noindex, follow, max-snippet:-1, max-image-preview:large, max-video-preview:-1\" \/>\n<meta property=\"og:locale\" content=\"es_ES\" \/>\n<meta property=\"og:type\" content=\"article\" \/>\n<meta property=\"og:title\" content=\"Crucero Langosh y Cerveza - silver24 - Silverline Cruises\" \/>\n<meta property=\"og:description\" content=\"Este crucero no est\u00e1 disponible durante la temporada de invierno. Pruebe nuestro crucero de pizza y cerveza en su lugar!  \u00a1Reserve ahora!  &nbsp;  Los cruceros nocturnos incluyen un recargo de 5 euros  \u00bfYa tienes hambre? \u00a1Bien! As\u00ed que perm\u00edtenos invitarte a un viaje de 85 minutos en el que te daremos la bienvenida con un l\u00e1ngos de tu elecci\u00f3n y cerveza u otros refrescos ilimitados a bordo.\" \/>\n<meta property=\"og:url\" content=\"https:\/\/silver24.u9o.hu\/es\/producto\/crucero-langosh-y-cerveza\/\" \/>\n<meta property=\"og:site_name\" content=\"silver24 - Silverline Cruises\" \/>\n<meta property=\"article:publisher\" content=\"https:\/\/www.facebook.com\/budapestrivercruise\" \/>\n<meta property=\"article:modified_time\" content=\"2023-10-18T12:41:53+00:00\" \/>\n<meta property=\"og:image\" content=\"https:\/\/silver24.u9o.hu\/wp-content\/uploads\/2023\/06\/YQ4A0023-scaled-1.jpg\" \/>\n\t<meta property=\"og:image:width\" content=\"932\" \/>\n\t<meta property=\"og:image:height\" content=\"932\" \/>\n\t<meta property=\"og:image:type\" content=\"image\/jpeg\" \/>\n<script type=\"application\/ld+json\" class=\"yoast-schema-graph\">{\"@context\":\"https:\/\/schema.org\",\"@graph\":[{\"@type\":\"WebPage\",\"@id\":\"https:\/\/silver24.u9o.hu\/es\/producto\/crucero-langosh-y-cerveza\/\",\"url\":\"https:\/\/silver24.u9o.hu\/es\/producto\/crucero-langosh-y-cerveza\/\",\"name\":\"Crucero Langosh y Cerveza - silver24 - Silverline Cruises\",\"isPartOf\":{\"@id\":\"https:\/\/silver24.u9o.hu\/es\/#website\"},\"primaryImageOfPage\":{\"@id\":\"https:\/\/silver24.u9o.hu\/es\/producto\/crucero-langosh-y-cerveza\/#primaryimage\"},\"image\":{\"@id\":\"https:\/\/silver24.u9o.hu\/es\/producto\/crucero-langosh-y-cerveza\/#primaryimage\"},\"thumbnailUrl\":\"https:\/\/silver24.u9o.hu\/wp-content\/uploads\/2023\/06\/YQ4A0023-scaled-1.jpg\",\"datePublished\":\"2023-06-26T08:39:40+00:00\",\"dateModified\":\"2023-10-18T12:41:53+00:00\",\"breadcrumb\":{\"@id\":\"https:\/\/silver24.u9o.hu\/es\/producto\/crucero-langosh-y-cerveza\/#breadcrumb\"},\"inLanguage\":\"es\",\"potentialAction\":[{\"@type\":\"ReadAction\",\"target\":[\"https:\/\/silver24.u9o.hu\/es\/producto\/crucero-langosh-y-cerveza\/\"]}]},{\"@type\":\"ImageObject\",\"inLanguage\":\"es\",\"@id\":\"https:\/\/silver24.u9o.hu\/es\/producto\/crucero-langosh-y-cerveza\/#primaryimage\",\"url\":\"https:\/\/silver24.u9o.hu\/wp-content\/uploads\/2023\/06\/YQ4A0023-scaled-1.jpg\",\"contentUrl\":\"https:\/\/silver24.u9o.hu\/wp-content\/uploads\/2023\/06\/YQ4A0023-scaled-1.jpg\",\"width\":932,\"height\":932},{\"@type\":\"BreadcrumbList\",\"@id\":\"https:\/\/silver24.u9o.hu\/es\/producto\/crucero-langosh-y-cerveza\/#breadcrumb\",\"itemListElement\":[{\"@type\":\"ListItem\",\"position\":1,\"name\":\"Home\",\"item\":\"https:\/\/silver24.u9o.hu\/es\/\"},{\"@type\":\"ListItem\",\"position\":2,\"name\":\"Tienda\",\"item\":\"https:\/\/silver24.u9o.hu\/es\/tienda\/\"},{\"@type\":\"ListItem\",\"position\":3,\"name\":\"Crucero Langosh y Cerveza\"}]},{\"@type\":\"WebSite\",\"@id\":\"https:\/\/silver24.u9o.hu\/es\/#website\",\"url\":\"https:\/\/silver24.u9o.hu\/es\/\",\"name\":\"Silverline Cruises kft.\",\"description\":\"\",\"publisher\":{\"@id\":\"https:\/\/silver24.u9o.hu\/es\/#organization\"},\"potentialAction\":[{\"@type\":\"SearchAction\",\"target\":{\"@type\":\"EntryPoint\",\"urlTemplate\":\"https:\/\/silver24.u9o.hu\/es\/?s={search_term_string}\"},\"query-input\":{\"@type\":\"PropertyValueSpecification\",\"valueRequired\":true,\"valueName\":\"search_term_string\"}}],\"inLanguage\":\"es\"},{\"@type\":\"Organization\",\"@id\":\"https:\/\/silver24.u9o.hu\/es\/#organization\",\"name\":\"Silverline Cruises kft.\",\"url\":\"https:\/\/silver24.u9o.hu\/es\/\",\"logo\":{\"@type\":\"ImageObject\",\"inLanguage\":\"es\",\"@id\":\"https:\/\/silver24.u9o.hu\/es\/#\/schema\/logo\/image\/\",\"url\":\"https:\/\/silver-line.hu\/wp-content\/uploads\/2022\/05\/cropped-cropped-icon-1.webp\",\"contentUrl\":\"https:\/\/silver-line.hu\/wp-content\/uploads\/2022\/05\/cropped-cropped-icon-1.webp\",\"width\":512,\"height\":512,\"caption\":\"Silverline Cruises kft.\"},\"image\":{\"@id\":\"https:\/\/silver24.u9o.hu\/es\/#\/schema\/logo\/image\/\"},\"sameAs\":[\"https:\/\/www.facebook.com\/budapestrivercruise\"]}]}<\/script>\n<!-- \/ Yoast SEO plugin. -->","yoast_head_json":{"title":"Crucero Langosh y Cerveza - silver24 - Silverline Cruises","robots":{"index":"noindex","follow":"follow","max-snippet":"max-snippet:-1","max-image-preview":"max-image-preview:large","max-video-preview":"max-video-preview:-1"},"og_locale":"es_ES","og_type":"article","og_title":"Crucero Langosh y Cerveza - silver24 - Silverline Cruises","og_description":"Este crucero no est\u00e1 disponible durante la temporada de invierno. Pruebe nuestro crucero de pizza y cerveza en su lugar!  \u00a1Reserve ahora!  &nbsp;  Los cruceros nocturnos incluyen un recargo de 5 euros  \u00bfYa tienes hambre? \u00a1Bien! As\u00ed que perm\u00edtenos invitarte a un viaje de 85 minutos en el que te daremos la bienvenida con un l\u00e1ngos de tu elecci\u00f3n y cerveza u otros refrescos ilimitados a bordo.","og_url":"https:\/\/silver24.u9o.hu\/es\/producto\/crucero-langosh-y-cerveza\/","og_site_name":"silver24 - Silverline Cruises","article_publisher":"https:\/\/www.facebook.com\/budapestrivercruise","article_modified_time":"2023-10-18T12:41:53+00:00","og_image":[{"width":932,"height":932,"url":"https:\/\/silver24.u9o.hu\/wp-content\/uploads\/2023\/06\/YQ4A0023-scaled-1.jpg","type":"image\/jpeg"}],"schema":{"@context":"https:\/\/schema.org","@graph":[{"@type":"WebPage","@id":"https:\/\/silver24.u9o.hu\/es\/producto\/crucero-langosh-y-cerveza\/","url":"https:\/\/silver24.u9o.hu\/es\/producto\/crucero-langosh-y-cerveza\/","name":"Crucero Langosh y Cerveza - silver24 - Silverline Cruises","isPartOf":{"@id":"https:\/\/silver24.u9o.hu\/es\/#website"},"primaryImageOfPage":{"@id":"https:\/\/silver24.u9o.hu\/es\/producto\/crucero-langosh-y-cerveza\/#primaryimage"},"image":{"@id":"https:\/\/silver24.u9o.hu\/es\/producto\/crucero-langosh-y-cerveza\/#primaryimage"},"thumbnailUrl":"https:\/\/silver24.u9o.hu\/wp-content\/uploads\/2023\/06\/YQ4A0023-scaled-1.jpg","datePublished":"2023-06-26T08:39:40+00:00","dateModified":"2023-10-18T12:41:53+00:00","breadcrumb":{"@id":"https:\/\/silver24.u9o.hu\/es\/producto\/crucero-langosh-y-cerveza\/#breadcrumb"},"inLanguage":"es","potentialAction":[{"@type":"ReadAction","target":["https:\/\/silver24.u9o.hu\/es\/producto\/crucero-langosh-y-cerveza\/"]}]},{"@type":"ImageObject","inLanguage":"es","@id":"https:\/\/silver24.u9o.hu\/es\/producto\/crucero-langosh-y-cerveza\/#primaryimage","url":"https:\/\/silver24.u9o.hu\/wp-content\/uploads\/2023\/06\/YQ4A0023-scaled-1.jpg","contentUrl":"https:\/\/silver24.u9o.hu\/wp-content\/uploads\/2023\/06\/YQ4A0023-scaled-1.jpg","width":932,"height":932},{"@type":"BreadcrumbList","@id":"https:\/\/silver24.u9o.hu\/es\/producto\/crucero-langosh-y-cerveza\/#breadcrumb","itemListElement":[{"@type":"ListItem","position":1,"name":"Home","item":"https:\/\/silver24.u9o.hu\/es\/"},{"@type":"ListItem","position":2,"name":"Tienda","item":"https:\/\/silver24.u9o.hu\/es\/tienda\/"},{"@type":"ListItem","position":3,"name":"Crucero Langosh y Cerveza"}]},{"@type":"WebSite","@id":"https:\/\/silver24.u9o.hu\/es\/#website","url":"https:\/\/silver24.u9o.hu\/es\/","name":"Silverline Cruises kft.","description":"","publisher":{"@id":"https:\/\/silver24.u9o.hu\/es\/#organization"},"potentialAction":[{"@type":"SearchAction","target":{"@type":"EntryPoint","urlTemplate":"https:\/\/silver24.u9o.hu\/es\/?s={search_term_string}"},"query-input":{"@type":"PropertyValueSpecification","valueRequired":true,"valueName":"search_term_string"}}],"inLanguage":"es"},{"@type":"Organization","@id":"https:\/\/silver24.u9o.hu\/es\/#organization","name":"Silverline Cruises kft.","url":"https:\/\/silver24.u9o.hu\/es\/","logo":{"@type":"ImageObject","inLanguage":"es","@id":"https:\/\/silver24.u9o.hu\/es\/#\/schema\/logo\/image\/","url":"https:\/\/silver-line.hu\/wp-content\/uploads\/2022\/05\/cropped-cropped-icon-1.webp","contentUrl":"https:\/\/silver-line.hu\/wp-content\/uploads\/2022\/05\/cropped-cropped-icon-1.webp","width":512,"height":512,"caption":"Silverline Cruises kft."},"image":{"@id":"https:\/\/silver24.u9o.hu\/es\/#\/schema\/logo\/image\/"},"sameAs":["https:\/\/www.facebook.com\/budapestrivercruise"]}]}},"_links":{"self":[{"href":"https:\/\/silver24.u9o.hu\/es\/wp-json\/wp\/v2\/product\/844090"}],"collection":[{"href":"https:\/\/silver24.u9o.hu\/es\/wp-json\/wp\/v2\/product"}],"about":[{"href":"https:\/\/silver24.u9o.hu\/es\/wp-json\/wp\/v2\/types\/product"}],"wp:featuredmedia":[{"embeddable":true,"href":"https:\/\/silver24.u9o.hu\/es\/wp-json\/wp\/v2\/media\/857670"}],"wp:attachment":[{"href":"https:\/\/silver24.u9o.hu\/es\/wp-json\/wp\/v2\/media?parent=844090"}],"wp:term":[{"taxonomy":"product_cat","embeddable":true,"href":"https:\/\/silver24.u9o.hu\/es\/wp-json\/wp\/v2\/product_cat?post=844090"},{"taxonomy":"product_tag","embeddable":true,"href":"https:\/\/silver24.u9o.hu\/es\/wp-json\/wp\/v2\/product_tag?post=844090"}],"curies":[{"name":"wp","href":"https:\/\/api.w.org\/{rel}","templated":true}]}}