{"id":363913,"date":"2022-05-07T05:31:22","date_gmt":"2022-05-07T04:31:22","guid":{"rendered":"https:\/\/silver-line.hu\/?post_type=product&#038;p=363913"},"modified":"2025-04-24T15:04:36","modified_gmt":"2025-04-24T14:04:36","slug":"crucero-por-budapest-con-pizza-y-cerveza","status":"publish","type":"product","link":"https:\/\/silver24.u9o.hu\/es\/producto\/crucero-por-budapest-con-pizza-y-cerveza\/","title":{"rendered":"Crucero con Pizza en Budapest"},"content":{"rendered":"","protected":false},"excerpt":{"rendered":"<p>Toma asiento en nuestro paseo en barco y disfruta de la hermosa vista de Budapest. \u00a1Elige tu pizza y t\u00f3mate una bebida!<\/p>\n<p><strong><span style=\"color: green;\">Los precios var\u00edan seg\u00fan la hora del d\u00eda y el d\u00eda de la semana.<\/span><\/strong>  <\/p>\n","protected":false},"featured_media":1398467,"template":"","meta":[],"product_cat":[86],"product_tag":[],"yoast_head":"<!-- This site is optimized with the Yoast SEO plugin v23.9 - https:\/\/yoast.com\/wordpress\/plugins\/seo\/ -->\n<title>Crucero por Budapest con pizza y cerveza<\/title>\n<meta name=\"description\" content=\"Ven con tus amigos o con tu familia y disfruta de un paseo en barco en el Budapest Pizza Cruise. \u00a1Explora la belleza de la capital de Hungr\u00eda!\" \/>\n<meta name=\"robots\" content=\"noindex, follow, max-snippet:-1, max-image-preview:large, max-video-preview:-1\" \/>\n<meta property=\"og:locale\" content=\"es_ES\" \/>\n<meta property=\"og:type\" content=\"article\" \/>\n<meta property=\"og:title\" content=\"Crucero por Budapest con pizza y cerveza\" \/>\n<meta property=\"og:description\" content=\"Ven con tus amigos o con tu familia y disfruta de un paseo en barco en el Budapest Pizza Cruise. \u00a1Explora la belleza de la capital de Hungr\u00eda!\" \/>\n<meta property=\"og:url\" content=\"https:\/\/silver24.u9o.hu\/es\/producto\/crucero-por-budapest-con-pizza-y-cerveza\/\" \/>\n<meta property=\"og:site_name\" content=\"silver24 - Silverline Cruises\" \/>\n<meta property=\"article:publisher\" content=\"https:\/\/www.facebook.com\/budapestrivercruise\" \/>\n<meta property=\"article:modified_time\" content=\"2025-04-24T14:04:36+00:00\" \/>\n<meta property=\"og:image\" content=\"https:\/\/silver24.u9o.hu\/wp-content\/uploads\/2022\/05\/Pizza-Cruise-Budapest.jpg\" \/>\n\t<meta property=\"og:image:width\" content=\"600\" \/>\n\t<meta property=\"og:image:height\" content=\"600\" \/>\n\t<meta property=\"og:image:type\" content=\"image\/jpeg\" \/>\n<script type=\"application\/ld+json\" class=\"yoast-schema-graph\">{\"@context\":\"https:\/\/schema.org\",\"@graph\":[{\"@type\":\"WebPage\",\"@id\":\"https:\/\/silver24.u9o.hu\/es\/producto\/crucero-por-budapest-con-pizza-y-cerveza\/\",\"url\":\"https:\/\/silver24.u9o.hu\/es\/producto\/crucero-por-budapest-con-pizza-y-cerveza\/\",\"name\":\"Crucero por Budapest con pizza y cerveza\",\"isPartOf\":{\"@id\":\"https:\/\/silver24.u9o.hu\/es\/#website\"},\"primaryImageOfPage\":{\"@id\":\"https:\/\/silver24.u9o.hu\/es\/producto\/crucero-por-budapest-con-pizza-y-cerveza\/#primaryimage\"},\"image\":{\"@id\":\"https:\/\/silver24.u9o.hu\/es\/producto\/crucero-por-budapest-con-pizza-y-cerveza\/#primaryimage\"},\"thumbnailUrl\":\"https:\/\/silver24.u9o.hu\/wp-content\/uploads\/2022\/05\/Pizza-Cruise-Budapest.jpg\",\"datePublished\":\"2022-05-07T04:31:22+00:00\",\"dateModified\":\"2025-04-24T14:04:36+00:00\",\"description\":\"Ven con tus amigos o con tu familia y disfruta de un paseo en barco en el Budapest Pizza Cruise. \u00a1Explora la belleza de la capital de Hungr\u00eda!\",\"breadcrumb\":{\"@id\":\"https:\/\/silver24.u9o.hu\/es\/producto\/crucero-por-budapest-con-pizza-y-cerveza\/#breadcrumb\"},\"inLanguage\":\"es\",\"potentialAction\":[{\"@type\":\"ReadAction\",\"target\":[\"https:\/\/silver24.u9o.hu\/es\/producto\/crucero-por-budapest-con-pizza-y-cerveza\/\"]}]},{\"@type\":\"ImageObject\",\"inLanguage\":\"es\",\"@id\":\"https:\/\/silver24.u9o.hu\/es\/producto\/crucero-por-budapest-con-pizza-y-cerveza\/#primaryimage\",\"url\":\"https:\/\/silver24.u9o.hu\/wp-content\/uploads\/2022\/05\/Pizza-Cruise-Budapest.jpg\",\"contentUrl\":\"https:\/\/silver24.u9o.hu\/wp-content\/uploads\/2022\/05\/Pizza-Cruise-Budapest.jpg\",\"width\":600,\"height\":600,\"caption\":\"Pizza Cruise Budapest\"},{\"@type\":\"BreadcrumbList\",\"@id\":\"https:\/\/silver24.u9o.hu\/es\/producto\/crucero-por-budapest-con-pizza-y-cerveza\/#breadcrumb\",\"itemListElement\":[{\"@type\":\"ListItem\",\"position\":1,\"name\":\"Home\",\"item\":\"https:\/\/silver24.u9o.hu\/es\/\"},{\"@type\":\"ListItem\",\"position\":2,\"name\":\"Tienda\",\"item\":\"https:\/\/silver24.u9o.hu\/es\/tienda\/\"},{\"@type\":\"ListItem\",\"position\":3,\"name\":\"Crucero con Pizza en Budapest\"}]},{\"@type\":\"WebSite\",\"@id\":\"https:\/\/silver24.u9o.hu\/es\/#website\",\"url\":\"https:\/\/silver24.u9o.hu\/es\/\",\"name\":\"Silverline Cruises kft.\",\"description\":\"\",\"publisher\":{\"@id\":\"https:\/\/silver24.u9o.hu\/es\/#organization\"},\"potentialAction\":[{\"@type\":\"SearchAction\",\"target\":{\"@type\":\"EntryPoint\",\"urlTemplate\":\"https:\/\/silver24.u9o.hu\/es\/?s={search_term_string}\"},\"query-input\":{\"@type\":\"PropertyValueSpecification\",\"valueRequired\":true,\"valueName\":\"search_term_string\"}}],\"inLanguage\":\"es\"},{\"@type\":\"Organization\",\"@id\":\"https:\/\/silver24.u9o.hu\/es\/#organization\",\"name\":\"Silverline Cruises kft.\",\"url\":\"https:\/\/silver24.u9o.hu\/es\/\",\"logo\":{\"@type\":\"ImageObject\",\"inLanguage\":\"es\",\"@id\":\"https:\/\/silver24.u9o.hu\/es\/#\/schema\/logo\/image\/\",\"url\":\"https:\/\/silver-line.hu\/wp-content\/uploads\/2022\/05\/cropped-cropped-icon-1.webp\",\"contentUrl\":\"https:\/\/silver-line.hu\/wp-content\/uploads\/2022\/05\/cropped-cropped-icon-1.webp\",\"width\":512,\"height\":512,\"caption\":\"Silverline Cruises kft.\"},\"image\":{\"@id\":\"https:\/\/silver24.u9o.hu\/es\/#\/schema\/logo\/image\/\"},\"sameAs\":[\"https:\/\/www.facebook.com\/budapestrivercruise\"]}]}<\/script>\n<!-- \/ Yoast SEO plugin. -->","yoast_head_json":{"title":"Crucero por Budapest con pizza y cerveza","description":"Ven con tus amigos o con tu familia y disfruta de un paseo en barco en el Budapest Pizza Cruise. \u00a1Explora la belleza de la capital de Hungr\u00eda!","robots":{"index":"noindex","follow":"follow","max-snippet":"max-snippet:-1","max-image-preview":"max-image-preview:large","max-video-preview":"max-video-preview:-1"},"og_locale":"es_ES","og_type":"article","og_title":"Crucero por Budapest con pizza y cerveza","og_description":"Ven con tus amigos o con tu familia y disfruta de un paseo en barco en el Budapest Pizza Cruise. \u00a1Explora la belleza de la capital de Hungr\u00eda!","og_url":"https:\/\/silver24.u9o.hu\/es\/producto\/crucero-por-budapest-con-pizza-y-cerveza\/","og_site_name":"silver24 - Silverline Cruises","article_publisher":"https:\/\/www.facebook.com\/budapestrivercruise","article_modified_time":"2025-04-24T14:04:36+00:00","og_image":[{"width":600,"height":600,"url":"https:\/\/silver24.u9o.hu\/wp-content\/uploads\/2022\/05\/Pizza-Cruise-Budapest.jpg","type":"image\/jpeg"}],"schema":{"@context":"https:\/\/schema.org","@graph":[{"@type":"WebPage","@id":"https:\/\/silver24.u9o.hu\/es\/producto\/crucero-por-budapest-con-pizza-y-cerveza\/","url":"https:\/\/silver24.u9o.hu\/es\/producto\/crucero-por-budapest-con-pizza-y-cerveza\/","name":"Crucero por Budapest con pizza y cerveza","isPartOf":{"@id":"https:\/\/silver24.u9o.hu\/es\/#website"},"primaryImageOfPage":{"@id":"https:\/\/silver24.u9o.hu\/es\/producto\/crucero-por-budapest-con-pizza-y-cerveza\/#primaryimage"},"image":{"@id":"https:\/\/silver24.u9o.hu\/es\/producto\/crucero-por-budapest-con-pizza-y-cerveza\/#primaryimage"},"thumbnailUrl":"https:\/\/silver24.u9o.hu\/wp-content\/uploads\/2022\/05\/Pizza-Cruise-Budapest.jpg","datePublished":"2022-05-07T04:31:22+00:00","dateModified":"2025-04-24T14:04:36+00:00","description":"Ven con tus amigos o con tu familia y disfruta de un paseo en barco en el Budapest Pizza Cruise. \u00a1Explora la belleza de la capital de Hungr\u00eda!","breadcrumb":{"@id":"https:\/\/silver24.u9o.hu\/es\/producto\/crucero-por-budapest-con-pizza-y-cerveza\/#breadcrumb"},"inLanguage":"es","potentialAction":[{"@type":"ReadAction","target":["https:\/\/silver24.u9o.hu\/es\/producto\/crucero-por-budapest-con-pizza-y-cerveza\/"]}]},{"@type":"ImageObject","inLanguage":"es","@id":"https:\/\/silver24.u9o.hu\/es\/producto\/crucero-por-budapest-con-pizza-y-cerveza\/#primaryimage","url":"https:\/\/silver24.u9o.hu\/wp-content\/uploads\/2022\/05\/Pizza-Cruise-Budapest.jpg","contentUrl":"https:\/\/silver24.u9o.hu\/wp-content\/uploads\/2022\/05\/Pizza-Cruise-Budapest.jpg","width":600,"height":600,"caption":"Pizza Cruise Budapest"},{"@type":"BreadcrumbList","@id":"https:\/\/silver24.u9o.hu\/es\/producto\/crucero-por-budapest-con-pizza-y-cerveza\/#breadcrumb","itemListElement":[{"@type":"ListItem","position":1,"name":"Home","item":"https:\/\/silver24.u9o.hu\/es\/"},{"@type":"ListItem","position":2,"name":"Tienda","item":"https:\/\/silver24.u9o.hu\/es\/tienda\/"},{"@type":"ListItem","position":3,"name":"Crucero con Pizza en Budapest"}]},{"@type":"WebSite","@id":"https:\/\/silver24.u9o.hu\/es\/#website","url":"https:\/\/silver24.u9o.hu\/es\/","name":"Silverline Cruises kft.","description":"","publisher":{"@id":"https:\/\/silver24.u9o.hu\/es\/#organization"},"potentialAction":[{"@type":"SearchAction","target":{"@type":"EntryPoint","urlTemplate":"https:\/\/silver24.u9o.hu\/es\/?s={search_term_string}"},"query-input":{"@type":"PropertyValueSpecification","valueRequired":true,"valueName":"search_term_string"}}],"inLanguage":"es"},{"@type":"Organization","@id":"https:\/\/silver24.u9o.hu\/es\/#organization","name":"Silverline Cruises kft.","url":"https:\/\/silver24.u9o.hu\/es\/","logo":{"@type":"ImageObject","inLanguage":"es","@id":"https:\/\/silver24.u9o.hu\/es\/#\/schema\/logo\/image\/","url":"https:\/\/silver-line.hu\/wp-content\/uploads\/2022\/05\/cropped-cropped-icon-1.webp","contentUrl":"https:\/\/silver-line.hu\/wp-content\/uploads\/2022\/05\/cropped-cropped-icon-1.webp","width":512,"height":512,"caption":"Silverline Cruises kft."},"image":{"@id":"https:\/\/silver24.u9o.hu\/es\/#\/schema\/logo\/image\/"},"sameAs":["https:\/\/www.facebook.com\/budapestrivercruise"]}]}},"_links":{"self":[{"href":"https:\/\/silver24.u9o.hu\/es\/wp-json\/wp\/v2\/product\/363913"}],"collection":[{"href":"https:\/\/silver24.u9o.hu\/es\/wp-json\/wp\/v2\/product"}],"about":[{"href":"https:\/\/silver24.u9o.hu\/es\/wp-json\/wp\/v2\/types\/product"}],"wp:featuredmedia":[{"embeddable":true,"href":"https:\/\/silver24.u9o.hu\/es\/wp-json\/wp\/v2\/media\/1398467"}],"wp:attachment":[{"href":"https:\/\/silver24.u9o.hu\/es\/wp-json\/wp\/v2\/media?parent=363913"}],"wp:term":[{"taxonomy":"product_cat","embeddable":true,"href":"https:\/\/silver24.u9o.hu\/es\/wp-json\/wp\/v2\/product_cat?post=363913"},{"taxonomy":"product_tag","embeddable":true,"href":"https:\/\/silver24.u9o.hu\/es\/wp-json\/wp\/v2\/product_tag?post=363913"}],"curies":[{"name":"wp","href":"https:\/\/api.w.org\/{rel}","templated":true}]}}