{"id":1415408,"date":"2025-02-26T08:30:49","date_gmt":"2025-02-26T07:30:49","guid":{"rendered":"https:\/\/silver-line.hu\/?post_type=product&#038;p=1415408"},"modified":"2025-04-08T14:38:55","modified_gmt":"2025-04-08T13:38:55","slug":"cena-luces","status":"publish","type":"product","link":"https:\/\/silver24.u9o.hu\/es\/producto\/cena-luces\/","title":{"rendered":"Cena y Luces en el Danubio"},"content":{"rendered":"","protected":false},"excerpt":{"rendered":"<p>Vive una cena en crucero por el Danubio y disfruta de un viaje tur\u00edstico de 2 horas por Budapest de noche. Saborea un men\u00fa de 4 platos mientras pasas por iconos como el Parlamento, el Puente de las Cadenas y el Castillo de Buda, todos bellamente iluminados.<\/p>\n","protected":false},"featured_media":1406528,"template":"","meta":[],"product_cat":[85],"product_tag":[],"yoast_head":"<!-- This site is optimized with the Yoast SEO plugin v23.9 - https:\/\/yoast.com\/wordpress\/plugins\/seo\/ -->\n<title>Cena y Luces en el Danubio - silver24 - Silverline Cruises<\/title>\n<meta name=\"description\" content=\"Disfruta de una m\u00e1gica cena en crucero por el Danubio con un men\u00fa de 4 platos y vistas nocturnas impresionantes de Budapest. Navega junto a los monumentos m\u00e1s famosos de la ciudad en un crucero tur\u00edstico de 2 horas.\" \/>\n<meta name=\"robots\" content=\"noindex, nofollow\" \/>\n<meta property=\"og:locale\" content=\"es_ES\" \/>\n<meta property=\"og:type\" content=\"article\" \/>\n<meta property=\"og:title\" content=\"Cena y Luces en el Danubio - silver24 - Silverline Cruises\" \/>\n<meta property=\"og:description\" content=\"Disfruta de una m\u00e1gica cena en crucero por el Danubio con un men\u00fa de 4 platos y vistas nocturnas impresionantes de Budapest. Navega junto a los monumentos m\u00e1s famosos de la ciudad en un crucero tur\u00edstico de 2 horas.\" \/>\n<meta property=\"og:url\" content=\"https:\/\/silver24.u9o.hu\/es\/producto\/cena-luces\/\" \/>\n<meta property=\"og:site_name\" content=\"silver24 - Silverline Cruises\" \/>\n<meta property=\"article:publisher\" content=\"https:\/\/www.facebook.com\/budapestrivercruise\" \/>\n<meta property=\"article:modified_time\" content=\"2025-04-08T13:38:55+00:00\" \/>\n<meta property=\"og:image\" content=\"https:\/\/silver24.u9o.hu\/wp-content\/uploads\/2025\/02\/Dinner-and-lights-tiny.jpg\" \/>\n\t<meta property=\"og:image:width\" content=\"1024\" \/>\n\t<meta property=\"og:image:height\" content=\"682\" \/>\n\t<meta property=\"og:image:type\" content=\"image\/jpeg\" \/>\n<script type=\"application\/ld+json\" class=\"yoast-schema-graph\">{\"@context\":\"https:\/\/schema.org\",\"@graph\":[{\"@type\":\"WebPage\",\"@id\":\"https:\/\/silver24.u9o.hu\/es\/producto\/cena-luces\/\",\"url\":\"https:\/\/silver24.u9o.hu\/es\/producto\/cena-luces\/\",\"name\":\"Cena y Luces en el Danubio - silver24 - Silverline Cruises\",\"isPartOf\":{\"@id\":\"https:\/\/silver24.u9o.hu\/es\/#website\"},\"primaryImageOfPage\":{\"@id\":\"https:\/\/silver24.u9o.hu\/es\/producto\/cena-luces\/#primaryimage\"},\"image\":{\"@id\":\"https:\/\/silver24.u9o.hu\/es\/producto\/cena-luces\/#primaryimage\"},\"thumbnailUrl\":\"https:\/\/silver24.u9o.hu\/wp-content\/uploads\/2025\/02\/Dinner-and-lights-tiny.jpg\",\"datePublished\":\"2025-02-26T07:30:49+00:00\",\"dateModified\":\"2025-04-08T13:38:55+00:00\",\"description\":\"Disfruta de una m\u00e1gica cena en crucero por el Danubio con un men\u00fa de 4 platos y vistas nocturnas impresionantes de Budapest. Navega junto a los monumentos m\u00e1s famosos de la ciudad en un crucero tur\u00edstico de 2 horas.\",\"breadcrumb\":{\"@id\":\"https:\/\/silver24.u9o.hu\/es\/producto\/cena-luces\/#breadcrumb\"},\"inLanguage\":\"es\",\"potentialAction\":[{\"@type\":\"ReadAction\",\"target\":[\"https:\/\/silver24.u9o.hu\/es\/producto\/cena-luces\/\"]}]},{\"@type\":\"ImageObject\",\"inLanguage\":\"es\",\"@id\":\"https:\/\/silver24.u9o.hu\/es\/producto\/cena-luces\/#primaryimage\",\"url\":\"https:\/\/silver24.u9o.hu\/wp-content\/uploads\/2025\/02\/Dinner-and-lights-tiny.jpg\",\"contentUrl\":\"https:\/\/silver24.u9o.hu\/wp-content\/uploads\/2025\/02\/Dinner-and-lights-tiny.jpg\",\"width\":1024,\"height\":682,\"caption\":\"Dinner & Lights Budapest sightseeing on the Danube\"},{\"@type\":\"BreadcrumbList\",\"@id\":\"https:\/\/silver24.u9o.hu\/es\/producto\/cena-luces\/#breadcrumb\",\"itemListElement\":[{\"@type\":\"ListItem\",\"position\":1,\"name\":\"Home\",\"item\":\"https:\/\/silver24.u9o.hu\/es\/\"},{\"@type\":\"ListItem\",\"position\":2,\"name\":\"Tienda\",\"item\":\"https:\/\/silver24.u9o.hu\/es\/tienda\/\"},{\"@type\":\"ListItem\",\"position\":3,\"name\":\"Cena y Luces en el Danubio\"}]},{\"@type\":\"WebSite\",\"@id\":\"https:\/\/silver24.u9o.hu\/es\/#website\",\"url\":\"https:\/\/silver24.u9o.hu\/es\/\",\"name\":\"Silverline Cruises kft.\",\"description\":\"\",\"publisher\":{\"@id\":\"https:\/\/silver24.u9o.hu\/es\/#organization\"},\"potentialAction\":[{\"@type\":\"SearchAction\",\"target\":{\"@type\":\"EntryPoint\",\"urlTemplate\":\"https:\/\/silver24.u9o.hu\/es\/?s={search_term_string}\"},\"query-input\":{\"@type\":\"PropertyValueSpecification\",\"valueRequired\":true,\"valueName\":\"search_term_string\"}}],\"inLanguage\":\"es\"},{\"@type\":\"Organization\",\"@id\":\"https:\/\/silver24.u9o.hu\/es\/#organization\",\"name\":\"Silverline Cruises kft.\",\"url\":\"https:\/\/silver24.u9o.hu\/es\/\",\"logo\":{\"@type\":\"ImageObject\",\"inLanguage\":\"es\",\"@id\":\"https:\/\/silver24.u9o.hu\/es\/#\/schema\/logo\/image\/\",\"url\":\"https:\/\/silver-line.hu\/wp-content\/uploads\/2022\/05\/cropped-cropped-icon-1.webp\",\"contentUrl\":\"https:\/\/silver-line.hu\/wp-content\/uploads\/2022\/05\/cropped-cropped-icon-1.webp\",\"width\":512,\"height\":512,\"caption\":\"Silverline Cruises kft.\"},\"image\":{\"@id\":\"https:\/\/silver24.u9o.hu\/es\/#\/schema\/logo\/image\/\"},\"sameAs\":[\"https:\/\/www.facebook.com\/budapestrivercruise\"]}]}<\/script>\n<!-- \/ Yoast SEO plugin. -->","yoast_head_json":{"title":"Cena y Luces en el Danubio - silver24 - Silverline Cruises","description":"Disfruta de una m\u00e1gica cena en crucero por el Danubio con un men\u00fa de 4 platos y vistas nocturnas impresionantes de Budapest. Navega junto a los monumentos m\u00e1s famosos de la ciudad en un crucero tur\u00edstico de 2 horas.","robots":{"index":"noindex","follow":"nofollow"},"og_locale":"es_ES","og_type":"article","og_title":"Cena y Luces en el Danubio - silver24 - Silverline Cruises","og_description":"Disfruta de una m\u00e1gica cena en crucero por el Danubio con un men\u00fa de 4 platos y vistas nocturnas impresionantes de Budapest. Navega junto a los monumentos m\u00e1s famosos de la ciudad en un crucero tur\u00edstico de 2 horas.","og_url":"https:\/\/silver24.u9o.hu\/es\/producto\/cena-luces\/","og_site_name":"silver24 - Silverline Cruises","article_publisher":"https:\/\/www.facebook.com\/budapestrivercruise","article_modified_time":"2025-04-08T13:38:55+00:00","og_image":[{"width":1024,"height":682,"url":"https:\/\/silver24.u9o.hu\/wp-content\/uploads\/2025\/02\/Dinner-and-lights-tiny.jpg","type":"image\/jpeg"}],"schema":{"@context":"https:\/\/schema.org","@graph":[{"@type":"WebPage","@id":"https:\/\/silver24.u9o.hu\/es\/producto\/cena-luces\/","url":"https:\/\/silver24.u9o.hu\/es\/producto\/cena-luces\/","name":"Cena y Luces en el Danubio - silver24 - Silverline Cruises","isPartOf":{"@id":"https:\/\/silver24.u9o.hu\/es\/#website"},"primaryImageOfPage":{"@id":"https:\/\/silver24.u9o.hu\/es\/producto\/cena-luces\/#primaryimage"},"image":{"@id":"https:\/\/silver24.u9o.hu\/es\/producto\/cena-luces\/#primaryimage"},"thumbnailUrl":"https:\/\/silver24.u9o.hu\/wp-content\/uploads\/2025\/02\/Dinner-and-lights-tiny.jpg","datePublished":"2025-02-26T07:30:49+00:00","dateModified":"2025-04-08T13:38:55+00:00","description":"Disfruta de una m\u00e1gica cena en crucero por el Danubio con un men\u00fa de 4 platos y vistas nocturnas impresionantes de Budapest. Navega junto a los monumentos m\u00e1s famosos de la ciudad en un crucero tur\u00edstico de 2 horas.","breadcrumb":{"@id":"https:\/\/silver24.u9o.hu\/es\/producto\/cena-luces\/#breadcrumb"},"inLanguage":"es","potentialAction":[{"@type":"ReadAction","target":["https:\/\/silver24.u9o.hu\/es\/producto\/cena-luces\/"]}]},{"@type":"ImageObject","inLanguage":"es","@id":"https:\/\/silver24.u9o.hu\/es\/producto\/cena-luces\/#primaryimage","url":"https:\/\/silver24.u9o.hu\/wp-content\/uploads\/2025\/02\/Dinner-and-lights-tiny.jpg","contentUrl":"https:\/\/silver24.u9o.hu\/wp-content\/uploads\/2025\/02\/Dinner-and-lights-tiny.jpg","width":1024,"height":682,"caption":"Dinner & Lights Budapest sightseeing on the Danube"},{"@type":"BreadcrumbList","@id":"https:\/\/silver24.u9o.hu\/es\/producto\/cena-luces\/#breadcrumb","itemListElement":[{"@type":"ListItem","position":1,"name":"Home","item":"https:\/\/silver24.u9o.hu\/es\/"},{"@type":"ListItem","position":2,"name":"Tienda","item":"https:\/\/silver24.u9o.hu\/es\/tienda\/"},{"@type":"ListItem","position":3,"name":"Cena y Luces en el Danubio"}]},{"@type":"WebSite","@id":"https:\/\/silver24.u9o.hu\/es\/#website","url":"https:\/\/silver24.u9o.hu\/es\/","name":"Silverline Cruises kft.","description":"","publisher":{"@id":"https:\/\/silver24.u9o.hu\/es\/#organization"},"potentialAction":[{"@type":"SearchAction","target":{"@type":"EntryPoint","urlTemplate":"https:\/\/silver24.u9o.hu\/es\/?s={search_term_string}"},"query-input":{"@type":"PropertyValueSpecification","valueRequired":true,"valueName":"search_term_string"}}],"inLanguage":"es"},{"@type":"Organization","@id":"https:\/\/silver24.u9o.hu\/es\/#organization","name":"Silverline Cruises kft.","url":"https:\/\/silver24.u9o.hu\/es\/","logo":{"@type":"ImageObject","inLanguage":"es","@id":"https:\/\/silver24.u9o.hu\/es\/#\/schema\/logo\/image\/","url":"https:\/\/silver-line.hu\/wp-content\/uploads\/2022\/05\/cropped-cropped-icon-1.webp","contentUrl":"https:\/\/silver-line.hu\/wp-content\/uploads\/2022\/05\/cropped-cropped-icon-1.webp","width":512,"height":512,"caption":"Silverline Cruises kft."},"image":{"@id":"https:\/\/silver24.u9o.hu\/es\/#\/schema\/logo\/image\/"},"sameAs":["https:\/\/www.facebook.com\/budapestrivercruise"]}]}},"_links":{"self":[{"href":"https:\/\/silver24.u9o.hu\/es\/wp-json\/wp\/v2\/product\/1415408"}],"collection":[{"href":"https:\/\/silver24.u9o.hu\/es\/wp-json\/wp\/v2\/product"}],"about":[{"href":"https:\/\/silver24.u9o.hu\/es\/wp-json\/wp\/v2\/types\/product"}],"wp:featuredmedia":[{"embeddable":true,"href":"https:\/\/silver24.u9o.hu\/es\/wp-json\/wp\/v2\/media\/1406528"}],"wp:attachment":[{"href":"https:\/\/silver24.u9o.hu\/es\/wp-json\/wp\/v2\/media?parent=1415408"}],"wp:term":[{"taxonomy":"product_cat","embeddable":true,"href":"https:\/\/silver24.u9o.hu\/es\/wp-json\/wp\/v2\/product_cat?post=1415408"},{"taxonomy":"product_tag","embeddable":true,"href":"https:\/\/silver24.u9o.hu\/es\/wp-json\/wp\/v2\/product_tag?post=1415408"}],"curies":[{"name":"wp","href":"https:\/\/api.w.org\/{rel}","templated":true}]}}