{"id":1283007,"date":"2024-07-03T16:29:59","date_gmt":"2024-07-03T15:29:59","guid":{"rendered":"https:\/\/silver-line.hu\/?post_type=product&#038;p=1283007"},"modified":"2025-05-27T13:02:28","modified_gmt":"2025-05-27T12:02:28","slug":"crucero-con-cocteles-y-fuegos-artificiales","status":"publish","type":"product","link":"https:\/\/silver24.u9o.hu\/es\/producto\/crucero-con-cocteles-y-fuegos-artificiales\/","title":{"rendered":"Crucero con c\u00f3cteles y fuegos artificiales"},"content":{"rendered":"","protected":false},"excerpt":{"rendered":"<p>\u00danase a nosotros el 20 de agosto en el D\u00eda de San Esteban, cuando podr\u00e1 disfrutar del espect\u00e1culo de fuegos artificiales desde un barco.<\/p>\n","protected":false},"featured_media":1447277,"template":"","meta":[],"product_cat":[92],"product_tag":[],"yoast_head":"<!-- This site is optimized with the Yoast SEO plugin v23.9 - https:\/\/yoast.com\/wordpress\/plugins\/seo\/ -->\n<title>Crucero con c\u00f3cteles y fuegos artificiales - silver24 - Silverline Cruises<\/title>\n<meta name=\"robots\" content=\"noindex, nofollow\" \/>\n<meta property=\"og:locale\" content=\"es_ES\" \/>\n<meta property=\"og:type\" content=\"article\" \/>\n<meta property=\"og:title\" content=\"Crucero con c\u00f3cteles y fuegos artificiales - silver24 - Silverline Cruises\" \/>\n<meta property=\"og:description\" content=\"\u00danase a nosotros el 20 de agosto en el D\u00eda de San Esteban, cuando podr\u00e1 disfrutar del espect\u00e1culo de fuegos artificiales desde un barco.\" \/>\n<meta property=\"og:url\" content=\"https:\/\/silver24.u9o.hu\/es\/producto\/crucero-con-cocteles-y-fuegos-artificiales\/\" \/>\n<meta property=\"og:site_name\" content=\"silver24 - Silverline Cruises\" \/>\n<meta property=\"article:publisher\" content=\"https:\/\/www.facebook.com\/budapestrivercruise\" \/>\n<meta property=\"article:modified_time\" content=\"2025-05-27T12:02:28+00:00\" \/>\n<meta property=\"og:image\" content=\"https:\/\/silver24.u9o.hu\/wp-content\/uploads\/2025\/05\/Fireworks_cocktail.jpg\" \/>\n\t<meta property=\"og:image:width\" content=\"800\" \/>\n\t<meta property=\"og:image:height\" content=\"800\" \/>\n\t<meta property=\"og:image:type\" content=\"image\/jpeg\" \/>\n<script type=\"application\/ld+json\" class=\"yoast-schema-graph\">{\"@context\":\"https:\/\/schema.org\",\"@graph\":[{\"@type\":\"WebPage\",\"@id\":\"https:\/\/silver24.u9o.hu\/es\/producto\/crucero-con-cocteles-y-fuegos-artificiales\/\",\"url\":\"https:\/\/silver24.u9o.hu\/es\/producto\/crucero-con-cocteles-y-fuegos-artificiales\/\",\"name\":\"Crucero con c\u00f3cteles y fuegos artificiales - silver24 - Silverline Cruises\",\"isPartOf\":{\"@id\":\"https:\/\/silver24.u9o.hu\/es\/#website\"},\"primaryImageOfPage\":{\"@id\":\"https:\/\/silver24.u9o.hu\/es\/producto\/crucero-con-cocteles-y-fuegos-artificiales\/#primaryimage\"},\"image\":{\"@id\":\"https:\/\/silver24.u9o.hu\/es\/producto\/crucero-con-cocteles-y-fuegos-artificiales\/#primaryimage\"},\"thumbnailUrl\":\"https:\/\/silver24.u9o.hu\/wp-content\/uploads\/2025\/05\/Fireworks_cocktail.jpg\",\"datePublished\":\"2024-07-03T15:29:59+00:00\",\"dateModified\":\"2025-05-27T12:02:28+00:00\",\"breadcrumb\":{\"@id\":\"https:\/\/silver24.u9o.hu\/es\/producto\/crucero-con-cocteles-y-fuegos-artificiales\/#breadcrumb\"},\"inLanguage\":\"es\",\"potentialAction\":[{\"@type\":\"ReadAction\",\"target\":[\"https:\/\/silver24.u9o.hu\/es\/producto\/crucero-con-cocteles-y-fuegos-artificiales\/\"]}]},{\"@type\":\"ImageObject\",\"inLanguage\":\"es\",\"@id\":\"https:\/\/silver24.u9o.hu\/es\/producto\/crucero-con-cocteles-y-fuegos-artificiales\/#primaryimage\",\"url\":\"https:\/\/silver24.u9o.hu\/wp-content\/uploads\/2025\/05\/Fireworks_cocktail.jpg\",\"contentUrl\":\"https:\/\/silver24.u9o.hu\/wp-content\/uploads\/2025\/05\/Fireworks_cocktail.jpg\",\"width\":800,\"height\":800},{\"@type\":\"BreadcrumbList\",\"@id\":\"https:\/\/silver24.u9o.hu\/es\/producto\/crucero-con-cocteles-y-fuegos-artificiales\/#breadcrumb\",\"itemListElement\":[{\"@type\":\"ListItem\",\"position\":1,\"name\":\"Home\",\"item\":\"https:\/\/silver24.u9o.hu\/es\/\"},{\"@type\":\"ListItem\",\"position\":2,\"name\":\"Tienda\",\"item\":\"https:\/\/silver24.u9o.hu\/es\/tienda\/\"},{\"@type\":\"ListItem\",\"position\":3,\"name\":\"Crucero con c\u00f3cteles y fuegos artificiales\"}]},{\"@type\":\"WebSite\",\"@id\":\"https:\/\/silver24.u9o.hu\/es\/#website\",\"url\":\"https:\/\/silver24.u9o.hu\/es\/\",\"name\":\"Silverline Cruises kft.\",\"description\":\"\",\"publisher\":{\"@id\":\"https:\/\/silver24.u9o.hu\/es\/#organization\"},\"potentialAction\":[{\"@type\":\"SearchAction\",\"target\":{\"@type\":\"EntryPoint\",\"urlTemplate\":\"https:\/\/silver24.u9o.hu\/es\/?s={search_term_string}\"},\"query-input\":{\"@type\":\"PropertyValueSpecification\",\"valueRequired\":true,\"valueName\":\"search_term_string\"}}],\"inLanguage\":\"es\"},{\"@type\":\"Organization\",\"@id\":\"https:\/\/silver24.u9o.hu\/es\/#organization\",\"name\":\"Silverline Cruises kft.\",\"url\":\"https:\/\/silver24.u9o.hu\/es\/\",\"logo\":{\"@type\":\"ImageObject\",\"inLanguage\":\"es\",\"@id\":\"https:\/\/silver24.u9o.hu\/es\/#\/schema\/logo\/image\/\",\"url\":\"https:\/\/silver-line.hu\/wp-content\/uploads\/2022\/05\/cropped-cropped-icon-1.webp\",\"contentUrl\":\"https:\/\/silver-line.hu\/wp-content\/uploads\/2022\/05\/cropped-cropped-icon-1.webp\",\"width\":512,\"height\":512,\"caption\":\"Silverline Cruises kft.\"},\"image\":{\"@id\":\"https:\/\/silver24.u9o.hu\/es\/#\/schema\/logo\/image\/\"},\"sameAs\":[\"https:\/\/www.facebook.com\/budapestrivercruise\"]}]}<\/script>\n<!-- \/ Yoast SEO plugin. -->","yoast_head_json":{"title":"Crucero con c\u00f3cteles y fuegos artificiales - silver24 - Silverline Cruises","robots":{"index":"noindex","follow":"nofollow"},"og_locale":"es_ES","og_type":"article","og_title":"Crucero con c\u00f3cteles y fuegos artificiales - silver24 - Silverline Cruises","og_description":"\u00danase a nosotros el 20 de agosto en el D\u00eda de San Esteban, cuando podr\u00e1 disfrutar del espect\u00e1culo de fuegos artificiales desde un barco.","og_url":"https:\/\/silver24.u9o.hu\/es\/producto\/crucero-con-cocteles-y-fuegos-artificiales\/","og_site_name":"silver24 - Silverline Cruises","article_publisher":"https:\/\/www.facebook.com\/budapestrivercruise","article_modified_time":"2025-05-27T12:02:28+00:00","og_image":[{"width":800,"height":800,"url":"https:\/\/silver24.u9o.hu\/wp-content\/uploads\/2025\/05\/Fireworks_cocktail.jpg","type":"image\/jpeg"}],"schema":{"@context":"https:\/\/schema.org","@graph":[{"@type":"WebPage","@id":"https:\/\/silver24.u9o.hu\/es\/producto\/crucero-con-cocteles-y-fuegos-artificiales\/","url":"https:\/\/silver24.u9o.hu\/es\/producto\/crucero-con-cocteles-y-fuegos-artificiales\/","name":"Crucero con c\u00f3cteles y fuegos artificiales - silver24 - Silverline Cruises","isPartOf":{"@id":"https:\/\/silver24.u9o.hu\/es\/#website"},"primaryImageOfPage":{"@id":"https:\/\/silver24.u9o.hu\/es\/producto\/crucero-con-cocteles-y-fuegos-artificiales\/#primaryimage"},"image":{"@id":"https:\/\/silver24.u9o.hu\/es\/producto\/crucero-con-cocteles-y-fuegos-artificiales\/#primaryimage"},"thumbnailUrl":"https:\/\/silver24.u9o.hu\/wp-content\/uploads\/2025\/05\/Fireworks_cocktail.jpg","datePublished":"2024-07-03T15:29:59+00:00","dateModified":"2025-05-27T12:02:28+00:00","breadcrumb":{"@id":"https:\/\/silver24.u9o.hu\/es\/producto\/crucero-con-cocteles-y-fuegos-artificiales\/#breadcrumb"},"inLanguage":"es","potentialAction":[{"@type":"ReadAction","target":["https:\/\/silver24.u9o.hu\/es\/producto\/crucero-con-cocteles-y-fuegos-artificiales\/"]}]},{"@type":"ImageObject","inLanguage":"es","@id":"https:\/\/silver24.u9o.hu\/es\/producto\/crucero-con-cocteles-y-fuegos-artificiales\/#primaryimage","url":"https:\/\/silver24.u9o.hu\/wp-content\/uploads\/2025\/05\/Fireworks_cocktail.jpg","contentUrl":"https:\/\/silver24.u9o.hu\/wp-content\/uploads\/2025\/05\/Fireworks_cocktail.jpg","width":800,"height":800},{"@type":"BreadcrumbList","@id":"https:\/\/silver24.u9o.hu\/es\/producto\/crucero-con-cocteles-y-fuegos-artificiales\/#breadcrumb","itemListElement":[{"@type":"ListItem","position":1,"name":"Home","item":"https:\/\/silver24.u9o.hu\/es\/"},{"@type":"ListItem","position":2,"name":"Tienda","item":"https:\/\/silver24.u9o.hu\/es\/tienda\/"},{"@type":"ListItem","position":3,"name":"Crucero con c\u00f3cteles y fuegos artificiales"}]},{"@type":"WebSite","@id":"https:\/\/silver24.u9o.hu\/es\/#website","url":"https:\/\/silver24.u9o.hu\/es\/","name":"Silverline Cruises kft.","description":"","publisher":{"@id":"https:\/\/silver24.u9o.hu\/es\/#organization"},"potentialAction":[{"@type":"SearchAction","target":{"@type":"EntryPoint","urlTemplate":"https:\/\/silver24.u9o.hu\/es\/?s={search_term_string}"},"query-input":{"@type":"PropertyValueSpecification","valueRequired":true,"valueName":"search_term_string"}}],"inLanguage":"es"},{"@type":"Organization","@id":"https:\/\/silver24.u9o.hu\/es\/#organization","name":"Silverline Cruises kft.","url":"https:\/\/silver24.u9o.hu\/es\/","logo":{"@type":"ImageObject","inLanguage":"es","@id":"https:\/\/silver24.u9o.hu\/es\/#\/schema\/logo\/image\/","url":"https:\/\/silver-line.hu\/wp-content\/uploads\/2022\/05\/cropped-cropped-icon-1.webp","contentUrl":"https:\/\/silver-line.hu\/wp-content\/uploads\/2022\/05\/cropped-cropped-icon-1.webp","width":512,"height":512,"caption":"Silverline Cruises kft."},"image":{"@id":"https:\/\/silver24.u9o.hu\/es\/#\/schema\/logo\/image\/"},"sameAs":["https:\/\/www.facebook.com\/budapestrivercruise"]}]}},"_links":{"self":[{"href":"https:\/\/silver24.u9o.hu\/es\/wp-json\/wp\/v2\/product\/1283007"}],"collection":[{"href":"https:\/\/silver24.u9o.hu\/es\/wp-json\/wp\/v2\/product"}],"about":[{"href":"https:\/\/silver24.u9o.hu\/es\/wp-json\/wp\/v2\/types\/product"}],"wp:featuredmedia":[{"embeddable":true,"href":"https:\/\/silver24.u9o.hu\/es\/wp-json\/wp\/v2\/media\/1447277"}],"wp:attachment":[{"href":"https:\/\/silver24.u9o.hu\/es\/wp-json\/wp\/v2\/media?parent=1283007"}],"wp:term":[{"taxonomy":"product_cat","embeddable":true,"href":"https:\/\/silver24.u9o.hu\/es\/wp-json\/wp\/v2\/product_cat?post=1283007"},{"taxonomy":"product_tag","embeddable":true,"href":"https:\/\/silver24.u9o.hu\/es\/wp-json\/wp\/v2\/product_tag?post=1283007"}],"curies":[{"name":"wp","href":"https:\/\/api.w.org\/{rel}","templated":true}]}}