{"id":363607,"date":"2022-05-07T02:56:59","date_gmt":"2022-05-07T01:56:59","guid":{"rendered":"https:\/\/silver-line.hu\/?page_id=363607"},"modified":"2025-05-06T13:18:19","modified_gmt":"2025-05-06T12:18:19","slug":"cruceros-por-el-rio-budapest-y-crucero-con-cena-por-el-danubio","status":"publish","type":"page","link":"https:\/\/silver24.u9o.hu\/es\/","title":{"rendered":"Cruceros por el r\u00edo Budapest y crucero con cena por el Danubio"},"content":{"rendered":"","protected":false},"excerpt":{"rendered":"","protected":false},"author":1,"featured_media":1338505,"parent":0,"menu_order":0,"comment_status":"closed","ping_status":"closed","template":"","meta":{"footnotes":""},"yoast_head":"<!-- This site is optimized with the Yoast SEO plugin v23.9 - https:\/\/yoast.com\/wordpress\/plugins\/seo\/ -->\n<title>Crucero Danubio Budapest - Silverline Cruises<\/title>\n<meta name=\"description\" content=\"Crucero premium por el r\u00edo Budapest y buena cena en el Danubio? Por qu\u00e9 conformarse con menos cuando puede optar por los cruceros con cena m\u00e1s populares de Budapest?\" \/>\n<meta name=\"robots\" content=\"noindex, follow, max-snippet:-1, max-image-preview:large, max-video-preview:-1\" \/>\n<meta property=\"og:locale\" content=\"es_ES\" \/>\n<meta property=\"og:type\" content=\"article\" \/>\n<meta property=\"og:title\" content=\"Crucero Danubio Budapest - Silverline Cruises\" \/>\n<meta property=\"og:description\" content=\"Crucero premium por el r\u00edo Budapest y buena cena en el Danubio? Por qu\u00e9 conformarse con menos cuando puede optar por los cruceros con cena m\u00e1s populares de Budapest?\" \/>\n<meta property=\"og:url\" content=\"https:\/\/silver24.u9o.hu\/es\/\" \/>\n<meta property=\"og:site_name\" content=\"silver24 - Silverline Cruises\" \/>\n<meta property=\"article:publisher\" content=\"https:\/\/www.facebook.com\/budapestrivercruise\" \/>\n<meta property=\"article:modified_time\" content=\"2025-05-06T12:18:19+00:00\" \/>\n<meta property=\"og:image\" content=\"https:\/\/silver-line.hu\/wp-content\/uploads\/2024\/09\/silverline-cruises-budapest.jpg\" \/>\n<script type=\"application\/ld+json\" class=\"yoast-schema-graph\">{\"@context\":\"https:\/\/schema.org\",\"@graph\":[{\"@type\":\"WebPage\",\"@id\":\"https:\/\/silver24.u9o.hu\/es\/\",\"url\":\"https:\/\/silver24.u9o.hu\/es\/\",\"name\":\"Crucero Danubio Budapest - Silverline Cruises\",\"isPartOf\":{\"@id\":\"https:\/\/silver24.u9o.hu\/es\/#website\"},\"primaryImageOfPage\":{\"@id\":\"https:\/\/silver24.u9o.hu\/es\/#primaryimage\"},\"image\":{\"@id\":\"https:\/\/silver24.u9o.hu\/es\/#primaryimage\"},\"thumbnailUrl\":\"https:\/\/silver24.u9o.hu\/wp-content\/uploads\/2024\/09\/silverline-cruises-budapest.jpg\",\"datePublished\":\"2022-05-07T01:56:59+00:00\",\"dateModified\":\"2025-05-06T12:18:19+00:00\",\"description\":\"Crucero premium por el r\u00edo Budapest y buena cena en el Danubio? Por qu\u00e9 conformarse con menos cuando puede optar por los cruceros con cena m\u00e1s populares de Budapest?\",\"breadcrumb\":{\"@id\":\"https:\/\/silver24.u9o.hu\/es\/#breadcrumb\"},\"inLanguage\":\"es\",\"potentialAction\":[{\"@type\":\"ReadAction\",\"target\":[\"https:\/\/silver24.u9o.hu\/es\/\"]}]},{\"@type\":\"ImageObject\",\"inLanguage\":\"es\",\"@id\":\"https:\/\/silver24.u9o.hu\/es\/#primaryimage\",\"url\":\"https:\/\/silver24.u9o.hu\/wp-content\/uploads\/2024\/09\/silverline-cruises-budapest.jpg\",\"contentUrl\":\"https:\/\/silver24.u9o.hu\/wp-content\/uploads\/2024\/09\/silverline-cruises-budapest.jpg\",\"width\":944,\"height\":630,\"caption\":\"silverline cruises budapest\"},{\"@type\":\"BreadcrumbList\",\"@id\":\"https:\/\/silver24.u9o.hu\/es\/#breadcrumb\",\"itemListElement\":[{\"@type\":\"ListItem\",\"position\":1,\"name\":\"Home\",\"item\":\"https:\/\/silver24.u9o.hu\/es\/\"},{\"@type\":\"ListItem\",\"position\":2,\"name\":\"Cruceros por el r\u00edo Budapest y crucero con cena por el Danubio\"}]},{\"@type\":\"WebSite\",\"@id\":\"https:\/\/silver24.u9o.hu\/es\/#website\",\"url\":\"https:\/\/silver24.u9o.hu\/es\/\",\"name\":\"Silverline Cruises kft.\",\"description\":\"\",\"publisher\":{\"@id\":\"https:\/\/silver24.u9o.hu\/es\/#organization\"},\"potentialAction\":[{\"@type\":\"SearchAction\",\"target\":{\"@type\":\"EntryPoint\",\"urlTemplate\":\"https:\/\/silver24.u9o.hu\/es\/?s={search_term_string}\"},\"query-input\":{\"@type\":\"PropertyValueSpecification\",\"valueRequired\":true,\"valueName\":\"search_term_string\"}}],\"inLanguage\":\"es\"},{\"@type\":\"Organization\",\"@id\":\"https:\/\/silver24.u9o.hu\/es\/#organization\",\"name\":\"Silverline Cruises kft.\",\"url\":\"https:\/\/silver24.u9o.hu\/es\/\",\"logo\":{\"@type\":\"ImageObject\",\"inLanguage\":\"es\",\"@id\":\"https:\/\/silver24.u9o.hu\/es\/#\/schema\/logo\/image\/\",\"url\":\"https:\/\/silver-line.hu\/wp-content\/uploads\/2022\/05\/cropped-cropped-icon-1.webp\",\"contentUrl\":\"https:\/\/silver-line.hu\/wp-content\/uploads\/2022\/05\/cropped-cropped-icon-1.webp\",\"width\":512,\"height\":512,\"caption\":\"Silverline Cruises kft.\"},\"image\":{\"@id\":\"https:\/\/silver24.u9o.hu\/es\/#\/schema\/logo\/image\/\"},\"sameAs\":[\"https:\/\/www.facebook.com\/budapestrivercruise\"]}]}<\/script>\n<!-- \/ Yoast SEO plugin. -->","yoast_head_json":{"title":"Crucero Danubio Budapest - Silverline Cruises","description":"Crucero premium por el r\u00edo Budapest y buena cena en el Danubio? Por qu\u00e9 conformarse con menos cuando puede optar por los cruceros con cena m\u00e1s populares de Budapest?","robots":{"index":"noindex","follow":"follow","max-snippet":"max-snippet:-1","max-image-preview":"max-image-preview:large","max-video-preview":"max-video-preview:-1"},"og_locale":"es_ES","og_type":"article","og_title":"Crucero Danubio Budapest - Silverline Cruises","og_description":"Crucero premium por el r\u00edo Budapest y buena cena en el Danubio? Por qu\u00e9 conformarse con menos cuando puede optar por los cruceros con cena m\u00e1s populares de Budapest?","og_url":"https:\/\/silver24.u9o.hu\/es\/","og_site_name":"silver24 - Silverline Cruises","article_publisher":"https:\/\/www.facebook.com\/budapestrivercruise","article_modified_time":"2025-05-06T12:18:19+00:00","og_image":[{"url":"https:\/\/silver-line.hu\/wp-content\/uploads\/2024\/09\/silverline-cruises-budapest.jpg"}],"schema":{"@context":"https:\/\/schema.org","@graph":[{"@type":"WebPage","@id":"https:\/\/silver24.u9o.hu\/es\/","url":"https:\/\/silver24.u9o.hu\/es\/","name":"Crucero Danubio Budapest - Silverline Cruises","isPartOf":{"@id":"https:\/\/silver24.u9o.hu\/es\/#website"},"primaryImageOfPage":{"@id":"https:\/\/silver24.u9o.hu\/es\/#primaryimage"},"image":{"@id":"https:\/\/silver24.u9o.hu\/es\/#primaryimage"},"thumbnailUrl":"https:\/\/silver24.u9o.hu\/wp-content\/uploads\/2024\/09\/silverline-cruises-budapest.jpg","datePublished":"2022-05-07T01:56:59+00:00","dateModified":"2025-05-06T12:18:19+00:00","description":"Crucero premium por el r\u00edo Budapest y buena cena en el Danubio? Por qu\u00e9 conformarse con menos cuando puede optar por los cruceros con cena m\u00e1s populares de Budapest?","breadcrumb":{"@id":"https:\/\/silver24.u9o.hu\/es\/#breadcrumb"},"inLanguage":"es","potentialAction":[{"@type":"ReadAction","target":["https:\/\/silver24.u9o.hu\/es\/"]}]},{"@type":"ImageObject","inLanguage":"es","@id":"https:\/\/silver24.u9o.hu\/es\/#primaryimage","url":"https:\/\/silver24.u9o.hu\/wp-content\/uploads\/2024\/09\/silverline-cruises-budapest.jpg","contentUrl":"https:\/\/silver24.u9o.hu\/wp-content\/uploads\/2024\/09\/silverline-cruises-budapest.jpg","width":944,"height":630,"caption":"silverline cruises budapest"},{"@type":"BreadcrumbList","@id":"https:\/\/silver24.u9o.hu\/es\/#breadcrumb","itemListElement":[{"@type":"ListItem","position":1,"name":"Home","item":"https:\/\/silver24.u9o.hu\/es\/"},{"@type":"ListItem","position":2,"name":"Cruceros por el r\u00edo Budapest y crucero con cena por el Danubio"}]},{"@type":"WebSite","@id":"https:\/\/silver24.u9o.hu\/es\/#website","url":"https:\/\/silver24.u9o.hu\/es\/","name":"Silverline Cruises kft.","description":"","publisher":{"@id":"https:\/\/silver24.u9o.hu\/es\/#organization"},"potentialAction":[{"@type":"SearchAction","target":{"@type":"EntryPoint","urlTemplate":"https:\/\/silver24.u9o.hu\/es\/?s={search_term_string}"},"query-input":{"@type":"PropertyValueSpecification","valueRequired":true,"valueName":"search_term_string"}}],"inLanguage":"es"},{"@type":"Organization","@id":"https:\/\/silver24.u9o.hu\/es\/#organization","name":"Silverline Cruises kft.","url":"https:\/\/silver24.u9o.hu\/es\/","logo":{"@type":"ImageObject","inLanguage":"es","@id":"https:\/\/silver24.u9o.hu\/es\/#\/schema\/logo\/image\/","url":"https:\/\/silver-line.hu\/wp-content\/uploads\/2022\/05\/cropped-cropped-icon-1.webp","contentUrl":"https:\/\/silver-line.hu\/wp-content\/uploads\/2022\/05\/cropped-cropped-icon-1.webp","width":512,"height":512,"caption":"Silverline Cruises kft."},"image":{"@id":"https:\/\/silver24.u9o.hu\/es\/#\/schema\/logo\/image\/"},"sameAs":["https:\/\/www.facebook.com\/budapestrivercruise"]}]}},"_links":{"self":[{"href":"https:\/\/silver24.u9o.hu\/es\/wp-json\/wp\/v2\/pages\/363607"}],"collection":[{"href":"https:\/\/silver24.u9o.hu\/es\/wp-json\/wp\/v2\/pages"}],"about":[{"href":"https:\/\/silver24.u9o.hu\/es\/wp-json\/wp\/v2\/types\/page"}],"author":[{"embeddable":true,"href":"https:\/\/silver24.u9o.hu\/es\/wp-json\/wp\/v2\/users\/1"}],"replies":[{"embeddable":true,"href":"https:\/\/silver24.u9o.hu\/es\/wp-json\/wp\/v2\/comments?post=363607"}],"version-history":[{"count":5,"href":"https:\/\/silver24.u9o.hu\/es\/wp-json\/wp\/v2\/pages\/363607\/revisions"}],"predecessor-version":[{"id":1446646,"href":"https:\/\/silver24.u9o.hu\/es\/wp-json\/wp\/v2\/pages\/363607\/revisions\/1446646"}],"wp:featuredmedia":[{"embeddable":true,"href":"https:\/\/silver24.u9o.hu\/es\/wp-json\/wp\/v2\/media\/1338505"}],"wp:attachment":[{"href":"https:\/\/silver24.u9o.hu\/es\/wp-json\/wp\/v2\/media?parent=363607"}],"curies":[{"name":"wp","href":"https:\/\/api.w.org\/{rel}","templated":true}]}}