{"id":652964,"date":"2023-02-22T10:48:51","date_gmt":"2023-02-22T08:48:51","guid":{"rendered":"https:\/\/silver-line.hu\/product\/wine-dine-cruise-with-live-piano-concert\/"},"modified":"2023-06-08T13:27:46","modified_gmt":"2023-06-08T11:27:46","slug":"wine-dine-cruise-with-live-piano-concert","status":"publish","type":"product","link":"https:\/\/silver24.u9o.hu\/de\/produkt\/wine-dine-cruise-with-live-piano-concert\/","title":{"rendered":"Wine &#038; Dine Cruise mit Live-Klavierkonzert"},"content":{"rendered":"","protected":false},"excerpt":{"rendered":"<p>Erleben Sie die Magie von Budapest bei einer 80-min\u00fctigen Sightseeing-Kreuzfahrt bei Nacht, genie\u00dfen Sie f\u00fcnf erstklassige Weine von ungarischen Weing\u00fctern, eine ungarische Vorspeisenplatte oder eine hausgemachte K\u00e4seplatte und Live-Klaviermusik von preisgekr\u00f6nten K\u00fcnstlern.<\/p>\n","protected":false},"featured_media":697710,"template":"","meta":[],"product_cat":[82],"product_tag":[],"yoast_head":"<!-- This site is optimized with the Yoast SEO plugin v23.9 - https:\/\/yoast.com\/wordpress\/plugins\/seo\/ -->\n<title>Wine &amp; Dine Cruise mit Live-Klavierkonzert - silver24 - Silverline Cruises<\/title>\n<meta name=\"description\" content=\"Erleben Sie die Magie von Budapest bei einer 80-min\u00fctigen Sightseeing-Kreuzfahrt bei Nacht, genie\u00dfen Sie f\u00fcnf erstklassige Weine von ungarischen Weing\u00fctern, eine ungarische Vorspeisenplatte oder eine hausgemachte K\u00e4seplatte und Live-Klaviermusik von preisgekr\u00f6nten K\u00fcnstlern.\" \/>\n<meta name=\"robots\" content=\"noindex, follow, max-snippet:-1, max-image-preview:large, max-video-preview:-1\" \/>\n<meta property=\"og:locale\" content=\"de_DE\" \/>\n<meta property=\"og:type\" content=\"article\" \/>\n<meta property=\"og:title\" content=\"Wine &amp; Dine Cruise mit Live-Klavierkonzert - silver24 - Silverline Cruises\" \/>\n<meta property=\"og:description\" content=\"Erleben Sie die Magie von Budapest bei einer 80-min\u00fctigen Sightseeing-Kreuzfahrt bei Nacht, genie\u00dfen Sie f\u00fcnf erstklassige Weine von ungarischen Weing\u00fctern, eine ungarische Vorspeisenplatte oder eine hausgemachte K\u00e4seplatte und Live-Klaviermusik von preisgekr\u00f6nten K\u00fcnstlern.\" \/>\n<meta property=\"og:url\" content=\"https:\/\/silver24.u9o.hu\/de\/produkt\/wine-dine-cruise-with-live-piano-concert\/\" \/>\n<meta property=\"og:site_name\" content=\"silver24 - Silverline Cruises\" \/>\n<meta property=\"article:publisher\" content=\"https:\/\/www.facebook.com\/budapestrivercruise\" \/>\n<meta property=\"article:modified_time\" content=\"2023-06-08T11:27:46+00:00\" \/>\n<meta property=\"og:image\" content=\"https:\/\/silver24.u9o.hu\/wp-content\/uploads\/2023\/02\/template-9-1.jpg\" \/>\n\t<meta property=\"og:image:width\" content=\"1080\" \/>\n\t<meta property=\"og:image:height\" content=\"1080\" \/>\n\t<meta property=\"og:image:type\" content=\"image\/jpeg\" \/>\n<script type=\"application\/ld+json\" class=\"yoast-schema-graph\">{\"@context\":\"https:\/\/schema.org\",\"@graph\":[{\"@type\":\"WebPage\",\"@id\":\"https:\/\/silver24.u9o.hu\/de\/produkt\/wine-dine-cruise-with-live-piano-concert\/\",\"url\":\"https:\/\/silver24.u9o.hu\/de\/produkt\/wine-dine-cruise-with-live-piano-concert\/\",\"name\":\"Wine & Dine Cruise mit Live-Klavierkonzert - silver24 - Silverline Cruises\",\"isPartOf\":{\"@id\":\"https:\/\/silver24.u9o.hu\/de\/#website\"},\"primaryImageOfPage\":{\"@id\":\"https:\/\/silver24.u9o.hu\/de\/produkt\/wine-dine-cruise-with-live-piano-concert\/#primaryimage\"},\"image\":{\"@id\":\"https:\/\/silver24.u9o.hu\/de\/produkt\/wine-dine-cruise-with-live-piano-concert\/#primaryimage\"},\"thumbnailUrl\":\"https:\/\/silver24.u9o.hu\/wp-content\/uploads\/2023\/02\/template-9-1.jpg\",\"datePublished\":\"2023-02-22T08:48:51+00:00\",\"dateModified\":\"2023-06-08T11:27:46+00:00\",\"description\":\"Erleben Sie die Magie von Budapest bei einer 80-min\u00fctigen Sightseeing-Kreuzfahrt bei Nacht, genie\u00dfen Sie f\u00fcnf erstklassige Weine von ungarischen Weing\u00fctern, eine ungarische Vorspeisenplatte oder eine hausgemachte K\u00e4seplatte und Live-Klaviermusik von preisgekr\u00f6nten K\u00fcnstlern.\",\"breadcrumb\":{\"@id\":\"https:\/\/silver24.u9o.hu\/de\/produkt\/wine-dine-cruise-with-live-piano-concert\/#breadcrumb\"},\"inLanguage\":\"de\",\"potentialAction\":[{\"@type\":\"ReadAction\",\"target\":[\"https:\/\/silver24.u9o.hu\/de\/produkt\/wine-dine-cruise-with-live-piano-concert\/\"]}]},{\"@type\":\"ImageObject\",\"inLanguage\":\"de\",\"@id\":\"https:\/\/silver24.u9o.hu\/de\/produkt\/wine-dine-cruise-with-live-piano-concert\/#primaryimage\",\"url\":\"https:\/\/silver24.u9o.hu\/wp-content\/uploads\/2023\/02\/template-9-1.jpg\",\"contentUrl\":\"https:\/\/silver24.u9o.hu\/wp-content\/uploads\/2023\/02\/template-9-1.jpg\",\"width\":1080,\"height\":1080},{\"@type\":\"BreadcrumbList\",\"@id\":\"https:\/\/silver24.u9o.hu\/de\/produkt\/wine-dine-cruise-with-live-piano-concert\/#breadcrumb\",\"itemListElement\":[{\"@type\":\"ListItem\",\"position\":1,\"name\":\"Home\",\"item\":\"https:\/\/silver24.u9o.hu\/de\/\"},{\"@type\":\"ListItem\",\"position\":2,\"name\":\"Shop\",\"item\":\"https:\/\/silver24.u9o.hu\/de\/shop-2\/\"},{\"@type\":\"ListItem\",\"position\":3,\"name\":\"Wine &#038; Dine Cruise mit Live-Klavierkonzert\"}]},{\"@type\":\"WebSite\",\"@id\":\"https:\/\/silver24.u9o.hu\/de\/#website\",\"url\":\"https:\/\/silver24.u9o.hu\/de\/\",\"name\":\"Silverline Cruises kft.\",\"description\":\"\",\"publisher\":{\"@id\":\"https:\/\/silver24.u9o.hu\/de\/#organization\"},\"potentialAction\":[{\"@type\":\"SearchAction\",\"target\":{\"@type\":\"EntryPoint\",\"urlTemplate\":\"https:\/\/silver24.u9o.hu\/de\/?s={search_term_string}\"},\"query-input\":{\"@type\":\"PropertyValueSpecification\",\"valueRequired\":true,\"valueName\":\"search_term_string\"}}],\"inLanguage\":\"de\"},{\"@type\":\"Organization\",\"@id\":\"https:\/\/silver24.u9o.hu\/de\/#organization\",\"name\":\"Silverline Cruises kft.\",\"url\":\"https:\/\/silver24.u9o.hu\/de\/\",\"logo\":{\"@type\":\"ImageObject\",\"inLanguage\":\"de\",\"@id\":\"https:\/\/silver24.u9o.hu\/de\/#\/schema\/logo\/image\/\",\"url\":\"https:\/\/silver-line.hu\/wp-content\/uploads\/2022\/05\/cropped-cropped-icon-1.webp\",\"contentUrl\":\"https:\/\/silver-line.hu\/wp-content\/uploads\/2022\/05\/cropped-cropped-icon-1.webp\",\"width\":512,\"height\":512,\"caption\":\"Silverline Cruises kft.\"},\"image\":{\"@id\":\"https:\/\/silver24.u9o.hu\/de\/#\/schema\/logo\/image\/\"},\"sameAs\":[\"https:\/\/www.facebook.com\/budapestrivercruise\"]}]}<\/script>\n<!-- \/ Yoast SEO plugin. -->","yoast_head_json":{"title":"Wine & Dine Cruise mit Live-Klavierkonzert - silver24 - Silverline Cruises","description":"Erleben Sie die Magie von Budapest bei einer 80-min\u00fctigen Sightseeing-Kreuzfahrt bei Nacht, genie\u00dfen Sie f\u00fcnf erstklassige Weine von ungarischen Weing\u00fctern, eine ungarische Vorspeisenplatte oder eine hausgemachte K\u00e4seplatte und Live-Klaviermusik von preisgekr\u00f6nten K\u00fcnstlern.","robots":{"index":"noindex","follow":"follow","max-snippet":"max-snippet:-1","max-image-preview":"max-image-preview:large","max-video-preview":"max-video-preview:-1"},"og_locale":"de_DE","og_type":"article","og_title":"Wine & Dine Cruise mit Live-Klavierkonzert - silver24 - Silverline Cruises","og_description":"Erleben Sie die Magie von Budapest bei einer 80-min\u00fctigen Sightseeing-Kreuzfahrt bei Nacht, genie\u00dfen Sie f\u00fcnf erstklassige Weine von ungarischen Weing\u00fctern, eine ungarische Vorspeisenplatte oder eine hausgemachte K\u00e4seplatte und Live-Klaviermusik von preisgekr\u00f6nten K\u00fcnstlern.","og_url":"https:\/\/silver24.u9o.hu\/de\/produkt\/wine-dine-cruise-with-live-piano-concert\/","og_site_name":"silver24 - Silverline Cruises","article_publisher":"https:\/\/www.facebook.com\/budapestrivercruise","article_modified_time":"2023-06-08T11:27:46+00:00","og_image":[{"width":1080,"height":1080,"url":"https:\/\/silver24.u9o.hu\/wp-content\/uploads\/2023\/02\/template-9-1.jpg","type":"image\/jpeg"}],"schema":{"@context":"https:\/\/schema.org","@graph":[{"@type":"WebPage","@id":"https:\/\/silver24.u9o.hu\/de\/produkt\/wine-dine-cruise-with-live-piano-concert\/","url":"https:\/\/silver24.u9o.hu\/de\/produkt\/wine-dine-cruise-with-live-piano-concert\/","name":"Wine & Dine Cruise mit Live-Klavierkonzert - silver24 - Silverline Cruises","isPartOf":{"@id":"https:\/\/silver24.u9o.hu\/de\/#website"},"primaryImageOfPage":{"@id":"https:\/\/silver24.u9o.hu\/de\/produkt\/wine-dine-cruise-with-live-piano-concert\/#primaryimage"},"image":{"@id":"https:\/\/silver24.u9o.hu\/de\/produkt\/wine-dine-cruise-with-live-piano-concert\/#primaryimage"},"thumbnailUrl":"https:\/\/silver24.u9o.hu\/wp-content\/uploads\/2023\/02\/template-9-1.jpg","datePublished":"2023-02-22T08:48:51+00:00","dateModified":"2023-06-08T11:27:46+00:00","description":"Erleben Sie die Magie von Budapest bei einer 80-min\u00fctigen Sightseeing-Kreuzfahrt bei Nacht, genie\u00dfen Sie f\u00fcnf erstklassige Weine von ungarischen Weing\u00fctern, eine ungarische Vorspeisenplatte oder eine hausgemachte K\u00e4seplatte und Live-Klaviermusik von preisgekr\u00f6nten K\u00fcnstlern.","breadcrumb":{"@id":"https:\/\/silver24.u9o.hu\/de\/produkt\/wine-dine-cruise-with-live-piano-concert\/#breadcrumb"},"inLanguage":"de","potentialAction":[{"@type":"ReadAction","target":["https:\/\/silver24.u9o.hu\/de\/produkt\/wine-dine-cruise-with-live-piano-concert\/"]}]},{"@type":"ImageObject","inLanguage":"de","@id":"https:\/\/silver24.u9o.hu\/de\/produkt\/wine-dine-cruise-with-live-piano-concert\/#primaryimage","url":"https:\/\/silver24.u9o.hu\/wp-content\/uploads\/2023\/02\/template-9-1.jpg","contentUrl":"https:\/\/silver24.u9o.hu\/wp-content\/uploads\/2023\/02\/template-9-1.jpg","width":1080,"height":1080},{"@type":"BreadcrumbList","@id":"https:\/\/silver24.u9o.hu\/de\/produkt\/wine-dine-cruise-with-live-piano-concert\/#breadcrumb","itemListElement":[{"@type":"ListItem","position":1,"name":"Home","item":"https:\/\/silver24.u9o.hu\/de\/"},{"@type":"ListItem","position":2,"name":"Shop","item":"https:\/\/silver24.u9o.hu\/de\/shop-2\/"},{"@type":"ListItem","position":3,"name":"Wine &#038; Dine Cruise mit Live-Klavierkonzert"}]},{"@type":"WebSite","@id":"https:\/\/silver24.u9o.hu\/de\/#website","url":"https:\/\/silver24.u9o.hu\/de\/","name":"Silverline Cruises kft.","description":"","publisher":{"@id":"https:\/\/silver24.u9o.hu\/de\/#organization"},"potentialAction":[{"@type":"SearchAction","target":{"@type":"EntryPoint","urlTemplate":"https:\/\/silver24.u9o.hu\/de\/?s={search_term_string}"},"query-input":{"@type":"PropertyValueSpecification","valueRequired":true,"valueName":"search_term_string"}}],"inLanguage":"de"},{"@type":"Organization","@id":"https:\/\/silver24.u9o.hu\/de\/#organization","name":"Silverline Cruises kft.","url":"https:\/\/silver24.u9o.hu\/de\/","logo":{"@type":"ImageObject","inLanguage":"de","@id":"https:\/\/silver24.u9o.hu\/de\/#\/schema\/logo\/image\/","url":"https:\/\/silver-line.hu\/wp-content\/uploads\/2022\/05\/cropped-cropped-icon-1.webp","contentUrl":"https:\/\/silver-line.hu\/wp-content\/uploads\/2022\/05\/cropped-cropped-icon-1.webp","width":512,"height":512,"caption":"Silverline Cruises kft."},"image":{"@id":"https:\/\/silver24.u9o.hu\/de\/#\/schema\/logo\/image\/"},"sameAs":["https:\/\/www.facebook.com\/budapestrivercruise"]}]}},"_links":{"self":[{"href":"https:\/\/silver24.u9o.hu\/de\/wp-json\/wp\/v2\/product\/652964"}],"collection":[{"href":"https:\/\/silver24.u9o.hu\/de\/wp-json\/wp\/v2\/product"}],"about":[{"href":"https:\/\/silver24.u9o.hu\/de\/wp-json\/wp\/v2\/types\/product"}],"wp:featuredmedia":[{"embeddable":true,"href":"https:\/\/silver24.u9o.hu\/de\/wp-json\/wp\/v2\/media\/697710"}],"wp:attachment":[{"href":"https:\/\/silver24.u9o.hu\/de\/wp-json\/wp\/v2\/media?parent=652964"}],"wp:term":[{"taxonomy":"product_cat","embeddable":true,"href":"https:\/\/silver24.u9o.hu\/de\/wp-json\/wp\/v2\/product_cat?post=652964"},{"taxonomy":"product_tag","embeddable":true,"href":"https:\/\/silver24.u9o.hu\/de\/wp-json\/wp\/v2\/product_tag?post=652964"}],"curies":[{"name":"wp","href":"https:\/\/api.w.org\/{rel}","templated":true}]}}