{"id":363983,"date":"2022-05-07T07:45:07","date_gmt":"2022-05-07T06:45:07","guid":{"rendered":"https:\/\/silver-line.hu\/?post_type=product&#038;p=363983"},"modified":"2024-12-01T11:52:22","modified_gmt":"2024-12-01T10:52:22","slug":"feuerwerke-und-abendessen-mit-klaviermusik","status":"publish","type":"product","link":"https:\/\/silver24.u9o.hu\/de\/produkt\/feuerwerke-und-abendessen-mit-klaviermusik\/","title":{"rendered":"Silvester Bootsfahrt Budapest mit Abendessen"},"content":{"rendered":"","protected":false},"excerpt":{"rendered":"<p>Sto\u00dfen Sie mit einem Glas Champagner auf das Neue Jahr an und genie\u00dfen Sie das atemberaubende Ambiente.<\/p>\n<p><a rel=\"nofollow\" href=\"https:\/\/silver-line.hu\/de\/produkt\/silvester-bootsfahrt-budapest-mit-abendessen-kindertickets\/\" style=\"color: red;\" >Klicken Sie hier, um Kinderkarten (im Alter von 4 bis 12 Jahren) f\u00fcr unser Silvesterdinner zu kaufen<\/a><\/p>\n<p><span style=\"color: red;\">Aufgrund der hohen Nachfrage sind nur noch Fensterpl\u00e4tze verf\u00fcgbar.<\/span><\/p>\n<p>Jedes Ticket beinhaltet ein Begr\u00fc\u00dfungsgetr\u00e4nk (Sie k\u00f6nnen aus 3 verschiedenen Cocktails w\u00e4hlen).<\/p>\n","protected":false},"featured_media":362225,"template":"","meta":[],"product_cat":[94,82],"product_tag":[],"yoast_head":"<!-- This site is optimized with the Yoast SEO plugin v23.9 - https:\/\/yoast.com\/wordpress\/plugins\/seo\/ -->\n<title>Silvester Bootsfahrt Budapest mit Abendessen - SilverlineCruises<\/title>\n<meta name=\"description\" content=\"Silvester Bootsfahrt Budapest mit Abendessen und Live Musik. Genie\u00dfen Sie das Abendessen, und lassen Sie die atemraubende Landschaft Budapests Sie beeindrucken.\" \/>\n<meta name=\"robots\" content=\"noindex, follow, max-snippet:-1, max-image-preview:large, max-video-preview:-1\" \/>\n<meta property=\"og:locale\" content=\"de_DE\" \/>\n<meta property=\"og:type\" content=\"article\" \/>\n<meta property=\"og:title\" content=\"Silvester Bootsfahrt Budapest mit Abendessen - SilverlineCruises\" \/>\n<meta property=\"og:description\" content=\"Silvester Bootsfahrt Budapest mit Abendessen und Live Musik. Genie\u00dfen Sie das Abendessen, und lassen Sie die atemraubende Landschaft Budapests Sie beeindrucken.\" \/>\n<meta property=\"og:url\" content=\"https:\/\/silver24.u9o.hu\/de\/produkt\/feuerwerke-und-abendessen-mit-klaviermusik\/\" \/>\n<meta property=\"og:site_name\" content=\"silver24 - Silverline Cruises\" \/>\n<meta property=\"article:publisher\" content=\"https:\/\/www.facebook.com\/budapestrivercruise\" \/>\n<meta property=\"article:modified_time\" content=\"2024-12-01T10:52:22+00:00\" \/>\n<meta property=\"og:image\" content=\"https:\/\/silver24.u9o.hu\/wp-content\/uploads\/2022\/05\/newyearseve-325x325_c.webp\" \/>\n\t<meta property=\"og:image:width\" content=\"325\" \/>\n\t<meta property=\"og:image:height\" content=\"325\" \/>\n\t<meta property=\"og:image:type\" content=\"image\/webp\" \/>\n<script type=\"application\/ld+json\" class=\"yoast-schema-graph\">{\"@context\":\"https:\/\/schema.org\",\"@graph\":[{\"@type\":\"WebPage\",\"@id\":\"https:\/\/silver24.u9o.hu\/de\/produkt\/feuerwerke-und-abendessen-mit-klaviermusik\/\",\"url\":\"https:\/\/silver24.u9o.hu\/de\/produkt\/feuerwerke-und-abendessen-mit-klaviermusik\/\",\"name\":\"Silvester Bootsfahrt Budapest mit Abendessen - SilverlineCruises\",\"isPartOf\":{\"@id\":\"https:\/\/silver24.u9o.hu\/de\/#website\"},\"primaryImageOfPage\":{\"@id\":\"https:\/\/silver24.u9o.hu\/de\/produkt\/feuerwerke-und-abendessen-mit-klaviermusik\/#primaryimage\"},\"image\":{\"@id\":\"https:\/\/silver24.u9o.hu\/de\/produkt\/feuerwerke-und-abendessen-mit-klaviermusik\/#primaryimage\"},\"thumbnailUrl\":\"https:\/\/silver24.u9o.hu\/wp-content\/uploads\/2022\/05\/newyearseve-325x325_c.webp\",\"datePublished\":\"2022-05-07T06:45:07+00:00\",\"dateModified\":\"2024-12-01T10:52:22+00:00\",\"description\":\"Silvester Bootsfahrt Budapest mit Abendessen und Live Musik. Genie\u00dfen Sie das Abendessen, und lassen Sie die atemraubende Landschaft Budapests Sie beeindrucken.\",\"breadcrumb\":{\"@id\":\"https:\/\/silver24.u9o.hu\/de\/produkt\/feuerwerke-und-abendessen-mit-klaviermusik\/#breadcrumb\"},\"inLanguage\":\"de\",\"potentialAction\":[{\"@type\":\"ReadAction\",\"target\":[\"https:\/\/silver24.u9o.hu\/de\/produkt\/feuerwerke-und-abendessen-mit-klaviermusik\/\"]}]},{\"@type\":\"ImageObject\",\"inLanguage\":\"de\",\"@id\":\"https:\/\/silver24.u9o.hu\/de\/produkt\/feuerwerke-und-abendessen-mit-klaviermusik\/#primaryimage\",\"url\":\"https:\/\/silver24.u9o.hu\/wp-content\/uploads\/2022\/05\/newyearseve-325x325_c.webp\",\"contentUrl\":\"https:\/\/silver24.u9o.hu\/wp-content\/uploads\/2022\/05\/newyearseve-325x325_c.webp\",\"width\":325,\"height\":325},{\"@type\":\"BreadcrumbList\",\"@id\":\"https:\/\/silver24.u9o.hu\/de\/produkt\/feuerwerke-und-abendessen-mit-klaviermusik\/#breadcrumb\",\"itemListElement\":[{\"@type\":\"ListItem\",\"position\":1,\"name\":\"Home\",\"item\":\"https:\/\/silver24.u9o.hu\/de\/\"},{\"@type\":\"ListItem\",\"position\":2,\"name\":\"Shop\",\"item\":\"https:\/\/silver24.u9o.hu\/de\/shop-2\/\"},{\"@type\":\"ListItem\",\"position\":3,\"name\":\"Silvester Bootsfahrt Budapest mit Abendessen\"}]},{\"@type\":\"WebSite\",\"@id\":\"https:\/\/silver24.u9o.hu\/de\/#website\",\"url\":\"https:\/\/silver24.u9o.hu\/de\/\",\"name\":\"Silverline Cruises kft.\",\"description\":\"\",\"publisher\":{\"@id\":\"https:\/\/silver24.u9o.hu\/de\/#organization\"},\"potentialAction\":[{\"@type\":\"SearchAction\",\"target\":{\"@type\":\"EntryPoint\",\"urlTemplate\":\"https:\/\/silver24.u9o.hu\/de\/?s={search_term_string}\"},\"query-input\":{\"@type\":\"PropertyValueSpecification\",\"valueRequired\":true,\"valueName\":\"search_term_string\"}}],\"inLanguage\":\"de\"},{\"@type\":\"Organization\",\"@id\":\"https:\/\/silver24.u9o.hu\/de\/#organization\",\"name\":\"Silverline Cruises kft.\",\"url\":\"https:\/\/silver24.u9o.hu\/de\/\",\"logo\":{\"@type\":\"ImageObject\",\"inLanguage\":\"de\",\"@id\":\"https:\/\/silver24.u9o.hu\/de\/#\/schema\/logo\/image\/\",\"url\":\"https:\/\/silver-line.hu\/wp-content\/uploads\/2022\/05\/cropped-cropped-icon-1.webp\",\"contentUrl\":\"https:\/\/silver-line.hu\/wp-content\/uploads\/2022\/05\/cropped-cropped-icon-1.webp\",\"width\":512,\"height\":512,\"caption\":\"Silverline Cruises kft.\"},\"image\":{\"@id\":\"https:\/\/silver24.u9o.hu\/de\/#\/schema\/logo\/image\/\"},\"sameAs\":[\"https:\/\/www.facebook.com\/budapestrivercruise\"]}]}<\/script>\n<!-- \/ Yoast SEO plugin. -->","yoast_head_json":{"title":"Silvester Bootsfahrt Budapest mit Abendessen - SilverlineCruises","description":"Silvester Bootsfahrt Budapest mit Abendessen und Live Musik. Genie\u00dfen Sie das Abendessen, und lassen Sie die atemraubende Landschaft Budapests Sie beeindrucken.","robots":{"index":"noindex","follow":"follow","max-snippet":"max-snippet:-1","max-image-preview":"max-image-preview:large","max-video-preview":"max-video-preview:-1"},"og_locale":"de_DE","og_type":"article","og_title":"Silvester Bootsfahrt Budapest mit Abendessen - SilverlineCruises","og_description":"Silvester Bootsfahrt Budapest mit Abendessen und Live Musik. Genie\u00dfen Sie das Abendessen, und lassen Sie die atemraubende Landschaft Budapests Sie beeindrucken.","og_url":"https:\/\/silver24.u9o.hu\/de\/produkt\/feuerwerke-und-abendessen-mit-klaviermusik\/","og_site_name":"silver24 - Silverline Cruises","article_publisher":"https:\/\/www.facebook.com\/budapestrivercruise","article_modified_time":"2024-12-01T10:52:22+00:00","og_image":[{"width":325,"height":325,"url":"https:\/\/silver24.u9o.hu\/wp-content\/uploads\/2022\/05\/newyearseve-325x325_c.webp","type":"image\/webp"}],"schema":{"@context":"https:\/\/schema.org","@graph":[{"@type":"WebPage","@id":"https:\/\/silver24.u9o.hu\/de\/produkt\/feuerwerke-und-abendessen-mit-klaviermusik\/","url":"https:\/\/silver24.u9o.hu\/de\/produkt\/feuerwerke-und-abendessen-mit-klaviermusik\/","name":"Silvester Bootsfahrt Budapest mit Abendessen - SilverlineCruises","isPartOf":{"@id":"https:\/\/silver24.u9o.hu\/de\/#website"},"primaryImageOfPage":{"@id":"https:\/\/silver24.u9o.hu\/de\/produkt\/feuerwerke-und-abendessen-mit-klaviermusik\/#primaryimage"},"image":{"@id":"https:\/\/silver24.u9o.hu\/de\/produkt\/feuerwerke-und-abendessen-mit-klaviermusik\/#primaryimage"},"thumbnailUrl":"https:\/\/silver24.u9o.hu\/wp-content\/uploads\/2022\/05\/newyearseve-325x325_c.webp","datePublished":"2022-05-07T06:45:07+00:00","dateModified":"2024-12-01T10:52:22+00:00","description":"Silvester Bootsfahrt Budapest mit Abendessen und Live Musik. Genie\u00dfen Sie das Abendessen, und lassen Sie die atemraubende Landschaft Budapests Sie beeindrucken.","breadcrumb":{"@id":"https:\/\/silver24.u9o.hu\/de\/produkt\/feuerwerke-und-abendessen-mit-klaviermusik\/#breadcrumb"},"inLanguage":"de","potentialAction":[{"@type":"ReadAction","target":["https:\/\/silver24.u9o.hu\/de\/produkt\/feuerwerke-und-abendessen-mit-klaviermusik\/"]}]},{"@type":"ImageObject","inLanguage":"de","@id":"https:\/\/silver24.u9o.hu\/de\/produkt\/feuerwerke-und-abendessen-mit-klaviermusik\/#primaryimage","url":"https:\/\/silver24.u9o.hu\/wp-content\/uploads\/2022\/05\/newyearseve-325x325_c.webp","contentUrl":"https:\/\/silver24.u9o.hu\/wp-content\/uploads\/2022\/05\/newyearseve-325x325_c.webp","width":325,"height":325},{"@type":"BreadcrumbList","@id":"https:\/\/silver24.u9o.hu\/de\/produkt\/feuerwerke-und-abendessen-mit-klaviermusik\/#breadcrumb","itemListElement":[{"@type":"ListItem","position":1,"name":"Home","item":"https:\/\/silver24.u9o.hu\/de\/"},{"@type":"ListItem","position":2,"name":"Shop","item":"https:\/\/silver24.u9o.hu\/de\/shop-2\/"},{"@type":"ListItem","position":3,"name":"Silvester Bootsfahrt Budapest mit Abendessen"}]},{"@type":"WebSite","@id":"https:\/\/silver24.u9o.hu\/de\/#website","url":"https:\/\/silver24.u9o.hu\/de\/","name":"Silverline Cruises kft.","description":"","publisher":{"@id":"https:\/\/silver24.u9o.hu\/de\/#organization"},"potentialAction":[{"@type":"SearchAction","target":{"@type":"EntryPoint","urlTemplate":"https:\/\/silver24.u9o.hu\/de\/?s={search_term_string}"},"query-input":{"@type":"PropertyValueSpecification","valueRequired":true,"valueName":"search_term_string"}}],"inLanguage":"de"},{"@type":"Organization","@id":"https:\/\/silver24.u9o.hu\/de\/#organization","name":"Silverline Cruises kft.","url":"https:\/\/silver24.u9o.hu\/de\/","logo":{"@type":"ImageObject","inLanguage":"de","@id":"https:\/\/silver24.u9o.hu\/de\/#\/schema\/logo\/image\/","url":"https:\/\/silver-line.hu\/wp-content\/uploads\/2022\/05\/cropped-cropped-icon-1.webp","contentUrl":"https:\/\/silver-line.hu\/wp-content\/uploads\/2022\/05\/cropped-cropped-icon-1.webp","width":512,"height":512,"caption":"Silverline Cruises kft."},"image":{"@id":"https:\/\/silver24.u9o.hu\/de\/#\/schema\/logo\/image\/"},"sameAs":["https:\/\/www.facebook.com\/budapestrivercruise"]}]}},"_links":{"self":[{"href":"https:\/\/silver24.u9o.hu\/de\/wp-json\/wp\/v2\/product\/363983"}],"collection":[{"href":"https:\/\/silver24.u9o.hu\/de\/wp-json\/wp\/v2\/product"}],"about":[{"href":"https:\/\/silver24.u9o.hu\/de\/wp-json\/wp\/v2\/types\/product"}],"wp:featuredmedia":[{"embeddable":true,"href":"https:\/\/silver24.u9o.hu\/de\/wp-json\/wp\/v2\/media\/362225"}],"wp:attachment":[{"href":"https:\/\/silver24.u9o.hu\/de\/wp-json\/wp\/v2\/media?parent=363983"}],"wp:term":[{"taxonomy":"product_cat","embeddable":true,"href":"https:\/\/silver24.u9o.hu\/de\/wp-json\/wp\/v2\/product_cat?post=363983"},{"taxonomy":"product_tag","embeddable":true,"href":"https:\/\/silver24.u9o.hu\/de\/wp-json\/wp\/v2\/product_tag?post=363983"}],"curies":[{"name":"wp","href":"https:\/\/api.w.org\/{rel}","templated":true}]}}