{"id":363743,"date":"2022-05-07T07:37:00","date_gmt":"2022-05-07T06:37:00","guid":{"rendered":"https:\/\/silver-line.hu\/?post_type=product&#038;p=363743"},"modified":"2025-05-14T10:22:29","modified_gmt":"2025-05-14T09:22:29","slug":"bootsfahrt-und-operette-folklore-programm","status":"publish","type":"product","link":"https:\/\/silver24.u9o.hu\/de\/produkt\/bootsfahrt-und-operette-folklore-programm\/","title":{"rendered":"Budapester Dinner-Kreuzfahrt mit Folklore-Operettenshow"},"content":{"rendered":"","protected":false},"excerpt":{"rendered":"<p>Ungarn ist bekannt f\u00fcr sein unermessliches kulturelles und traditionelles Erbe. Diese 2-st\u00fcndige Folklore Schifffahrt bietet Ihnen die M\u00f6glichkeit, an beiden teilzunehmen.<\/p>\n<p><strong><span style=\"color: green;\">Die Preise variieren je nach Tageszeit und Wochentag.<\/span><\/strong><\/p>\n","protected":false},"featured_media":1398045,"template":"","meta":[],"product_cat":[82],"product_tag":[],"yoast_head":"<!-- This site is optimized with the Yoast SEO plugin v23.9 - https:\/\/yoast.com\/wordpress\/plugins\/seo\/ -->\n<title>Bootsfahrt und Operette Folklore Programm<\/title>\n<meta name=\"description\" content=\"2-st\u00fcndige Budapester Donauschifffahrt mit einem 7-G\u00e4nge-Men\u00fc und einer unterhaltsamen ungarischen Folklore- und Operettenshow. Kaufen Sie Ihr Ticket ganz einfach online!\" \/>\n<meta name=\"robots\" content=\"noindex, follow, max-snippet:-1, max-image-preview:large, max-video-preview:-1\" \/>\n<meta property=\"og:locale\" content=\"de_DE\" \/>\n<meta property=\"og:type\" content=\"article\" \/>\n<meta property=\"og:title\" content=\"Bootsfahrt und Operette Folklore Programm\" \/>\n<meta property=\"og:description\" content=\"2-st\u00fcndige Budapester Donauschifffahrt mit einem 7-G\u00e4nge-Men\u00fc und einer unterhaltsamen ungarischen Folklore- und Operettenshow. Kaufen Sie Ihr Ticket ganz einfach online!\" \/>\n<meta property=\"og:url\" content=\"https:\/\/silver24.u9o.hu\/de\/produkt\/bootsfahrt-und-operette-folklore-programm\/\" \/>\n<meta property=\"og:site_name\" content=\"silver24 - Silverline Cruises\" \/>\n<meta property=\"article:publisher\" content=\"https:\/\/www.facebook.com\/budapestrivercruise\" \/>\n<meta property=\"article:modified_time\" content=\"2025-05-14T09:22:29+00:00\" \/>\n<meta property=\"og:image\" content=\"https:\/\/silver24.u9o.hu\/wp-content\/uploads\/2022\/05\/Dinner-Cruise-Budapest.jpg\" \/>\n\t<meta property=\"og:image:width\" content=\"600\" \/>\n\t<meta property=\"og:image:height\" content=\"600\" \/>\n\t<meta property=\"og:image:type\" content=\"image\/jpeg\" \/>\n<script type=\"application\/ld+json\" class=\"yoast-schema-graph\">{\"@context\":\"https:\/\/schema.org\",\"@graph\":[{\"@type\":\"WebPage\",\"@id\":\"https:\/\/silver24.u9o.hu\/de\/produkt\/bootsfahrt-und-operette-folklore-programm\/\",\"url\":\"https:\/\/silver24.u9o.hu\/de\/produkt\/bootsfahrt-und-operette-folklore-programm\/\",\"name\":\"Bootsfahrt und Operette Folklore Programm\",\"isPartOf\":{\"@id\":\"https:\/\/silver24.u9o.hu\/de\/#website\"},\"primaryImageOfPage\":{\"@id\":\"https:\/\/silver24.u9o.hu\/de\/produkt\/bootsfahrt-und-operette-folklore-programm\/#primaryimage\"},\"image\":{\"@id\":\"https:\/\/silver24.u9o.hu\/de\/produkt\/bootsfahrt-und-operette-folklore-programm\/#primaryimage\"},\"thumbnailUrl\":\"https:\/\/silver24.u9o.hu\/wp-content\/uploads\/2022\/05\/Dinner-Cruise-Budapest.jpg\",\"datePublished\":\"2022-05-07T06:37:00+00:00\",\"dateModified\":\"2025-05-14T09:22:29+00:00\",\"description\":\"2-st\u00fcndige Budapester Donauschifffahrt mit einem 7-G\u00e4nge-Men\u00fc und einer unterhaltsamen ungarischen Folklore- und Operettenshow. Kaufen Sie Ihr Ticket ganz einfach online!\",\"breadcrumb\":{\"@id\":\"https:\/\/silver24.u9o.hu\/de\/produkt\/bootsfahrt-und-operette-folklore-programm\/#breadcrumb\"},\"inLanguage\":\"de\",\"potentialAction\":[{\"@type\":\"ReadAction\",\"target\":[\"https:\/\/silver24.u9o.hu\/de\/produkt\/bootsfahrt-und-operette-folklore-programm\/\"]}]},{\"@type\":\"ImageObject\",\"inLanguage\":\"de\",\"@id\":\"https:\/\/silver24.u9o.hu\/de\/produkt\/bootsfahrt-und-operette-folklore-programm\/#primaryimage\",\"url\":\"https:\/\/silver24.u9o.hu\/wp-content\/uploads\/2022\/05\/Dinner-Cruise-Budapest.jpg\",\"contentUrl\":\"https:\/\/silver24.u9o.hu\/wp-content\/uploads\/2022\/05\/Dinner-Cruise-Budapest.jpg\",\"width\":600,\"height\":600,\"caption\":\"Dinner Cruise Budapest\"},{\"@type\":\"BreadcrumbList\",\"@id\":\"https:\/\/silver24.u9o.hu\/de\/produkt\/bootsfahrt-und-operette-folklore-programm\/#breadcrumb\",\"itemListElement\":[{\"@type\":\"ListItem\",\"position\":1,\"name\":\"Home\",\"item\":\"https:\/\/silver24.u9o.hu\/de\/\"},{\"@type\":\"ListItem\",\"position\":2,\"name\":\"Shop\",\"item\":\"https:\/\/silver24.u9o.hu\/de\/shop-2\/\"},{\"@type\":\"ListItem\",\"position\":3,\"name\":\"Budapester Dinner-Kreuzfahrt mit Folklore-Operettenshow\"}]},{\"@type\":\"WebSite\",\"@id\":\"https:\/\/silver24.u9o.hu\/de\/#website\",\"url\":\"https:\/\/silver24.u9o.hu\/de\/\",\"name\":\"Silverline Cruises kft.\",\"description\":\"\",\"publisher\":{\"@id\":\"https:\/\/silver24.u9o.hu\/de\/#organization\"},\"potentialAction\":[{\"@type\":\"SearchAction\",\"target\":{\"@type\":\"EntryPoint\",\"urlTemplate\":\"https:\/\/silver24.u9o.hu\/de\/?s={search_term_string}\"},\"query-input\":{\"@type\":\"PropertyValueSpecification\",\"valueRequired\":true,\"valueName\":\"search_term_string\"}}],\"inLanguage\":\"de\"},{\"@type\":\"Organization\",\"@id\":\"https:\/\/silver24.u9o.hu\/de\/#organization\",\"name\":\"Silverline Cruises kft.\",\"url\":\"https:\/\/silver24.u9o.hu\/de\/\",\"logo\":{\"@type\":\"ImageObject\",\"inLanguage\":\"de\",\"@id\":\"https:\/\/silver24.u9o.hu\/de\/#\/schema\/logo\/image\/\",\"url\":\"https:\/\/silver-line.hu\/wp-content\/uploads\/2022\/05\/cropped-cropped-icon-1.webp\",\"contentUrl\":\"https:\/\/silver-line.hu\/wp-content\/uploads\/2022\/05\/cropped-cropped-icon-1.webp\",\"width\":512,\"height\":512,\"caption\":\"Silverline Cruises kft.\"},\"image\":{\"@id\":\"https:\/\/silver24.u9o.hu\/de\/#\/schema\/logo\/image\/\"},\"sameAs\":[\"https:\/\/www.facebook.com\/budapestrivercruise\"]}]}<\/script>\n<!-- \/ Yoast SEO plugin. -->","yoast_head_json":{"title":"Bootsfahrt und Operette Folklore Programm","description":"2-st\u00fcndige Budapester Donauschifffahrt mit einem 7-G\u00e4nge-Men\u00fc und einer unterhaltsamen ungarischen Folklore- und Operettenshow. Kaufen Sie Ihr Ticket ganz einfach online!","robots":{"index":"noindex","follow":"follow","max-snippet":"max-snippet:-1","max-image-preview":"max-image-preview:large","max-video-preview":"max-video-preview:-1"},"og_locale":"de_DE","og_type":"article","og_title":"Bootsfahrt und Operette Folklore Programm","og_description":"2-st\u00fcndige Budapester Donauschifffahrt mit einem 7-G\u00e4nge-Men\u00fc und einer unterhaltsamen ungarischen Folklore- und Operettenshow. Kaufen Sie Ihr Ticket ganz einfach online!","og_url":"https:\/\/silver24.u9o.hu\/de\/produkt\/bootsfahrt-und-operette-folklore-programm\/","og_site_name":"silver24 - Silverline Cruises","article_publisher":"https:\/\/www.facebook.com\/budapestrivercruise","article_modified_time":"2025-05-14T09:22:29+00:00","og_image":[{"width":600,"height":600,"url":"https:\/\/silver24.u9o.hu\/wp-content\/uploads\/2022\/05\/Dinner-Cruise-Budapest.jpg","type":"image\/jpeg"}],"schema":{"@context":"https:\/\/schema.org","@graph":[{"@type":"WebPage","@id":"https:\/\/silver24.u9o.hu\/de\/produkt\/bootsfahrt-und-operette-folklore-programm\/","url":"https:\/\/silver24.u9o.hu\/de\/produkt\/bootsfahrt-und-operette-folklore-programm\/","name":"Bootsfahrt und Operette Folklore Programm","isPartOf":{"@id":"https:\/\/silver24.u9o.hu\/de\/#website"},"primaryImageOfPage":{"@id":"https:\/\/silver24.u9o.hu\/de\/produkt\/bootsfahrt-und-operette-folklore-programm\/#primaryimage"},"image":{"@id":"https:\/\/silver24.u9o.hu\/de\/produkt\/bootsfahrt-und-operette-folklore-programm\/#primaryimage"},"thumbnailUrl":"https:\/\/silver24.u9o.hu\/wp-content\/uploads\/2022\/05\/Dinner-Cruise-Budapest.jpg","datePublished":"2022-05-07T06:37:00+00:00","dateModified":"2025-05-14T09:22:29+00:00","description":"2-st\u00fcndige Budapester Donauschifffahrt mit einem 7-G\u00e4nge-Men\u00fc und einer unterhaltsamen ungarischen Folklore- und Operettenshow. Kaufen Sie Ihr Ticket ganz einfach online!","breadcrumb":{"@id":"https:\/\/silver24.u9o.hu\/de\/produkt\/bootsfahrt-und-operette-folklore-programm\/#breadcrumb"},"inLanguage":"de","potentialAction":[{"@type":"ReadAction","target":["https:\/\/silver24.u9o.hu\/de\/produkt\/bootsfahrt-und-operette-folklore-programm\/"]}]},{"@type":"ImageObject","inLanguage":"de","@id":"https:\/\/silver24.u9o.hu\/de\/produkt\/bootsfahrt-und-operette-folklore-programm\/#primaryimage","url":"https:\/\/silver24.u9o.hu\/wp-content\/uploads\/2022\/05\/Dinner-Cruise-Budapest.jpg","contentUrl":"https:\/\/silver24.u9o.hu\/wp-content\/uploads\/2022\/05\/Dinner-Cruise-Budapest.jpg","width":600,"height":600,"caption":"Dinner Cruise Budapest"},{"@type":"BreadcrumbList","@id":"https:\/\/silver24.u9o.hu\/de\/produkt\/bootsfahrt-und-operette-folklore-programm\/#breadcrumb","itemListElement":[{"@type":"ListItem","position":1,"name":"Home","item":"https:\/\/silver24.u9o.hu\/de\/"},{"@type":"ListItem","position":2,"name":"Shop","item":"https:\/\/silver24.u9o.hu\/de\/shop-2\/"},{"@type":"ListItem","position":3,"name":"Budapester Dinner-Kreuzfahrt mit Folklore-Operettenshow"}]},{"@type":"WebSite","@id":"https:\/\/silver24.u9o.hu\/de\/#website","url":"https:\/\/silver24.u9o.hu\/de\/","name":"Silverline Cruises kft.","description":"","publisher":{"@id":"https:\/\/silver24.u9o.hu\/de\/#organization"},"potentialAction":[{"@type":"SearchAction","target":{"@type":"EntryPoint","urlTemplate":"https:\/\/silver24.u9o.hu\/de\/?s={search_term_string}"},"query-input":{"@type":"PropertyValueSpecification","valueRequired":true,"valueName":"search_term_string"}}],"inLanguage":"de"},{"@type":"Organization","@id":"https:\/\/silver24.u9o.hu\/de\/#organization","name":"Silverline Cruises kft.","url":"https:\/\/silver24.u9o.hu\/de\/","logo":{"@type":"ImageObject","inLanguage":"de","@id":"https:\/\/silver24.u9o.hu\/de\/#\/schema\/logo\/image\/","url":"https:\/\/silver-line.hu\/wp-content\/uploads\/2022\/05\/cropped-cropped-icon-1.webp","contentUrl":"https:\/\/silver-line.hu\/wp-content\/uploads\/2022\/05\/cropped-cropped-icon-1.webp","width":512,"height":512,"caption":"Silverline Cruises kft."},"image":{"@id":"https:\/\/silver24.u9o.hu\/de\/#\/schema\/logo\/image\/"},"sameAs":["https:\/\/www.facebook.com\/budapestrivercruise"]}]}},"_links":{"self":[{"href":"https:\/\/silver24.u9o.hu\/de\/wp-json\/wp\/v2\/product\/363743"}],"collection":[{"href":"https:\/\/silver24.u9o.hu\/de\/wp-json\/wp\/v2\/product"}],"about":[{"href":"https:\/\/silver24.u9o.hu\/de\/wp-json\/wp\/v2\/types\/product"}],"wp:featuredmedia":[{"embeddable":true,"href":"https:\/\/silver24.u9o.hu\/de\/wp-json\/wp\/v2\/media\/1398045"}],"wp:attachment":[{"href":"https:\/\/silver24.u9o.hu\/de\/wp-json\/wp\/v2\/media?parent=363743"}],"wp:term":[{"taxonomy":"product_cat","embeddable":true,"href":"https:\/\/silver24.u9o.hu\/de\/wp-json\/wp\/v2\/product_cat?post=363743"},{"taxonomy":"product_tag","embeddable":true,"href":"https:\/\/silver24.u9o.hu\/de\/wp-json\/wp\/v2\/product_tag?post=363743"}],"curies":[{"name":"wp","href":"https:\/\/api.w.org\/{rel}","templated":true}]}}