{"id":1415292,"date":"2025-02-26T08:30:49","date_gmt":"2025-02-26T07:30:49","guid":{"rendered":"https:\/\/silver-line.hu\/?post_type=product&#038;p=1415292"},"modified":"2025-04-08T14:37:27","modified_gmt":"2025-04-08T13:37:27","slug":"abendessen-lichter","status":"publish","type":"product","link":"https:\/\/silver24.u9o.hu\/de\/produkt\/abendessen-lichter\/","title":{"rendered":"Abendessen und Lichter auf der Donau"},"content":{"rendered":"","protected":false},"excerpt":{"rendered":"<p>Erleben Sie eine Dinner-Kreuzfahrt auf der Donau und genie\u00dfen Sie eine 2-st\u00fcndige Sightseeing-Fahrt durch Budapest bei Nacht. Genie\u00dfen Sie ein 4-G\u00e4nge-Men\u00fc, w\u00e4hrend Sie an ikonischen Sehensw\u00fcrdigkeiten wie dem Parlament, der Kettenbr\u00fccke und der Budaer Burg vorbeifahren, die alle wundersch\u00f6n beleuchtet sind.<\/p>\n","protected":false},"featured_media":1406524,"template":"","meta":[],"product_cat":[82],"product_tag":[],"yoast_head":"<!-- This site is optimized with the Yoast SEO plugin v23.9 - https:\/\/yoast.com\/wordpress\/plugins\/seo\/ -->\n<title>Abendessen und Lichter auf der Donau - silver24 - Silverline Cruises<\/title>\n<meta name=\"description\" content=\"Genie\u00dfen Sie eine magische Dinner-Kreuzfahrt auf der Donau mit einem 4-G\u00e4nge-Men\u00fc und atemberaubenden Nachtblicken auf Budapest. Fahren Sie an den ber\u00fchmtesten Sehensw\u00fcrdigkeiten der Stadt vorbei bei einer 2-st\u00fcndigen Sightseeing-Kreuzfahrt.\" \/>\n<meta name=\"robots\" content=\"noindex, nofollow\" \/>\n<meta property=\"og:locale\" content=\"de_DE\" \/>\n<meta property=\"og:type\" content=\"article\" \/>\n<meta property=\"og:title\" content=\"Abendessen und Lichter auf der Donau - silver24 - Silverline Cruises\" \/>\n<meta property=\"og:description\" content=\"Genie\u00dfen Sie eine magische Dinner-Kreuzfahrt auf der Donau mit einem 4-G\u00e4nge-Men\u00fc und atemberaubenden Nachtblicken auf Budapest. Fahren Sie an den ber\u00fchmtesten Sehensw\u00fcrdigkeiten der Stadt vorbei bei einer 2-st\u00fcndigen Sightseeing-Kreuzfahrt.\" \/>\n<meta property=\"og:url\" content=\"https:\/\/silver24.u9o.hu\/de\/produkt\/abendessen-lichter\/\" \/>\n<meta property=\"og:site_name\" content=\"silver24 - Silverline Cruises\" \/>\n<meta property=\"article:publisher\" content=\"https:\/\/www.facebook.com\/budapestrivercruise\" \/>\n<meta property=\"article:modified_time\" content=\"2025-04-08T13:37:27+00:00\" \/>\n<meta property=\"og:image\" content=\"https:\/\/silver24.u9o.hu\/wp-content\/uploads\/2025\/02\/Dinner-and-lights-tiny.jpg\" \/>\n\t<meta property=\"og:image:width\" content=\"1024\" \/>\n\t<meta property=\"og:image:height\" content=\"682\" \/>\n\t<meta property=\"og:image:type\" content=\"image\/jpeg\" \/>\n<script type=\"application\/ld+json\" class=\"yoast-schema-graph\">{\"@context\":\"https:\/\/schema.org\",\"@graph\":[{\"@type\":\"WebPage\",\"@id\":\"https:\/\/silver24.u9o.hu\/de\/produkt\/abendessen-lichter\/\",\"url\":\"https:\/\/silver24.u9o.hu\/de\/produkt\/abendessen-lichter\/\",\"name\":\"Abendessen und Lichter auf der Donau - silver24 - Silverline Cruises\",\"isPartOf\":{\"@id\":\"https:\/\/silver24.u9o.hu\/de\/#website\"},\"primaryImageOfPage\":{\"@id\":\"https:\/\/silver24.u9o.hu\/de\/produkt\/abendessen-lichter\/#primaryimage\"},\"image\":{\"@id\":\"https:\/\/silver24.u9o.hu\/de\/produkt\/abendessen-lichter\/#primaryimage\"},\"thumbnailUrl\":\"https:\/\/silver24.u9o.hu\/wp-content\/uploads\/2025\/02\/Dinner-and-lights-tiny.jpg\",\"datePublished\":\"2025-02-26T07:30:49+00:00\",\"dateModified\":\"2025-04-08T13:37:27+00:00\",\"description\":\"Genie\u00dfen Sie eine magische Dinner-Kreuzfahrt auf der Donau mit einem 4-G\u00e4nge-Men\u00fc und atemberaubenden Nachtblicken auf Budapest. Fahren Sie an den ber\u00fchmtesten Sehensw\u00fcrdigkeiten der Stadt vorbei bei einer 2-st\u00fcndigen Sightseeing-Kreuzfahrt.\",\"breadcrumb\":{\"@id\":\"https:\/\/silver24.u9o.hu\/de\/produkt\/abendessen-lichter\/#breadcrumb\"},\"inLanguage\":\"de\",\"potentialAction\":[{\"@type\":\"ReadAction\",\"target\":[\"https:\/\/silver24.u9o.hu\/de\/produkt\/abendessen-lichter\/\"]}]},{\"@type\":\"ImageObject\",\"inLanguage\":\"de\",\"@id\":\"https:\/\/silver24.u9o.hu\/de\/produkt\/abendessen-lichter\/#primaryimage\",\"url\":\"https:\/\/silver24.u9o.hu\/wp-content\/uploads\/2025\/02\/Dinner-and-lights-tiny.jpg\",\"contentUrl\":\"https:\/\/silver24.u9o.hu\/wp-content\/uploads\/2025\/02\/Dinner-and-lights-tiny.jpg\",\"width\":1024,\"height\":682,\"caption\":\"Dinner & Lights Budapest sightseeing on the Danube\"},{\"@type\":\"BreadcrumbList\",\"@id\":\"https:\/\/silver24.u9o.hu\/de\/produkt\/abendessen-lichter\/#breadcrumb\",\"itemListElement\":[{\"@type\":\"ListItem\",\"position\":1,\"name\":\"Home\",\"item\":\"https:\/\/silver24.u9o.hu\/de\/\"},{\"@type\":\"ListItem\",\"position\":2,\"name\":\"Shop\",\"item\":\"https:\/\/silver24.u9o.hu\/de\/shop-2\/\"},{\"@type\":\"ListItem\",\"position\":3,\"name\":\"Abendessen und Lichter auf der Donau\"}]},{\"@type\":\"WebSite\",\"@id\":\"https:\/\/silver24.u9o.hu\/de\/#website\",\"url\":\"https:\/\/silver24.u9o.hu\/de\/\",\"name\":\"Silverline Cruises kft.\",\"description\":\"\",\"publisher\":{\"@id\":\"https:\/\/silver24.u9o.hu\/de\/#organization\"},\"potentialAction\":[{\"@type\":\"SearchAction\",\"target\":{\"@type\":\"EntryPoint\",\"urlTemplate\":\"https:\/\/silver24.u9o.hu\/de\/?s={search_term_string}\"},\"query-input\":{\"@type\":\"PropertyValueSpecification\",\"valueRequired\":true,\"valueName\":\"search_term_string\"}}],\"inLanguage\":\"de\"},{\"@type\":\"Organization\",\"@id\":\"https:\/\/silver24.u9o.hu\/de\/#organization\",\"name\":\"Silverline Cruises kft.\",\"url\":\"https:\/\/silver24.u9o.hu\/de\/\",\"logo\":{\"@type\":\"ImageObject\",\"inLanguage\":\"de\",\"@id\":\"https:\/\/silver24.u9o.hu\/de\/#\/schema\/logo\/image\/\",\"url\":\"https:\/\/silver-line.hu\/wp-content\/uploads\/2022\/05\/cropped-cropped-icon-1.webp\",\"contentUrl\":\"https:\/\/silver-line.hu\/wp-content\/uploads\/2022\/05\/cropped-cropped-icon-1.webp\",\"width\":512,\"height\":512,\"caption\":\"Silverline Cruises kft.\"},\"image\":{\"@id\":\"https:\/\/silver24.u9o.hu\/de\/#\/schema\/logo\/image\/\"},\"sameAs\":[\"https:\/\/www.facebook.com\/budapestrivercruise\"]}]}<\/script>\n<!-- \/ Yoast SEO plugin. -->","yoast_head_json":{"title":"Abendessen und Lichter auf der Donau - silver24 - Silverline Cruises","description":"Genie\u00dfen Sie eine magische Dinner-Kreuzfahrt auf der Donau mit einem 4-G\u00e4nge-Men\u00fc und atemberaubenden Nachtblicken auf Budapest. Fahren Sie an den ber\u00fchmtesten Sehensw\u00fcrdigkeiten der Stadt vorbei bei einer 2-st\u00fcndigen Sightseeing-Kreuzfahrt.","robots":{"index":"noindex","follow":"nofollow"},"og_locale":"de_DE","og_type":"article","og_title":"Abendessen und Lichter auf der Donau - silver24 - Silverline Cruises","og_description":"Genie\u00dfen Sie eine magische Dinner-Kreuzfahrt auf der Donau mit einem 4-G\u00e4nge-Men\u00fc und atemberaubenden Nachtblicken auf Budapest. Fahren Sie an den ber\u00fchmtesten Sehensw\u00fcrdigkeiten der Stadt vorbei bei einer 2-st\u00fcndigen Sightseeing-Kreuzfahrt.","og_url":"https:\/\/silver24.u9o.hu\/de\/produkt\/abendessen-lichter\/","og_site_name":"silver24 - Silverline Cruises","article_publisher":"https:\/\/www.facebook.com\/budapestrivercruise","article_modified_time":"2025-04-08T13:37:27+00:00","og_image":[{"width":1024,"height":682,"url":"https:\/\/silver24.u9o.hu\/wp-content\/uploads\/2025\/02\/Dinner-and-lights-tiny.jpg","type":"image\/jpeg"}],"schema":{"@context":"https:\/\/schema.org","@graph":[{"@type":"WebPage","@id":"https:\/\/silver24.u9o.hu\/de\/produkt\/abendessen-lichter\/","url":"https:\/\/silver24.u9o.hu\/de\/produkt\/abendessen-lichter\/","name":"Abendessen und Lichter auf der Donau - silver24 - Silverline Cruises","isPartOf":{"@id":"https:\/\/silver24.u9o.hu\/de\/#website"},"primaryImageOfPage":{"@id":"https:\/\/silver24.u9o.hu\/de\/produkt\/abendessen-lichter\/#primaryimage"},"image":{"@id":"https:\/\/silver24.u9o.hu\/de\/produkt\/abendessen-lichter\/#primaryimage"},"thumbnailUrl":"https:\/\/silver24.u9o.hu\/wp-content\/uploads\/2025\/02\/Dinner-and-lights-tiny.jpg","datePublished":"2025-02-26T07:30:49+00:00","dateModified":"2025-04-08T13:37:27+00:00","description":"Genie\u00dfen Sie eine magische Dinner-Kreuzfahrt auf der Donau mit einem 4-G\u00e4nge-Men\u00fc und atemberaubenden Nachtblicken auf Budapest. Fahren Sie an den ber\u00fchmtesten Sehensw\u00fcrdigkeiten der Stadt vorbei bei einer 2-st\u00fcndigen Sightseeing-Kreuzfahrt.","breadcrumb":{"@id":"https:\/\/silver24.u9o.hu\/de\/produkt\/abendessen-lichter\/#breadcrumb"},"inLanguage":"de","potentialAction":[{"@type":"ReadAction","target":["https:\/\/silver24.u9o.hu\/de\/produkt\/abendessen-lichter\/"]}]},{"@type":"ImageObject","inLanguage":"de","@id":"https:\/\/silver24.u9o.hu\/de\/produkt\/abendessen-lichter\/#primaryimage","url":"https:\/\/silver24.u9o.hu\/wp-content\/uploads\/2025\/02\/Dinner-and-lights-tiny.jpg","contentUrl":"https:\/\/silver24.u9o.hu\/wp-content\/uploads\/2025\/02\/Dinner-and-lights-tiny.jpg","width":1024,"height":682,"caption":"Dinner & Lights Budapest sightseeing on the Danube"},{"@type":"BreadcrumbList","@id":"https:\/\/silver24.u9o.hu\/de\/produkt\/abendessen-lichter\/#breadcrumb","itemListElement":[{"@type":"ListItem","position":1,"name":"Home","item":"https:\/\/silver24.u9o.hu\/de\/"},{"@type":"ListItem","position":2,"name":"Shop","item":"https:\/\/silver24.u9o.hu\/de\/shop-2\/"},{"@type":"ListItem","position":3,"name":"Abendessen und Lichter auf der Donau"}]},{"@type":"WebSite","@id":"https:\/\/silver24.u9o.hu\/de\/#website","url":"https:\/\/silver24.u9o.hu\/de\/","name":"Silverline Cruises kft.","description":"","publisher":{"@id":"https:\/\/silver24.u9o.hu\/de\/#organization"},"potentialAction":[{"@type":"SearchAction","target":{"@type":"EntryPoint","urlTemplate":"https:\/\/silver24.u9o.hu\/de\/?s={search_term_string}"},"query-input":{"@type":"PropertyValueSpecification","valueRequired":true,"valueName":"search_term_string"}}],"inLanguage":"de"},{"@type":"Organization","@id":"https:\/\/silver24.u9o.hu\/de\/#organization","name":"Silverline Cruises kft.","url":"https:\/\/silver24.u9o.hu\/de\/","logo":{"@type":"ImageObject","inLanguage":"de","@id":"https:\/\/silver24.u9o.hu\/de\/#\/schema\/logo\/image\/","url":"https:\/\/silver-line.hu\/wp-content\/uploads\/2022\/05\/cropped-cropped-icon-1.webp","contentUrl":"https:\/\/silver-line.hu\/wp-content\/uploads\/2022\/05\/cropped-cropped-icon-1.webp","width":512,"height":512,"caption":"Silverline Cruises kft."},"image":{"@id":"https:\/\/silver24.u9o.hu\/de\/#\/schema\/logo\/image\/"},"sameAs":["https:\/\/www.facebook.com\/budapestrivercruise"]}]}},"_links":{"self":[{"href":"https:\/\/silver24.u9o.hu\/de\/wp-json\/wp\/v2\/product\/1415292"}],"collection":[{"href":"https:\/\/silver24.u9o.hu\/de\/wp-json\/wp\/v2\/product"}],"about":[{"href":"https:\/\/silver24.u9o.hu\/de\/wp-json\/wp\/v2\/types\/product"}],"wp:featuredmedia":[{"embeddable":true,"href":"https:\/\/silver24.u9o.hu\/de\/wp-json\/wp\/v2\/media\/1406524"}],"wp:attachment":[{"href":"https:\/\/silver24.u9o.hu\/de\/wp-json\/wp\/v2\/media?parent=1415292"}],"wp:term":[{"taxonomy":"product_cat","embeddable":true,"href":"https:\/\/silver24.u9o.hu\/de\/wp-json\/wp\/v2\/product_cat?post=1415292"},{"taxonomy":"product_tag","embeddable":true,"href":"https:\/\/silver24.u9o.hu\/de\/wp-json\/wp\/v2\/product_tag?post=1415292"}],"curies":[{"name":"wp","href":"https:\/\/api.w.org\/{rel}","templated":true}]}}