{"id":1406722,"date":"2025-02-26T17:35:22","date_gmt":"2025-02-26T16:35:22","guid":{"rendered":"https:\/\/silver-line.hu\/?post_type=product&#038;p=1406722"},"modified":"2025-03-31T12:29:50","modified_gmt":"2025-03-31T11:29:50","slug":"budapest-sightseeing-kreuzfahrt-getraenk","status":"publish","type":"product","link":"https:\/\/silver24.u9o.hu\/de\/produkt\/budapest-sightseeing-kreuzfahrt-getraenk\/","title":{"rendered":"Budapest Sightseeing mit Getr\u00e4nk inklusive"},"content":{"rendered":"","protected":false},"excerpt":{"rendered":"<p>Genie\u00dfen Sie eine 60-min\u00fctige Sightseeing-Kreuzfahrt in Budapest mit einem Getr\u00e4nk inklusive und bestaunen Sie die wundersch\u00f6ne Aussicht von der Donau.<\/p>\n","protected":false},"featured_media":1397962,"template":"","meta":[],"product_cat":[88],"product_tag":[],"yoast_head":"<!-- This site is optimized with the Yoast SEO plugin v23.9 - https:\/\/yoast.com\/wordpress\/plugins\/seo\/ -->\n<title>Budapest Sightseeing mit Getr\u00e4nk inklusive - silver24 - Silverline Cruises<\/title>\n<meta name=\"description\" content=\"Erleben Sie Budapest vom Donau aus auf einer 60-min\u00fctigen Sightseeing-Kreuzfahrt mit einem Getr\u00e4nk inklusive. Genie\u00dfen Sie atemberaubende Ausblicke auf das Parlament, die Budaer Burg &amp; mehr. Jetzt buchen!\" \/>\n<meta name=\"robots\" content=\"noindex, nofollow\" \/>\n<meta property=\"og:locale\" content=\"de_DE\" \/>\n<meta property=\"og:type\" content=\"article\" \/>\n<meta property=\"og:title\" content=\"Budapest Sightseeing mit Getr\u00e4nk inklusive - silver24 - Silverline Cruises\" \/>\n<meta property=\"og:description\" content=\"Erleben Sie Budapest vom Donau aus auf einer 60-min\u00fctigen Sightseeing-Kreuzfahrt mit einem Getr\u00e4nk inklusive. Genie\u00dfen Sie atemberaubende Ausblicke auf das Parlament, die Budaer Burg &amp; mehr. Jetzt buchen!\" \/>\n<meta property=\"og:url\" content=\"https:\/\/silver24.u9o.hu\/de\/produkt\/budapest-sightseeing-kreuzfahrt-getraenk\/\" \/>\n<meta property=\"og:site_name\" content=\"silver24 - Silverline Cruises\" \/>\n<meta property=\"article:publisher\" content=\"https:\/\/www.facebook.com\/budapestrivercruise\" \/>\n<meta property=\"article:modified_time\" content=\"2025-03-31T11:29:50+00:00\" \/>\n<meta property=\"og:image\" content=\"https:\/\/silver24.u9o.hu\/wp-content\/uploads\/2022\/05\/Budapest-river-cruise-silverline-cruises.jpg\" \/>\n\t<meta property=\"og:image:width\" content=\"600\" \/>\n\t<meta property=\"og:image:height\" content=\"600\" \/>\n\t<meta property=\"og:image:type\" content=\"image\/jpeg\" \/>\n<script type=\"application\/ld+json\" class=\"yoast-schema-graph\">{\"@context\":\"https:\/\/schema.org\",\"@graph\":[{\"@type\":\"WebPage\",\"@id\":\"https:\/\/silver24.u9o.hu\/de\/produkt\/budapest-sightseeing-kreuzfahrt-getraenk\/\",\"url\":\"https:\/\/silver24.u9o.hu\/de\/produkt\/budapest-sightseeing-kreuzfahrt-getraenk\/\",\"name\":\"Budapest Sightseeing mit Getr\u00e4nk inklusive - silver24 - Silverline Cruises\",\"isPartOf\":{\"@id\":\"https:\/\/silver24.u9o.hu\/de\/#website\"},\"primaryImageOfPage\":{\"@id\":\"https:\/\/silver24.u9o.hu\/de\/produkt\/budapest-sightseeing-kreuzfahrt-getraenk\/#primaryimage\"},\"image\":{\"@id\":\"https:\/\/silver24.u9o.hu\/de\/produkt\/budapest-sightseeing-kreuzfahrt-getraenk\/#primaryimage\"},\"thumbnailUrl\":\"https:\/\/silver24.u9o.hu\/wp-content\/uploads\/2022\/05\/Budapest-river-cruise-silverline-cruises.jpg\",\"datePublished\":\"2025-02-26T16:35:22+00:00\",\"dateModified\":\"2025-03-31T11:29:50+00:00\",\"description\":\"Erleben Sie Budapest vom Donau aus auf einer 60-min\u00fctigen Sightseeing-Kreuzfahrt mit einem Getr\u00e4nk inklusive. Genie\u00dfen Sie atemberaubende Ausblicke auf das Parlament, die Budaer Burg & mehr. Jetzt buchen!\",\"breadcrumb\":{\"@id\":\"https:\/\/silver24.u9o.hu\/de\/produkt\/budapest-sightseeing-kreuzfahrt-getraenk\/#breadcrumb\"},\"inLanguage\":\"de\",\"potentialAction\":[{\"@type\":\"ReadAction\",\"target\":[\"https:\/\/silver24.u9o.hu\/de\/produkt\/budapest-sightseeing-kreuzfahrt-getraenk\/\"]}]},{\"@type\":\"ImageObject\",\"inLanguage\":\"de\",\"@id\":\"https:\/\/silver24.u9o.hu\/de\/produkt\/budapest-sightseeing-kreuzfahrt-getraenk\/#primaryimage\",\"url\":\"https:\/\/silver24.u9o.hu\/wp-content\/uploads\/2022\/05\/Budapest-river-cruise-silverline-cruises.jpg\",\"contentUrl\":\"https:\/\/silver24.u9o.hu\/wp-content\/uploads\/2022\/05\/Budapest-river-cruise-silverline-cruises.jpg\",\"width\":600,\"height\":600,\"caption\":\"Budapest river cruise - silverline cruises\"},{\"@type\":\"BreadcrumbList\",\"@id\":\"https:\/\/silver24.u9o.hu\/de\/produkt\/budapest-sightseeing-kreuzfahrt-getraenk\/#breadcrumb\",\"itemListElement\":[{\"@type\":\"ListItem\",\"position\":1,\"name\":\"Home\",\"item\":\"https:\/\/silver24.u9o.hu\/de\/\"},{\"@type\":\"ListItem\",\"position\":2,\"name\":\"Shop\",\"item\":\"https:\/\/silver24.u9o.hu\/de\/shop-2\/\"},{\"@type\":\"ListItem\",\"position\":3,\"name\":\"Budapest Sightseeing mit Getr\u00e4nk inklusive\"}]},{\"@type\":\"WebSite\",\"@id\":\"https:\/\/silver24.u9o.hu\/de\/#website\",\"url\":\"https:\/\/silver24.u9o.hu\/de\/\",\"name\":\"Silverline Cruises kft.\",\"description\":\"\",\"publisher\":{\"@id\":\"https:\/\/silver24.u9o.hu\/de\/#organization\"},\"potentialAction\":[{\"@type\":\"SearchAction\",\"target\":{\"@type\":\"EntryPoint\",\"urlTemplate\":\"https:\/\/silver24.u9o.hu\/de\/?s={search_term_string}\"},\"query-input\":{\"@type\":\"PropertyValueSpecification\",\"valueRequired\":true,\"valueName\":\"search_term_string\"}}],\"inLanguage\":\"de\"},{\"@type\":\"Organization\",\"@id\":\"https:\/\/silver24.u9o.hu\/de\/#organization\",\"name\":\"Silverline Cruises kft.\",\"url\":\"https:\/\/silver24.u9o.hu\/de\/\",\"logo\":{\"@type\":\"ImageObject\",\"inLanguage\":\"de\",\"@id\":\"https:\/\/silver24.u9o.hu\/de\/#\/schema\/logo\/image\/\",\"url\":\"https:\/\/silver-line.hu\/wp-content\/uploads\/2022\/05\/cropped-cropped-icon-1.webp\",\"contentUrl\":\"https:\/\/silver-line.hu\/wp-content\/uploads\/2022\/05\/cropped-cropped-icon-1.webp\",\"width\":512,\"height\":512,\"caption\":\"Silverline Cruises kft.\"},\"image\":{\"@id\":\"https:\/\/silver24.u9o.hu\/de\/#\/schema\/logo\/image\/\"},\"sameAs\":[\"https:\/\/www.facebook.com\/budapestrivercruise\"]}]}<\/script>\n<!-- \/ Yoast SEO plugin. -->","yoast_head_json":{"title":"Budapest Sightseeing mit Getr\u00e4nk inklusive - silver24 - Silverline Cruises","description":"Erleben Sie Budapest vom Donau aus auf einer 60-min\u00fctigen Sightseeing-Kreuzfahrt mit einem Getr\u00e4nk inklusive. Genie\u00dfen Sie atemberaubende Ausblicke auf das Parlament, die Budaer Burg & mehr. Jetzt buchen!","robots":{"index":"noindex","follow":"nofollow"},"og_locale":"de_DE","og_type":"article","og_title":"Budapest Sightseeing mit Getr\u00e4nk inklusive - silver24 - Silverline Cruises","og_description":"Erleben Sie Budapest vom Donau aus auf einer 60-min\u00fctigen Sightseeing-Kreuzfahrt mit einem Getr\u00e4nk inklusive. Genie\u00dfen Sie atemberaubende Ausblicke auf das Parlament, die Budaer Burg & mehr. Jetzt buchen!","og_url":"https:\/\/silver24.u9o.hu\/de\/produkt\/budapest-sightseeing-kreuzfahrt-getraenk\/","og_site_name":"silver24 - Silverline Cruises","article_publisher":"https:\/\/www.facebook.com\/budapestrivercruise","article_modified_time":"2025-03-31T11:29:50+00:00","og_image":[{"width":600,"height":600,"url":"https:\/\/silver24.u9o.hu\/wp-content\/uploads\/2022\/05\/Budapest-river-cruise-silverline-cruises.jpg","type":"image\/jpeg"}],"schema":{"@context":"https:\/\/schema.org","@graph":[{"@type":"WebPage","@id":"https:\/\/silver24.u9o.hu\/de\/produkt\/budapest-sightseeing-kreuzfahrt-getraenk\/","url":"https:\/\/silver24.u9o.hu\/de\/produkt\/budapest-sightseeing-kreuzfahrt-getraenk\/","name":"Budapest Sightseeing mit Getr\u00e4nk inklusive - silver24 - Silverline Cruises","isPartOf":{"@id":"https:\/\/silver24.u9o.hu\/de\/#website"},"primaryImageOfPage":{"@id":"https:\/\/silver24.u9o.hu\/de\/produkt\/budapest-sightseeing-kreuzfahrt-getraenk\/#primaryimage"},"image":{"@id":"https:\/\/silver24.u9o.hu\/de\/produkt\/budapest-sightseeing-kreuzfahrt-getraenk\/#primaryimage"},"thumbnailUrl":"https:\/\/silver24.u9o.hu\/wp-content\/uploads\/2022\/05\/Budapest-river-cruise-silverline-cruises.jpg","datePublished":"2025-02-26T16:35:22+00:00","dateModified":"2025-03-31T11:29:50+00:00","description":"Erleben Sie Budapest vom Donau aus auf einer 60-min\u00fctigen Sightseeing-Kreuzfahrt mit einem Getr\u00e4nk inklusive. Genie\u00dfen Sie atemberaubende Ausblicke auf das Parlament, die Budaer Burg & mehr. Jetzt buchen!","breadcrumb":{"@id":"https:\/\/silver24.u9o.hu\/de\/produkt\/budapest-sightseeing-kreuzfahrt-getraenk\/#breadcrumb"},"inLanguage":"de","potentialAction":[{"@type":"ReadAction","target":["https:\/\/silver24.u9o.hu\/de\/produkt\/budapest-sightseeing-kreuzfahrt-getraenk\/"]}]},{"@type":"ImageObject","inLanguage":"de","@id":"https:\/\/silver24.u9o.hu\/de\/produkt\/budapest-sightseeing-kreuzfahrt-getraenk\/#primaryimage","url":"https:\/\/silver24.u9o.hu\/wp-content\/uploads\/2022\/05\/Budapest-river-cruise-silverline-cruises.jpg","contentUrl":"https:\/\/silver24.u9o.hu\/wp-content\/uploads\/2022\/05\/Budapest-river-cruise-silverline-cruises.jpg","width":600,"height":600,"caption":"Budapest river cruise - silverline cruises"},{"@type":"BreadcrumbList","@id":"https:\/\/silver24.u9o.hu\/de\/produkt\/budapest-sightseeing-kreuzfahrt-getraenk\/#breadcrumb","itemListElement":[{"@type":"ListItem","position":1,"name":"Home","item":"https:\/\/silver24.u9o.hu\/de\/"},{"@type":"ListItem","position":2,"name":"Shop","item":"https:\/\/silver24.u9o.hu\/de\/shop-2\/"},{"@type":"ListItem","position":3,"name":"Budapest Sightseeing mit Getr\u00e4nk inklusive"}]},{"@type":"WebSite","@id":"https:\/\/silver24.u9o.hu\/de\/#website","url":"https:\/\/silver24.u9o.hu\/de\/","name":"Silverline Cruises kft.","description":"","publisher":{"@id":"https:\/\/silver24.u9o.hu\/de\/#organization"},"potentialAction":[{"@type":"SearchAction","target":{"@type":"EntryPoint","urlTemplate":"https:\/\/silver24.u9o.hu\/de\/?s={search_term_string}"},"query-input":{"@type":"PropertyValueSpecification","valueRequired":true,"valueName":"search_term_string"}}],"inLanguage":"de"},{"@type":"Organization","@id":"https:\/\/silver24.u9o.hu\/de\/#organization","name":"Silverline Cruises kft.","url":"https:\/\/silver24.u9o.hu\/de\/","logo":{"@type":"ImageObject","inLanguage":"de","@id":"https:\/\/silver24.u9o.hu\/de\/#\/schema\/logo\/image\/","url":"https:\/\/silver-line.hu\/wp-content\/uploads\/2022\/05\/cropped-cropped-icon-1.webp","contentUrl":"https:\/\/silver-line.hu\/wp-content\/uploads\/2022\/05\/cropped-cropped-icon-1.webp","width":512,"height":512,"caption":"Silverline Cruises kft."},"image":{"@id":"https:\/\/silver24.u9o.hu\/de\/#\/schema\/logo\/image\/"},"sameAs":["https:\/\/www.facebook.com\/budapestrivercruise"]}]}},"_links":{"self":[{"href":"https:\/\/silver24.u9o.hu\/de\/wp-json\/wp\/v2\/product\/1406722"}],"collection":[{"href":"https:\/\/silver24.u9o.hu\/de\/wp-json\/wp\/v2\/product"}],"about":[{"href":"https:\/\/silver24.u9o.hu\/de\/wp-json\/wp\/v2\/types\/product"}],"wp:featuredmedia":[{"embeddable":true,"href":"https:\/\/silver24.u9o.hu\/de\/wp-json\/wp\/v2\/media\/1397962"}],"wp:attachment":[{"href":"https:\/\/silver24.u9o.hu\/de\/wp-json\/wp\/v2\/media?parent=1406722"}],"wp:term":[{"taxonomy":"product_cat","embeddable":true,"href":"https:\/\/silver24.u9o.hu\/de\/wp-json\/wp\/v2\/product_cat?post=1406722"},{"taxonomy":"product_tag","embeddable":true,"href":"https:\/\/silver24.u9o.hu\/de\/wp-json\/wp\/v2\/product_tag?post=1406722"}],"curies":[{"name":"wp","href":"https:\/\/api.w.org\/{rel}","templated":true}]}}